{"id":116911,"date":"2023-11-23T11:27:35","date_gmt":"2023-11-23T10:27:35","guid":{"rendered":"https:\/\/www.fila-groupe.ch\/?page_id=116911"},"modified":"2024-02-22T11:37:55","modified_gmt":"2024-02-22T10:37:55","slug":"votre-garage-a-yverdon-les-bains-13","status":"publish","type":"page","link":"https:\/\/www.fila-groupe.ch\/de\/ihre-garage-in-yverdon-les-bains-13\/","title":{"rendered":"Garage Fila-Central Yverdon"},"content":{"rendered":"<div class=\"row row2\">\n<div class=\"col-xs-12 col-sm-12\">\n<div class=\"header-icon\">\n<p><img decoding=\"async\" class=\"alignnone wp-image-428 border-r\" src=\"\/wp-content\/uploads\/2020\/10\/garagiste-icon-fila.svg\" alt=\"Garagist Fila\" width=\"100\" \/><\/p>\n<h2 class=\"h2-page\">Ihre Toyota, Mitsubishi, Dodge Ram und Lexus Garage<\/h2>\n<\/div>\n<p>Ihre Garage in Yverdon-les-Bains bietet Ihnen einen individuellen Service nach Marke. Ein Team von Experten von Toyota, Lexus, Mitsubishi und Dodge Ram steht Ihnen an der Adresse Chauss\u00e9e de Treycovagnes 13 zur Verf\u00fcgung.<br \/>\nIhre FILA-Berater erwarten Sie, um Sie beim Kauf und\/oder der Wartung Ihres Fahrzeugs zu beraten. Unsere Fachleute werden st\u00e4ndig geschult und sind mit den neuesten Standards und Innovationen jeder Marke vertraut, um Sie bestm\u00f6glich zu unterst\u00fctzen!<\/p>\n<\/div>\n<\/div>\n<hr \/>\n<div class=\"garage-pfooter-header\">\n<h3>Die Infos Ihrer FILA-Garage Yverdon 13<\/h3>\n<\/div>\n<p><\/p>\n<div class=\"row row2\">\n<div class=\"col-sm-12 col-md-6\">\n<div class=\"row garageprefooter\">\n<div class=\"col-sm-12\">\n<div class=\"garage-pfooter-img\" style=\"border-left: 15px solid #d50427;\"><img loading=\"lazy\" decoding=\"async\" class=\"alignnone size-full wp-image-942\" src=\"https:\/\/www.fila-groupe.ch\/wp-content\/uploads\/2021\/02\/yeverdon-13-550x250-fila.jpg\" alt=\"\" width=\"434\" height=\"174\" \/><\/div>\n<div class=\"garage-pfooter-infos\">\n<p><strong>Toyota \/ Lexus - Mitsubishi - Dogde Ram<\/strong><\/p>\n<ul>\n<li><i class=\"fas fa-map-marker-alt\"><\/i>Ch. de Treycovagnes 13<br \/>\n1400 Yverdon-les-Bains<\/li>\n<li><a class=\"btn_blue_garage\" href=\"tel:0244472737\"><i class=\"fa fa-phone\"><\/i>024 447 27 37<\/a><\/li>\n<\/ul>\n<\/div>\n<\/div>\n<\/div>\n<\/div>\n<div id=\"map\" class=\"col-sm-12 col-md-6\"><iframe loading=\"lazy\" style=\"border: 0;\" tabindex=\"0\" src=\"https:\/\/www.google.com\/maps\/embed?pb=!1m14!1m8!1m3!1d10929.275093984701!2d6.6247576!3d46.7783227!3m2!1i1024!2i768!4f13.1!3m3!1m2!1s0x0%3A0xd8abdf31c7735f27!2sFila%20Groupe%20SA!5e0!3m2!1sfr!2sfr!4v1604595874300!5m2!1sfr!2sfr\" width=\"600\" height=\"450\" frameborder=\"0\" allowfullscreen=\"allowfullscreen\" aria-hidden=\"false\"><\/iframe><\/div>\n<\/div>\n<div class=\"garage-pfooter-header\">\n<h3>\u00d6ffnungszeiten Ihrer FILA-Garage Yverdon 13<\/h3>\n<\/div>\n<div class=\"row row2\">\n<div class=\"col-sm-12\">\n<h4 class=\"ml-3\">Toyota \/ Lexus - Mitsubishi - Dogde Ram<\/h4>\n<\/div>\n<div class=\"col-sm-6 col-md-6\">\n<table id=\"horaires\">\n<thead>\n<tr>\n<td>Verkauf<\/td>\n<\/tr>\n<\/thead>\n<tbody>\n<tr>\n<td><strong>Montag-Freitag<\/strong><\/td>\n<td>07:45 - 12:00 Uhr<\/td>\n<td>13:30 - 18:30 Uhr<\/td>\n<\/tr>\n<tr>\n<td><strong>Samstag<\/strong><\/td>\n<td>09.00 - 13.00 Uhr<\/td>\n<\/tr>\n<\/tbody>\n<\/table>\n<\/div>\n<div class=\"col-sm-6 col-md-6\">\n<table id=\"horaires\">\n<thead>\n<tr>\n<td>Workshop<\/td>\n<\/tr>\n<\/thead>\n<tbody>\n<tr>\n<td><strong>Montag-Donnerstag<\/strong><\/td>\n<td>07:30 - 12:00 Uhr<\/td>\n<td>13:30 - 17:45 Uhr<\/td>\n<\/tr>\n<tr>\n<td><strong>Freitag<\/strong><\/td>\n<td>07:30 - 12:00 Uhr<\/td>\n<td>13:30 - 16:00 Uhr<\/td>\n<\/tr>\n<\/tbody>\n<\/table>\n<\/div>\n<\/div>\n<div id=\"garage-contact\" class=\"anchor\"><\/div>\n<div class=\"garage-pfooter-header\">\n<h3>Ein Bed\u00fcrfnis, eine Frage? Kontaktieren Sie die FILA-Garagen Yverdon<\/h3>\n<\/div>\n<div class=\"garage-contact\">\n<div class=\"cf7sg-container cf7sg-not-grid\">\n<div id=\"cf7sg-form-contact-yverdon-les-bains-13\" class=\"key_contact-yverdon-les-bains-13\">\n<div class=\"wpcf7 no-js\" id=\"wpcf7-f118301-o1\" lang=\"fr-FR\" dir=\"ltr\">\n<div class=\"screen-reader-response\">\n<p role=\"status\" aria-live=\"polite\" aria-atomic=\"true\">\n<ul><\/ul>\n<\/div>\n<form action=\"\/de\/wp-json\/wp\/v2\/pages\/116911#wpcf7-f118301-o1\" method=\"post\" class=\"wpcf7-form init\" id=\"contact\" aria-label=\"Kontaktformular\" novalidate=\"novalidate\" data-status=\"init\" data-trp-original-action=\"\/de\/wp-json\/wp\/v2\/pages\/116911#wpcf7-f118301-o1\">\n<div style=\"display: none;\">\n<input type=\"hidden\" name=\"_wpcf7\" value=\"118301\" \/><br \/>\n<input type=\"hidden\" name=\"_wpcf7_version\" value=\"5.9.8\" \/><br \/>\n<input type=\"hidden\" name=\"_wpcf7_locale\" value=\"fr_FR\" \/><br \/>\n<input type=\"hidden\" name=\"_wpcf7_unit_tag\" value=\"wpcf7-f118301-o1\" \/><br \/>\n<input type=\"hidden\" name=\"_wpcf7_container_post\" value=\"0\" \/><br \/>\n<input type=\"hidden\" name=\"_wpcf7_posted_data_hash\" value=\"\" \/><br \/>\n<input type=\"hidden\" name=\"_wpcf7cf_hidden_group_fields\" value=\"[]\" \/><br \/>\n<input type=\"hidden\" name=\"_wpcf7cf_hidden_groups\" value=\"[]\" \/><br \/>\n<input type=\"hidden\" name=\"_wpcf7cf_visible_groups\" value=\"[]\" \/><br \/>\n<input type=\"hidden\" name=\"_wpcf7cf_repeaters\" value=\"[]\" \/><br \/>\n<input type=\"hidden\" name=\"_wpcf7cf_steps\" value=\"{}\" \/><br \/>\n<input type=\"hidden\" name=\"_wpcf7cf_options\" value=\"{&quot;form_id&quot;:118301,&quot;conditions&quot;:[],&quot;settings&quot;:{&quot;animation&quot;:&quot;no&quot;,&quot;animation_intime&quot;:&quot;200&quot;,&quot;animation_outtime&quot;:&quot;200&quot;,&quot;conditions_ui&quot;:&quot;normal&quot;,&quot;notice_dismissed&quot;:&quot;&quot;}}\" \/><br \/>\n<input type=\"hidden\" name=\"_wpcf7dtx_version\" value=\"4.5.1\" \/><br \/>\n<input type=\"hidden\" name=\"_wpcf7_key\" value=\"contact-yverdon-les-bains-13\" \/><br \/>\n<input type=\"hidden\" name=\"_cf7sg_toggles\" value=\"\" \/><br \/>\n<input type=\"hidden\" name=\"_cf7sg_version\" value=\"4.15.8\" \/><br \/>\n<input type=\"hidden\" name=\"_wpnonce\" value=\"547665f2b7\" \/><br \/>\n<input type=\"hidden\" name=\"_wpcf7_recaptcha_response\" value=\"\" \/>\n<\/div>\n<p><span id=\"wpcf7-69db306e4d5b7-wrapper\" class=\"wpcf7-form-control-wrap honeypot-310-wrap\" style=\"display:none !important; visibility:hidden !important;\"><input type=\"hidden\" name=\"honeypot-310-time-start\" value=\"1775972462\"><input type=\"hidden\" name=\"honeypot-310-time-check\" value=\"4\"><label for=\"wpcf7-69db306e4d5b7-field\" class=\"hp-message\">Bitte lassen Sie dieses Feld leer.<\/label><input id=\"wpcf7-69db306e4d5b7-field\"  class=\"wpcf7-form-control wpcf7-text\" type=\"text\" name=\"honeypot-310\" value=\"\" size=\"40\" tabindex=\"-1\" autocomplete=\"new-password\" \/><\/span>\n<\/p>\n<div class=\"row flex-end\">\n<span class=\"wpcf7-form-control-wrap recipient-email\" data-name=\"recipient-email\"><input type=\"hidden\" name=\"recipient-email\" id=\"\" class=\"wpcf7-form-control wpcf7-hidden wpcf7dtx wpcf7dtx-hidden\" aria-invalid=\"false\" value=\"lead@fila-auto.ch\" \/><\/span><\/p>\n<div class=\"col-md-5\">\n<p>Name*<br \/>\n<span class=\"wpcf7-form-control-wrap\" data-name=\"nom\"><input size=\"40\" maxlength=\"400\" class=\"wpcf7-form-control wpcf7-text wpcf7-validates-as-required\" aria-required=\"true\" aria-invalid=\"false\" placeholder=\"Ihr Name\" value=\"\" type=\"text\" name=\"nom\" \/><\/span>\n\t\t<\/p>\n<p>Vorname*<br \/>\n<span class=\"wpcf7-form-control-wrap\" data-name=\"prenom\"><input size=\"40\" maxlength=\"400\" class=\"wpcf7-form-control wpcf7-text wpcf7-validates-as-required\" aria-required=\"true\" aria-invalid=\"false\" placeholder=\"Ihr Vorname\" value=\"\" type=\"text\" name=\"prenom\" \/><\/span>\n\t\t<\/p>\n<p>E-Mail-Adresse*<br \/>\n<span class=\"wpcf7-form-control-wrap\" data-name=\"email\"><input size=\"40\" maxlength=\"400\" class=\"wpcf7-form-control wpcf7-email wpcf7-validates-as-required wpcf7-text wpcf7-validates-as-email\" aria-required=\"true\" aria-invalid=\"false\" placeholder=\"Ihre E-Mail\" value=\"\" type=\"email\" name=\"email\" \/><\/span>\n\t\t<\/p>\n<p>Telefon*<br \/>\n<span class=\"wpcf7-form-control-wrap\" data-name=\"telephone\"><input size=\"40\" maxlength=\"400\" class=\"wpcf7-form-control wpcf7-text wpcf7-validates-as-required\" aria-required=\"true\" aria-invalid=\"false\" placeholder=\"Ihre Nummer\" value=\"\" type=\"text\" name=\"telephone\" \/><\/span>\n\t\t<\/p>\n<\/p><\/div>\n<div class=\"col-md-7\">\n<p>Wann m\u00f6chten Sie zur\u00fcckgerufen werden?*\n\t\t<\/p>\n<p><span class=\"wpcf7-form-control-wrap\" data-name=\"rappel\"><select class=\"wpcf7-form-control wpcf7-select wpcf7-validates-as-required\" aria-required=\"true\" aria-invalid=\"false\" name=\"rappel\"><option value=\"Matin\">Morgen<\/option><option value=\"Apr\u00e8s-midi\">Nachmittags<\/option><\/select><\/span>\n\t\t<\/p>\n<p>Nachricht*<br \/>\n<span class=\"wpcf7-form-control-wrap\" data-name=\"message\"><textarea cols=\"40\" rows=\"10\" maxlength=\"2000\" class=\"wpcf7-form-control wpcf7-textarea wpcf7-validates-as-required\" aria-required=\"true\" aria-invalid=\"false\" placeholder=\"Ihre Nachricht\" name=\"message\"><\/textarea><\/span>\n\t\t<\/p>\n<p><span class=\"mandatory-field\">*Pflichtfelder.<\/span>\n\t\t<\/p>\n<\/p><\/div>\n<\/div>\n<p><span class=\"wpcf7-form-control-wrap\" data-name=\"newsletter\"><span class=\"wpcf7-form-control wpcf7-acceptance optional\"><span class=\"wpcf7-list-item\"><label><input type=\"checkbox\" name=\"newsletter\" value=\"1\" aria-invalid=\"false\" \/><span class=\"wpcf7-list-item-label\">Ich erlaube der Firma Fila, mir aktuelle Neuheiten und Angebote zukommen zu lassen. <a href=\"https:\/\/www.fila-groupe.ch\/de\/datenschutz-fila-2\/\" title=\"nlpd\" style=\"text-decoration: underline\">Mehr erfahren<\/a><\/span><\/label><\/span><\/span><\/span>\n<\/p>\n<p><input class=\"wpcf7-form-control wpcf7-submit has-spinner\" type=\"submit\" value=\"Meine Anfrage senden\" \/>\n<\/p>\n<p><input type='hidden' class='wpcf7-pum' value='{\"closepopup\":false,\"closedelay\":0,\"openpopup\":false,\"openpopup_id\":0}' \/><\/p>\n<div class=\"wpcf7-response-output\" aria-hidden=\"true\"><\/div>\n<input type=\"hidden\" name=\"trp-form-language\" value=\"de\"\/><\/form>\n<\/div>\n<\/div>\n<\/div>\n<\/div>","protected":false},"excerpt":{"rendered":"<p>Ihre Toyota, Mitsubishi, Dodge Ram und Lexus Garage Ihre Garage in Yverdon-les-Bains bietet Ihnen einen individuellen Service pro Marke. Ein Team von Experten f\u00fcr Toyota, Lexus, Mitsubishi und Dodge Ram steht Ihnen an der Adresse Chauss\u00e9e de Treycovagnes 13 zur Verf\u00fcgung. Ihre FILA-Berater erwarten Sie, um Sie beim Kauf und\/oder der Wartung Ihres Fahrzeugs zu beraten. Unsere Spezialisten werden laufend geschult und sind mit den neuesten Standards und Innovationen jeder Marke vertraut, um Sie bestm\u00f6glich zu unterst\u00fctzen! Informationen zu Ihrer FILA Yverdon 13 Toyota \/ Lexus - Mitsubishi - Dogde Ram Ch. de Treycovagnes 13 1400 Yverdon-les-Bains 024 447 27 37 \u00d6ffnungszeiten Ihrer FILA Yverdon 13 Toyota \/ Lexus - Mitsubishi - Dogde Ram Garage Verkauf Montag-Freitag 07.45 - 12.00 13.30 - 18.30 Samstag 09.00 - 13.00 Werkstatt Montag-Donnerstag 07.30 - 12.00 13.30 - 17.45 Freitag 07.30 - 12.00 13.30 - 16.00 Uhr...<\/p>","protected":false},"author":2,"featured_media":0,"parent":0,"menu_order":0,"comment_status":"closed","ping_status":"closed","template":"","meta":{"inline_featured_image":false,"footnotes":""},"class_list":["post-116911","page","type-page","status-publish","format-standard","hentry"],"yoast_head":"<!-- This site is optimized with the Yoast SEO plugin v24.2 - https:\/\/yoast.com\/wordpress\/plugins\/seo\/ -->\n<title>Votre garage \u00e0 Yverdon-les-Bains, c\u2019est FILA\u00a0!<\/title>\n<meta name=\"description\" content=\"D\u00e9couvrez toutes les infos de votre garage Toyota \u00e0 Yverdon-les-Bains, \u00e9galement sp\u00e9cialiste Fiat, Fiat Pro, Jeep, Mitsubishi, Alfa Romeo, Abarth, Lexus et Dodge Ram.\" \/>\n<meta name=\"robots\" content=\"index, follow, max-snippet:-1, max-image-preview:large, max-video-preview:-1\" \/>\n<link rel=\"canonical\" href=\"http:\/\/www.fila-groupe.ch\/de\/a-sua-garagem-em-yverdon-les-bains-13\/\" \/>\n<meta property=\"og:locale\" content=\"de_DE\" \/>\n<meta property=\"og:type\" content=\"article\" \/>\n<meta property=\"og:title\" content=\"Votre garage \u00e0 Yverdon-les-Bains, c\u2019est FILA\u00a0!\" \/>\n<meta property=\"og:description\" content=\"D\u00e9couvrez toutes les infos de votre garage Toyota \u00e0 Yverdon-les-Bains, \u00e9galement sp\u00e9cialiste Fiat, Fiat Pro, Jeep, Mitsubishi, Alfa Romeo, Abarth, Lexus et Dodge Ram.\" \/>\n<meta property=\"og:url\" content=\"http:\/\/www.fila-groupe.ch\/de\/a-sua-garagem-em-yverdon-les-bains-13\/\" \/>\n<meta property=\"article:modified_time\" content=\"2024-02-22T10:37:55+00:00\" \/>\n<meta property=\"og:image\" content=\"https:\/\/www.fila-groupe.ch\/wp-content\/uploads\/2021\/02\/yeverdon-13-550x250-fila.jpg\" \/>\n<meta name=\"twitter:card\" content=\"summary_large_image\" \/>\n<meta name=\"twitter:label1\" content=\"Gesch\u00e4tzte Lesezeit\" \/>\n\t<meta name=\"twitter:data1\" content=\"1\u00a0Minute\" \/>\n<script type=\"application\/ld+json\" class=\"yoast-schema-graph\">{\"@context\":\"https:\/\/schema.org\",\"@graph\":[{\"@type\":\"WebPage\",\"@id\":\"http:\/\/www.fila-groupe.ch\/pt\/a-sua-garagem-em-yverdon-les-bains-13\/\",\"url\":\"http:\/\/www.fila-groupe.ch\/pt\/a-sua-garagem-em-yverdon-les-bains-13\/\",\"name\":\"Votre garage \u00e0 Yverdon-les-Bains, c\u2019est FILA\u00a0!\",\"isPartOf\":{\"@id\":\"https:\/\/www.fila-groupe.ch\/en\/#website\"},\"primaryImageOfPage\":{\"@id\":\"http:\/\/www.fila-groupe.ch\/pt\/a-sua-garagem-em-yverdon-les-bains-13\/#primaryimage\"},\"image\":{\"@id\":\"http:\/\/www.fila-groupe.ch\/pt\/a-sua-garagem-em-yverdon-les-bains-13\/#primaryimage\"},\"thumbnailUrl\":\"https:\/\/www.fila-groupe.ch\/wp-content\/uploads\/2021\/02\/yeverdon-13-550x250-fila.jpg\",\"datePublished\":\"2023-11-23T10:27:35+00:00\",\"dateModified\":\"2024-02-22T10:37:55+00:00\",\"description\":\"D\u00e9couvrez toutes les infos de votre garage Toyota \u00e0 Yverdon-les-Bains, \u00e9galement sp\u00e9cialiste Fiat, Fiat Pro, Jeep, Mitsubishi, Alfa Romeo, Abarth, Lexus et Dodge Ram.\",\"breadcrumb\":{\"@id\":\"http:\/\/www.fila-groupe.ch\/pt\/a-sua-garagem-em-yverdon-les-bains-13\/#breadcrumb\"},\"inLanguage\":\"de\",\"potentialAction\":[{\"@type\":\"ReadAction\",\"target\":[\"http:\/\/www.fila-groupe.ch\/pt\/a-sua-garagem-em-yverdon-les-bains-13\/\"]}]},{\"@type\":\"ImageObject\",\"inLanguage\":\"de\",\"@id\":\"http:\/\/www.fila-groupe.ch\/pt\/a-sua-garagem-em-yverdon-les-bains-13\/#primaryimage\",\"url\":\"https:\/\/www.fila-groupe.ch\/wp-content\/uploads\/2021\/02\/yeverdon-13-550x250-fila.jpg\",\"contentUrl\":\"https:\/\/www.fila-groupe.ch\/wp-content\/uploads\/2021\/02\/yeverdon-13-550x250-fila.jpg\"},{\"@type\":\"BreadcrumbList\",\"@id\":\"http:\/\/www.fila-groupe.ch\/pt\/a-sua-garagem-em-yverdon-les-bains-13\/#breadcrumb\",\"itemListElement\":[{\"@type\":\"ListItem\",\"position\":1,\"name\":\"Accueil\",\"item\":\"https:\/\/www.fila-groupe.ch\/\"},{\"@type\":\"ListItem\",\"position\":2,\"name\":\"Garage Fila-Central Yverdon\"}]},{\"@type\":\"WebSite\",\"@id\":\"https:\/\/www.fila-groupe.ch\/en\/#website\",\"url\":\"https:\/\/www.fila-groupe.ch\/en\/\",\"name\":\"\",\"description\":\"\",\"potentialAction\":[{\"@type\":\"SearchAction\",\"target\":{\"@type\":\"EntryPoint\",\"urlTemplate\":\"https:\/\/www.fila-groupe.ch\/en\/?s={search_term_string}\"},\"query-input\":{\"@type\":\"PropertyValueSpecification\",\"valueRequired\":true,\"valueName\":\"search_term_string\"}}],\"inLanguage\":\"de\"}]}<\/script>\n<!-- \/ Yoast SEO plugin. -->","yoast_head_json":{"title":"Votre garage \u00e0 Yverdon-les-Bains, c\u2019est FILA\u00a0!","description":"D\u00e9couvrez toutes les infos de votre garage Toyota \u00e0 Yverdon-les-Bains, \u00e9galement sp\u00e9cialiste Fiat, Fiat Pro, Jeep, Mitsubishi, Alfa Romeo, Abarth, Lexus et Dodge Ram.","robots":{"index":"index","follow":"follow","max-snippet":"max-snippet:-1","max-image-preview":"max-image-preview:large","max-video-preview":"max-video-preview:-1"},"canonical":"http:\/\/www.fila-groupe.ch\/de\/a-sua-garagem-em-yverdon-les-bains-13\/","og_locale":"de_DE","og_type":"article","og_title":"Votre garage \u00e0 Yverdon-les-Bains, c\u2019est FILA\u00a0!","og_description":"D\u00e9couvrez toutes les infos de votre garage Toyota \u00e0 Yverdon-les-Bains, \u00e9galement sp\u00e9cialiste Fiat, Fiat Pro, Jeep, Mitsubishi, Alfa Romeo, Abarth, Lexus et Dodge Ram.","og_url":"http:\/\/www.fila-groupe.ch\/de\/a-sua-garagem-em-yverdon-les-bains-13\/","article_modified_time":"2024-02-22T10:37:55+00:00","og_image":[{"url":"https:\/\/www.fila-groupe.ch\/wp-content\/uploads\/2021\/02\/yeverdon-13-550x250-fila.jpg","type":"","width":"","height":""}],"twitter_card":"summary_large_image","twitter_misc":{"Gesch\u00e4tzte Lesezeit":"1\u00a0Minute"},"schema":{"@context":"https:\/\/schema.org","@graph":[{"@type":"WebPage","@id":"http:\/\/www.fila-groupe.ch\/pt\/a-sua-garagem-em-yverdon-les-bains-13\/","url":"http:\/\/www.fila-groupe.ch\/pt\/a-sua-garagem-em-yverdon-les-bains-13\/","name":"Votre garage \u00e0 Yverdon-les-Bains, c\u2019est FILA\u00a0!","isPartOf":{"@id":"https:\/\/www.fila-groupe.ch\/en\/#website"},"primaryImageOfPage":{"@id":"http:\/\/www.fila-groupe.ch\/pt\/a-sua-garagem-em-yverdon-les-bains-13\/#primaryimage"},"image":{"@id":"http:\/\/www.fila-groupe.ch\/pt\/a-sua-garagem-em-yverdon-les-bains-13\/#primaryimage"},"thumbnailUrl":"https:\/\/www.fila-groupe.ch\/wp-content\/uploads\/2021\/02\/yeverdon-13-550x250-fila.jpg","datePublished":"2023-11-23T10:27:35+00:00","dateModified":"2024-02-22T10:37:55+00:00","description":"D\u00e9couvrez toutes les infos de votre garage Toyota \u00e0 Yverdon-les-Bains, \u00e9galement sp\u00e9cialiste Fiat, Fiat Pro, Jeep, Mitsubishi, Alfa Romeo, Abarth, Lexus et Dodge Ram.","breadcrumb":{"@id":"http:\/\/www.fila-groupe.ch\/pt\/a-sua-garagem-em-yverdon-les-bains-13\/#breadcrumb"},"inLanguage":"de","potentialAction":[{"@type":"ReadAction","target":["http:\/\/www.fila-groupe.ch\/pt\/a-sua-garagem-em-yverdon-les-bains-13\/"]}]},{"@type":"ImageObject","inLanguage":"de","@id":"http:\/\/www.fila-groupe.ch\/pt\/a-sua-garagem-em-yverdon-les-bains-13\/#primaryimage","url":"https:\/\/www.fila-groupe.ch\/wp-content\/uploads\/2021\/02\/yeverdon-13-550x250-fila.jpg","contentUrl":"https:\/\/www.fila-groupe.ch\/wp-content\/uploads\/2021\/02\/yeverdon-13-550x250-fila.jpg"},{"@type":"BreadcrumbList","@id":"http:\/\/www.fila-groupe.ch\/pt\/a-sua-garagem-em-yverdon-les-bains-13\/#breadcrumb","itemListElement":[{"@type":"ListItem","position":1,"name":"Accueil","item":"https:\/\/www.fila-groupe.ch\/"},{"@type":"ListItem","position":2,"name":"Garage Fila-Central Yverdon"}]},{"@type":"WebSite","@id":"https:\/\/www.fila-groupe.ch\/en\/#website","url":"https:\/\/www.fila-groupe.ch\/en\/","name":"","description":"","potentialAction":[{"@type":"SearchAction","target":{"@type":"EntryPoint","urlTemplate":"https:\/\/www.fila-groupe.ch\/en\/?s={search_term_string}"},"query-input":{"@type":"PropertyValueSpecification","valueRequired":true,"valueName":"search_term_string"}}],"inLanguage":"de"}]}},"_links":{"self":[{"href":"https:\/\/www.fila-groupe.ch\/de\/wp-json\/wp\/v2\/pages\/116911"}],"collection":[{"href":"https:\/\/www.fila-groupe.ch\/de\/wp-json\/wp\/v2\/pages"}],"about":[{"href":"https:\/\/www.fila-groupe.ch\/de\/wp-json\/wp\/v2\/types\/page"}],"author":[{"embeddable":true,"href":"https:\/\/www.fila-groupe.ch\/de\/wp-json\/wp\/v2\/users\/2"}],"replies":[{"embeddable":true,"href":"https:\/\/www.fila-groupe.ch\/de\/wp-json\/wp\/v2\/comments?post=116911"}],"version-history":[{"count":11,"href":"https:\/\/www.fila-groupe.ch\/de\/wp-json\/wp\/v2\/pages\/116911\/revisions"}],"predecessor-version":[{"id":136544,"href":"https:\/\/www.fila-groupe.ch\/de\/wp-json\/wp\/v2\/pages\/116911\/revisions\/136544"}],"wp:attachment":[{"href":"https:\/\/www.fila-groupe.ch\/de\/wp-json\/wp\/v2\/media?parent=116911"}],"curies":[{"name":"wp","href":"https:\/\/api.w.org\/{rel}","templated":true}]}}