{"id":212838,"date":"2025-02-28T11:26:22","date_gmt":"2025-02-28T10:26:22","guid":{"rendered":"https:\/\/www.fila-groupe.ch\/?page_id=212838"},"modified":"2025-03-03T09:49:04","modified_gmt":"2025-03-03T08:49:04","slug":"nos-vehicules-en-stock","status":"publish","type":"page","link":"https:\/\/www.fila-groupe.ch\/de\/unsere-fahrzeuge-auf-lager\/","title":{"rendered":"Unsere Fahrzeuge auf Lager"},"content":{"rendered":"<div data-elementor-type=\"wp-page\" data-elementor-id=\"212838\" class=\"elementor elementor-212838\" data-elementor-post-type=\"page\">\n<div class=\"elementor-element elementor-element-2a62987 e-flex e-con-boxed e-con\" data-id=\"2a62987\" data-element_type=\"container\" data-settings=\"{&quot;content_width&quot;:&quot;boxed&quot;}\">\n<div class=\"e-con-inner\">\n<div class=\"elementor-element elementor-element-0a88fa5 elementor-widget elementor-widget-html\" data-id=\"0a88fa5\" data-element_type=\"widget\" data-widget_type=\"html.default\">\n<div class=\"elementor-widget-container\">\n\t\t\t<script src=\"https:\/\/www.autolina.ch\/iframe\/iframe.js\" type=\"text\/javascript\"><\/script><br \/>\n<iframe src=\"https:\/\/www.autolina.ch\/fr\/iframe\/3373?text=000000&#038;buttonsText=ffffff&#038;links=1b1b1b&#038;icon=d50427&#038;bobg=ffffff&#038;bg=ffffff&#038;border=000000&#038;buttons=d50427\" onload=\"init_autolina_iframe()\" frameborder=\"0\" allowfullscreen scrolling=\"no\"><\/iframe>\t\t<\/div>\n<\/p><\/div>\n<\/p><\/div>\n<\/p><\/div>\n<\/p><\/div>","protected":false},"excerpt":{"rendered":"","protected":false},"author":2,"featured_media":212881,"parent":0,"menu_order":0,"comment_status":"closed","ping_status":"closed","template":"","meta":{"inline_featured_image":false,"footnotes":""},"class_list":["post-212838","page","type-page","status-publish","format-standard","has-post-thumbnail","hentry"],"yoast_head":"<!-- This site is optimized with the Yoast SEO plugin v24.2 - https:\/\/yoast.com\/wordpress\/plugins\/seo\/ -->\n<title>Nos v\u00e9hicules en stock - Garages Fila Groupe<\/title>\n<meta name=\"description\" content=\"D\u00e9couvrez nos mod\u00e8les toutes marques, en stock, dans vos Garages Fila Groupe \u00e0 Yverdon-les-bains, Bienne, Bevaix et La Chaux-de-Fonds.\" \/>\n<meta name=\"robots\" content=\"index, follow, max-snippet:-1, max-image-preview:large, max-video-preview:-1\" \/>\n<link rel=\"canonical\" href=\"https:\/\/www.fila-groupe.ch\/de\/unsere-fahrzeuge-auf-lager\/\" \/>\n<meta property=\"og:locale\" content=\"de_DE\" \/>\n<meta property=\"og:type\" content=\"article\" \/>\n<meta property=\"og:title\" content=\"Nos v\u00e9hicules en stock - Garages Fila Groupe\" \/>\n<meta property=\"og:description\" content=\"D\u00e9couvrez nos mod\u00e8les toutes marques, en stock, dans vos Garages Fila Groupe \u00e0 Yverdon-les-bains, Bienne, Bevaix et La Chaux-de-Fonds.\" \/>\n<meta property=\"og:url\" content=\"https:\/\/www.fila-groupe.ch\/de\/unsere-fahrzeuge-auf-lager\/\" \/>\n<meta property=\"article:modified_time\" content=\"2025-03-03T08:49:04+00:00\" \/>\n<meta property=\"og:image\" content=\"https:\/\/www.fila-groupe.ch\/wp-content\/uploads\/2025\/03\/banniere-vehicules_stock-2000x550-1.jpg\" \/>\n\t<meta property=\"og:image:width\" content=\"2000\" \/>\n\t<meta property=\"og:image:height\" content=\"550\" \/>\n\t<meta property=\"og:image:type\" content=\"image\/jpeg\" \/>\n<meta name=\"twitter:card\" content=\"summary_large_image\" \/>\n<meta name=\"twitter:label1\" content=\"Gesch\u00e4tzte Lesezeit\" \/>\n\t<meta name=\"twitter:data1\" content=\"1\u00a0Minute\" \/>\n<script type=\"application\/ld+json\" class=\"yoast-schema-graph\">{\"@context\":\"https:\/\/schema.org\",\"@graph\":[{\"@type\":\"WebPage\",\"@id\":\"https:\/\/www.fila-groupe.ch\/nos-vehicules-en-stock\/\",\"url\":\"https:\/\/www.fila-groupe.ch\/nos-vehicules-en-stock\/\",\"name\":\"Nos v\u00e9hicules en stock - Garages Fila Groupe\",\"isPartOf\":{\"@id\":\"https:\/\/www.fila-groupe.ch\/en\/#website\"},\"primaryImageOfPage\":{\"@id\":\"https:\/\/www.fila-groupe.ch\/nos-vehicules-en-stock\/#primaryimage\"},\"image\":{\"@id\":\"https:\/\/www.fila-groupe.ch\/nos-vehicules-en-stock\/#primaryimage\"},\"thumbnailUrl\":\"https:\/\/www.fila-groupe.ch\/wp-content\/uploads\/2025\/03\/banniere-vehicules_stock-2000x550-1.jpg\",\"datePublished\":\"2025-02-28T10:26:22+00:00\",\"dateModified\":\"2025-03-03T08:49:04+00:00\",\"description\":\"D\u00e9couvrez nos mod\u00e8les toutes marques, en stock, dans vos Garages Fila Groupe \u00e0 Yverdon-les-bains, Bienne, Bevaix et La Chaux-de-Fonds.\",\"breadcrumb\":{\"@id\":\"https:\/\/www.fila-groupe.ch\/nos-vehicules-en-stock\/#breadcrumb\"},\"inLanguage\":\"de\",\"potentialAction\":[{\"@type\":\"ReadAction\",\"target\":[\"https:\/\/www.fila-groupe.ch\/nos-vehicules-en-stock\/\"]}]},{\"@type\":\"ImageObject\",\"inLanguage\":\"de\",\"@id\":\"https:\/\/www.fila-groupe.ch\/nos-vehicules-en-stock\/#primaryimage\",\"url\":\"https:\/\/www.fila-groupe.ch\/wp-content\/uploads\/2025\/03\/banniere-vehicules_stock-2000x550-1.jpg\",\"contentUrl\":\"https:\/\/www.fila-groupe.ch\/wp-content\/uploads\/2025\/03\/banniere-vehicules_stock-2000x550-1.jpg\",\"width\":2000,\"height\":550,\"caption\":\"banniere-vehicules_stock-2000x550\"},{\"@type\":\"BreadcrumbList\",\"@id\":\"https:\/\/www.fila-groupe.ch\/nos-vehicules-en-stock\/#breadcrumb\",\"itemListElement\":[{\"@type\":\"ListItem\",\"position\":1,\"name\":\"Accueil\",\"item\":\"https:\/\/www.fila-groupe.ch\/\"},{\"@type\":\"ListItem\",\"position\":2,\"name\":\"Nos v\u00e9hicules en stock\"}]},{\"@type\":\"WebSite\",\"@id\":\"https:\/\/www.fila-groupe.ch\/en\/#website\",\"url\":\"https:\/\/www.fila-groupe.ch\/en\/\",\"name\":\"\",\"description\":\"\",\"potentialAction\":[{\"@type\":\"SearchAction\",\"target\":{\"@type\":\"EntryPoint\",\"urlTemplate\":\"https:\/\/www.fila-groupe.ch\/en\/?s={search_term_string}\"},\"query-input\":{\"@type\":\"PropertyValueSpecification\",\"valueRequired\":true,\"valueName\":\"search_term_string\"}}],\"inLanguage\":\"de\"}]}<\/script>\n<!-- \/ Yoast SEO plugin. -->","yoast_head_json":{"title":"Nos v\u00e9hicules en stock - Garages Fila Groupe","description":"D\u00e9couvrez nos mod\u00e8les toutes marques, en stock, dans vos Garages Fila Groupe \u00e0 Yverdon-les-bains, Bienne, Bevaix et La Chaux-de-Fonds.","robots":{"index":"index","follow":"follow","max-snippet":"max-snippet:-1","max-image-preview":"max-image-preview:large","max-video-preview":"max-video-preview:-1"},"canonical":"https:\/\/www.fila-groupe.ch\/de\/unsere-fahrzeuge-auf-lager\/","og_locale":"de_DE","og_type":"article","og_title":"Nos v\u00e9hicules en stock - Garages Fila Groupe","og_description":"D\u00e9couvrez nos mod\u00e8les toutes marques, en stock, dans vos Garages Fila Groupe \u00e0 Yverdon-les-bains, Bienne, Bevaix et La Chaux-de-Fonds.","og_url":"https:\/\/www.fila-groupe.ch\/de\/unsere-fahrzeuge-auf-lager\/","article_modified_time":"2025-03-03T08:49:04+00:00","og_image":[{"width":2000,"height":550,"url":"https:\/\/www.fila-groupe.ch\/wp-content\/uploads\/2025\/03\/banniere-vehicules_stock-2000x550-1.jpg","type":"image\/jpeg"}],"twitter_card":"summary_large_image","twitter_misc":{"Gesch\u00e4tzte Lesezeit":"1\u00a0Minute"},"schema":{"@context":"https:\/\/schema.org","@graph":[{"@type":"WebPage","@id":"https:\/\/www.fila-groupe.ch\/nos-vehicules-en-stock\/","url":"https:\/\/www.fila-groupe.ch\/nos-vehicules-en-stock\/","name":"Nos v\u00e9hicules en stock - Garages Fila Groupe","isPartOf":{"@id":"https:\/\/www.fila-groupe.ch\/en\/#website"},"primaryImageOfPage":{"@id":"https:\/\/www.fila-groupe.ch\/nos-vehicules-en-stock\/#primaryimage"},"image":{"@id":"https:\/\/www.fila-groupe.ch\/nos-vehicules-en-stock\/#primaryimage"},"thumbnailUrl":"https:\/\/www.fila-groupe.ch\/wp-content\/uploads\/2025\/03\/banniere-vehicules_stock-2000x550-1.jpg","datePublished":"2025-02-28T10:26:22+00:00","dateModified":"2025-03-03T08:49:04+00:00","description":"D\u00e9couvrez nos mod\u00e8les toutes marques, en stock, dans vos Garages Fila Groupe \u00e0 Yverdon-les-bains, Bienne, Bevaix et La Chaux-de-Fonds.","breadcrumb":{"@id":"https:\/\/www.fila-groupe.ch\/nos-vehicules-en-stock\/#breadcrumb"},"inLanguage":"de","potentialAction":[{"@type":"ReadAction","target":["https:\/\/www.fila-groupe.ch\/nos-vehicules-en-stock\/"]}]},{"@type":"ImageObject","inLanguage":"de","@id":"https:\/\/www.fila-groupe.ch\/nos-vehicules-en-stock\/#primaryimage","url":"https:\/\/www.fila-groupe.ch\/wp-content\/uploads\/2025\/03\/banniere-vehicules_stock-2000x550-1.jpg","contentUrl":"https:\/\/www.fila-groupe.ch\/wp-content\/uploads\/2025\/03\/banniere-vehicules_stock-2000x550-1.jpg","width":2000,"height":550,"caption":"banniere-vehicules_stock-2000x550"},{"@type":"BreadcrumbList","@id":"https:\/\/www.fila-groupe.ch\/nos-vehicules-en-stock\/#breadcrumb","itemListElement":[{"@type":"ListItem","position":1,"name":"Accueil","item":"https:\/\/www.fila-groupe.ch\/"},{"@type":"ListItem","position":2,"name":"Nos v\u00e9hicules en stock"}]},{"@type":"WebSite","@id":"https:\/\/www.fila-groupe.ch\/en\/#website","url":"https:\/\/www.fila-groupe.ch\/en\/","name":"","description":"","potentialAction":[{"@type":"SearchAction","target":{"@type":"EntryPoint","urlTemplate":"https:\/\/www.fila-groupe.ch\/en\/?s={search_term_string}"},"query-input":{"@type":"PropertyValueSpecification","valueRequired":true,"valueName":"search_term_string"}}],"inLanguage":"de"}]}},"_links":{"self":[{"href":"https:\/\/www.fila-groupe.ch\/de\/wp-json\/wp\/v2\/pages\/212838"}],"collection":[{"href":"https:\/\/www.fila-groupe.ch\/de\/wp-json\/wp\/v2\/pages"}],"about":[{"href":"https:\/\/www.fila-groupe.ch\/de\/wp-json\/wp\/v2\/types\/page"}],"author":[{"embeddable":true,"href":"https:\/\/www.fila-groupe.ch\/de\/wp-json\/wp\/v2\/users\/2"}],"replies":[{"embeddable":true,"href":"https:\/\/www.fila-groupe.ch\/de\/wp-json\/wp\/v2\/comments?post=212838"}],"version-history":[{"count":13,"href":"https:\/\/www.fila-groupe.ch\/de\/wp-json\/wp\/v2\/pages\/212838\/revisions"}],"predecessor-version":[{"id":212883,"href":"https:\/\/www.fila-groupe.ch\/de\/wp-json\/wp\/v2\/pages\/212838\/revisions\/212883"}],"wp:featuredmedia":[{"embeddable":true,"href":"https:\/\/www.fila-groupe.ch\/de\/wp-json\/wp\/v2\/media\/212881"}],"wp:attachment":[{"href":"https:\/\/www.fila-groupe.ch\/de\/wp-json\/wp\/v2\/media?parent=212838"}],"curies":[{"name":"wp","href":"https:\/\/api.w.org\/{rel}","templated":true}]}}