{"id":384,"date":"2020-10-14T14:39:03","date_gmt":"2020-10-14T12:39:03","guid":{"rendered":"https:\/\/www.fila-groupe.ch\/?page_id=384"},"modified":"2022-10-27T08:31:56","modified_gmt":"2022-10-27T06:31:56","slug":"alfa-romeo","status":"publish","type":"page","link":"https:\/\/www.fila-groupe.ch\/de\/alfa-romeo\/","title":{"rendered":"Alfa Romeo"},"content":{"rendered":"<div class=\"header-img\"><img loading=\"lazy\" decoding=\"async\" class=\"alignnone wp-image-388\" src=\"https:\/\/www.fila-groupe.ch\/wp-content\/uploads\/2020\/10\/alfa-romeo.jpg\" alt=\"Alfa Romeo\" width=\"109\" height=\"109\" \/><\/p>\n<h2 class=\"h2-page\">Alfa Romeo, das au\u00dfergew\u00f6hnliche italienische Auto seit 1910<\/h2>\n<\/div>\n<div class=\"row flex-center-medium\">\n<div class=\"col-xs-12 col-md-6 mtop20 text-center\"><img loading=\"lazy\" decoding=\"async\" class=\"alignnone wp-image-385\" src=\"https:\/\/www.fila-groupe.ch\/wp-content\/uploads\/2020\/10\/alfa-romeo-bleu.jpg\" alt=\"\" width=\"727\" height=\"483\" \/><\/div>\n<div class=\"col-xs-12 col-md-6 mtop20\">\n<p>Zwischen Tradition und Moderne <strong>Alfa Romeo<\/strong> vereint das \u00fcberlieferte Erbe mit technologischen Innovationen, um immer einzigartigere Modelle anzubieten. Die <strong>Giulia Quadrifoglio<\/strong> ist ein Beweis f\u00fcr diese Leidenschaft, mit seinem neuen AlfaLink\u2122-Fahrwerkssystem, seiner Torque Vectoring-Technologie oder dem DNA Pro-Wahlschalter. Das technische Team von Alfa Romeo vereint Techniker, Designer und Ingenieure, um sich Autos auszudenken und zu produzieren, die auf dem neuesten Stand der Innovation sind. <strong>Alfa Romeo Garage<\/strong> in Yverdon und Biel verf\u00fcgt FILA \u00fcber eine hohe Expertise im Baugewerbe und ist in der Lage, Ihnen die beste L\u00f6sung anzubieten.<strong>Alfa Romeo neu<\/strong> oder Gebrauchtwagen, der Ihren Wunsch nach einem aufregenden Fahrgef\u00fchl erf\u00fcllt.<\/p>\n<\/div>\n<\/div>\n<div class=\"row flex-center-medium mtop20\">\n<div class=\"col-xs-12 col-md-12 mtop20\"><img loading=\"lazy\" decoding=\"async\" class=\"alignnone wp-image-386\" src=\"https:\/\/www.fila-groupe.ch\/wp-content\/uploads\/2020\/10\/voitures-alfa.jpg\" alt=\"\" width=\"1252\" height=\"419\" \/><\/div>\n<\/div>\n<div class=\"btn-actions\">\n<div class=\"bouton-cta version-2\"><a class=\"read-more\" style=\"outline: none;\" tabindex=\"0\" href=\"\/de\/category\/nos-offres\/offres-alfa-romeo\/\">Zu den Angeboten von Alfa Romeo<\/a><\/div>\n<div class=\"bouton-cta version-2\"><a class=\"read-more\" style=\"outline: none;\" tabindex=\"0\" href=\"https:\/\/www.fila-groupe.ch\/de\/probefahrt\/\"><img decoding=\"async\" class=\"alignnone size-full wp-image-343\" style=\"margin-right: 5px;\" src=\"https:\/\/www.fila-groupe.ch\/wp-content\/uploads\/2020\/10\/volant-icon-fila-blanc.svg\" alt=\"Lenkrad\" width=\"30\" \/>Einen Testlauf beantragen<\/a><\/div>\n<\/div>","protected":false},"excerpt":{"rendered":"<p>Alfa Romeo, das au\u00dfergew\u00f6hnliche italienische Auto seit 1910 Zwischen Tradition und Moderne vereint Alfa Romeo das \u00fcberlieferte Erbe mit technologischen Innovationen, um immer einzigartigere Modelle anzubieten. Die Giulia Quadrifoglio ist ein Beweis f\u00fcr diese Leidenschaft, mit ihrem neuen AlfaLink\u2122-Fahrwerkssystem, der Torque Vectoring-Technologie oder dem DNA Pro-Wahlschalter. Das technische Team von Alfa Romeo vereint Techniker, Designer und Ingenieure, um sich die innovativsten Autos auszudenken und zu produzieren. Als Alfa Romeo Garage in Yverdon und Biel verf\u00fcgt FILA \u00fcber ein hohes Fachwissen des Herstellers und ist in der Lage, Ihnen einen neuen oder gebrauchten Alfa Romeo anzubieten, der Ihren W\u00fcnschen nach mehr Fahrspa\u00df gerecht wird. Zu den Alfa Romeo-Angeboten Probefahrt vereinbaren<\/p>","protected":false},"author":2,"featured_media":0,"parent":0,"menu_order":0,"comment_status":"closed","ping_status":"closed","template":"","meta":{"inline_featured_image":false,"footnotes":""},"class_list":["post-384","page","type-page","status-publish","format-standard","hentry"],"yoast_head":"<!-- This site is optimized with the Yoast SEO plugin v24.2 - https:\/\/yoast.com\/wordpress\/plugins\/seo\/ -->\n<title>Alfa Romeo, une marque distribu\u00e9e par FILA<\/title>\n<meta name=\"description\" content=\"Avec un garage \u00e0 Yverdon et un \u00e0 Bienne, FILA, c\u2019est la r\u00e9f\u00e9rence suisse de l\u2019auto. Alfa Romeo fait partie de ses domaines d\u2019expertise.\" \/>\n<meta name=\"robots\" content=\"index, follow, max-snippet:-1, max-image-preview:large, max-video-preview:-1\" \/>\n<link rel=\"canonical\" href=\"https:\/\/www.fila-groupe.ch\/de\/alfa-romeo\/\" \/>\n<meta property=\"og:locale\" content=\"de_DE\" \/>\n<meta property=\"og:type\" content=\"article\" \/>\n<meta property=\"og:title\" content=\"Alfa Romeo, une marque distribu\u00e9e par FILA\" \/>\n<meta property=\"og:description\" content=\"Avec un garage \u00e0 Yverdon et un \u00e0 Bienne, FILA, c\u2019est la r\u00e9f\u00e9rence suisse de l\u2019auto. Alfa Romeo fait partie de ses domaines d\u2019expertise.\" \/>\n<meta property=\"og:url\" content=\"https:\/\/www.fila-groupe.ch\/de\/alfa-romeo\/\" \/>\n<meta property=\"article:modified_time\" content=\"2022-10-27T06:31:56+00:00\" \/>\n<meta property=\"og:image\" content=\"https:\/\/www.fila-groupe.ch\/wp-content\/uploads\/2020\/10\/alfa-romeo.jpg\" \/>\n<meta name=\"twitter:card\" content=\"summary_large_image\" \/>\n<meta name=\"twitter:label1\" content=\"Gesch\u00e4tzte Lesezeit\" \/>\n\t<meta name=\"twitter:data1\" content=\"1\u00a0Minute\" \/>\n<script type=\"application\/ld+json\" class=\"yoast-schema-graph\">{\"@context\":\"https:\/\/schema.org\",\"@graph\":[{\"@type\":\"WebPage\",\"@id\":\"https:\/\/www.fila-groupe.ch\/alfa-romeo\/\",\"url\":\"https:\/\/www.fila-groupe.ch\/alfa-romeo\/\",\"name\":\"Alfa Romeo, une marque distribu\u00e9e par FILA\",\"isPartOf\":{\"@id\":\"https:\/\/www.fila-groupe.ch\/en\/#website\"},\"primaryImageOfPage\":{\"@id\":\"https:\/\/www.fila-groupe.ch\/alfa-romeo\/#primaryimage\"},\"image\":{\"@id\":\"https:\/\/www.fila-groupe.ch\/alfa-romeo\/#primaryimage\"},\"thumbnailUrl\":\"https:\/\/www.fila-groupe.ch\/wp-content\/uploads\/2020\/10\/alfa-romeo.jpg\",\"datePublished\":\"2020-10-14T12:39:03+00:00\",\"dateModified\":\"2022-10-27T06:31:56+00:00\",\"description\":\"Avec un garage \u00e0 Yverdon et un \u00e0 Bienne, FILA, c\u2019est la r\u00e9f\u00e9rence suisse de l\u2019auto. Alfa Romeo fait partie de ses domaines d\u2019expertise.\",\"breadcrumb\":{\"@id\":\"https:\/\/www.fila-groupe.ch\/alfa-romeo\/#breadcrumb\"},\"inLanguage\":\"de\",\"potentialAction\":[{\"@type\":\"ReadAction\",\"target\":[\"https:\/\/www.fila-groupe.ch\/alfa-romeo\/\"]}]},{\"@type\":\"ImageObject\",\"inLanguage\":\"de\",\"@id\":\"https:\/\/www.fila-groupe.ch\/alfa-romeo\/#primaryimage\",\"url\":\"https:\/\/www.fila-groupe.ch\/wp-content\/uploads\/2020\/10\/alfa-romeo.jpg\",\"contentUrl\":\"https:\/\/www.fila-groupe.ch\/wp-content\/uploads\/2020\/10\/alfa-romeo.jpg\"},{\"@type\":\"BreadcrumbList\",\"@id\":\"https:\/\/www.fila-groupe.ch\/alfa-romeo\/#breadcrumb\",\"itemListElement\":[{\"@type\":\"ListItem\",\"position\":1,\"name\":\"Accueil\",\"item\":\"https:\/\/www.fila-groupe.ch\/\"},{\"@type\":\"ListItem\",\"position\":2,\"name\":\"Alfa Romeo\"}]},{\"@type\":\"WebSite\",\"@id\":\"https:\/\/www.fila-groupe.ch\/en\/#website\",\"url\":\"https:\/\/www.fila-groupe.ch\/en\/\",\"name\":\"\",\"description\":\"\",\"potentialAction\":[{\"@type\":\"SearchAction\",\"target\":{\"@type\":\"EntryPoint\",\"urlTemplate\":\"https:\/\/www.fila-groupe.ch\/en\/?s={search_term_string}\"},\"query-input\":{\"@type\":\"PropertyValueSpecification\",\"valueRequired\":true,\"valueName\":\"search_term_string\"}}],\"inLanguage\":\"de\"}]}<\/script>\n<!-- \/ Yoast SEO plugin. -->","yoast_head_json":{"title":"Alfa Romeo, une marque distribu\u00e9e par FILA","description":"Avec un garage \u00e0 Yverdon et un \u00e0 Bienne, FILA, c\u2019est la r\u00e9f\u00e9rence suisse de l\u2019auto. Alfa Romeo fait partie de ses domaines d\u2019expertise.","robots":{"index":"index","follow":"follow","max-snippet":"max-snippet:-1","max-image-preview":"max-image-preview:large","max-video-preview":"max-video-preview:-1"},"canonical":"https:\/\/www.fila-groupe.ch\/de\/alfa-romeo\/","og_locale":"de_DE","og_type":"article","og_title":"Alfa Romeo, une marque distribu\u00e9e par FILA","og_description":"Avec un garage \u00e0 Yverdon et un \u00e0 Bienne, FILA, c\u2019est la r\u00e9f\u00e9rence suisse de l\u2019auto. Alfa Romeo fait partie de ses domaines d\u2019expertise.","og_url":"https:\/\/www.fila-groupe.ch\/de\/alfa-romeo\/","article_modified_time":"2022-10-27T06:31:56+00:00","og_image":[{"url":"https:\/\/www.fila-groupe.ch\/wp-content\/uploads\/2020\/10\/alfa-romeo.jpg","type":"","width":"","height":""}],"twitter_card":"summary_large_image","twitter_misc":{"Gesch\u00e4tzte Lesezeit":"1\u00a0Minute"},"schema":{"@context":"https:\/\/schema.org","@graph":[{"@type":"WebPage","@id":"https:\/\/www.fila-groupe.ch\/alfa-romeo\/","url":"https:\/\/www.fila-groupe.ch\/alfa-romeo\/","name":"Alfa Romeo, une marque distribu\u00e9e par FILA","isPartOf":{"@id":"https:\/\/www.fila-groupe.ch\/en\/#website"},"primaryImageOfPage":{"@id":"https:\/\/www.fila-groupe.ch\/alfa-romeo\/#primaryimage"},"image":{"@id":"https:\/\/www.fila-groupe.ch\/alfa-romeo\/#primaryimage"},"thumbnailUrl":"https:\/\/www.fila-groupe.ch\/wp-content\/uploads\/2020\/10\/alfa-romeo.jpg","datePublished":"2020-10-14T12:39:03+00:00","dateModified":"2022-10-27T06:31:56+00:00","description":"Avec un garage \u00e0 Yverdon et un \u00e0 Bienne, FILA, c\u2019est la r\u00e9f\u00e9rence suisse de l\u2019auto. Alfa Romeo fait partie de ses domaines d\u2019expertise.","breadcrumb":{"@id":"https:\/\/www.fila-groupe.ch\/alfa-romeo\/#breadcrumb"},"inLanguage":"de","potentialAction":[{"@type":"ReadAction","target":["https:\/\/www.fila-groupe.ch\/alfa-romeo\/"]}]},{"@type":"ImageObject","inLanguage":"de","@id":"https:\/\/www.fila-groupe.ch\/alfa-romeo\/#primaryimage","url":"https:\/\/www.fila-groupe.ch\/wp-content\/uploads\/2020\/10\/alfa-romeo.jpg","contentUrl":"https:\/\/www.fila-groupe.ch\/wp-content\/uploads\/2020\/10\/alfa-romeo.jpg"},{"@type":"BreadcrumbList","@id":"https:\/\/www.fila-groupe.ch\/alfa-romeo\/#breadcrumb","itemListElement":[{"@type":"ListItem","position":1,"name":"Accueil","item":"https:\/\/www.fila-groupe.ch\/"},{"@type":"ListItem","position":2,"name":"Alfa Romeo"}]},{"@type":"WebSite","@id":"https:\/\/www.fila-groupe.ch\/en\/#website","url":"https:\/\/www.fila-groupe.ch\/en\/","name":"","description":"","potentialAction":[{"@type":"SearchAction","target":{"@type":"EntryPoint","urlTemplate":"https:\/\/www.fila-groupe.ch\/en\/?s={search_term_string}"},"query-input":{"@type":"PropertyValueSpecification","valueRequired":true,"valueName":"search_term_string"}}],"inLanguage":"de"}]}},"_links":{"self":[{"href":"https:\/\/www.fila-groupe.ch\/de\/wp-json\/wp\/v2\/pages\/384"}],"collection":[{"href":"https:\/\/www.fila-groupe.ch\/de\/wp-json\/wp\/v2\/pages"}],"about":[{"href":"https:\/\/www.fila-groupe.ch\/de\/wp-json\/wp\/v2\/types\/page"}],"author":[{"embeddable":true,"href":"https:\/\/www.fila-groupe.ch\/de\/wp-json\/wp\/v2\/users\/2"}],"replies":[{"embeddable":true,"href":"https:\/\/www.fila-groupe.ch\/de\/wp-json\/wp\/v2\/comments?post=384"}],"version-history":[{"count":2,"href":"https:\/\/www.fila-groupe.ch\/de\/wp-json\/wp\/v2\/pages\/384\/revisions"}],"predecessor-version":[{"id":92714,"href":"https:\/\/www.fila-groupe.ch\/de\/wp-json\/wp\/v2\/pages\/384\/revisions\/92714"}],"wp:attachment":[{"href":"https:\/\/www.fila-groupe.ch\/de\/wp-json\/wp\/v2\/media?parent=384"}],"curies":[{"name":"wp","href":"https:\/\/api.w.org\/{rel}","templated":true}]}}