{"id":51409,"date":"2021-02-16T16:11:09","date_gmt":"2021-02-16T15:11:09","guid":{"rendered":"https:\/\/www.fila-groupe.ch\/?page_id=51409"},"modified":"2021-02-16T16:12:38","modified_gmt":"2021-02-16T15:12:38","slug":"datenschutz-fila","status":"publish","type":"page","link":"https:\/\/www.fila-groupe.ch\/de\/datenschutz-fila\/","title":{"rendered":"DATENSCHUTZ - FILA"},"content":{"rendered":"<h2>Was unternimmt FILA, um Ihre personenbezogenen Daten zu sch\u00fctzen?<\/h2>\n<p>Im Bestreben, die Privatsph\u00e4re seiner Kunden zu sch\u00fctzen, ergreift FILA die am besten geeigneten Ma\u00dfnahmen, um der am 25. Mai 2018 in Kraft getretenen Datenschutz-Grundverordnung (DSGVO) der Europ\u00e4ischen Union und den gesetzlichen Bestimmungen des Bundesamtes f\u00fcr Justiz (BJ) nachzukommen.<\/p>\n<p>Mit dieser Charta m\u00f6chten wir Sie dar\u00fcber informieren, welche Daten wir erfassen, wie diese Informationen verwendet werden und welche M\u00f6glichkeiten Sie haben, uns \u00fcber Ihre Pr\u00e4ferenzen hinsichtlich der Verwendung und Verarbeitung dieser Daten zu informieren.<\/p>\n<h2>Welche Daten werden erfasst und bei welchen Gelegenheiten?<\/h2>\n<p>FILA erhebt einige Ihrer personenbezogenen Daten, haupts\u00e4chlich im Rahmen unserer Gesch\u00e4ftsbeziehungen wie:<\/p>\n<ul>\n<li aria-level=\"1\">Den Kauf Ihres Fahrzeugs, Neuwagens oder Gebrauchtwagens<\/li>\n<li aria-level=\"1\">Den Besuch in der Werkstatt f\u00fcr den Service, f\u00fcr die Arbeiten, f\u00fcr die Karosserie sowie f\u00fcr den Kauf von Zubeh\u00f6r<\/li>\n<li aria-level=\"1\">Ihre Teilnahme an Zufriedenheitsumfragen der von uns vertretenen Marken sowie an Umfragen zur Verbesserung unseres Service.<\/li>\n<\/ul>\n<p>Wir erheben nur Daten, die f\u00fcr das reibungslose Funktionieren unserer Gesch\u00e4ftsbeziehung erforderlich sind, und zwar:<\/p>\n<ul>\n<li aria-level=\"1\">Den Vor- und Nachnamen<\/li>\n<li aria-level=\"1\">Das Geburtsdatum<\/li>\n<li aria-level=\"1\">Die Postanschrift<\/li>\n<li aria-level=\"1\">Die E-Mail-Adresse<\/li>\n<li aria-level=\"1\">Die Mobil- und Festnetztelefonnummern<\/li>\n<\/ul>\n<p>&nbsp;<\/p>\n<p>Andere Daten, die f\u00fcr spezifischere Zwecke erfasst werden k\u00f6nnen, werden bei ihrer Erfassung ausdr\u00fccklich genannt.<\/p>\n<p>Bei Ihrem Besuch auf unserer Website www.fila-group.ch, registrieren Sie uns vor\u00fcbergehend:<\/p>\n<ul>\n<li aria-level=\"1\">Die IP-Adresse des anfragenden Computers<\/li>\n<li aria-level=\"1\">Das Datum und die Uhrzeit zum Zeitpunkt des Zugriffs<\/li>\n<li aria-level=\"1\">Den Namen und die URL der abgerufenen Daten<\/li>\n<li aria-level=\"1\">Die Website, von der aus auf unsere Domain zugegriffen wurde<\/li>\n<li aria-level=\"1\">Das Betriebssystem Ihres Computers und der von Ihnen verwendete Browser<\/li>\n<li aria-level=\"1\">Das Land, von dem aus der Zugriff auf unsere Website erfolgt<\/li>\n<li aria-level=\"1\">Der Name Ihres Internetzugangsanbieters.<\/li>\n<\/ul>\n<p>Das Erfassen und die Verarbeitung dieser Daten erfolgt im Allgemeinen anonym und ohne pers\u00f6nlichen Bezug, um die Nutzung der Website (Einrichtung der Verbindung) zu erm\u00f6glichen, um die Sicherheit und Stabilit\u00e4t des Systems dauerhaft zu gew\u00e4hrleisten und das Internet-Angebot zu optimieren; sowie f\u00fcr statistische Zwecke. Die oben genannten Informationen werden weder mit personenbezogenen Daten verkn\u00fcpft noch mit ihnen gespeichert.<\/p>\n<h2>Warum erfassen wir Ihre personenbezogenen Daten?<\/h2>\n<p>Die \u00fcber Sie erhobenen personenbezogenen Daten werden im Rahmen unserer vertraglichen und gesch\u00e4ftlichen Beziehung verwendet:<\/p>\n<ul>\n<li aria-level=\"1\">F\u00fcr die Verwaltung des Kundenkontos durch FILA, um Sie sowohl f\u00fcr periodische Serviceleistungen als auch f\u00fcr R\u00fcckrufaktionen von Herstellern kontaktieren zu k\u00f6nnen.<\/li>\n<li aria-level=\"1\">F\u00fcr die Verwaltung des Kundenkontos durch die Marken, die wir in Konzession haben, unter anderem f\u00fcr die Verwaltung von Garantien und die Betreuung der Lebensdauer Ihrer Fahrzeuge.<\/li>\n<li aria-level=\"1\">F\u00fcr die kommerzielle Kundenwerbung, durch den Versand unseres Newsletters, Angebote, Promotionen und Einladungen zu Veranstaltungen.<\/li>\n<\/ul>\n<p>FILA verpflichtet sich, Ihre personenbezogenen Daten nicht f\u00fcr andere als die in dieser Charta vorgesehenen Zwecke zu verwenden und sie nicht an andere als die oben genannten Dritten weiterzugeben.<\/p>\n<h2>Wer sind die Empf\u00e4nger Ihrer personenbezogenen Daten?<\/h2>\n<p>Im strikten Rahmen der angegebenen Zwecke sind die Empf\u00e4nger Ihrer Daten die FILA-Mitarbeiter, die Importeure sowie die Hersteller der von uns vertretenen Marken.<\/p>\n<p>Die Personen, die Ihre Daten einsehen m\u00fcssen, werden auf die Grunds\u00e4tze des Schutzes personenbezogener Daten im Sinne des schweizerischen Gesetzes und der Datenschutz-Grundverordnung (DSGVO) der Europ\u00e4ischen Union aufmerksam gemacht.<\/p>\n<p>Falls FILA einen Unterauftragnehmer f\u00fcr Arbeiten oder Dienstleistungen an Ihrem Fahrzeug hinzuzieht, stellt FILA sicher, dass dieser ausreichende Garantien f\u00fcr den Schutz Ihrer Rechte bietet.<\/p>\n<h2>Welche Aufbewahrungsfrist gilt f\u00fcr Ihre personenbezogenen Daten?<\/h2>\n<p>Die Aufbewahrungsdauer Ihrer personenbezogenen Daten entspricht der Dauer der Gesch\u00e4ftsbeziehung unserer T\u00e4tigkeiten mit Ihnen von der Akquisition bis zum Verkauf w\u00e4hrend des gesamten Zeitraums, in dem Sie unseren Kundendienst in Anspruch nehmen.<\/p>\n<p>Sie kann f\u00fcr eine begrenzte Anzahl von Zwecken, wie f\u00fcr den Abrechnungszyklus, die Einhaltung gesetzlicher, steuerlicher und\/oder vertraglicher Anforderungen, auch im Falle der internen Revision fortgesetzt werden.<\/p>\n<h2>Warum verwenden wir Cookies und Tracking-Tools?<\/h2>\n<p>Das Cookie ist eine einfache Textdatei, die vor\u00fcbergehend oder dauerhaft auf Ihrem station\u00e4ren oder mobilen Ger\u00e4t, in einigen F\u00e4llen aber auch in Ihrem Browser gespeichert wird.<\/p>\n<p>Das Cookie ist n\u00fctzlich, ja sogar unerl\u00e4sslich f\u00fcr das Surfen im Internet, denn es erlaubt den Webseitenbetreibern:<\/p>\n<ul>\n<li aria-level=\"1\">Die Leistung ihrer Website zu verbessern<\/li>\n<li aria-level=\"1\">Den Internetbenutzern ein besseres Surferlebnis zu bieten.<\/li>\n<\/ul>\n<p>Die Aufbewahrungsdauer dieser Informationen auf Ihrem Computer betr\u00e4gt ein Jahr. Sie haben die M\u00f6glichkeit, Ihren Browser so einzustellen, dass das Speichern von Cookies abgelehnt wird.<\/p>\n<p>Die Website verwendet Google Analytics, einen durch Google Inc. bereitgestellten Webanalysedienst (www.google.com). Google Analytics verwendet Methoden, die eine Analyse der Website-Nutzung erm\u00f6glichen, wie zum Beispiel \"Cookies\" (siehe oben \"Cookies\"). Die Informationen \u00fcber die Website-Nutzung werden in der Regel an einen Server von Google in den USA \u00fcbertragen, wo sie gespeichert werden.<\/p>\n<p>Die Informationen werden verwendet, um die Website-Nutzung zu analysieren, Berichte \u00fcber die Website-Aktivit\u00e4t zu erstellen und um weitere mit der Websitenutzung und der Internetnutzung verbundene Dienstleistungen zu erbringen.<\/p>\n<p>Die Nutzer k\u00f6nnen die Datenerfassung der durch das Cookie erzeugten und auf ihre Nutzung der Website bezogenen Daten (inkl. ihrer IP-Adresse) an Google sowie die Verarbeitung dieser Daten durch Google verhindern, indem sie das unter dem folgenden Link verf\u00fcgbare Browser-Plugin herunterladen und installieren: <a target=\"_blank\" href=\"http:\/\/tools.google.com\/dlpage\/gaoptout\" rel=\"noopener\">http:\/\/tools.google.com\/dlpage\/gaoptout<\/a><\/p>\n<h2>\u00dcber welche Rechte verf\u00fcgen Sie zum Schutz Ihrer personenbezogenen Daten?<\/h2>\n<ul>\n<li aria-level=\"1\"><b>Recht auf Widerspruch<\/b>: Wenn Ihre personenbezogenen Daten in unserer Beziehung nicht oder nicht mehr ben\u00f6tigt werden, k\u00f6nnen Sie verlangen, dass sie nicht mehr verarbeitet werden.<\/li>\n<li aria-level=\"1\"><b>Recht auf Zugang und Berichtigung<\/b>Sie k\u00f6nnen jederzeit Zugang zu Ihren personenbezogenen Daten und deren Berichtigung verlangen.<\/li>\n<li aria-level=\"1\"><b>Recht auf Einschr\u00e4nkung der Verarbeitung<\/b>Sie k\u00f6nnen uns \u00fcber die Verweigerung der Verarbeitung f\u00fcr spezifische Aktionen informieren.<\/li>\n<li aria-level=\"1\"><b>Recht auf \u00dcbertragbarkeit Ihrer Daten<\/b>Sie k\u00f6nnen jederzeit eine Kopie der von uns erfassten Daten anfordern. Sie k\u00f6nnen von uns verlangen, diese an die Person Ihrer Wahl zu \u00fcbermitteln.<\/li>\n<\/ul>\n<p>&nbsp;<\/p>\n<p>Um eines dieser Rechte geltend zu machen, senden Sie bitte Ihre Aufforderung schriftlich direkt an Fila-group.ch.<\/p>","protected":false},"excerpt":{"rendered":"<p>Was unternimmt FILA, um Ihre personenbezogenen Daten zu sch\u00fctzen? Im Bestreben, die Privatsph\u00e4re seiner Kunden zu sch\u00fctzen, ergreift FILA die am besten geeigneten Ma\u00dfnahmen, um die am 25. Mai 2018 in Kraft getretenen Datenschutz-Grundverordnung (DSGVO) der Europ\u00e4ischen Union und den gesetzlichen Bestimmungen des Bundesamtes f\u00fcr Justiz (BJ) nachzukommen. Mit dieser Charta m\u00f6chten wir Sie dar\u00fcber informieren, welche Daten wir erfassen, wie diese Informationen verwendet werden und welche M\u00f6glichkeiten Sie haben, uns \u00fcber Ihre Pr\u00e4ferenzen hinsichtlich der Verwendung und Verarbeitung dieser Daten zu informieren. Welche Daten werden erfasst und bei welchen Gelegenheiten? FILA erhebt einige Ihrer personenbezogenen Daten, haupts\u00e4chlich im Rahmen unserer Gesch\u00e4ftsbeziehungen wie: Den Kauf Ihres Fahrzeugs, Neuwagen oder Occasion Den Besuch in der Werkstatt f\u00fcr den Service, f\u00fcr die Arbeiten, f\u00fcr die Karosserie sowie f\u00fcr den Kauf von Zubeh\u00f6r Ihre Teilnahme an Zufriedenheitsumfragen der von uns vertretenen Marken sowie an Umfragen zur Verbesserung der...<\/p>","protected":false},"author":1,"featured_media":0,"parent":0,"menu_order":0,"comment_status":"closed","ping_status":"closed","template":"","meta":{"inline_featured_image":false,"footnotes":""},"class_list":["post-51409","page","type-page","status-publish","format-standard","hentry"],"yoast_head":"<!-- This site is optimized with the Yoast SEO plugin v24.2 - https:\/\/yoast.com\/wordpress\/plugins\/seo\/ -->\n<title>DATENSCHUTZ \u2013 FILA -<\/title>\n<meta name=\"robots\" content=\"index, follow, max-snippet:-1, max-image-preview:large, max-video-preview:-1\" \/>\n<link rel=\"canonical\" href=\"https:\/\/www.fila-groupe.ch\/de\/datenschutz-fila\/\" \/>\n<meta property=\"og:locale\" content=\"de_DE\" \/>\n<meta property=\"og:type\" content=\"article\" \/>\n<meta property=\"og:title\" content=\"DATENSCHUTZ \u2013 FILA -\" \/>\n<meta property=\"og:description\" content=\"Was unternimmt FILA, um Ihre personenbezogenen Daten zu sch\u00fctzen? Im Bestreben, die Privatsph\u00e4re seiner Kunden zu sch\u00fctzen, ergreift FILA die am besten geeigneten Massnahmen, um der am 25. Mai 2018 in Kraft getretenen Datenschutz-Grundverordnung (DSGVO) der Europ\u00e4ischen Union und den gesetzlichen Bestimmungen des Bundesamtes f\u00fcr Justiz (BJ) nachzukommen. Mit dieser Charta m\u00f6chten wir Sie dar\u00fcber informieren, welche Daten wir erfassen, wie diese Informationen verwendet werden und welche M\u00f6glichkeiten Sie haben, uns \u00fcber Ihre Pr\u00e4ferenzen hinsichtlich der Verwendung und Verarbeitung dieser Daten zu informieren. Welche Daten werden erfasst und bei welchen Gelegenheiten? FILA erhebt einige Ihrer personenbezogenen Daten, haupts\u00e4chlich im Rahmen unserer Gesch\u00e4ftsbeziehungen wie: Den Kauf Ihres Fahrzeugs, Neuwagen oder Occasion Den Besuch in der Werkstatt f\u00fcr den Service, f\u00fcr die Arbeiten, f\u00fcr die Karosserie sowie f\u00fcr den Kauf von Zubeh\u00f6r Ihre Teilnahme an Zufriedenheitsumfragen der von uns vertretenen Marken sowie an Umfragen zur Verbesserung...\" \/>\n<meta property=\"og:url\" content=\"https:\/\/www.fila-groupe.ch\/de\/datenschutz-fila\/\" \/>\n<meta property=\"article:modified_time\" content=\"2021-02-16T15:12:38+00:00\" \/>\n<meta name=\"twitter:card\" content=\"summary_large_image\" \/>\n<meta name=\"twitter:label1\" content=\"Gesch\u00e4tzte Lesezeit\" \/>\n\t<meta name=\"twitter:data1\" content=\"5\u00a0Minuten\" \/>\n<script type=\"application\/ld+json\" class=\"yoast-schema-graph\">{\"@context\":\"https:\/\/schema.org\",\"@graph\":[{\"@type\":\"WebPage\",\"@id\":\"https:\/\/www.fila-groupe.ch\/datenschutz-fila\/\",\"url\":\"https:\/\/www.fila-groupe.ch\/datenschutz-fila\/\",\"name\":\"DATENSCHUTZ \u2013 FILA -\",\"isPartOf\":{\"@id\":\"https:\/\/www.fila-groupe.ch\/en\/#website\"},\"datePublished\":\"2021-02-16T15:11:09+00:00\",\"dateModified\":\"2021-02-16T15:12:38+00:00\",\"breadcrumb\":{\"@id\":\"https:\/\/www.fila-groupe.ch\/datenschutz-fila\/#breadcrumb\"},\"inLanguage\":\"de\",\"potentialAction\":[{\"@type\":\"ReadAction\",\"target\":[\"https:\/\/www.fila-groupe.ch\/datenschutz-fila\/\"]}]},{\"@type\":\"BreadcrumbList\",\"@id\":\"https:\/\/www.fila-groupe.ch\/datenschutz-fila\/#breadcrumb\",\"itemListElement\":[{\"@type\":\"ListItem\",\"position\":1,\"name\":\"Accueil\",\"item\":\"https:\/\/www.fila-groupe.ch\/\"},{\"@type\":\"ListItem\",\"position\":2,\"name\":\"DATENSCHUTZ \u2013 FILA\"}]},{\"@type\":\"WebSite\",\"@id\":\"https:\/\/www.fila-groupe.ch\/en\/#website\",\"url\":\"https:\/\/www.fila-groupe.ch\/en\/\",\"name\":\"\",\"description\":\"\",\"potentialAction\":[{\"@type\":\"SearchAction\",\"target\":{\"@type\":\"EntryPoint\",\"urlTemplate\":\"https:\/\/www.fila-groupe.ch\/en\/?s={search_term_string}\"},\"query-input\":{\"@type\":\"PropertyValueSpecification\",\"valueRequired\":true,\"valueName\":\"search_term_string\"}}],\"inLanguage\":\"de\"}]}<\/script>\n<!-- \/ Yoast SEO plugin. -->","yoast_head_json":{"title":"DATENSCHUTZ \u2013 FILA -","robots":{"index":"index","follow":"follow","max-snippet":"max-snippet:-1","max-image-preview":"max-image-preview:large","max-video-preview":"max-video-preview:-1"},"canonical":"https:\/\/www.fila-groupe.ch\/de\/datenschutz-fila\/","og_locale":"de_DE","og_type":"article","og_title":"DATENSCHUTZ \u2013 FILA -","og_description":"Was unternimmt FILA, um Ihre personenbezogenen Daten zu sch\u00fctzen? Im Bestreben, die Privatsph\u00e4re seiner Kunden zu sch\u00fctzen, ergreift FILA die am besten geeigneten Massnahmen, um der am 25. Mai 2018 in Kraft getretenen Datenschutz-Grundverordnung (DSGVO) der Europ\u00e4ischen Union und den gesetzlichen Bestimmungen des Bundesamtes f\u00fcr Justiz (BJ) nachzukommen. Mit dieser Charta m\u00f6chten wir Sie dar\u00fcber informieren, welche Daten wir erfassen, wie diese Informationen verwendet werden und welche M\u00f6glichkeiten Sie haben, uns \u00fcber Ihre Pr\u00e4ferenzen hinsichtlich der Verwendung und Verarbeitung dieser Daten zu informieren. Welche Daten werden erfasst und bei welchen Gelegenheiten? FILA erhebt einige Ihrer personenbezogenen Daten, haupts\u00e4chlich im Rahmen unserer Gesch\u00e4ftsbeziehungen wie: Den Kauf Ihres Fahrzeugs, Neuwagen oder Occasion Den Besuch in der Werkstatt f\u00fcr den Service, f\u00fcr die Arbeiten, f\u00fcr die Karosserie sowie f\u00fcr den Kauf von Zubeh\u00f6r Ihre Teilnahme an Zufriedenheitsumfragen der von uns vertretenen Marken sowie an Umfragen zur Verbesserung...","og_url":"https:\/\/www.fila-groupe.ch\/de\/datenschutz-fila\/","article_modified_time":"2021-02-16T15:12:38+00:00","twitter_card":"summary_large_image","twitter_misc":{"Gesch\u00e4tzte Lesezeit":"5\u00a0Minuten"},"schema":{"@context":"https:\/\/schema.org","@graph":[{"@type":"WebPage","@id":"https:\/\/www.fila-groupe.ch\/datenschutz-fila\/","url":"https:\/\/www.fila-groupe.ch\/datenschutz-fila\/","name":"DATENSCHUTZ \u2013 FILA -","isPartOf":{"@id":"https:\/\/www.fila-groupe.ch\/en\/#website"},"datePublished":"2021-02-16T15:11:09+00:00","dateModified":"2021-02-16T15:12:38+00:00","breadcrumb":{"@id":"https:\/\/www.fila-groupe.ch\/datenschutz-fila\/#breadcrumb"},"inLanguage":"de","potentialAction":[{"@type":"ReadAction","target":["https:\/\/www.fila-groupe.ch\/datenschutz-fila\/"]}]},{"@type":"BreadcrumbList","@id":"https:\/\/www.fila-groupe.ch\/datenschutz-fila\/#breadcrumb","itemListElement":[{"@type":"ListItem","position":1,"name":"Accueil","item":"https:\/\/www.fila-groupe.ch\/"},{"@type":"ListItem","position":2,"name":"DATENSCHUTZ \u2013 FILA"}]},{"@type":"WebSite","@id":"https:\/\/www.fila-groupe.ch\/en\/#website","url":"https:\/\/www.fila-groupe.ch\/en\/","name":"","description":"","potentialAction":[{"@type":"SearchAction","target":{"@type":"EntryPoint","urlTemplate":"https:\/\/www.fila-groupe.ch\/en\/?s={search_term_string}"},"query-input":{"@type":"PropertyValueSpecification","valueRequired":true,"valueName":"search_term_string"}}],"inLanguage":"de"}]}},"_links":{"self":[{"href":"https:\/\/www.fila-groupe.ch\/de\/wp-json\/wp\/v2\/pages\/51409"}],"collection":[{"href":"https:\/\/www.fila-groupe.ch\/de\/wp-json\/wp\/v2\/pages"}],"about":[{"href":"https:\/\/www.fila-groupe.ch\/de\/wp-json\/wp\/v2\/types\/page"}],"author":[{"embeddable":true,"href":"https:\/\/www.fila-groupe.ch\/de\/wp-json\/wp\/v2\/users\/1"}],"replies":[{"embeddable":true,"href":"https:\/\/www.fila-groupe.ch\/de\/wp-json\/wp\/v2\/comments?post=51409"}],"version-history":[{"count":0,"href":"https:\/\/www.fila-groupe.ch\/de\/wp-json\/wp\/v2\/pages\/51409\/revisions"}],"wp:attachment":[{"href":"https:\/\/www.fila-groupe.ch\/de\/wp-json\/wp\/v2\/media?parent=51409"}],"curies":[{"name":"wp","href":"https:\/\/api.w.org\/{rel}","templated":true}]}}