{"id":6353,"date":"2020-11-30T12:06:11","date_gmt":"2020-11-30T11:06:11","guid":{"rendered":"https:\/\/www.fila-groupe.ch\/?page_id=6353"},"modified":"2022-11-10T06:34:45","modified_gmt":"2022-11-10T05:34:45","slug":"gamme-jeep-phev-test-drive","status":"publish","type":"page","link":"https:\/\/www.fila-groupe.ch\/de\/jeep-phev-test-drive-range\/","title":{"rendered":"Jeep PHEV test drive Reihe"},"content":{"rendered":"<div class=\"row\">\n<h1 class=\"mb-2\">Jeep PHEV test drive Reihe<\/h1>\n<h2 class=\"mt-0 mb-3\">DIE NEUE HYBRIDREIHE IST DA<\/h2>\n<div class=\"col-xs-12 p-0 mb-3\"><img loading=\"lazy\" decoding=\"async\" src=\"https:\/\/www.fila-groupe.ch\/wp-content\/uploads\/2020\/11\/gamme-jeep-phev-test-drive.jpg\" alt=\"\" width=\"1170\" height=\"416\" class=\"alignnone size-full wp-image-6357\" srcset=\"https:\/\/www.fila-groupe.ch\/wp-content\/uploads\/2020\/11\/gamme-jeep-phev-test-drive.jpg 1170w, https:\/\/www.fila-groupe.ch\/wp-content\/uploads\/2020\/11\/gamme-jeep-phev-test-drive-300x107.jpg 300w, https:\/\/www.fila-groupe.ch\/wp-content\/uploads\/2020\/11\/gamme-jeep-phev-test-drive-1024x364.jpg 1024w, https:\/\/www.fila-groupe.ch\/wp-content\/uploads\/2020\/11\/gamme-jeep-phev-test-drive-768x273.jpg 768w\" sizes=\"(max-width: 1170px) 100vw, 1170px\" \/><\/div>\n<h2>KOMMEN SIE UND TESTEN SIE DIE NEUE HYBRIDREIHE VON JEEP<\/h2>\n<div class=\"row flex-center-medium mobile-reverse\">\n<div class=\"col-xs-12 col-md-6 mtop20 p-20 text-justify\">\nDie neue Motorengeneration garantiert beispiellos niedrige Verbrauchswerte. Wenn Sie den Elektromodus verwenden, wird das Fahrzeug von der 11,4-kWh-Batterie mit Strom versorgt und Sie k\u00f6nnen bis zu 43 km nur mit der Batterie fahren. So k\u00f6nnen Sie die meisten Ihrer t\u00e4glichen Fahrten CO2-neutral zur\u00fccklegen und der Verbrauch wird erheblich gesenkt.\n<\/div>\n<div class=\"col-xs-12 col-md-6 mtop20 p-0\"><img loading=\"lazy\" decoding=\"async\" src=\"https:\/\/www.fila-groupe.ch\/wp-content\/uploads\/2020\/11\/gamme-jeep-phev-test-drive-1.jpg\" alt=\"\" width=\"600\" height=\"399\" class=\"alignnone size-full wp-image-6358\" srcset=\"https:\/\/www.fila-groupe.ch\/wp-content\/uploads\/2020\/11\/gamme-jeep-phev-test-drive-1.jpg 600w, https:\/\/www.fila-groupe.ch\/wp-content\/uploads\/2020\/11\/gamme-jeep-phev-test-drive-1-300x200.jpg 300w\" sizes=\"(max-width: 600px) 100vw, 600px\" \/><\/div>\n<\/div>\n<div class=\"row flex-center-medium\">\n<div class=\"col-xs-12 col-md-6 text-center\">\n<div class=\"bouton-cta version-2 text-center\"><a href=\"https:\/\/www.fila-groupe.ch\/de\/die-neue-jeep-phev-reihe\/\" class=\"read-more\">Mehr erfahren<\/a><\/div>\n<\/div>\n<div class=\"col-xs-12 col-md-6 text-center\">\n<div class=\"bouton-cta\"><a href=\"#form\"><i class=\"bouton-essai\"><\/i>einen Testlauf anfordern<\/a><\/div>\n<\/div>\n<\/div>\n<div id=\"form\" class=\"anchor\"><\/div>\n<div class=\"row\">\n<div class=\"col-xs-12 mtop20\">\n<h2>EINEN TERMIN F\u00dcR DEN DRIVE-TEST VEREINBAREN<\/h2>\n<div class=\"cf7sg-container cf7sg-not-grid\">\n<div id=\"cf7sg-form-prendre-un-rendez-vous\" class=\"key_prendre-un-rendez-vous\">\n<div class=\"wpcf7 no-js\" id=\"wpcf7-f6341-o1\" lang=\"fr-FR\" dir=\"ltr\">\n<div class=\"screen-reader-response\">\n<p role=\"status\" aria-live=\"polite\" aria-atomic=\"true\">\n<ul><\/ul>\n<\/div>\n<form action=\"\/de\/wp-json\/wp\/v2\/pages\/6353#wpcf7-f6341-o1\" method=\"post\" class=\"wpcf7-form init\" id=\"essai\" aria-label=\"Kontaktformular\" novalidate=\"novalidate\" data-status=\"init\" data-trp-original-action=\"\/de\/wp-json\/wp\/v2\/pages\/6353#wpcf7-f6341-o1\">\n<div style=\"display: none;\">\n<input type=\"hidden\" name=\"_wpcf7\" value=\"6341\" \/><br \/>\n<input type=\"hidden\" name=\"_wpcf7_version\" value=\"5.9.8\" \/><br \/>\n<input type=\"hidden\" name=\"_wpcf7_locale\" value=\"fr_FR\" \/><br \/>\n<input type=\"hidden\" name=\"_wpcf7_unit_tag\" value=\"wpcf7-f6341-o1\" \/><br \/>\n<input type=\"hidden\" name=\"_wpcf7_container_post\" value=\"0\" \/><br \/>\n<input type=\"hidden\" name=\"_wpcf7_posted_data_hash\" value=\"\" \/><br \/>\n<input type=\"hidden\" name=\"_wpcf7cf_hidden_group_fields\" value=\"[]\" \/><br \/>\n<input type=\"hidden\" name=\"_wpcf7cf_hidden_groups\" value=\"[]\" \/><br \/>\n<input type=\"hidden\" name=\"_wpcf7cf_visible_groups\" value=\"[]\" \/><br \/>\n<input type=\"hidden\" name=\"_wpcf7cf_repeaters\" value=\"[]\" \/><br \/>\n<input type=\"hidden\" name=\"_wpcf7cf_steps\" value=\"{}\" \/><br \/>\n<input type=\"hidden\" name=\"_wpcf7cf_options\" value=\"{&quot;form_id&quot;:6341,&quot;conditions&quot;:[],&quot;settings&quot;:{&quot;animation&quot;:&quot;no&quot;,&quot;animation_intime&quot;:&quot;200&quot;,&quot;animation_outtime&quot;:&quot;200&quot;,&quot;conditions_ui&quot;:&quot;normal&quot;,&quot;notice_dismissed&quot;:&quot;&quot;}}\" \/><br \/>\n<input type=\"hidden\" name=\"_wpcf7dtx_version\" value=\"4.5.1\" \/><br \/>\n<input type=\"hidden\" name=\"_wpcf7_key\" value=\"prendre-un-rendez-vous\" \/><br \/>\n<input type=\"hidden\" name=\"_cf7sg_toggles\" value=\"\" \/><br \/>\n<input type=\"hidden\" name=\"_cf7sg_version\" value=\"4.15.8\" \/><br \/>\n<input type=\"hidden\" name=\"_wpnonce\" value=\"14862d4fe8\" \/><br \/>\n<input type=\"hidden\" name=\"_wpcf7_recaptcha_response\" value=\"\" \/>\n<\/div>\n<p><span id=\"wpcf7-69dcc73bd42f0-wrapper\" class=\"wpcf7-form-control-wrap honeypot-699-wrap\" style=\"display:none !important; visibility:hidden !important;\"><input type=\"hidden\" name=\"honeypot-699-time-start\" value=\"1776076603\"><input type=\"hidden\" name=\"honeypot-699-time-check\" value=\"4\"><label for=\"wpcf7-69dcc73bd42f0-field\" class=\"hp-message\">Bitte lassen Sie dieses Feld leer.<\/label><input id=\"wpcf7-69dcc73bd42f0-field\"  class=\"wpcf7-form-control wpcf7-text\" type=\"text\" name=\"honeypot-699\" value=\"\" size=\"40\" tabindex=\"-1\" autocomplete=\"new-password\" \/><\/span>\n<\/p>\n<div class=\"row\">\n<span class=\"wpcf7-form-control-wrap title\" data-name=\"title\"><input type=\"hidden\" name=\"title\" id=\"\" class=\"wpcf7-form-control wpcf7-hidden wpcf7dtx wpcf7dtx-hidden\" aria-invalid=\"false\" value=\"Gamme Jeep PHEV test drive\" \/><\/span><\/p>\n<div class=\"col-md-5\">\n<p>Garage ausw\u00e4hlen*.<br \/>\n<span class=\"wpcf7-form-control-wrap\" data-name=\"garage\"><select class=\"wpcf7-form-control wpcf7-select wpcf7-validates-as-required\" aria-required=\"true\" aria-invalid=\"false\" name=\"garage\"><option value=\"Yverdon-les-Bains\">Yverdon-les-Bains<\/option><option value=\"Bienne\">Biel<\/option><\/select><\/span>\n\t\t<\/p>\n<p>Name*<br \/>\n<span class=\"wpcf7-form-control-wrap\" data-name=\"nom\"><input size=\"40\" maxlength=\"400\" class=\"wpcf7-form-control wpcf7-text wpcf7-validates-as-required\" aria-required=\"true\" aria-invalid=\"false\" placeholder=\"Ihr Name\" value=\"\" type=\"text\" name=\"nom\" \/><\/span>\n\t\t<\/p>\n<p>Vorname*<br \/>\n<span class=\"wpcf7-form-control-wrap\" data-name=\"prenom\"><input size=\"40\" maxlength=\"400\" class=\"wpcf7-form-control wpcf7-text wpcf7-validates-as-required\" aria-required=\"true\" aria-invalid=\"false\" placeholder=\"Ihr Vorname\" value=\"\" type=\"text\" name=\"prenom\" \/><\/span>\n\t\t<\/p>\n<p>E-Mail-Adresse*<br \/>\n<span class=\"wpcf7-form-control-wrap\" data-name=\"email\"><input size=\"40\" maxlength=\"400\" class=\"wpcf7-form-control wpcf7-email wpcf7-validates-as-required wpcf7-text wpcf7-validates-as-email\" aria-required=\"true\" aria-invalid=\"false\" placeholder=\"Ihre E-Mail\" value=\"\" type=\"email\" name=\"email\" \/><\/span>\n\t\t<\/p>\n<p>Telefon*<br \/>\n<span class=\"wpcf7-form-control-wrap\" data-name=\"telephone\"><input size=\"40\" maxlength=\"400\" class=\"wpcf7-form-control wpcf7-text wpcf7-validates-as-required\" aria-required=\"true\" aria-invalid=\"false\" placeholder=\"Ihre Nummer\" value=\"\" type=\"text\" name=\"telephone\" \/><\/span>\n\t\t<\/p>\n<\/p><\/div>\n<div class=\"col-md-7\">\n<p>Wann m\u00f6chten Sie zur\u00fcckgerufen werden?*\n\t\t<\/p>\n<p><span class=\"wpcf7-form-control-wrap\" data-name=\"rappel\"><select class=\"wpcf7-form-control wpcf7-select wpcf7-validates-as-required\" aria-required=\"true\" aria-invalid=\"false\" name=\"rappel\"><option value=\"Matin\">Morgen<\/option><option value=\"Apr\u00e8s-midi\">Nachmittags<\/option><\/select><\/span>\n\t\t<\/p>\n<p>Nachricht*<br \/>\n<span class=\"wpcf7-form-control-wrap\" data-name=\"message\"><textarea cols=\"40\" rows=\"10\" maxlength=\"2000\" class=\"wpcf7-form-control wpcf7-textarea wpcf7-validates-as-required\" aria-required=\"true\" aria-invalid=\"false\" placeholder=\"Ihre Nachricht\" name=\"message\"><\/textarea><\/span>\n\t\t<\/p>\n<p><span class=\"mandatory-field\">*Pflichtfelder<\/span>\n\t\t<\/p>\n<\/p><\/div>\n<\/div>\n<p><span class=\"wpcf7-form-control-wrap\" data-name=\"charte\"><span class=\"wpcf7-form-control wpcf7-acceptance\"><span class=\"wpcf7-list-item\"><label><input type=\"checkbox\" name=\"charte\" value=\"1\" aria-invalid=\"false\" \/><span class=\"wpcf7-list-item-label\">Indem ich dieses K\u00e4stchen ankreuze, best\u00e4tige ich, dass ich die Fila-Datenschutzbestimmungen zur Kenntnis genommen habe.<\/span><\/label><\/span><\/span><\/span>\n<\/p>\n<p><input class=\"wpcf7-form-control wpcf7-submit has-spinner\" type=\"submit\" value=\"Meine Anfrage senden\" \/>\n<\/p>\n<p><input type='hidden' class='wpcf7-pum' value='{\"closepopup\":false,\"closedelay\":0,\"openpopup\":false,\"openpopup_id\":0}' \/><\/p>\n<div class=\"wpcf7-response-output\" aria-hidden=\"true\"><\/div>\n<input type=\"hidden\" name=\"trp-form-language\" value=\"de\"\/><\/form>\n<\/div>\n<\/div>\n<\/div>\n<\/div>\n<\/div>","protected":false},"excerpt":{"rendered":"<p>Jeep PHEV test drive DIE NEUE HYBRID-REIHE IST ANGEKOMMEN Kommen Sie und testen Sie die neue HYBRID-REIHE von JEEP Die neue Motorengeneration sorgt f\u00fcr ein bisher unerreichtes Niveau an Kraftstoffverbrauch. Wenn Sie den Elektromodus verwenden, wird das Fahrzeug von der 11,4-kWh-Batterie mit Strom versorgt, und Sie k\u00f6nnen bis zu 43 km nur mit der Batterie fahren. So k\u00f6nnen Sie die meisten Ihrer t\u00e4glichen Fahrten ohne CO2-Emissionen zur\u00fccklegen und der Verbrauch wird erheblich gesenkt. Mehr erfahren Probefahrt anfordern Termin f\u00fcr DRIVE TEST vereinbaren<\/p>","protected":false},"author":1,"featured_media":0,"parent":0,"menu_order":0,"comment_status":"closed","ping_status":"closed","template":"template-article.php","meta":{"inline_featured_image":false,"footnotes":""},"class_list":["post-6353","page","type-page","status-publish","format-standard","hentry"],"yoast_head":"<!-- This site is optimized with the Yoast SEO plugin v24.2 - https:\/\/yoast.com\/wordpress\/plugins\/seo\/ -->\n<title>Gamme Jeep PHEV test drive -<\/title>\n<meta name=\"description\" content=\"Venez essayer la nouvelle gamme hybride de Jeep PHEV en test chez Fila Groupe, votre garage sp\u00e9cialiste en Suisse\" \/>\n<meta name=\"robots\" content=\"index, follow, max-snippet:-1, max-image-preview:large, max-video-preview:-1\" \/>\n<link rel=\"canonical\" href=\"https:\/\/www.fila-groupe.ch\/de\/jeep-phev-test-drive-range\/\" \/>\n<meta property=\"og:locale\" content=\"de_DE\" \/>\n<meta property=\"og:type\" content=\"article\" \/>\n<meta property=\"og:title\" content=\"Gamme Jeep PHEV test drive -\" \/>\n<meta property=\"og:description\" content=\"Venez essayer la nouvelle gamme hybride de Jeep PHEV en test chez Fila Groupe, votre garage sp\u00e9cialiste en Suisse\" \/>\n<meta property=\"og:url\" content=\"https:\/\/www.fila-groupe.ch\/de\/jeep-phev-test-drive-range\/\" \/>\n<meta property=\"article:modified_time\" content=\"2022-11-10T05:34:45+00:00\" \/>\n<meta property=\"og:image\" content=\"https:\/\/www.fila-groupe.ch\/wp-content\/uploads\/2020\/11\/gamme-jeep-phev-test-drive.jpg\" \/>\n<meta name=\"twitter:card\" content=\"summary_large_image\" \/>\n<meta name=\"twitter:label1\" content=\"Gesch\u00e4tzte Lesezeit\" \/>\n\t<meta name=\"twitter:data1\" content=\"1\u00a0Minute\" \/>\n<script type=\"application\/ld+json\" class=\"yoast-schema-graph\">{\"@context\":\"https:\/\/schema.org\",\"@graph\":[{\"@type\":\"WebPage\",\"@id\":\"https:\/\/www.fila-groupe.ch\/en\/jeep-phev-test-drive-range\/\",\"url\":\"https:\/\/www.fila-groupe.ch\/en\/jeep-phev-test-drive-range\/\",\"name\":\"Gamme Jeep PHEV test drive -\",\"isPartOf\":{\"@id\":\"https:\/\/www.fila-groupe.ch\/en\/#website\"},\"primaryImageOfPage\":{\"@id\":\"https:\/\/www.fila-groupe.ch\/en\/jeep-phev-test-drive-range\/#primaryimage\"},\"image\":{\"@id\":\"https:\/\/www.fila-groupe.ch\/en\/jeep-phev-test-drive-range\/#primaryimage\"},\"thumbnailUrl\":\"https:\/\/www.fila-groupe.ch\/wp-content\/uploads\/2020\/11\/gamme-jeep-phev-test-drive.jpg\",\"datePublished\":\"2020-11-30T11:06:11+00:00\",\"dateModified\":\"2022-11-10T05:34:45+00:00\",\"description\":\"Venez essayer la nouvelle gamme hybride de Jeep PHEV en test chez Fila Groupe, votre garage sp\u00e9cialiste en Suisse\",\"breadcrumb\":{\"@id\":\"https:\/\/www.fila-groupe.ch\/en\/jeep-phev-test-drive-range\/#breadcrumb\"},\"inLanguage\":\"de\",\"potentialAction\":[{\"@type\":\"ReadAction\",\"target\":[\"https:\/\/www.fila-groupe.ch\/en\/jeep-phev-test-drive-range\/\"]}]},{\"@type\":\"ImageObject\",\"inLanguage\":\"de\",\"@id\":\"https:\/\/www.fila-groupe.ch\/en\/jeep-phev-test-drive-range\/#primaryimage\",\"url\":\"https:\/\/www.fila-groupe.ch\/wp-content\/uploads\/2020\/11\/gamme-jeep-phev-test-drive.jpg\",\"contentUrl\":\"https:\/\/www.fila-groupe.ch\/wp-content\/uploads\/2020\/11\/gamme-jeep-phev-test-drive.jpg\"},{\"@type\":\"BreadcrumbList\",\"@id\":\"https:\/\/www.fila-groupe.ch\/en\/jeep-phev-test-drive-range\/#breadcrumb\",\"itemListElement\":[{\"@type\":\"ListItem\",\"position\":1,\"name\":\"Accueil\",\"item\":\"https:\/\/www.fila-groupe.ch\/\"},{\"@type\":\"ListItem\",\"position\":2,\"name\":\"Gamme Jeep PHEV test drive\"}]},{\"@type\":\"WebSite\",\"@id\":\"https:\/\/www.fila-groupe.ch\/en\/#website\",\"url\":\"https:\/\/www.fila-groupe.ch\/en\/\",\"name\":\"\",\"description\":\"\",\"potentialAction\":[{\"@type\":\"SearchAction\",\"target\":{\"@type\":\"EntryPoint\",\"urlTemplate\":\"https:\/\/www.fila-groupe.ch\/en\/?s={search_term_string}\"},\"query-input\":{\"@type\":\"PropertyValueSpecification\",\"valueRequired\":true,\"valueName\":\"search_term_string\"}}],\"inLanguage\":\"de\"}]}<\/script>\n<!-- \/ Yoast SEO plugin. -->","yoast_head_json":{"title":"Gamme Jeep PHEV test drive -","description":"Venez essayer la nouvelle gamme hybride de Jeep PHEV en test chez Fila Groupe, votre garage sp\u00e9cialiste en Suisse","robots":{"index":"index","follow":"follow","max-snippet":"max-snippet:-1","max-image-preview":"max-image-preview:large","max-video-preview":"max-video-preview:-1"},"canonical":"https:\/\/www.fila-groupe.ch\/de\/jeep-phev-test-drive-range\/","og_locale":"de_DE","og_type":"article","og_title":"Gamme Jeep PHEV test drive -","og_description":"Venez essayer la nouvelle gamme hybride de Jeep PHEV en test chez Fila Groupe, votre garage sp\u00e9cialiste en Suisse","og_url":"https:\/\/www.fila-groupe.ch\/de\/jeep-phev-test-drive-range\/","article_modified_time":"2022-11-10T05:34:45+00:00","og_image":[{"url":"https:\/\/www.fila-groupe.ch\/wp-content\/uploads\/2020\/11\/gamme-jeep-phev-test-drive.jpg","type":"","width":"","height":""}],"twitter_card":"summary_large_image","twitter_misc":{"Gesch\u00e4tzte Lesezeit":"1\u00a0Minute"},"schema":{"@context":"https:\/\/schema.org","@graph":[{"@type":"WebPage","@id":"https:\/\/www.fila-groupe.ch\/en\/jeep-phev-test-drive-range\/","url":"https:\/\/www.fila-groupe.ch\/en\/jeep-phev-test-drive-range\/","name":"Gamme Jeep PHEV test drive -","isPartOf":{"@id":"https:\/\/www.fila-groupe.ch\/en\/#website"},"primaryImageOfPage":{"@id":"https:\/\/www.fila-groupe.ch\/en\/jeep-phev-test-drive-range\/#primaryimage"},"image":{"@id":"https:\/\/www.fila-groupe.ch\/en\/jeep-phev-test-drive-range\/#primaryimage"},"thumbnailUrl":"https:\/\/www.fila-groupe.ch\/wp-content\/uploads\/2020\/11\/gamme-jeep-phev-test-drive.jpg","datePublished":"2020-11-30T11:06:11+00:00","dateModified":"2022-11-10T05:34:45+00:00","description":"Venez essayer la nouvelle gamme hybride de Jeep PHEV en test chez Fila Groupe, votre garage sp\u00e9cialiste en Suisse","breadcrumb":{"@id":"https:\/\/www.fila-groupe.ch\/en\/jeep-phev-test-drive-range\/#breadcrumb"},"inLanguage":"de","potentialAction":[{"@type":"ReadAction","target":["https:\/\/www.fila-groupe.ch\/en\/jeep-phev-test-drive-range\/"]}]},{"@type":"ImageObject","inLanguage":"de","@id":"https:\/\/www.fila-groupe.ch\/en\/jeep-phev-test-drive-range\/#primaryimage","url":"https:\/\/www.fila-groupe.ch\/wp-content\/uploads\/2020\/11\/gamme-jeep-phev-test-drive.jpg","contentUrl":"https:\/\/www.fila-groupe.ch\/wp-content\/uploads\/2020\/11\/gamme-jeep-phev-test-drive.jpg"},{"@type":"BreadcrumbList","@id":"https:\/\/www.fila-groupe.ch\/en\/jeep-phev-test-drive-range\/#breadcrumb","itemListElement":[{"@type":"ListItem","position":1,"name":"Accueil","item":"https:\/\/www.fila-groupe.ch\/"},{"@type":"ListItem","position":2,"name":"Gamme Jeep PHEV test drive"}]},{"@type":"WebSite","@id":"https:\/\/www.fila-groupe.ch\/en\/#website","url":"https:\/\/www.fila-groupe.ch\/en\/","name":"","description":"","potentialAction":[{"@type":"SearchAction","target":{"@type":"EntryPoint","urlTemplate":"https:\/\/www.fila-groupe.ch\/en\/?s={search_term_string}"},"query-input":{"@type":"PropertyValueSpecification","valueRequired":true,"valueName":"search_term_string"}}],"inLanguage":"de"}]}},"_links":{"self":[{"href":"https:\/\/www.fila-groupe.ch\/de\/wp-json\/wp\/v2\/pages\/6353"}],"collection":[{"href":"https:\/\/www.fila-groupe.ch\/de\/wp-json\/wp\/v2\/pages"}],"about":[{"href":"https:\/\/www.fila-groupe.ch\/de\/wp-json\/wp\/v2\/types\/page"}],"author":[{"embeddable":true,"href":"https:\/\/www.fila-groupe.ch\/de\/wp-json\/wp\/v2\/users\/1"}],"replies":[{"embeddable":true,"href":"https:\/\/www.fila-groupe.ch\/de\/wp-json\/wp\/v2\/comments?post=6353"}],"version-history":[{"count":1,"href":"https:\/\/www.fila-groupe.ch\/de\/wp-json\/wp\/v2\/pages\/6353\/revisions"}],"predecessor-version":[{"id":92741,"href":"https:\/\/www.fila-groupe.ch\/de\/wp-json\/wp\/v2\/pages\/6353\/revisions\/92741"}],"wp:attachment":[{"href":"https:\/\/www.fila-groupe.ch\/de\/wp-json\/wp\/v2\/media?parent=6353"}],"curies":[{"name":"wp","href":"https:\/\/api.w.org\/{rel}","templated":true}]}}