{"id":930,"date":"2020-10-19T10:57:37","date_gmt":"2020-10-19T08:57:37","guid":{"rendered":"https:\/\/www.fila-groupe.ch\/?page_id=930"},"modified":"2021-03-25T18:07:56","modified_gmt":"2021-03-25T17:07:56","slug":"toyota","status":"publish","type":"page","link":"https:\/\/www.fila-groupe.ch\/de\/toyota\/","title":{"rendered":"Toyota"},"content":{"rendered":"<div class=\"header-img\">\n<img loading=\"lazy\" decoding=\"async\" class=\"alignnone size-full wp-image-935\" src=\"https:\/\/www.fila-groupe.ch\/wp-content\/uploads\/2020\/10\/logo-Toyota.png\" alt=\"\" width=\"90\" height=\"58\" \/><\/p>\n<h2 class=\"h2-page\">Toyota auf dem Weg zur Umweltfreundlichkeit<\/h2>\n<\/div>\n<div class=\"row flex-center-medium\">\n<div class=\"col-xs-12 col-md-6 mtop20 text-center\"><img loading=\"lazy\" decoding=\"async\" class=\"alignnone wp-image-933\" src=\"https:\/\/www.fila-groupe.ch\/wp-content\/uploads\/2020\/10\/voiture-toyota.jpg\" alt=\"\" width=\"842\" height=\"560\" \/><\/div>\n<div class=\"col-xs-12 col-md-6 mtop20\">\n<p>Unter den Werten von <strong>Toyota<\/strong>steht die \u00d6kologie ganz oben auf dem Siegertreppchen. In einem Ansatz, den die Marke selbst als \"die 4R\" bezeichnet, <strong>Toyota<\/strong> arbeitet t\u00e4glich daran, seinen CO2-Fu\u00dfabdruck zu verringern und zum Schutz der Umwelt beizutragen. Schon bei der Planung eines <strong>Toyota-Auto<\/strong>liegt der Schwerpunkt auf der \u00d6kologie. Im Mittelpunkt stehen die Eco-VAS-Methode, die Reduzierung des Einsatzes von Schwermetallen und die Reduzierung von Verpackungen. Seit 2003 <strong>Toyota<\/strong> verwendet Biokunststoffe bei der Herstellung seiner Autos. Der Hersteller praktiziert auch die Wiederverwendung von Ressourcen, insbesondere von Wasser, und sorgt f\u00fcr das Recycling von NiMH-Hybridbatterien.<\/p>\n<\/div>\n<\/div>\n<div class=\"row flex-center-medium mtop20\">\n<div class=\"col-xs-12 col-md-12 mtop20\"><img loading=\"lazy\" decoding=\"async\" class=\"alignnone wp-image-932\" src=\"https:\/\/www.fila-groupe.ch\/wp-content\/uploads\/2020\/10\/voitures-Toyota.jpg\" alt=\"\" width=\"1255\" height=\"420\" \/><\/div>\n<\/div>\n<div class=\"btn-actions\">\n<div class=\"bouton-cta version-2\"><a class=\"read-more\" style=\"outline: none;\" tabindex=\"0\" href=\"\/de\/category\/nos-offres\/offres-toyota\/\">Zu den Toyota-Angeboten<\/a><\/div>\n<div class=\"bouton-cta version-2\"><a class=\"read-more\" style=\"outline: none;\" tabindex=\"0\" href=\"https:\/\/www.fila-groupe.ch\/de\/probefahrt\/\"><img decoding=\"async\" class=\"alignnone size-full wp-image-343\" style=\"margin-right: 5px;\" src=\"https:\/\/www.fila-groupe.ch\/wp-content\/uploads\/2020\/10\/volant-icon-fila-blanc.svg\" alt=\"Lenkrad\" width=\"30\" \/>Einen Testlauf beantragen<\/a><\/div>\n<\/div>\n<p>&nbsp;<\/p>\n<p>&nbsp;<\/p>","protected":false},"excerpt":{"rendered":"<p>Toyota auf dem Weg zur \u00d6kologie Unter den Werten von Toyota steht die \u00d6kologie ganz oben auf dem Podium. Im Rahmen des von der Marke selbst als \"4R\" bezeichneten Ansatzes arbeitet Toyota t\u00e4glich daran, seinen CO2-Fu\u00dfabdruck zu verringern und zum Schutz der Umwelt beizutragen. Schon bei der Planung des Designs eines Toyota-Autos liegt der Schwerpunkt auf der \u00d6kologie. Die Eco-VAS-Methode, die Verringerung des Einsatzes von Schwermetallen und die Reduzierung von Verpackungen stehen dabei im Mittelpunkt. Seit 2003 verwendet Toyota Biokunststoffe bei der Konstruktion seiner Autos. Der Hersteller praktiziert auch die Wiederverwendung von Ressourcen, insbesondere von Wasser, und sorgt f\u00fcr das Recycling von NiMH-Hybridbatterien. Toyota-Angebote ansehen Probefahrt anfordern &nbsp; &nbsp;<\/p>","protected":false},"author":2,"featured_media":0,"parent":0,"menu_order":0,"comment_status":"closed","ping_status":"closed","template":"","meta":{"inline_featured_image":false,"footnotes":""},"class_list":["post-930","page","type-page","status-publish","format-standard","hentry"],"yoast_head":"<!-- This site is optimized with the Yoast SEO plugin v24.2 - https:\/\/yoast.com\/wordpress\/plugins\/seo\/ -->\n<title>Retrouvez Toyota dans votre garage \u00e0 Yverdon<\/title>\n<meta name=\"description\" content=\"Distributeur Toyota pour Yverdon, FILA pr\u00e9sente la marque japonaise et ses mod\u00e8les phares.\" \/>\n<meta name=\"robots\" content=\"index, follow, max-snippet:-1, max-image-preview:large, max-video-preview:-1\" \/>\n<link rel=\"canonical\" href=\"https:\/\/www.fila-groupe.ch\/de\/warten-sie-nicht-bis-zum-ende-des-leasingvertrages-sondern-verlangern-sie-die-bestellfrist\/toyota\/\" \/>\n<meta property=\"og:locale\" content=\"de_DE\" \/>\n<meta property=\"og:type\" content=\"article\" \/>\n<meta property=\"og:title\" content=\"Retrouvez Toyota dans votre garage \u00e0 Yverdon\" \/>\n<meta property=\"og:description\" content=\"Distributeur Toyota pour Yverdon, FILA pr\u00e9sente la marque japonaise et ses mod\u00e8les phares.\" \/>\n<meta property=\"og:url\" content=\"https:\/\/www.fila-groupe.ch\/de\/warten-sie-nicht-bis-zum-ende-des-leasingvertrages-sondern-verlangern-sie-die-bestellfrist\/toyota\/\" \/>\n<meta property=\"article:modified_time\" content=\"2021-03-25T17:07:56+00:00\" \/>\n<meta property=\"og:image\" content=\"https:\/\/www.fila-groupe.ch\/wp-content\/uploads\/2020\/10\/logo-Toyota.png\" \/>\n<meta name=\"twitter:card\" content=\"summary_large_image\" \/>\n<meta name=\"twitter:label1\" content=\"Gesch\u00e4tzte Lesezeit\" \/>\n\t<meta name=\"twitter:data1\" content=\"1\u00a0Minute\" \/>\n<script type=\"application\/ld+json\" class=\"yoast-schema-graph\">{\"@context\":\"https:\/\/schema.org\",\"@graph\":[{\"@type\":\"WebPage\",\"@id\":\"https:\/\/www.fila-groupe.ch\/en\/toyota\/\",\"url\":\"https:\/\/www.fila-groupe.ch\/en\/toyota\/\",\"name\":\"Retrouvez Toyota dans votre garage \u00e0 Yverdon\",\"isPartOf\":{\"@id\":\"https:\/\/www.fila-groupe.ch\/en\/#website\"},\"primaryImageOfPage\":{\"@id\":\"https:\/\/www.fila-groupe.ch\/en\/toyota\/#primaryimage\"},\"image\":{\"@id\":\"https:\/\/www.fila-groupe.ch\/en\/toyota\/#primaryimage\"},\"thumbnailUrl\":\"https:\/\/www.fila-groupe.ch\/wp-content\/uploads\/2020\/10\/logo-Toyota.png\",\"datePublished\":\"2020-10-19T08:57:37+00:00\",\"dateModified\":\"2021-03-25T17:07:56+00:00\",\"description\":\"Distributeur Toyota pour Yverdon, FILA pr\u00e9sente la marque japonaise et ses mod\u00e8les phares.\",\"breadcrumb\":{\"@id\":\"https:\/\/www.fila-groupe.ch\/en\/toyota\/#breadcrumb\"},\"inLanguage\":\"de\",\"potentialAction\":[{\"@type\":\"ReadAction\",\"target\":[\"https:\/\/www.fila-groupe.ch\/en\/toyota\/\"]}]},{\"@type\":\"ImageObject\",\"inLanguage\":\"de\",\"@id\":\"https:\/\/www.fila-groupe.ch\/en\/toyota\/#primaryimage\",\"url\":\"https:\/\/www.fila-groupe.ch\/wp-content\/uploads\/2020\/10\/logo-Toyota.png\",\"contentUrl\":\"https:\/\/www.fila-groupe.ch\/wp-content\/uploads\/2020\/10\/logo-Toyota.png\"},{\"@type\":\"BreadcrumbList\",\"@id\":\"https:\/\/www.fila-groupe.ch\/en\/toyota\/#breadcrumb\",\"itemListElement\":[{\"@type\":\"ListItem\",\"position\":1,\"name\":\"Accueil\",\"item\":\"https:\/\/www.fila-groupe.ch\/\"},{\"@type\":\"ListItem\",\"position\":2,\"name\":\"Toyota\"}]},{\"@type\":\"WebSite\",\"@id\":\"https:\/\/www.fila-groupe.ch\/en\/#website\",\"url\":\"https:\/\/www.fila-groupe.ch\/en\/\",\"name\":\"\",\"description\":\"\",\"potentialAction\":[{\"@type\":\"SearchAction\",\"target\":{\"@type\":\"EntryPoint\",\"urlTemplate\":\"https:\/\/www.fila-groupe.ch\/en\/?s={search_term_string}\"},\"query-input\":{\"@type\":\"PropertyValueSpecification\",\"valueRequired\":true,\"valueName\":\"search_term_string\"}}],\"inLanguage\":\"de\"}]}<\/script>\n<!-- \/ Yoast SEO plugin. -->","yoast_head_json":{"title":"Retrouvez Toyota dans votre garage \u00e0 Yverdon","description":"Distributeur Toyota pour Yverdon, FILA pr\u00e9sente la marque japonaise et ses mod\u00e8les phares.","robots":{"index":"index","follow":"follow","max-snippet":"max-snippet:-1","max-image-preview":"max-image-preview:large","max-video-preview":"max-video-preview:-1"},"canonical":"https:\/\/www.fila-groupe.ch\/de\/warten-sie-nicht-bis-zum-ende-des-leasingvertrages-sondern-verlangern-sie-die-bestellfrist\/toyota\/","og_locale":"de_DE","og_type":"article","og_title":"Retrouvez Toyota dans votre garage \u00e0 Yverdon","og_description":"Distributeur Toyota pour Yverdon, FILA pr\u00e9sente la marque japonaise et ses mod\u00e8les phares.","og_url":"https:\/\/www.fila-groupe.ch\/de\/warten-sie-nicht-bis-zum-ende-des-leasingvertrages-sondern-verlangern-sie-die-bestellfrist\/toyota\/","article_modified_time":"2021-03-25T17:07:56+00:00","og_image":[{"url":"https:\/\/www.fila-groupe.ch\/wp-content\/uploads\/2020\/10\/logo-Toyota.png","type":"","width":"","height":""}],"twitter_card":"summary_large_image","twitter_misc":{"Gesch\u00e4tzte Lesezeit":"1\u00a0Minute"},"schema":{"@context":"https:\/\/schema.org","@graph":[{"@type":"WebPage","@id":"https:\/\/www.fila-groupe.ch\/en\/toyota\/","url":"https:\/\/www.fila-groupe.ch\/en\/toyota\/","name":"Retrouvez Toyota dans votre garage \u00e0 Yverdon","isPartOf":{"@id":"https:\/\/www.fila-groupe.ch\/en\/#website"},"primaryImageOfPage":{"@id":"https:\/\/www.fila-groupe.ch\/en\/toyota\/#primaryimage"},"image":{"@id":"https:\/\/www.fila-groupe.ch\/en\/toyota\/#primaryimage"},"thumbnailUrl":"https:\/\/www.fila-groupe.ch\/wp-content\/uploads\/2020\/10\/logo-Toyota.png","datePublished":"2020-10-19T08:57:37+00:00","dateModified":"2021-03-25T17:07:56+00:00","description":"Distributeur Toyota pour Yverdon, FILA pr\u00e9sente la marque japonaise et ses mod\u00e8les phares.","breadcrumb":{"@id":"https:\/\/www.fila-groupe.ch\/en\/toyota\/#breadcrumb"},"inLanguage":"de","potentialAction":[{"@type":"ReadAction","target":["https:\/\/www.fila-groupe.ch\/en\/toyota\/"]}]},{"@type":"ImageObject","inLanguage":"de","@id":"https:\/\/www.fila-groupe.ch\/en\/toyota\/#primaryimage","url":"https:\/\/www.fila-groupe.ch\/wp-content\/uploads\/2020\/10\/logo-Toyota.png","contentUrl":"https:\/\/www.fila-groupe.ch\/wp-content\/uploads\/2020\/10\/logo-Toyota.png"},{"@type":"BreadcrumbList","@id":"https:\/\/www.fila-groupe.ch\/en\/toyota\/#breadcrumb","itemListElement":[{"@type":"ListItem","position":1,"name":"Accueil","item":"https:\/\/www.fila-groupe.ch\/"},{"@type":"ListItem","position":2,"name":"Toyota"}]},{"@type":"WebSite","@id":"https:\/\/www.fila-groupe.ch\/en\/#website","url":"https:\/\/www.fila-groupe.ch\/en\/","name":"","description":"","potentialAction":[{"@type":"SearchAction","target":{"@type":"EntryPoint","urlTemplate":"https:\/\/www.fila-groupe.ch\/en\/?s={search_term_string}"},"query-input":{"@type":"PropertyValueSpecification","valueRequired":true,"valueName":"search_term_string"}}],"inLanguage":"de"}]}},"_links":{"self":[{"href":"https:\/\/www.fila-groupe.ch\/de\/wp-json\/wp\/v2\/pages\/930"}],"collection":[{"href":"https:\/\/www.fila-groupe.ch\/de\/wp-json\/wp\/v2\/pages"}],"about":[{"href":"https:\/\/www.fila-groupe.ch\/de\/wp-json\/wp\/v2\/types\/page"}],"author":[{"embeddable":true,"href":"https:\/\/www.fila-groupe.ch\/de\/wp-json\/wp\/v2\/users\/2"}],"replies":[{"embeddable":true,"href":"https:\/\/www.fila-groupe.ch\/de\/wp-json\/wp\/v2\/comments?post=930"}],"version-history":[{"count":1,"href":"https:\/\/www.fila-groupe.ch\/de\/wp-json\/wp\/v2\/pages\/930\/revisions"}],"predecessor-version":[{"id":56346,"href":"https:\/\/www.fila-groupe.ch\/de\/wp-json\/wp\/v2\/pages\/930\/revisions\/56346"}],"wp:attachment":[{"href":"https:\/\/www.fila-groupe.ch\/de\/wp-json\/wp\/v2\/media?parent=930"}],"curies":[{"name":"wp","href":"https:\/\/api.w.org\/{rel}","templated":true}]}}