{"id":197,"date":"2026-02-23T09:50:28","date_gmt":"2026-02-23T08:50:28","guid":{"rendered":"https:\/\/fila-groupe.ch\/?page_id=197"},"modified":"2026-04-23T12:20:23","modified_gmt":"2026-04-23T10:20:23","slug":"nlpd","status":"publish","type":"page","link":"https:\/\/www.fila-groupe.ch\/en\/nlpd\/","title":{"rendered":"Data protection Fila Group SA"},"content":{"rendered":"<div data-elementor-type=\"wp-page\" data-elementor-id=\"197\" class=\"elementor elementor-197\" data-elementor-post-type=\"page\">\n\t\t\t\t<div class=\"elementor-element elementor-element-0507d15 e-flex e-con-boxed e-con e-parent\" data-id=\"0507d15\" data-element_type=\"container\" data-e-type=\"container\">\n\t\t\t\t\t<div class=\"e-con-inner\">\n\t\t\t\t<div class=\"elementor-element elementor-element-de1ce1f elementor-widget elementor-widget-text-editor\" data-id=\"de1ce1f\" data-element_type=\"widget\" data-e-type=\"widget\" data-widget_type=\"text-editor.default\">\n\t\t\t\t\t\t\t\t\t<p>La r\u00e9glementation suisse relative \u00e0 la protection des donn\u00e9es \u00e0 caract\u00e8re personnel conna\u00eet une \u00e9volution majeure qui a donn\u00e9 lieu au R\u00e8glement G\u00e9n\u00e9ral \u00e0 la Nouvelle Loi sur la Protection des Donn\u00e9es \u00ab nLPD \u00bb du 1er septembre 2023.<\/p>\n<p>Notre soci\u00e9t\u00e9, soucieuse de respecter les r\u00e9glementations capables d\u2019am\u00e9liorer les relations avec nos clients europ\u00e9ens, c\u2019est mis en conformit\u00e9 et exprime dans cette pr\u00e9sente charte son attachement \u00e0 la qualit\u00e9 de service apport\u00e9e \u00e0 nos clients qu\u2019ils soient Particuliers ou Professionnels.<\/p>\n<p>Ce nouveau r\u00e8glement concernant les citoyens europ\u00e9ens, non Professionnel, et donc consid\u00e9r\u00e9s comme \u00ab Particulier \u00bb, renforce le contr\u00f4le, par le citoyen lui-m\u00eame, de l\u2019utilisation de ses donn\u00e9es. Le r\u00e8glement s\u2019applique \u00e0 tous les traitements de donn\u00e9es \u00e0 caract\u00e8res personnel, automatis\u00e9 ou non automatis\u00e9, que ces donn\u00e9es soient contenues ou amen\u00e9es \u00e0 figurer dans un fichier.<\/p>\n<h3>Qu\u2019est-ce qu\u2019une donn\u00e9e personnelle pour un particulier ?<\/h3>\n<p>Par d\u00e9finition, une donn\u00e9e personnelle est : \u00ab Toute information se rapportant \u00e0 une personne physique identifi\u00e9es directement (nom, pr\u00e9nom) ou indirectement (par un identifiant, ou num\u00e9ro de client, un num\u00e9ro de t\u00e9l\u00e9phone\u2026). L\u2019identification d\u2019une personne physique peut \u00eatre r\u00e9alis\u00e9e \u00e0 partir d\u2019une seule donn\u00e9e (Num\u00e9ro ABS, SS) ou \u00e0 partir de croisement d\u2019un ensemble de donn\u00e9es.<\/p>\n<h3>Que pouvons-nous collecter comme donn\u00e9es personnelles?<\/h3>\n<p>Nous ne collectons que les donn\u00e9es ad\u00e9quates et pertinentes, limit\u00e9es strictement \u00e0 la r\u00e9alisation de la prestation que vous commandez et , avec votre consentement, des donn\u00e9es relatives \u00e0 nos actions commerciales et de prospection.<\/p>\n<h3>Pourquoi avons-nous besoin de collecter et traiter vos donn\u00e9es personnelles ?<\/h3>\n<p>Vos donn\u00e9es personnelles sont collect\u00e9es et trait\u00e9es pour nous permettre de conclure, g\u00e9rer, modifier et ex\u00e9cuter la prestation que vous avez command\u00e9e et , avec votre consentement, vous informer des services et produits dont vous pouvez b\u00e9n\u00e9ficier chez Fila Groupe SA.<\/p>\n<h3>A qui sont transmises vos donn\u00e9es personnelles ?<\/h3>\n<p>Vos donn\u00e9es personnelles sont destin\u00e9es aux collaborateurs de Fila Groupe SA selon sa fonction et \u00e0 certain de nos sous-traitants. Tous les membres de notre personnel ont \u00e9t\u00e9 form\u00e9s et respectent le nLPD. Nos sous-traitants sont \u00e9galement en conformit\u00e9 avec les exigences du nLPD et ceci afin d\u2019assurer la bonne r\u00e9alisation de la prestation command\u00e9e. Aucune des informations collect\u00e9es n\u2019est c\u00e9d\u00e9e ou vendue \u00e0 un tiers non sous-traitant reconnu. Les donn\u00e9es sont h\u00e9berg\u00e9es exclusivement en Suisse et en Europe.<\/p>\n<h3>Pendant combien de temps conservons nous vos donn\u00e9es personnelles ?<\/h3>\n<p>Les donn\u00e9es personnelles collect\u00e9es et trait\u00e9es dans le cadre d\u2019une prestation command\u00e9es, d\u2019un contact commercial, d\u2019un suivi de vente sont conserv\u00e9es conform\u00e9ment aux d\u00e9lais l\u00e9gaux de prescription fix\u00e9s selon la nature du contrat et respectant les r\u00e8gles suisses soit 10 ans. Dans le cadre de la prospection commerciale, les donn\u00e9es personnelles sont conserv\u00e9es 2 ans \u00e0 compter de leur collecte ou du dernier contact avec la personne concern\u00e9e. Les donn\u00e9es sont ensuite anonymis\u00e9es afin de pr\u00e9server le socle des \u00e9tudes statistiques de la soci\u00e9t\u00e9.<\/p>\n<h3>Quelles sont les mesures de s\u00e9curit\u00e9 mises en \u0153uvre pour porter vos donn\u00e9es ?<\/h3>\n<p>Conform\u00e9ment \u00e0 la R\u00e9glementation G\u00e9n\u00e9rale sur la Protection des Donn\u00e9es Personnelles applicable, vous disposez de diff\u00e9rents droits, \u00e0 savoir :<\/p>\n<ul>\n<li>Droit d\u2019acc\u00e8s : vous pouvez obtenir des informations concernant le traitement de vos donn\u00e9es personnelles ainsi qu\u2019une copie de ces donn\u00e9es personnelles.<\/li>\n<li>Droit de rectification : si vous estimez que vos donn\u00e9es personnelles sont inexactes ou incompl\u00e8tes, vous pouvez exiger que ces donn\u00e9es personnelles soient modifi\u00e9es en cons\u00e9quence.<\/li>\n<li>Droit \u00e0 l\u2019effacement : vous pouvez exiger l\u2019effacement de vos donn\u00e9es personnelles dans la limite de ce qui est permis par la r\u00e9glementation.<\/li>\n<li>Droit \u00e0 la limitation du traitement : vous pouvez demander la limitation de traitement de vos donn\u00e9es personnelles.<\/li>\n<li>Droit d\u2019opposition : vous pouvez vous opposer au traitement de vos donn\u00e9es personnelles, pour des motifs li\u00e9s \u00e0 votre situation particuli\u00e8re. Vous disposez du droit absolu de vous opposer au traitement de vos donn\u00e9es personnelles \u00e0 des fins de prospection commerciale, y compris le profilage li\u00e9 \u00e0 cette prospection.<\/li>\n<li>Droit de d\u00e9finir des directives relatives \u00e0 la conservation, l\u2019effacement ou la communication de vos donn\u00e9es personnelles, applicables apr\u00e8s votre d\u00e9c\u00e8s.<\/li>\n<li>Droit de retirer votre consentement : si vous avez donn\u00e9 votre consentement au traitement de vos donn\u00e9es personnelles, vous avez le droit de retirer votre consentement \u00e0 tout moment.<\/li>\n<\/ul>\n<p>Vous pouvez exercer ces droits par courrier aupr\u00e8s de&nbsp;Fila Groupe SA \u2013 Ch . de Treycovagnes 7\/13, 1400 Yverdon-les-Bains ou par email \u00e0 info@fila-groupe.ch.<\/p>\n<h3>Quels sont les droits dont vous disposez ?<\/h3>\n<p>Par d\u00e9finition, une donn\u00e9e personnelle est : \u00ab Toute information se rapportant \u00e0 une personne physique identifi\u00e9es directement (nom, pr\u00e9nom) ou indirectement (par un identifiant, ou num\u00e9ro de client, un num\u00e9ro de t\u00e9l\u00e9phone\u2026). L\u2019identification d\u2019une personne physique peut \u00eatre r\u00e9alis\u00e9e \u00e0 partir d\u2019une seule donn\u00e9e (Num\u00e9ro ABS, SS) ou \u00e0 partir de croisement d\u2019un ensemble de donn\u00e9es.<\/p>\t\t\t\t\t\t\t\t<\/div>\n\t\t\t\t\t<\/div>\n\t\t\t\t<\/div>\n\t\t\t\t<\/div>","protected":false},"excerpt":{"rendered":"<p>La r\u00e9glementation suisse relative \u00e0 la protection des donn\u00e9es \u00e0 caract\u00e8re personnel conna\u00eet une \u00e9volution majeure qui a donn\u00e9 lieu au R\u00e8glement G\u00e9n\u00e9ral \u00e0 la Nouvelle Loi sur la Protection des Donn\u00e9es \u00ab nLPD \u00bb du 1er septembre 2023. Notre soci\u00e9t\u00e9, soucieuse de respecter les r\u00e9glementations capables d\u2019am\u00e9liorer les relations avec nos clients europ\u00e9ens, c\u2019est [&hellip;]<\/p>\n","protected":false},"author":1,"featured_media":0,"parent":0,"menu_order":0,"comment_status":"closed","ping_status":"closed","template":"","meta":{"footnotes":""},"class_list":["post-197","page","type-page","status-publish","hentry"],"yoast_head":"<!-- This site is optimized with the Yoast SEO plugin v27.4 - https:\/\/yoast.com\/product\/yoast-seo-wordpress\/ -->\n<title>Protection des donn\u00e9es Fila Groupe SA - Fila Groupe<\/title>\n<meta name=\"robots\" content=\"index, follow, max-snippet:-1, max-image-preview:large, max-video-preview:-1\" \/>\n<link rel=\"canonical\" href=\"https:\/\/www.fila-groupe.ch\/en\/nlpd\/\" \/>\n<meta property=\"og:locale\" content=\"en_GB\" \/>\n<meta property=\"og:type\" content=\"article\" \/>\n<meta property=\"og:title\" content=\"Protection des donn\u00e9es Fila Groupe SA - Fila Groupe\" \/>\n<meta property=\"og:description\" content=\"La r\u00e9glementation suisse relative \u00e0 la protection des donn\u00e9es \u00e0 caract\u00e8re personnel conna\u00eet une \u00e9volution majeure qui a donn\u00e9 lieu au R\u00e8glement G\u00e9n\u00e9ral \u00e0 la Nouvelle Loi sur la Protection des Donn\u00e9es \u00ab nLPD \u00bb du 1er septembre 2023. Notre soci\u00e9t\u00e9, soucieuse de respecter les r\u00e9glementations capables d\u2019am\u00e9liorer les relations avec nos clients europ\u00e9ens, c\u2019est [&hellip;]\" \/>\n<meta property=\"og:url\" content=\"https:\/\/www.fila-groupe.ch\/en\/nlpd\/\" \/>\n<meta property=\"og:site_name\" content=\"Fila Groupe\" \/>\n<meta property=\"article:modified_time\" content=\"2026-04-23T10:20:23+00:00\" \/>\n<meta name=\"twitter:card\" content=\"summary_large_image\" \/>\n<meta name=\"twitter:label1\" content=\"Estimated reading time\" \/>\n\t<meta name=\"twitter:data1\" content=\"4 minutes\" \/>\n<script type=\"application\/ld+json\" class=\"yoast-schema-graph\">{\"@context\":\"https:\\\/\\\/schema.org\",\"@graph\":[{\"@type\":\"WebPage\",\"@id\":\"https:\\\/\\\/www.fila-groupe.ch\\\/nlpd\\\/\",\"url\":\"https:\\\/\\\/www.fila-groupe.ch\\\/nlpd\\\/\",\"name\":\"Protection des donn\u00e9es Fila Groupe SA - Fila Groupe\",\"isPartOf\":{\"@id\":\"https:\\\/\\\/www.fila-groupe.ch\\\/#website\"},\"datePublished\":\"2026-02-23T08:50:28+00:00\",\"dateModified\":\"2026-04-23T10:20:23+00:00\",\"breadcrumb\":{\"@id\":\"https:\\\/\\\/www.fila-groupe.ch\\\/nlpd\\\/#breadcrumb\"},\"inLanguage\":\"en-GB\",\"potentialAction\":[{\"@type\":\"ReadAction\",\"target\":[\"https:\\\/\\\/www.fila-groupe.ch\\\/nlpd\\\/\"]}]},{\"@type\":\"BreadcrumbList\",\"@id\":\"https:\\\/\\\/www.fila-groupe.ch\\\/nlpd\\\/#breadcrumb\",\"itemListElement\":[{\"@type\":\"ListItem\",\"position\":1,\"name\":\"Accueil\",\"item\":\"https:\\\/\\\/www.fila-groupe.ch\\\/\"},{\"@type\":\"ListItem\",\"position\":2,\"name\":\"Protection des donn\u00e9es Fila Groupe SA\"}]},{\"@type\":\"WebSite\",\"@id\":\"https:\\\/\\\/www.fila-groupe.ch\\\/#website\",\"url\":\"https:\\\/\\\/www.fila-groupe.ch\\\/\",\"name\":\"Fila Groupe\",\"description\":\"\",\"publisher\":{\"@id\":\"https:\\\/\\\/www.fila-groupe.ch\\\/#organization\"},\"potentialAction\":[{\"@type\":\"SearchAction\",\"target\":{\"@type\":\"EntryPoint\",\"urlTemplate\":\"https:\\\/\\\/www.fila-groupe.ch\\\/?s={search_term_string}\"},\"query-input\":{\"@type\":\"PropertyValueSpecification\",\"valueRequired\":true,\"valueName\":\"search_term_string\"}}],\"inLanguage\":\"en-GB\"},{\"@type\":\"Organization\",\"@id\":\"https:\\\/\\\/www.fila-groupe.ch\\\/#organization\",\"name\":\"Fila Groupe\",\"url\":\"https:\\\/\\\/www.fila-groupe.ch\\\/\",\"logo\":{\"@type\":\"ImageObject\",\"inLanguage\":\"en-GB\",\"@id\":\"https:\\\/\\\/www.fila-groupe.ch\\\/#\\\/schema\\\/logo\\\/image\\\/\",\"url\":\"https:\\\/\\\/www.fila-groupe.ch\\\/wp-content\\\/uploads\\\/2026\\\/02\\\/Logo-Fila-Groupe.png\",\"contentUrl\":\"https:\\\/\\\/www.fila-groupe.ch\\\/wp-content\\\/uploads\\\/2026\\\/02\\\/Logo-Fila-Groupe.png\",\"width\":239,\"height\":53,\"caption\":\"Fila Groupe\"},\"image\":{\"@id\":\"https:\\\/\\\/www.fila-groupe.ch\\\/#\\\/schema\\\/logo\\\/image\\\/\"}}]}<\/script>\n<!-- \/ Yoast SEO plugin. -->","yoast_head_json":{"title":"Protection des donn\u00e9es Fila Groupe SA - Fila Groupe","robots":{"index":"index","follow":"follow","max-snippet":"max-snippet:-1","max-image-preview":"max-image-preview:large","max-video-preview":"max-video-preview:-1"},"canonical":"https:\/\/www.fila-groupe.ch\/en\/nlpd\/","og_locale":"en_GB","og_type":"article","og_title":"Protection des donn\u00e9es Fila Groupe SA - Fila Groupe","og_description":"La r\u00e9glementation suisse relative \u00e0 la protection des donn\u00e9es \u00e0 caract\u00e8re personnel conna\u00eet une \u00e9volution majeure qui a donn\u00e9 lieu au R\u00e8glement G\u00e9n\u00e9ral \u00e0 la Nouvelle Loi sur la Protection des Donn\u00e9es \u00ab nLPD \u00bb du 1er septembre 2023. Notre soci\u00e9t\u00e9, soucieuse de respecter les r\u00e9glementations capables d\u2019am\u00e9liorer les relations avec nos clients europ\u00e9ens, c\u2019est [&hellip;]","og_url":"https:\/\/www.fila-groupe.ch\/en\/nlpd\/","og_site_name":"Fila Groupe","article_modified_time":"2026-04-23T10:20:23+00:00","twitter_card":"summary_large_image","twitter_misc":{"Estimated reading time":"4 minutes"},"schema":{"@context":"https:\/\/schema.org","@graph":[{"@type":"WebPage","@id":"https:\/\/www.fila-groupe.ch\/nlpd\/","url":"https:\/\/www.fila-groupe.ch\/nlpd\/","name":"Protection des donn\u00e9es Fila Groupe SA - Fila Groupe","isPartOf":{"@id":"https:\/\/www.fila-groupe.ch\/#website"},"datePublished":"2026-02-23T08:50:28+00:00","dateModified":"2026-04-23T10:20:23+00:00","breadcrumb":{"@id":"https:\/\/www.fila-groupe.ch\/nlpd\/#breadcrumb"},"inLanguage":"en-GB","potentialAction":[{"@type":"ReadAction","target":["https:\/\/www.fila-groupe.ch\/nlpd\/"]}]},{"@type":"BreadcrumbList","@id":"https:\/\/www.fila-groupe.ch\/nlpd\/#breadcrumb","itemListElement":[{"@type":"ListItem","position":1,"name":"Accueil","item":"https:\/\/www.fila-groupe.ch\/"},{"@type":"ListItem","position":2,"name":"Protection des donn\u00e9es Fila Groupe SA"}]},{"@type":"WebSite","@id":"https:\/\/www.fila-groupe.ch\/#website","url":"https:\/\/www.fila-groupe.ch\/","name":"Fila Group","description":"","publisher":{"@id":"https:\/\/www.fila-groupe.ch\/#organization"},"potentialAction":[{"@type":"SearchAction","target":{"@type":"EntryPoint","urlTemplate":"https:\/\/www.fila-groupe.ch\/?s={search_term_string}"},"query-input":{"@type":"PropertyValueSpecification","valueRequired":true,"valueName":"search_term_string"}}],"inLanguage":"en-GB"},{"@type":"Organization","@id":"https:\/\/www.fila-groupe.ch\/#organization","name":"Fila Group","url":"https:\/\/www.fila-groupe.ch\/","logo":{"@type":"ImageObject","inLanguage":"en-GB","@id":"https:\/\/www.fila-groupe.ch\/#\/schema\/logo\/image\/","url":"https:\/\/www.fila-groupe.ch\/wp-content\/uploads\/2026\/02\/Logo-Fila-Groupe.png","contentUrl":"https:\/\/www.fila-groupe.ch\/wp-content\/uploads\/2026\/02\/Logo-Fila-Groupe.png","width":239,"height":53,"caption":"Fila Groupe"},"image":{"@id":"https:\/\/www.fila-groupe.ch\/#\/schema\/logo\/image\/"}}]}},"_links":{"self":[{"href":"https:\/\/www.fila-groupe.ch\/en\/wp-json\/wp\/v2\/pages\/197","targetHints":{"allow":["GET"]}}],"collection":[{"href":"https:\/\/www.fila-groupe.ch\/en\/wp-json\/wp\/v2\/pages"}],"about":[{"href":"https:\/\/www.fila-groupe.ch\/en\/wp-json\/wp\/v2\/types\/page"}],"author":[{"embeddable":true,"href":"https:\/\/www.fila-groupe.ch\/en\/wp-json\/wp\/v2\/users\/1"}],"replies":[{"embeddable":true,"href":"https:\/\/www.fila-groupe.ch\/en\/wp-json\/wp\/v2\/comments?post=197"}],"version-history":[{"count":4,"href":"https:\/\/www.fila-groupe.ch\/en\/wp-json\/wp\/v2\/pages\/197\/revisions"}],"predecessor-version":[{"id":1652,"href":"https:\/\/www.fila-groupe.ch\/en\/wp-json\/wp\/v2\/pages\/197\/revisions\/1652"}],"wp:attachment":[{"href":"https:\/\/www.fila-groupe.ch\/en\/wp-json\/wp\/v2\/media?parent=197"}],"curies":[{"name":"wp","href":"https:\/\/api.w.org\/{rel}","templated":true}]}}