{"id":384,"date":"2020-10-14T14:39:03","date_gmt":"2020-10-14T12:39:03","guid":{"rendered":"https:\/\/www.fila-groupe.ch\/?page_id=384"},"modified":"2022-10-27T08:31:56","modified_gmt":"2022-10-27T06:31:56","slug":"alfa-romeo","status":"publish","type":"page","link":"https:\/\/www.fila-groupe.ch\/en\/alfa-romeo\/","title":{"rendered":"Alfa Romeo"},"content":{"rendered":"<div class=\"header-img\"><img loading=\"lazy\" decoding=\"async\" class=\"alignnone wp-image-388\" src=\"https:\/\/www.fila-groupe.ch\/wp-content\/uploads\/2020\/10\/alfa-romeo.jpg\" alt=\"Alfa Romeo\" width=\"109\" height=\"109\" \/><\/p>\n<h2 class=\"h2-page\">Alfa Romeo, the exceptional Italian car since 1910<\/h2>\n<\/div>\n<div class=\"row flex-center-medium\">\n<div class=\"col-xs-12 col-md-6 mtop20 text-center\"><img loading=\"lazy\" decoding=\"async\" class=\"alignnone wp-image-385\" src=\"https:\/\/www.fila-groupe.ch\/wp-content\/uploads\/2020\/10\/alfa-romeo-bleu.jpg\" alt=\"\" width=\"727\" height=\"483\" \/><\/div>\n<div class=\"col-xs-12 col-md-6 mtop20\">\n<p>Between tradition and modernity, <strong>Alfa Romeo<\/strong> combines time-honoured heritage with technological innovation to create ever more unique models. The <strong>Giulia Quadrifoglio<\/strong> is proof of this passion, with its new AlfaLink\u2122 suspension system, its Torque Vectoring technology, or the DNA Pro selector. Alfa Romeo's technical team brings together technicians, designers and engineers to imagine and produce cars at the cutting edge of innovation. <strong>Alfa Romeo Garage<\/strong> in Yverdon and Bienne, FILA has a high level of expertise as a builder and will be able to offer you the right<strong>New Alfa Romeo<\/strong> or used car that will satisfy all your driving desires.<\/p>\n<\/div>\n<\/div>\n<div class=\"row flex-center-medium mtop20\">\n<div class=\"col-xs-12 col-md-12 mtop20\"><img loading=\"lazy\" decoding=\"async\" class=\"alignnone wp-image-386\" src=\"https:\/\/www.fila-groupe.ch\/wp-content\/uploads\/2020\/10\/voitures-alfa.jpg\" alt=\"\" width=\"1252\" height=\"419\" \/><\/div>\n<\/div>\n<div class=\"btn-actions\">\n<div class=\"bouton-cta version-2\"><a class=\"read-more\" style=\"outline: none;\" tabindex=\"0\" href=\"\/en\/category\/nos-offres\/offres-alfa-romeo\/\">See Alfa Romeo offers<\/a><\/div>\n<div class=\"bouton-cta version-2\"><a class=\"read-more\" style=\"outline: none;\" tabindex=\"0\" href=\"https:\/\/www.fila-groupe.ch\/en\/road-test\/\"><img decoding=\"async\" class=\"alignnone size-full wp-image-343\" style=\"margin-right: 5px;\" src=\"https:\/\/www.fila-groupe.ch\/wp-content\/uploads\/2020\/10\/volant-icon-fila-blanc.svg\" alt=\"steering wheel\" width=\"30\" \/>Request a trial<\/a><\/div>\n<\/div>","protected":false},"excerpt":{"rendered":"<p>Alfa Romeo, la voiture italienne d\u2019exception depuis 1910 Entre tradition et modernit\u00e9, Alfa Romeo allie h\u00e9ritage ancestral et innovations technologiques pour proposer des mod\u00e8les toujours plus uniques. La Giulia Quadrifoglio est une preuve de cette passion, avec son nouveau syst\u00e8me de suspension AlfaLink\u2122, sa technologie Torque Vectoring, ou encore le s\u00e9lecteur DNA Pro. L\u2019\u00e9quipe technique d\u2019Alfa Romeo r\u00e9unit techniciens, concepteurs et ing\u00e9nieurs pour imaginer et produire des voitures \u00e0 la pointe de l\u2019innovation. Garage Alfa Romeo \u00e0 Yverdon et \u00e0 Bienne, FILA b\u00e9n\u00e9ficie d\u2019une haute expertise du constructeur et sera en mesure de vous proposer l\u2019Alfa Romeo neuve ou d\u2019occasion qui r\u00e9pondra \u00e0 vos envies de sensations routi\u00e8res. Voir les offres Alfa Romeo Demander un essai<\/p>","protected":false},"author":2,"featured_media":0,"parent":0,"menu_order":0,"comment_status":"closed","ping_status":"closed","template":"","meta":{"inline_featured_image":false,"footnotes":""},"class_list":["post-384","page","type-page","status-publish","format-standard","hentry"],"yoast_head":"<!-- This site is optimized with the Yoast SEO plugin v24.2 - https:\/\/yoast.com\/wordpress\/plugins\/seo\/ -->\n<title>Alfa Romeo, une marque distribu\u00e9e par FILA<\/title>\n<meta name=\"description\" content=\"Avec un garage \u00e0 Yverdon et un \u00e0 Bienne, FILA, c\u2019est la r\u00e9f\u00e9rence suisse de l\u2019auto. Alfa Romeo fait partie de ses domaines d\u2019expertise.\" \/>\n<meta name=\"robots\" content=\"index, follow, max-snippet:-1, max-image-preview:large, max-video-preview:-1\" \/>\n<link rel=\"canonical\" href=\"https:\/\/www.fila-groupe.ch\/en\/alfa-romeo\/\" \/>\n<meta property=\"og:locale\" content=\"en_GB\" \/>\n<meta property=\"og:type\" content=\"article\" \/>\n<meta property=\"og:title\" content=\"Alfa Romeo, une marque distribu\u00e9e par FILA\" \/>\n<meta property=\"og:description\" content=\"Avec un garage \u00e0 Yverdon et un \u00e0 Bienne, FILA, c\u2019est la r\u00e9f\u00e9rence suisse de l\u2019auto. Alfa Romeo fait partie de ses domaines d\u2019expertise.\" \/>\n<meta property=\"og:url\" content=\"https:\/\/www.fila-groupe.ch\/en\/alfa-romeo\/\" \/>\n<meta property=\"article:modified_time\" content=\"2022-10-27T06:31:56+00:00\" \/>\n<meta property=\"og:image\" content=\"https:\/\/www.fila-groupe.ch\/wp-content\/uploads\/2020\/10\/alfa-romeo.jpg\" \/>\n<meta name=\"twitter:card\" content=\"summary_large_image\" \/>\n<meta name=\"twitter:label1\" content=\"Estimated reading time\" \/>\n\t<meta name=\"twitter:data1\" content=\"1 minute\" \/>\n<script type=\"application\/ld+json\" class=\"yoast-schema-graph\">{\"@context\":\"https:\/\/schema.org\",\"@graph\":[{\"@type\":\"WebPage\",\"@id\":\"https:\/\/www.fila-groupe.ch\/alfa-romeo\/\",\"url\":\"https:\/\/www.fila-groupe.ch\/alfa-romeo\/\",\"name\":\"Alfa Romeo, une marque distribu\u00e9e par FILA\",\"isPartOf\":{\"@id\":\"https:\/\/www.fila-groupe.ch\/en\/#website\"},\"primaryImageOfPage\":{\"@id\":\"https:\/\/www.fila-groupe.ch\/alfa-romeo\/#primaryimage\"},\"image\":{\"@id\":\"https:\/\/www.fila-groupe.ch\/alfa-romeo\/#primaryimage\"},\"thumbnailUrl\":\"https:\/\/www.fila-groupe.ch\/wp-content\/uploads\/2020\/10\/alfa-romeo.jpg\",\"datePublished\":\"2020-10-14T12:39:03+00:00\",\"dateModified\":\"2022-10-27T06:31:56+00:00\",\"description\":\"Avec un garage \u00e0 Yverdon et un \u00e0 Bienne, FILA, c\u2019est la r\u00e9f\u00e9rence suisse de l\u2019auto. Alfa Romeo fait partie de ses domaines d\u2019expertise.\",\"breadcrumb\":{\"@id\":\"https:\/\/www.fila-groupe.ch\/alfa-romeo\/#breadcrumb\"},\"inLanguage\":\"en-GB\",\"potentialAction\":[{\"@type\":\"ReadAction\",\"target\":[\"https:\/\/www.fila-groupe.ch\/alfa-romeo\/\"]}]},{\"@type\":\"ImageObject\",\"inLanguage\":\"en-GB\",\"@id\":\"https:\/\/www.fila-groupe.ch\/alfa-romeo\/#primaryimage\",\"url\":\"https:\/\/www.fila-groupe.ch\/wp-content\/uploads\/2020\/10\/alfa-romeo.jpg\",\"contentUrl\":\"https:\/\/www.fila-groupe.ch\/wp-content\/uploads\/2020\/10\/alfa-romeo.jpg\"},{\"@type\":\"BreadcrumbList\",\"@id\":\"https:\/\/www.fila-groupe.ch\/alfa-romeo\/#breadcrumb\",\"itemListElement\":[{\"@type\":\"ListItem\",\"position\":1,\"name\":\"Accueil\",\"item\":\"https:\/\/www.fila-groupe.ch\/\"},{\"@type\":\"ListItem\",\"position\":2,\"name\":\"Alfa Romeo\"}]},{\"@type\":\"WebSite\",\"@id\":\"https:\/\/www.fila-groupe.ch\/en\/#website\",\"url\":\"https:\/\/www.fila-groupe.ch\/en\/\",\"name\":\"\",\"description\":\"\",\"potentialAction\":[{\"@type\":\"SearchAction\",\"target\":{\"@type\":\"EntryPoint\",\"urlTemplate\":\"https:\/\/www.fila-groupe.ch\/en\/?s={search_term_string}\"},\"query-input\":{\"@type\":\"PropertyValueSpecification\",\"valueRequired\":true,\"valueName\":\"search_term_string\"}}],\"inLanguage\":\"en-GB\"}]}<\/script>\n<!-- \/ Yoast SEO plugin. -->","yoast_head_json":{"title":"Alfa Romeo, une marque distribu\u00e9e par FILA","description":"Avec un garage \u00e0 Yverdon et un \u00e0 Bienne, FILA, c\u2019est la r\u00e9f\u00e9rence suisse de l\u2019auto. Alfa Romeo fait partie de ses domaines d\u2019expertise.","robots":{"index":"index","follow":"follow","max-snippet":"max-snippet:-1","max-image-preview":"max-image-preview:large","max-video-preview":"max-video-preview:-1"},"canonical":"https:\/\/www.fila-groupe.ch\/en\/alfa-romeo\/","og_locale":"en_GB","og_type":"article","og_title":"Alfa Romeo, une marque distribu\u00e9e par FILA","og_description":"Avec un garage \u00e0 Yverdon et un \u00e0 Bienne, FILA, c\u2019est la r\u00e9f\u00e9rence suisse de l\u2019auto. Alfa Romeo fait partie de ses domaines d\u2019expertise.","og_url":"https:\/\/www.fila-groupe.ch\/en\/alfa-romeo\/","article_modified_time":"2022-10-27T06:31:56+00:00","og_image":[{"url":"https:\/\/www.fila-groupe.ch\/wp-content\/uploads\/2020\/10\/alfa-romeo.jpg","type":"","width":"","height":""}],"twitter_card":"summary_large_image","twitter_misc":{"Estimated reading time":"1 minute"},"schema":{"@context":"https:\/\/schema.org","@graph":[{"@type":"WebPage","@id":"https:\/\/www.fila-groupe.ch\/alfa-romeo\/","url":"https:\/\/www.fila-groupe.ch\/alfa-romeo\/","name":"Alfa Romeo, une marque distribu\u00e9e par FILA","isPartOf":{"@id":"https:\/\/www.fila-groupe.ch\/en\/#website"},"primaryImageOfPage":{"@id":"https:\/\/www.fila-groupe.ch\/alfa-romeo\/#primaryimage"},"image":{"@id":"https:\/\/www.fila-groupe.ch\/alfa-romeo\/#primaryimage"},"thumbnailUrl":"https:\/\/www.fila-groupe.ch\/wp-content\/uploads\/2020\/10\/alfa-romeo.jpg","datePublished":"2020-10-14T12:39:03+00:00","dateModified":"2022-10-27T06:31:56+00:00","description":"Avec un garage \u00e0 Yverdon et un \u00e0 Bienne, FILA, c\u2019est la r\u00e9f\u00e9rence suisse de l\u2019auto. Alfa Romeo fait partie de ses domaines d\u2019expertise.","breadcrumb":{"@id":"https:\/\/www.fila-groupe.ch\/alfa-romeo\/#breadcrumb"},"inLanguage":"en-GB","potentialAction":[{"@type":"ReadAction","target":["https:\/\/www.fila-groupe.ch\/alfa-romeo\/"]}]},{"@type":"ImageObject","inLanguage":"en-GB","@id":"https:\/\/www.fila-groupe.ch\/alfa-romeo\/#primaryimage","url":"https:\/\/www.fila-groupe.ch\/wp-content\/uploads\/2020\/10\/alfa-romeo.jpg","contentUrl":"https:\/\/www.fila-groupe.ch\/wp-content\/uploads\/2020\/10\/alfa-romeo.jpg"},{"@type":"BreadcrumbList","@id":"https:\/\/www.fila-groupe.ch\/alfa-romeo\/#breadcrumb","itemListElement":[{"@type":"ListItem","position":1,"name":"Accueil","item":"https:\/\/www.fila-groupe.ch\/"},{"@type":"ListItem","position":2,"name":"Alfa Romeo"}]},{"@type":"WebSite","@id":"https:\/\/www.fila-groupe.ch\/en\/#website","url":"https:\/\/www.fila-groupe.ch\/en\/","name":"","description":"","potentialAction":[{"@type":"SearchAction","target":{"@type":"EntryPoint","urlTemplate":"https:\/\/www.fila-groupe.ch\/en\/?s={search_term_string}"},"query-input":{"@type":"PropertyValueSpecification","valueRequired":true,"valueName":"search_term_string"}}],"inLanguage":"en-GB"}]}},"_links":{"self":[{"href":"https:\/\/www.fila-groupe.ch\/en\/wp-json\/wp\/v2\/pages\/384"}],"collection":[{"href":"https:\/\/www.fila-groupe.ch\/en\/wp-json\/wp\/v2\/pages"}],"about":[{"href":"https:\/\/www.fila-groupe.ch\/en\/wp-json\/wp\/v2\/types\/page"}],"author":[{"embeddable":true,"href":"https:\/\/www.fila-groupe.ch\/en\/wp-json\/wp\/v2\/users\/2"}],"replies":[{"embeddable":true,"href":"https:\/\/www.fila-groupe.ch\/en\/wp-json\/wp\/v2\/comments?post=384"}],"version-history":[{"count":2,"href":"https:\/\/www.fila-groupe.ch\/en\/wp-json\/wp\/v2\/pages\/384\/revisions"}],"predecessor-version":[{"id":92714,"href":"https:\/\/www.fila-groupe.ch\/en\/wp-json\/wp\/v2\/pages\/384\/revisions\/92714"}],"wp:attachment":[{"href":"https:\/\/www.fila-groupe.ch\/en\/wp-json\/wp\/v2\/media?parent=384"}],"curies":[{"name":"wp","href":"https:\/\/api.w.org\/{rel}","templated":true}]}}