{"id":921,"date":"2020-10-19T10:51:06","date_gmt":"2020-10-19T08:51:06","guid":{"rendered":"https:\/\/www.fila-groupe.ch\/?page_id=921"},"modified":"2020-11-03T14:28:57","modified_gmt":"2020-11-03T13:28:57","slug":"mitsubishi","status":"publish","type":"page","link":"https:\/\/www.fila-groupe.ch\/en\/mitsubishi\/","title":{"rendered":"Mitsubishi"},"content":{"rendered":"<div class=\"header-img\">\n<p><img loading=\"lazy\" decoding=\"async\" class=\"alignnone size-full wp-image-925\" src=\"https:\/\/www.fila-groupe.ch\/wp-content\/uploads\/2020\/10\/logo-mitsubishi.png\" alt=\"\" width=\"74\" height=\"80\" \/><\/p>\n<h2 class=\"h2-page\">Mitsubishi, at the forefront of innovation since 1917<\/h2>\n<\/div>\n<div class=\"row flex-center-medium\">\n<div class=\"col-xs-12 col-md-6 mtop20 text-center\"><img loading=\"lazy\" decoding=\"async\" class=\"alignnone wp-image-924\" src=\"https:\/\/www.fila-groupe.ch\/wp-content\/uploads\/2020\/10\/mitsubishi-truck.jpg\" alt=\"\" width=\"785\" height=\"522\" \/><\/div>\n<div class=\"col-xs-12 col-md-6 mtop20\">\n<p>The Japanese manufacturer is already over 100 years old, but <strong>Mitsubishi<\/strong> is constantly reinventing itself. Visit <strong>4\u00d74 Mitsubishi<\/strong> are equipped with AWC (All Wheel Control), guaranteeing unfailing roadholding. Always ready to go the extra mile for driving comfort and performance, <strong>Mitsubishi<\/strong> is also developing the 1st 100% electric car in 2010: the<strong>i-MiEV<\/strong>. The brand's vehicles are equipped with many other innovations, such as the ClearTec system and the range of <strong>Mitsubishi PHEV<\/strong>. To find out more about all these innovative concepts and discover their practical features, visit one of our <strong>Mitsubishi garages<\/strong> in Yverdon and Bienne!<\/p>\n<\/div>\n<\/div>\n<div class=\"row flex-center-medium mtop20\">\n<div class=\"col-xs-12 col-md-12 mtop20\"><img loading=\"lazy\" decoding=\"async\" class=\"alignnone wp-image-923\" src=\"https:\/\/www.fila-groupe.ch\/wp-content\/uploads\/2020\/10\/voitures-Mitsubishi.jpg\" alt=\"\" width=\"1258\" height=\"421\" \/><\/div>\n<\/div>\n<div class=\"btn-actions\">\n<div class=\"bouton-cta version-2\"><a class=\"read-more\" style=\"outline: none;\" tabindex=\"0\" href=\"\/en\/category\/nos-offres\/offres-mitsubishi\/\">See Mitsubishi offers<\/a><\/div>\n<div class=\"bouton-cta version-2\"><a class=\"read-more\" style=\"outline: none;\" tabindex=\"0\" href=\"https:\/\/www.fila-groupe.ch\/en\/road-test\/\"><img decoding=\"async\" class=\"alignnone size-full wp-image-343\" style=\"margin-right: 5px;\" src=\"\/wp-content\/uploads\/2020\/10\/volant-icon-fila-blanc.svg\" alt=\"steering wheel\" width=\"30\" \/>Request a trial<\/a><\/div>\n<\/div>\n<p>&nbsp;<\/p>","protected":false},"excerpt":{"rendered":"<p>Mitsubishi, at the forefront of innovation since 1917 The Japanese manufacturer is already over 100 years old, but Mitsubishi never stops reinventing itself. Mitsubishi 4\u00d74s are equipped with AWC (All Wheel Control), which guarantees unfailing roadholding. Always ready to go further in terms of driving comfort and performance, Mitsubishi is also developing the 1st 100% electric car in 2010: the i-MiEV. Numerous other innovations have been added to the brand's vehicles, including the ClearTec system and the Mitsubishi PHEV range. To find out more about all these innovative concepts and discover their practical features, visit one of our Mitsubishi garages in Yverdon and Bienne! See Mitsubishi offers Request a test drive &nbsp;<\/p>","protected":false},"author":2,"featured_media":0,"parent":0,"menu_order":0,"comment_status":"closed","ping_status":"closed","template":"","meta":{"inline_featured_image":false,"footnotes":""},"class_list":["post-921","page","type-page","status-publish","format-standard","hentry"],"yoast_head":"<!-- This site is optimized with the Yoast SEO plugin v24.2 - https:\/\/yoast.com\/wordpress\/plugins\/seo\/ -->\n<title>FILA pr\u00e9sentes les v\u00e9hicules Mitsubishi Motors<\/title>\n<meta name=\"description\" content=\"La marque Mitsubishi est \u00e0 retrouver chez FILA. Votre garage Mitsubishi vous propose de nombreux mod\u00e8les neufs et d\u2019occasion.\" \/>\n<meta name=\"robots\" content=\"index, follow, max-snippet:-1, max-image-preview:large, max-video-preview:-1\" \/>\n<link rel=\"canonical\" href=\"https:\/\/www.fila-groupe.ch\/en\/mitsubishi\/\" \/>\n<meta property=\"og:locale\" content=\"en_GB\" \/>\n<meta property=\"og:type\" content=\"article\" \/>\n<meta property=\"og:title\" content=\"FILA pr\u00e9sentes les v\u00e9hicules Mitsubishi Motors\" \/>\n<meta property=\"og:description\" content=\"La marque Mitsubishi est \u00e0 retrouver chez FILA. Votre garage Mitsubishi vous propose de nombreux mod\u00e8les neufs et d\u2019occasion.\" \/>\n<meta property=\"og:url\" content=\"https:\/\/www.fila-groupe.ch\/en\/mitsubishi\/\" \/>\n<meta property=\"article:modified_time\" content=\"2020-11-03T13:28:57+00:00\" \/>\n<meta property=\"og:image\" content=\"https:\/\/www.fila-groupe.ch\/wp-content\/uploads\/2020\/10\/logo-mitsubishi.png\" \/>\n<meta name=\"twitter:card\" content=\"summary_large_image\" \/>\n<meta name=\"twitter:label1\" content=\"Estimated reading time\" \/>\n\t<meta name=\"twitter:data1\" content=\"1 minute\" \/>\n<script type=\"application\/ld+json\" class=\"yoast-schema-graph\">{\"@context\":\"https:\/\/schema.org\",\"@graph\":[{\"@type\":\"WebPage\",\"@id\":\"https:\/\/www.fila-groupe.ch\/mitsubishi\/\",\"url\":\"https:\/\/www.fila-groupe.ch\/mitsubishi\/\",\"name\":\"FILA pr\u00e9sentes les v\u00e9hicules Mitsubishi Motors\",\"isPartOf\":{\"@id\":\"https:\/\/www.fila-groupe.ch\/en\/#website\"},\"primaryImageOfPage\":{\"@id\":\"https:\/\/www.fila-groupe.ch\/mitsubishi\/#primaryimage\"},\"image\":{\"@id\":\"https:\/\/www.fila-groupe.ch\/mitsubishi\/#primaryimage\"},\"thumbnailUrl\":\"https:\/\/www.fila-groupe.ch\/wp-content\/uploads\/2020\/10\/logo-mitsubishi.png\",\"datePublished\":\"2020-10-19T08:51:06+00:00\",\"dateModified\":\"2020-11-03T13:28:57+00:00\",\"description\":\"La marque Mitsubishi est \u00e0 retrouver chez FILA. Votre garage Mitsubishi vous propose de nombreux mod\u00e8les neufs et d\u2019occasion.\",\"breadcrumb\":{\"@id\":\"https:\/\/www.fila-groupe.ch\/mitsubishi\/#breadcrumb\"},\"inLanguage\":\"en-GB\",\"potentialAction\":[{\"@type\":\"ReadAction\",\"target\":[\"https:\/\/www.fila-groupe.ch\/mitsubishi\/\"]}]},{\"@type\":\"ImageObject\",\"inLanguage\":\"en-GB\",\"@id\":\"https:\/\/www.fila-groupe.ch\/mitsubishi\/#primaryimage\",\"url\":\"https:\/\/www.fila-groupe.ch\/wp-content\/uploads\/2020\/10\/logo-mitsubishi.png\",\"contentUrl\":\"https:\/\/www.fila-groupe.ch\/wp-content\/uploads\/2020\/10\/logo-mitsubishi.png\"},{\"@type\":\"BreadcrumbList\",\"@id\":\"https:\/\/www.fila-groupe.ch\/mitsubishi\/#breadcrumb\",\"itemListElement\":[{\"@type\":\"ListItem\",\"position\":1,\"name\":\"Accueil\",\"item\":\"https:\/\/www.fila-groupe.ch\/\"},{\"@type\":\"ListItem\",\"position\":2,\"name\":\"Mitsubishi\"}]},{\"@type\":\"WebSite\",\"@id\":\"https:\/\/www.fila-groupe.ch\/en\/#website\",\"url\":\"https:\/\/www.fila-groupe.ch\/en\/\",\"name\":\"\",\"description\":\"\",\"potentialAction\":[{\"@type\":\"SearchAction\",\"target\":{\"@type\":\"EntryPoint\",\"urlTemplate\":\"https:\/\/www.fila-groupe.ch\/en\/?s={search_term_string}\"},\"query-input\":{\"@type\":\"PropertyValueSpecification\",\"valueRequired\":true,\"valueName\":\"search_term_string\"}}],\"inLanguage\":\"en-GB\"}]}<\/script>\n<!-- \/ Yoast SEO plugin. -->","yoast_head_json":{"title":"FILA pr\u00e9sentes les v\u00e9hicules Mitsubishi Motors","description":"La marque Mitsubishi est \u00e0 retrouver chez FILA. Votre garage Mitsubishi vous propose de nombreux mod\u00e8les neufs et d\u2019occasion.","robots":{"index":"index","follow":"follow","max-snippet":"max-snippet:-1","max-image-preview":"max-image-preview:large","max-video-preview":"max-video-preview:-1"},"canonical":"https:\/\/www.fila-groupe.ch\/en\/mitsubishi\/","og_locale":"en_GB","og_type":"article","og_title":"FILA pr\u00e9sentes les v\u00e9hicules Mitsubishi Motors","og_description":"La marque Mitsubishi est \u00e0 retrouver chez FILA. Votre garage Mitsubishi vous propose de nombreux mod\u00e8les neufs et d\u2019occasion.","og_url":"https:\/\/www.fila-groupe.ch\/en\/mitsubishi\/","article_modified_time":"2020-11-03T13:28:57+00:00","og_image":[{"url":"https:\/\/www.fila-groupe.ch\/wp-content\/uploads\/2020\/10\/logo-mitsubishi.png","type":"","width":"","height":""}],"twitter_card":"summary_large_image","twitter_misc":{"Estimated reading time":"1 minute"},"schema":{"@context":"https:\/\/schema.org","@graph":[{"@type":"WebPage","@id":"https:\/\/www.fila-groupe.ch\/mitsubishi\/","url":"https:\/\/www.fila-groupe.ch\/mitsubishi\/","name":"FILA pr\u00e9sentes les v\u00e9hicules Mitsubishi Motors","isPartOf":{"@id":"https:\/\/www.fila-groupe.ch\/en\/#website"},"primaryImageOfPage":{"@id":"https:\/\/www.fila-groupe.ch\/mitsubishi\/#primaryimage"},"image":{"@id":"https:\/\/www.fila-groupe.ch\/mitsubishi\/#primaryimage"},"thumbnailUrl":"https:\/\/www.fila-groupe.ch\/wp-content\/uploads\/2020\/10\/logo-mitsubishi.png","datePublished":"2020-10-19T08:51:06+00:00","dateModified":"2020-11-03T13:28:57+00:00","description":"La marque Mitsubishi est \u00e0 retrouver chez FILA. Votre garage Mitsubishi vous propose de nombreux mod\u00e8les neufs et d\u2019occasion.","breadcrumb":{"@id":"https:\/\/www.fila-groupe.ch\/mitsubishi\/#breadcrumb"},"inLanguage":"en-GB","potentialAction":[{"@type":"ReadAction","target":["https:\/\/www.fila-groupe.ch\/mitsubishi\/"]}]},{"@type":"ImageObject","inLanguage":"en-GB","@id":"https:\/\/www.fila-groupe.ch\/mitsubishi\/#primaryimage","url":"https:\/\/www.fila-groupe.ch\/wp-content\/uploads\/2020\/10\/logo-mitsubishi.png","contentUrl":"https:\/\/www.fila-groupe.ch\/wp-content\/uploads\/2020\/10\/logo-mitsubishi.png"},{"@type":"BreadcrumbList","@id":"https:\/\/www.fila-groupe.ch\/mitsubishi\/#breadcrumb","itemListElement":[{"@type":"ListItem","position":1,"name":"Accueil","item":"https:\/\/www.fila-groupe.ch\/"},{"@type":"ListItem","position":2,"name":"Mitsubishi"}]},{"@type":"WebSite","@id":"https:\/\/www.fila-groupe.ch\/en\/#website","url":"https:\/\/www.fila-groupe.ch\/en\/","name":"","description":"","potentialAction":[{"@type":"SearchAction","target":{"@type":"EntryPoint","urlTemplate":"https:\/\/www.fila-groupe.ch\/en\/?s={search_term_string}"},"query-input":{"@type":"PropertyValueSpecification","valueRequired":true,"valueName":"search_term_string"}}],"inLanguage":"en-GB"}]}},"_links":{"self":[{"href":"https:\/\/www.fila-groupe.ch\/en\/wp-json\/wp\/v2\/pages\/921"}],"collection":[{"href":"https:\/\/www.fila-groupe.ch\/en\/wp-json\/wp\/v2\/pages"}],"about":[{"href":"https:\/\/www.fila-groupe.ch\/en\/wp-json\/wp\/v2\/types\/page"}],"author":[{"embeddable":true,"href":"https:\/\/www.fila-groupe.ch\/en\/wp-json\/wp\/v2\/users\/2"}],"replies":[{"embeddable":true,"href":"https:\/\/www.fila-groupe.ch\/en\/wp-json\/wp\/v2\/comments?post=921"}],"version-history":[{"count":0,"href":"https:\/\/www.fila-groupe.ch\/en\/wp-json\/wp\/v2\/pages\/921\/revisions"}],"wp:attachment":[{"href":"https:\/\/www.fila-groupe.ch\/en\/wp-json\/wp\/v2\/media?parent=921"}],"curies":[{"name":"wp","href":"https:\/\/api.w.org\/{rel}","templated":true}]}}