{"id":214,"date":"2020-10-12T13:47:23","date_gmt":"2020-10-12T11:47:23","guid":{"rendered":"https:\/\/www.fila-groupe.ch\/?page_id=214"},"modified":"2021-04-14T15:07:15","modified_gmt":"2021-04-14T13:07:15","slug":"essai-sur-route","status":"publish","type":"page","link":"https:\/\/www.fila-groupe.ch\/es\/prueba-en-carretera\/","title":{"rendered":"La gama FILA"},"content":{"rendered":"<div class=\"header-icon relative-l\">\n<img decoding=\"async\" class=\"alignnone wp-image-428 border-r\" src=\"https:\/\/www.fila-groupe.ch\/wp-content\/uploads\/2020\/10\/volant-icon-fila-1.svg\" alt=\"volante\" width=\"100\" \/><\/p>\n<h2 class=\"h2-page\">Ponte al volante de tu futuro veh\u00edculo<\/h2>\n<\/div>\n<p>Acompa\u00f1ado por uno de nuestros asesores, podr\u00e1 conducir el modelo que elija.<br \/>\nPara reservar su prueba de conducci\u00f3n, rellene el siguiente formulario. Nuestro equipo se pondr\u00e1 en contacto contigo lo antes posible para concertar una cita.<\/p>\n<div class=\"cf7sg-container cf7sg-not-grid\">\n<div id=\"cf7sg-form-reserver-un-essai\" class=\"key_reserver-un-essai\">\n<div class=\"wpcf7 no-js\" id=\"wpcf7-f265-o1\" lang=\"fr-FR\" dir=\"ltr\">\n<div class=\"screen-reader-response\">\n<p role=\"status\" aria-live=\"polite\" aria-atomic=\"true\">\n<ul><\/ul>\n<\/div>\n<form action=\"\/es\/wp-json\/wp\/v2\/pages\/214#wpcf7-f265-o1\" method=\"post\" class=\"wpcf7-form init\" id=\"essai\" aria-label=\"Formulario de contacto\" novalidate=\"novalidate\" data-status=\"init\" data-trp-original-action=\"\/es\/wp-json\/wp\/v2\/pages\/214#wpcf7-f265-o1\">\n<div style=\"display: none;\">\n<input type=\"hidden\" name=\"_wpcf7\" value=\"265\" \/><br \/>\n<input type=\"hidden\" name=\"_wpcf7_version\" value=\"5.9.8\" \/><br \/>\n<input type=\"hidden\" name=\"_wpcf7_locale\" value=\"fr_FR\" \/><br \/>\n<input type=\"hidden\" name=\"_wpcf7_unit_tag\" value=\"wpcf7-f265-o1\" \/><br \/>\n<input type=\"hidden\" name=\"_wpcf7_container_post\" value=\"0\" \/><br \/>\n<input type=\"hidden\" name=\"_wpcf7_posted_data_hash\" value=\"\" \/><br \/>\n<input type=\"hidden\" name=\"_wpcf7cf_hidden_group_fields\" value=\"[]\" \/><br \/>\n<input type=\"hidden\" name=\"_wpcf7cf_hidden_groups\" value=\"[]\" \/><br \/>\n<input type=\"hidden\" name=\"_wpcf7cf_visible_groups\" value=\"[]\" \/><br \/>\n<input type=\"hidden\" name=\"_wpcf7cf_repeaters\" value=\"[]\" \/><br \/>\n<input type=\"hidden\" name=\"_wpcf7cf_steps\" value=\"{}\" \/><br \/>\n<input type=\"hidden\" name=\"_wpcf7cf_options\" value=\"{&quot;form_id&quot;:265,&quot;conditions&quot;:[{&quot;and_rules&quot;:[{&quot;if_field&quot;:&quot;&quot;,&quot;operator&quot;:&quot;equals&quot;,&quot;if_value&quot;:&quot;Bienne&quot;}]},{&quot;and_rules&quot;:[{&quot;if_field&quot;:&quot;&quot;,&quot;operator&quot;:&quot;equals&quot;,&quot;if_value&quot;:&quot;Yverdon-les-bains&quot;}]}],&quot;settings&quot;:{&quot;animation&quot;:&quot;no&quot;,&quot;animation_intime&quot;:&quot;200&quot;,&quot;animation_outtime&quot;:&quot;200&quot;,&quot;conditions_ui&quot;:&quot;normal&quot;,&quot;notice_dismissed&quot;:&quot;&quot;}}\" \/><br \/>\n<input type=\"hidden\" name=\"_wpcf7dtx_version\" value=\"4.5.1\" \/><br \/>\n<input type=\"hidden\" name=\"_wpcf7_key\" value=\"reserver-un-essai\" \/><br \/>\n<input type=\"hidden\" name=\"_cf7sg_toggles\" value=\"\" \/><br \/>\n<input type=\"hidden\" name=\"_cf7sg_version\" value=\"4.15.8\" \/><br \/>\n<input type=\"hidden\" name=\"_wpnonce\" value=\"7ec482309b\" \/><br \/>\n<input type=\"hidden\" name=\"_wpcf7_recaptcha_response\" value=\"\" \/>\n<\/div>\n<p><span id=\"wpcf7-69e254dce4495-wrapper\" class=\"wpcf7-form-control-wrap honeypot-211-wrap\" style=\"display:none !important; visibility:hidden !important;\"><input type=\"hidden\" name=\"honeypot-211-time-start\" value=\"1776440540\"><input type=\"hidden\" name=\"honeypot-211-time-check\" value=\"4\"><label for=\"wpcf7-69e254dce4495-field\" class=\"hp-message\">Deje este campo en blanco.<\/label><input id=\"wpcf7-69e254dce4495-field\"  class=\"wpcf7-form-control wpcf7-text\" type=\"text\" name=\"honeypot-211\" value=\"\" size=\"40\" tabindex=\"-1\" autocomplete=\"new-password\" \/><\/span>\n<\/p>\n<h3 style=\"margin-top: 0px!important;text-transform: uppercase;text-align: left\">Me gustar\u00eda concertar una cita para una prueba:<br \/>\n<\/h3>\n<p>Seleccione una marca\n<\/p>\n<p><span class=\"wpcf7-form-control-wrap marque\"><select name=\"marque\" id=\"wpcf7-marquesel\" class=\"wpcf7-form-control wpcf7-select wpcf7-validates-as-required\"><option value=\"abarth\" >ABARTH<\/option><option value=\"alfa-romeo\" >ALFA ROMEO<\/option><option value=\"fiat\" >FIAT<\/option><option value=\"jeep\" >JEEP<\/option><option value=\"mitsubishi\" >MITSUBISHI<\/option><option value=\"toyota\" >TOYOTA<\/option><\/select><\/span>\n<\/p>\n<p>Seleccione un garaje\n<\/p>\n<p><span class=\"wpcf7-form-control-wrap\" data-name=\"garage\"><select class=\"wpcf7-form-control wpcf7-select wpcf7-validates-as-required\" aria-required=\"true\" aria-invalid=\"false\" name=\"garage\"><option value=\"\">-Seleccione una opci\u00f3n-<\/option><option value=\"Garage Fila Yverdon\">Garaje Fila Yverdon<\/option><option value=\"Garage Fila-Littoral\">Garaje Fila-Littoral<\/option><option value=\"Garage Fila-Style\">Garaje Fila-Style<\/option><option value=\"Garage du Nord Favaro SA\">Garaje del Norte Favaro SA<\/option><option value=\"Garage Eric Bussy\">Garaje Eric Bussy<\/option><option value=\"Garage Cossonay Automobiles\">Garaje Cossonay Automobiles<\/option><option value=\"Garage du Passage S\u00e0rl\">Garage du Passage S\u00e0rl<\/option><option value=\"Garage Proietti SA\">Garaje Proietti SA<\/option><option value=\"Garage Baechler &amp; Fils SA\">Garaje Baechler &amp; Fils SA<\/option><option value=\"Garage Gavillet SA\">Garaje Gavillet SA<\/option><option value=\"Garage Schwaller SA\">Garaje Schwaller SA<\/option><\/select><\/span>\n<\/p>\n<p>Nombre\n<\/p>\n<p><span class=\"wpcf7-form-control-wrap\" data-name=\"nom\"><input size=\"40\" maxlength=\"400\" class=\"wpcf7-form-control wpcf7-text wpcf7-validates-as-required\" aria-required=\"true\" aria-invalid=\"false\" placeholder=\"Su nombre\" value=\"\" type=\"text\" name=\"nom\" \/><\/span>\n<\/p>\n<p>Nombre\n<\/p>\n<p><span class=\"wpcf7-form-control-wrap\" data-name=\"prenom\"><input size=\"40\" maxlength=\"400\" class=\"wpcf7-form-control wpcf7-text wpcf7-validates-as-required\" aria-required=\"true\" aria-invalid=\"false\" placeholder=\"Su nombre\" value=\"\" type=\"text\" name=\"prenom\" \/><\/span>\n<\/p>\n<p>N\u00famero de tel\u00e9fono\n<\/p>\n<p><span class=\"wpcf7-form-control-wrap\" data-name=\"telephone\"><input size=\"40\" maxlength=\"400\" class=\"wpcf7-form-control wpcf7-text wpcf7-validates-as-required\" aria-required=\"true\" aria-invalid=\"false\" placeholder=\"Su n\u00famero\" value=\"\" type=\"text\" name=\"telephone\" \/><\/span>\n<\/p>\n<p>Direcci\u00f3n de correo electr\u00f3nico\n<\/p>\n<p><span class=\"wpcf7-form-control-wrap\" data-name=\"email\"><input size=\"40\" maxlength=\"400\" class=\"wpcf7-form-control wpcf7-email wpcf7-validates-as-required wpcf7-text wpcf7-validates-as-email\" aria-required=\"true\" aria-invalid=\"false\" placeholder=\"Tu e-mail\" value=\"\" type=\"email\" name=\"email\" \/><\/span>\n<\/p>\n<p>Mensaje (*)\n<\/p>\n<p><span class=\"wpcf7-form-control-wrap\" data-name=\"message\"><textarea cols=\"40\" rows=\"10\" maxlength=\"2000\" class=\"wpcf7-form-control wpcf7-textarea wpcf7-validates-as-required\" aria-required=\"true\" aria-invalid=\"false\" placeholder=\"Su mensaje\" name=\"message\"><\/textarea><\/span>\n<\/p>\n<p><span class=\"mandatory-field\">*Campos obligatorios<\/span>\n<\/p>\n<p><span class=\"wpcf7-form-control-wrap\" data-name=\"charte\"><span class=\"wpcf7-form-control wpcf7-acceptance\"><span class=\"wpcf7-list-item\"><label><input type=\"checkbox\" name=\"charte\" value=\"1\" aria-invalid=\"false\" \/><span class=\"wpcf7-list-item-label\">Al marcar esta casilla, confirmo que he le\u00eddo el <a href=\"https:\/\/www.fila-groupe.ch\/es\/fila-proteccion-de-datos\/\" target=\"_blank\">Fila Protecci\u00f3n de datos<\/a><\/span><\/label><\/span><\/span><\/span>\n<\/p>\n<p><input class=\"wpcf7-form-control wpcf7-submit has-spinner\" type=\"submit\" value=\"Enviar mi solicitud\" \/>\n<\/p>\n<p><input type='hidden' class='wpcf7-pum' value='{\"closepopup\":false,\"closedelay\":0,\"openpopup\":false,\"openpopup_id\":0}' \/><\/p>\n<div class=\"wpcf7-response-output\" aria-hidden=\"true\"><\/div>\n<input type=\"hidden\" name=\"trp-form-language\" value=\"es\"\/><\/form>\n<\/div>\n<\/div>\n<\/div>","protected":false},"excerpt":{"rendered":"<p>Ponte al volante de tu futuro veh\u00edculo Acompa\u00f1ado por uno de nuestros asesores, podr\u00e1s conducir el modelo que elijas. Para reservar tu prueba de conducci\u00f3n, rellena el siguiente formulario. Nuestro equipo se pondr\u00e1 en contacto contigo lo antes posible para concertar una cita.<\/p>","protected":false},"author":2,"featured_media":0,"parent":0,"menu_order":0,"comment_status":"closed","ping_status":"closed","template":"","meta":{"inline_featured_image":false,"footnotes":""},"class_list":["post-214","page","type-page","status-publish","format-standard","hentry"],"yoast_head":"<!-- This site is optimized with the Yoast SEO plugin v24.2 - https:\/\/yoast.com\/wordpress\/plugins\/seo\/ -->\n<title>Demandez votre essai du v\u00e9hicule de votre choix<\/title>\n<meta name=\"description\" content=\"Accompagn\u00e9 d\u2019un de nos conseillers vous pourrez conduire le mod\u00e8le de votre choix. Pour r\u00e9server votre essai, remplissez le formulaire.\" \/>\n<meta name=\"robots\" content=\"index, follow, max-snippet:-1, max-image-preview:large, max-video-preview:-1\" \/>\n<link rel=\"canonical\" href=\"https:\/\/www.fila-groupe.ch\/es\/teste-de-estrada\/\" \/>\n<meta property=\"og:locale\" content=\"es_ES\" \/>\n<meta property=\"og:type\" content=\"article\" \/>\n<meta property=\"og:title\" content=\"Demandez votre essai du v\u00e9hicule de votre choix\" \/>\n<meta property=\"og:description\" content=\"Accompagn\u00e9 d\u2019un de nos conseillers vous pourrez conduire le mod\u00e8le de votre choix. Pour r\u00e9server votre essai, remplissez le formulaire.\" \/>\n<meta property=\"og:url\" content=\"https:\/\/www.fila-groupe.ch\/es\/teste-de-estrada\/\" \/>\n<meta property=\"article:modified_time\" content=\"2021-04-14T13:07:15+00:00\" \/>\n<meta property=\"og:image\" content=\"https:\/\/www.fila-groupe.ch\/wp-content\/uploads\/2020\/10\/volant-icon-fila-1.svg\" \/>\n<meta name=\"twitter:card\" content=\"summary_large_image\" \/>\n<script type=\"application\/ld+json\" class=\"yoast-schema-graph\">{\"@context\":\"https:\/\/schema.org\",\"@graph\":[{\"@type\":\"WebPage\",\"@id\":\"https:\/\/www.fila-groupe.ch\/pt\/teste-de-estrada\/\",\"url\":\"https:\/\/www.fila-groupe.ch\/pt\/teste-de-estrada\/\",\"name\":\"Demandez votre essai du v\u00e9hicule de votre choix\",\"isPartOf\":{\"@id\":\"https:\/\/www.fila-groupe.ch\/en\/#website\"},\"primaryImageOfPage\":{\"@id\":\"https:\/\/www.fila-groupe.ch\/pt\/teste-de-estrada\/#primaryimage\"},\"image\":{\"@id\":\"https:\/\/www.fila-groupe.ch\/pt\/teste-de-estrada\/#primaryimage\"},\"thumbnailUrl\":\"https:\/\/www.fila-groupe.ch\/wp-content\/uploads\/2020\/10\/volant-icon-fila-1.svg\",\"datePublished\":\"2020-10-12T11:47:23+00:00\",\"dateModified\":\"2021-04-14T13:07:15+00:00\",\"description\":\"Accompagn\u00e9 d\u2019un de nos conseillers vous pourrez conduire le mod\u00e8le de votre choix. Pour r\u00e9server votre essai, remplissez le formulaire.\",\"breadcrumb\":{\"@id\":\"https:\/\/www.fila-groupe.ch\/pt\/teste-de-estrada\/#breadcrumb\"},\"inLanguage\":\"es\",\"potentialAction\":[{\"@type\":\"ReadAction\",\"target\":[\"https:\/\/www.fila-groupe.ch\/pt\/teste-de-estrada\/\"]}]},{\"@type\":\"ImageObject\",\"inLanguage\":\"es\",\"@id\":\"https:\/\/www.fila-groupe.ch\/pt\/teste-de-estrada\/#primaryimage\",\"url\":\"https:\/\/www.fila-groupe.ch\/wp-content\/uploads\/2020\/10\/volant-icon-fila-1.svg\",\"contentUrl\":\"https:\/\/www.fila-groupe.ch\/wp-content\/uploads\/2020\/10\/volant-icon-fila-1.svg\"},{\"@type\":\"BreadcrumbList\",\"@id\":\"https:\/\/www.fila-groupe.ch\/pt\/teste-de-estrada\/#breadcrumb\",\"itemListElement\":[{\"@type\":\"ListItem\",\"position\":1,\"name\":\"Accueil\",\"item\":\"https:\/\/www.fila-groupe.ch\/\"},{\"@type\":\"ListItem\",\"position\":2,\"name\":\"La gamme FILA\"}]},{\"@type\":\"WebSite\",\"@id\":\"https:\/\/www.fila-groupe.ch\/en\/#website\",\"url\":\"https:\/\/www.fila-groupe.ch\/en\/\",\"name\":\"\",\"description\":\"\",\"potentialAction\":[{\"@type\":\"SearchAction\",\"target\":{\"@type\":\"EntryPoint\",\"urlTemplate\":\"https:\/\/www.fila-groupe.ch\/en\/?s={search_term_string}\"},\"query-input\":{\"@type\":\"PropertyValueSpecification\",\"valueRequired\":true,\"valueName\":\"search_term_string\"}}],\"inLanguage\":\"es\"}]}<\/script>\n<!-- \/ Yoast SEO plugin. -->","yoast_head_json":{"title":"Demandez votre essai du v\u00e9hicule de votre choix","description":"Accompagn\u00e9 d\u2019un de nos conseillers vous pourrez conduire le mod\u00e8le de votre choix. Pour r\u00e9server votre essai, remplissez le formulaire.","robots":{"index":"index","follow":"follow","max-snippet":"max-snippet:-1","max-image-preview":"max-image-preview:large","max-video-preview":"max-video-preview:-1"},"canonical":"https:\/\/www.fila-groupe.ch\/es\/teste-de-estrada\/","og_locale":"es_ES","og_type":"article","og_title":"Demandez votre essai du v\u00e9hicule de votre choix","og_description":"Accompagn\u00e9 d\u2019un de nos conseillers vous pourrez conduire le mod\u00e8le de votre choix. Pour r\u00e9server votre essai, remplissez le formulaire.","og_url":"https:\/\/www.fila-groupe.ch\/es\/teste-de-estrada\/","article_modified_time":"2021-04-14T13:07:15+00:00","og_image":[{"url":"https:\/\/www.fila-groupe.ch\/wp-content\/uploads\/2020\/10\/volant-icon-fila-1.svg","type":"","width":"","height":""}],"twitter_card":"summary_large_image","schema":{"@context":"https:\/\/schema.org","@graph":[{"@type":"WebPage","@id":"https:\/\/www.fila-groupe.ch\/pt\/teste-de-estrada\/","url":"https:\/\/www.fila-groupe.ch\/pt\/teste-de-estrada\/","name":"Demandez votre essai du v\u00e9hicule de votre choix","isPartOf":{"@id":"https:\/\/www.fila-groupe.ch\/en\/#website"},"primaryImageOfPage":{"@id":"https:\/\/www.fila-groupe.ch\/pt\/teste-de-estrada\/#primaryimage"},"image":{"@id":"https:\/\/www.fila-groupe.ch\/pt\/teste-de-estrada\/#primaryimage"},"thumbnailUrl":"https:\/\/www.fila-groupe.ch\/wp-content\/uploads\/2020\/10\/volant-icon-fila-1.svg","datePublished":"2020-10-12T11:47:23+00:00","dateModified":"2021-04-14T13:07:15+00:00","description":"Accompagn\u00e9 d\u2019un de nos conseillers vous pourrez conduire le mod\u00e8le de votre choix. Pour r\u00e9server votre essai, remplissez le formulaire.","breadcrumb":{"@id":"https:\/\/www.fila-groupe.ch\/pt\/teste-de-estrada\/#breadcrumb"},"inLanguage":"es","potentialAction":[{"@type":"ReadAction","target":["https:\/\/www.fila-groupe.ch\/pt\/teste-de-estrada\/"]}]},{"@type":"ImageObject","inLanguage":"es","@id":"https:\/\/www.fila-groupe.ch\/pt\/teste-de-estrada\/#primaryimage","url":"https:\/\/www.fila-groupe.ch\/wp-content\/uploads\/2020\/10\/volant-icon-fila-1.svg","contentUrl":"https:\/\/www.fila-groupe.ch\/wp-content\/uploads\/2020\/10\/volant-icon-fila-1.svg"},{"@type":"BreadcrumbList","@id":"https:\/\/www.fila-groupe.ch\/pt\/teste-de-estrada\/#breadcrumb","itemListElement":[{"@type":"ListItem","position":1,"name":"Accueil","item":"https:\/\/www.fila-groupe.ch\/"},{"@type":"ListItem","position":2,"name":"La gamme FILA"}]},{"@type":"WebSite","@id":"https:\/\/www.fila-groupe.ch\/en\/#website","url":"https:\/\/www.fila-groupe.ch\/en\/","name":"","description":"","potentialAction":[{"@type":"SearchAction","target":{"@type":"EntryPoint","urlTemplate":"https:\/\/www.fila-groupe.ch\/en\/?s={search_term_string}"},"query-input":{"@type":"PropertyValueSpecification","valueRequired":true,"valueName":"search_term_string"}}],"inLanguage":"es"}]}},"_links":{"self":[{"href":"https:\/\/www.fila-groupe.ch\/es\/wp-json\/wp\/v2\/pages\/214"}],"collection":[{"href":"https:\/\/www.fila-groupe.ch\/es\/wp-json\/wp\/v2\/pages"}],"about":[{"href":"https:\/\/www.fila-groupe.ch\/es\/wp-json\/wp\/v2\/types\/page"}],"author":[{"embeddable":true,"href":"https:\/\/www.fila-groupe.ch\/es\/wp-json\/wp\/v2\/users\/2"}],"replies":[{"embeddable":true,"href":"https:\/\/www.fila-groupe.ch\/es\/wp-json\/wp\/v2\/comments?post=214"}],"version-history":[{"count":1,"href":"https:\/\/www.fila-groupe.ch\/es\/wp-json\/wp\/v2\/pages\/214\/revisions"}],"predecessor-version":[{"id":68206,"href":"https:\/\/www.fila-groupe.ch\/es\/wp-json\/wp\/v2\/pages\/214\/revisions\/68206"}],"wp:attachment":[{"href":"https:\/\/www.fila-groupe.ch\/es\/wp-json\/wp\/v2\/media?parent=214"}],"curies":[{"name":"wp","href":"https:\/\/api.w.org\/{rel}","templated":true}]}}