{"id":384,"date":"2020-10-14T14:39:03","date_gmt":"2020-10-14T12:39:03","guid":{"rendered":"https:\/\/www.fila-groupe.ch\/?page_id=384"},"modified":"2022-10-27T08:31:56","modified_gmt":"2022-10-27T06:31:56","slug":"alfa-romeo","status":"publish","type":"page","link":"https:\/\/www.fila-groupe.ch\/es\/alfa-romeo\/","title":{"rendered":"Alfa Romeo"},"content":{"rendered":"<div class=\"header-img\"><img loading=\"lazy\" decoding=\"async\" class=\"alignnone wp-image-388\" src=\"https:\/\/www.fila-groupe.ch\/wp-content\/uploads\/2020\/10\/alfa-romeo.jpg\" alt=\"Alfa Romeo\" width=\"109\" height=\"109\" \/><\/p>\n<h2 class=\"h2-page\">Alfa Romeo, el excepcional autom\u00f3vil italiano desde 1910<\/h2>\n<\/div>\n<div class=\"row flex-center-medium\">\n<div class=\"col-xs-12 col-md-6 mtop20 text-center\"><img loading=\"lazy\" decoding=\"async\" class=\"alignnone wp-image-385\" src=\"https:\/\/www.fila-groupe.ch\/wp-content\/uploads\/2020\/10\/alfa-romeo-bleu.jpg\" alt=\"\" width=\"727\" height=\"483\" \/><\/div>\n<div class=\"col-xs-12 col-md-6 mtop20\">\n<p>Entre tradici\u00f3n y modernidad, <strong>Alfa Romeo<\/strong> combina la tradici\u00f3n con la innovaci\u00f3n tecnol\u00f3gica para crear modelos cada vez m\u00e1s exclusivos. El sitio <strong>Giulia Quadrifoglio<\/strong> es una prueba de esta pasi\u00f3n, con su nuevo sistema de suspensi\u00f3n AlfaLink\u2122, su tecnolog\u00eda Torque Vectoring o el selector DNA Pro. El equipo t\u00e9cnico de Alfa Romeo re\u00fane a t\u00e9cnicos, dise\u00f1adores e ingenieros para imaginar y producir autom\u00f3viles a la vanguardia de la innovaci\u00f3n. <strong>Taller Alfa Romeo<\/strong> en Yverdon y Bienne, FILA cuenta con un alto nivel de experiencia como constructor y podr\u00e1 ofrecerle la<strong>Nuevo Alfa Romeo<\/strong> o de segunda mano que sea justo lo que est\u00e1s buscando.<\/p>\n<\/div>\n<\/div>\n<div class=\"row flex-center-medium mtop20\">\n<div class=\"col-xs-12 col-md-12 mtop20\"><img loading=\"lazy\" decoding=\"async\" class=\"alignnone wp-image-386\" src=\"https:\/\/www.fila-groupe.ch\/wp-content\/uploads\/2020\/10\/voitures-alfa.jpg\" alt=\"\" width=\"1252\" height=\"419\" \/><\/div>\n<\/div>\n<div class=\"btn-actions\">\n<div class=\"bouton-cta version-2\"><a class=\"read-more\" style=\"outline: none;\" tabindex=\"0\" href=\"\/es\/category\/nos-offres\/offres-alfa-romeo\/\">Ver ofertas Alfa Romeo<\/a><\/div>\n<div class=\"bouton-cta version-2\"><a class=\"read-more\" style=\"outline: none;\" tabindex=\"0\" href=\"https:\/\/www.fila-groupe.ch\/es\/prueba-en-carretera\/\"><img decoding=\"async\" class=\"alignnone size-full wp-image-343\" style=\"margin-right: 5px;\" src=\"https:\/\/www.fila-groupe.ch\/wp-content\/uploads\/2020\/10\/volant-icon-fila-blanc.svg\" alt=\"volante\" width=\"30\" \/>Solicitar una prueba<\/a><\/div>\n<\/div>","protected":false},"excerpt":{"rendered":"<p>Alfa Romeo, el excepcional autom\u00f3vil italiano desde 1910 Entre tradici\u00f3n y modernidad, Alfa Romeo combina la herencia ancestral y la innovaci\u00f3n tecnol\u00f3gica para ofrecer modelos cada vez m\u00e1s \u00fanicos. El Giulia Quadrifoglio es una prueba de esta pasi\u00f3n, con su nuevo sistema de suspensi\u00f3n AlfaLink\u2122, su tecnolog\u00eda Torque Vectoring o el selector DNA Pro. El equipo t\u00e9cnico de Alfa Romeo re\u00fane a t\u00e9cnicos, dise\u00f1adores e ingenieros para imaginar y producir autom\u00f3viles a la vanguardia de la innovaci\u00f3n. Como taller Alfa Romeo en Yverdon y Bienne, FILA se beneficia de la amplia experiencia del fabricante y podr\u00e1 ofrecerle el Alfa Romeo nuevo o de ocasi\u00f3n que satisfaga su deseo de sensaciones al volante. Ver las ofertas Alfa Romeo Solicitar una prueba de conducci\u00f3n<\/p>","protected":false},"author":2,"featured_media":0,"parent":0,"menu_order":0,"comment_status":"closed","ping_status":"closed","template":"","meta":{"inline_featured_image":false,"footnotes":""},"class_list":["post-384","page","type-page","status-publish","format-standard","hentry"],"yoast_head":"<!-- This site is optimized with the Yoast SEO plugin v24.2 - https:\/\/yoast.com\/wordpress\/plugins\/seo\/ -->\n<title>Alfa Romeo, une marque distribu\u00e9e par FILA<\/title>\n<meta name=\"description\" content=\"Avec un garage \u00e0 Yverdon et un \u00e0 Bienne, FILA, c\u2019est la r\u00e9f\u00e9rence suisse de l\u2019auto. Alfa Romeo fait partie de ses domaines d\u2019expertise.\" \/>\n<meta name=\"robots\" content=\"index, follow, max-snippet:-1, max-image-preview:large, max-video-preview:-1\" \/>\n<link rel=\"canonical\" href=\"https:\/\/www.fila-groupe.ch\/es\/alfa-romeo\/\" \/>\n<meta property=\"og:locale\" content=\"es_ES\" \/>\n<meta property=\"og:type\" content=\"article\" \/>\n<meta property=\"og:title\" content=\"Alfa Romeo, une marque distribu\u00e9e par FILA\" \/>\n<meta property=\"og:description\" content=\"Avec un garage \u00e0 Yverdon et un \u00e0 Bienne, FILA, c\u2019est la r\u00e9f\u00e9rence suisse de l\u2019auto. Alfa Romeo fait partie de ses domaines d\u2019expertise.\" \/>\n<meta property=\"og:url\" content=\"https:\/\/www.fila-groupe.ch\/es\/alfa-romeo\/\" \/>\n<meta property=\"article:modified_time\" content=\"2022-10-27T06:31:56+00:00\" \/>\n<meta property=\"og:image\" content=\"https:\/\/www.fila-groupe.ch\/wp-content\/uploads\/2020\/10\/alfa-romeo.jpg\" \/>\n<meta name=\"twitter:card\" content=\"summary_large_image\" \/>\n<meta name=\"twitter:label1\" content=\"Tiempo de lectura\" \/>\n\t<meta name=\"twitter:data1\" content=\"1 minuto\" \/>\n<script type=\"application\/ld+json\" class=\"yoast-schema-graph\">{\"@context\":\"https:\/\/schema.org\",\"@graph\":[{\"@type\":\"WebPage\",\"@id\":\"https:\/\/www.fila-groupe.ch\/alfa-romeo\/\",\"url\":\"https:\/\/www.fila-groupe.ch\/alfa-romeo\/\",\"name\":\"Alfa Romeo, une marque distribu\u00e9e par FILA\",\"isPartOf\":{\"@id\":\"https:\/\/www.fila-groupe.ch\/en\/#website\"},\"primaryImageOfPage\":{\"@id\":\"https:\/\/www.fila-groupe.ch\/alfa-romeo\/#primaryimage\"},\"image\":{\"@id\":\"https:\/\/www.fila-groupe.ch\/alfa-romeo\/#primaryimage\"},\"thumbnailUrl\":\"https:\/\/www.fila-groupe.ch\/wp-content\/uploads\/2020\/10\/alfa-romeo.jpg\",\"datePublished\":\"2020-10-14T12:39:03+00:00\",\"dateModified\":\"2022-10-27T06:31:56+00:00\",\"description\":\"Avec un garage \u00e0 Yverdon et un \u00e0 Bienne, FILA, c\u2019est la r\u00e9f\u00e9rence suisse de l\u2019auto. Alfa Romeo fait partie de ses domaines d\u2019expertise.\",\"breadcrumb\":{\"@id\":\"https:\/\/www.fila-groupe.ch\/alfa-romeo\/#breadcrumb\"},\"inLanguage\":\"es\",\"potentialAction\":[{\"@type\":\"ReadAction\",\"target\":[\"https:\/\/www.fila-groupe.ch\/alfa-romeo\/\"]}]},{\"@type\":\"ImageObject\",\"inLanguage\":\"es\",\"@id\":\"https:\/\/www.fila-groupe.ch\/alfa-romeo\/#primaryimage\",\"url\":\"https:\/\/www.fila-groupe.ch\/wp-content\/uploads\/2020\/10\/alfa-romeo.jpg\",\"contentUrl\":\"https:\/\/www.fila-groupe.ch\/wp-content\/uploads\/2020\/10\/alfa-romeo.jpg\"},{\"@type\":\"BreadcrumbList\",\"@id\":\"https:\/\/www.fila-groupe.ch\/alfa-romeo\/#breadcrumb\",\"itemListElement\":[{\"@type\":\"ListItem\",\"position\":1,\"name\":\"Accueil\",\"item\":\"https:\/\/www.fila-groupe.ch\/\"},{\"@type\":\"ListItem\",\"position\":2,\"name\":\"Alfa Romeo\"}]},{\"@type\":\"WebSite\",\"@id\":\"https:\/\/www.fila-groupe.ch\/en\/#website\",\"url\":\"https:\/\/www.fila-groupe.ch\/en\/\",\"name\":\"\",\"description\":\"\",\"potentialAction\":[{\"@type\":\"SearchAction\",\"target\":{\"@type\":\"EntryPoint\",\"urlTemplate\":\"https:\/\/www.fila-groupe.ch\/en\/?s={search_term_string}\"},\"query-input\":{\"@type\":\"PropertyValueSpecification\",\"valueRequired\":true,\"valueName\":\"search_term_string\"}}],\"inLanguage\":\"es\"}]}<\/script>\n<!-- \/ Yoast SEO plugin. -->","yoast_head_json":{"title":"Alfa Romeo, une marque distribu\u00e9e par FILA","description":"Avec un garage \u00e0 Yverdon et un \u00e0 Bienne, FILA, c\u2019est la r\u00e9f\u00e9rence suisse de l\u2019auto. Alfa Romeo fait partie de ses domaines d\u2019expertise.","robots":{"index":"index","follow":"follow","max-snippet":"max-snippet:-1","max-image-preview":"max-image-preview:large","max-video-preview":"max-video-preview:-1"},"canonical":"https:\/\/www.fila-groupe.ch\/es\/alfa-romeo\/","og_locale":"es_ES","og_type":"article","og_title":"Alfa Romeo, une marque distribu\u00e9e par FILA","og_description":"Avec un garage \u00e0 Yverdon et un \u00e0 Bienne, FILA, c\u2019est la r\u00e9f\u00e9rence suisse de l\u2019auto. Alfa Romeo fait partie de ses domaines d\u2019expertise.","og_url":"https:\/\/www.fila-groupe.ch\/es\/alfa-romeo\/","article_modified_time":"2022-10-27T06:31:56+00:00","og_image":[{"url":"https:\/\/www.fila-groupe.ch\/wp-content\/uploads\/2020\/10\/alfa-romeo.jpg","type":"","width":"","height":""}],"twitter_card":"summary_large_image","twitter_misc":{"Tiempo de lectura":"1 minuto"},"schema":{"@context":"https:\/\/schema.org","@graph":[{"@type":"WebPage","@id":"https:\/\/www.fila-groupe.ch\/alfa-romeo\/","url":"https:\/\/www.fila-groupe.ch\/alfa-romeo\/","name":"Alfa Romeo, une marque distribu\u00e9e par FILA","isPartOf":{"@id":"https:\/\/www.fila-groupe.ch\/en\/#website"},"primaryImageOfPage":{"@id":"https:\/\/www.fila-groupe.ch\/alfa-romeo\/#primaryimage"},"image":{"@id":"https:\/\/www.fila-groupe.ch\/alfa-romeo\/#primaryimage"},"thumbnailUrl":"https:\/\/www.fila-groupe.ch\/wp-content\/uploads\/2020\/10\/alfa-romeo.jpg","datePublished":"2020-10-14T12:39:03+00:00","dateModified":"2022-10-27T06:31:56+00:00","description":"Avec un garage \u00e0 Yverdon et un \u00e0 Bienne, FILA, c\u2019est la r\u00e9f\u00e9rence suisse de l\u2019auto. Alfa Romeo fait partie de ses domaines d\u2019expertise.","breadcrumb":{"@id":"https:\/\/www.fila-groupe.ch\/alfa-romeo\/#breadcrumb"},"inLanguage":"es","potentialAction":[{"@type":"ReadAction","target":["https:\/\/www.fila-groupe.ch\/alfa-romeo\/"]}]},{"@type":"ImageObject","inLanguage":"es","@id":"https:\/\/www.fila-groupe.ch\/alfa-romeo\/#primaryimage","url":"https:\/\/www.fila-groupe.ch\/wp-content\/uploads\/2020\/10\/alfa-romeo.jpg","contentUrl":"https:\/\/www.fila-groupe.ch\/wp-content\/uploads\/2020\/10\/alfa-romeo.jpg"},{"@type":"BreadcrumbList","@id":"https:\/\/www.fila-groupe.ch\/alfa-romeo\/#breadcrumb","itemListElement":[{"@type":"ListItem","position":1,"name":"Accueil","item":"https:\/\/www.fila-groupe.ch\/"},{"@type":"ListItem","position":2,"name":"Alfa Romeo"}]},{"@type":"WebSite","@id":"https:\/\/www.fila-groupe.ch\/en\/#website","url":"https:\/\/www.fila-groupe.ch\/en\/","name":"","description":"","potentialAction":[{"@type":"SearchAction","target":{"@type":"EntryPoint","urlTemplate":"https:\/\/www.fila-groupe.ch\/en\/?s={search_term_string}"},"query-input":{"@type":"PropertyValueSpecification","valueRequired":true,"valueName":"search_term_string"}}],"inLanguage":"es"}]}},"_links":{"self":[{"href":"https:\/\/www.fila-groupe.ch\/es\/wp-json\/wp\/v2\/pages\/384"}],"collection":[{"href":"https:\/\/www.fila-groupe.ch\/es\/wp-json\/wp\/v2\/pages"}],"about":[{"href":"https:\/\/www.fila-groupe.ch\/es\/wp-json\/wp\/v2\/types\/page"}],"author":[{"embeddable":true,"href":"https:\/\/www.fila-groupe.ch\/es\/wp-json\/wp\/v2\/users\/2"}],"replies":[{"embeddable":true,"href":"https:\/\/www.fila-groupe.ch\/es\/wp-json\/wp\/v2\/comments?post=384"}],"version-history":[{"count":2,"href":"https:\/\/www.fila-groupe.ch\/es\/wp-json\/wp\/v2\/pages\/384\/revisions"}],"predecessor-version":[{"id":92714,"href":"https:\/\/www.fila-groupe.ch\/es\/wp-json\/wp\/v2\/pages\/384\/revisions\/92714"}],"wp:attachment":[{"href":"https:\/\/www.fila-groupe.ch\/es\/wp-json\/wp\/v2\/media?parent=384"}],"curies":[{"name":"wp","href":"https:\/\/api.w.org\/{rel}","templated":true}]}}