{"id":6362,"date":"2020-11-30T12:11:08","date_gmt":"2020-11-30T11:11:08","guid":{"rendered":"https:\/\/www.fila-groupe.ch\/?page_id=6362"},"modified":"2022-11-02T07:34:00","modified_gmt":"2022-11-02T06:34:00","slug":"nouvelle-toyota-gr-yaris-test-drive","status":"publish","type":"page","link":"https:\/\/www.fila-groupe.ch\/es\/nuevo-toyota-gr-yaris-prueba-de-conduccion\/","title":{"rendered":"Prueba del nuevo Toyota GR Yaris"},"content":{"rendered":"<div class=\"row\">\n<div class=\"col-xs-12 p-0 mb-3\">\n<h1 class=\"mb-2\">Prueba del nuevo Toyota GR Yaris<\/h1>\n<h2 class=\"mt-0 mb-3\">FORMADO POR PISTAS DE RALLY<\/h2>\n<p><img loading=\"lazy\" decoding=\"async\" src=\"https:\/\/www.fila-groupe.ch\/wp-content\/uploads\/2020\/11\/nouvelle-toyota-gr-yaris-test-drive.jpg\" alt=\"\" width=\"1170\" height=\"416\" class=\"alignnone size-full wp-image-6365\" srcset=\"https:\/\/www.fila-groupe.ch\/wp-content\/uploads\/2020\/11\/nouvelle-toyota-gr-yaris-test-drive.jpg 1170w, https:\/\/www.fila-groupe.ch\/wp-content\/uploads\/2020\/11\/nouvelle-toyota-gr-yaris-test-drive-300x107.jpg 300w, https:\/\/www.fila-groupe.ch\/wp-content\/uploads\/2020\/11\/nouvelle-toyota-gr-yaris-test-drive-1024x364.jpg 1024w, https:\/\/www.fila-groupe.ch\/wp-content\/uploads\/2020\/11\/nouvelle-toyota-gr-yaris-test-drive-768x273.jpg 768w\" sizes=\"(max-width: 1170px) 100vw, 1170px\" \/><\/p>\n<h2>LIGERO Y AERODIN\u00c1MICO<\/h2>\n<\/p><\/div>\n<\/div>\n<div class=\"row flex-center-medium mobile-reverse\">\n<div class=\"col-xs-12 col-md-6 mtop20 p-20 text-justify\">\nUn motor de 1,6 litros que produce 261 CV, una relaci\u00f3n peso\/potencia de s\u00f3lo 4,9 kg\/CV y un tiempo de 0 a 100 km\/h de 5,5 segundos. Por si fuera poco, el nuevo sistema de tracci\u00f3n total GR-FOUR pone toda esa potencia al servicio del suelo: en lo m\u00e1s alto de la gama Yaris se sit\u00faa un veh\u00edculo de altas prestaciones en estado puro, y un cl\u00e1sico del futuro que contin\u00faa la herencia de deportivos Toyota legendarios como el Celica GT4 y el Supra Twin-Turbo. Con este modelo, Toyota demuestra que su experiencia tecnol\u00f3gica va mucho m\u00e1s all\u00e1 de las cadenas cinem\u00e1ticas h\u00edbridas.\n\t<\/div>\n<div class=\"col-xs-12 col-md-6 mtop20 p-0\"><img loading=\"lazy\" decoding=\"async\" src=\"https:\/\/www.fila-groupe.ch\/wp-content\/uploads\/2020\/11\/nouvelle-toyota-gr-yaris-test-drive-1.jpg\" alt=\"\" width=\"600\" height=\"399\" class=\"alignnone size-full wp-image-6367\" srcset=\"https:\/\/www.fila-groupe.ch\/wp-content\/uploads\/2020\/11\/nouvelle-toyota-gr-yaris-test-drive-1.jpg 600w, https:\/\/www.fila-groupe.ch\/wp-content\/uploads\/2020\/11\/nouvelle-toyota-gr-yaris-test-drive-1-300x200.jpg 300w\" sizes=\"(max-width: 600px) 100vw, 600px\" \/><\/div>\n<\/div>\n<div class=\"row flex-center-medium\">\n<div class=\"col-xs-12 col-md-6 text-center\">\n<div class=\"bouton-cta version-2 text-center\"><a href=\"https:\/\/www.fila-groupe.ch\/es\/el-nuevo-toyota-gr-yaris\/\" class=\"read-more\">M\u00e1s informaci\u00f3n<\/a><\/div>\n<\/p><\/div>\n<div class=\"col-xs-12 col-md-6 text-center\">\n<div class=\"bouton-cta\"><a href=\"#form\"><i class=\"bouton-essai\"><\/i>solicitar una prueba<\/a><\/div>\n<\/p><\/div>\n<\/div>\n<div id=\"form\" class=\"anchor\"><\/div>\n<div class=\"row\">\n<div class=\"col-xs-12 mtop20\">\n<h2>CONCIERTE UNA CITA PARA LA PRUEBA DE CONDUCCI\u00d3N<\/h2>\n<div class=\"cf7sg-container cf7sg-not-grid\">\n<div id=\"cf7sg-form-prendre-un-rendez-vous\" class=\"key_prendre-un-rendez-vous\">\n<div class=\"wpcf7 no-js\" id=\"wpcf7-f6341-o1\" lang=\"fr-FR\" dir=\"ltr\">\n<div class=\"screen-reader-response\">\n<p role=\"status\" aria-live=\"polite\" aria-atomic=\"true\">\n<ul><\/ul>\n<\/div>\n<form action=\"\/es\/wp-json\/wp\/v2\/pages\/6362#wpcf7-f6341-o1\" method=\"post\" class=\"wpcf7-form init\" id=\"essai\" aria-label=\"Formulario de contacto\" novalidate=\"novalidate\" data-status=\"init\" data-trp-original-action=\"\/es\/wp-json\/wp\/v2\/pages\/6362#wpcf7-f6341-o1\">\n<div style=\"display: none;\">\n<input type=\"hidden\" name=\"_wpcf7\" value=\"6341\" \/><br \/>\n<input type=\"hidden\" name=\"_wpcf7_version\" value=\"5.9.8\" \/><br \/>\n<input type=\"hidden\" name=\"_wpcf7_locale\" value=\"fr_FR\" \/><br \/>\n<input type=\"hidden\" name=\"_wpcf7_unit_tag\" value=\"wpcf7-f6341-o1\" \/><br \/>\n<input type=\"hidden\" name=\"_wpcf7_container_post\" value=\"0\" \/><br \/>\n<input type=\"hidden\" name=\"_wpcf7_posted_data_hash\" value=\"\" \/><br \/>\n<input type=\"hidden\" name=\"_wpcf7cf_hidden_group_fields\" value=\"[]\" \/><br \/>\n<input type=\"hidden\" name=\"_wpcf7cf_hidden_groups\" value=\"[]\" \/><br \/>\n<input type=\"hidden\" name=\"_wpcf7cf_visible_groups\" value=\"[]\" \/><br \/>\n<input type=\"hidden\" name=\"_wpcf7cf_repeaters\" value=\"[]\" \/><br \/>\n<input type=\"hidden\" name=\"_wpcf7cf_steps\" value=\"{}\" \/><br \/>\n<input type=\"hidden\" name=\"_wpcf7cf_options\" value=\"{&quot;form_id&quot;:6341,&quot;conditions&quot;:[],&quot;settings&quot;:{&quot;animation&quot;:&quot;no&quot;,&quot;animation_intime&quot;:&quot;200&quot;,&quot;animation_outtime&quot;:&quot;200&quot;,&quot;conditions_ui&quot;:&quot;normal&quot;,&quot;notice_dismissed&quot;:&quot;&quot;}}\" \/><br \/>\n<input type=\"hidden\" name=\"_wpcf7dtx_version\" value=\"4.5.1\" \/><br \/>\n<input type=\"hidden\" name=\"_wpcf7_key\" value=\"prendre-un-rendez-vous\" \/><br \/>\n<input type=\"hidden\" name=\"_cf7sg_toggles\" value=\"\" \/><br \/>\n<input type=\"hidden\" name=\"_cf7sg_version\" value=\"4.15.8\" \/><br \/>\n<input type=\"hidden\" name=\"_wpnonce\" value=\"dc131f7cee\" \/><br \/>\n<input type=\"hidden\" name=\"_wpcf7_recaptcha_response\" value=\"\" \/>\n<\/div>\n<p><span id=\"wpcf7-69d1dda34a611-wrapper\" class=\"wpcf7-form-control-wrap honeypot-699-wrap\" style=\"display:none !important; visibility:hidden !important;\"><input type=\"hidden\" name=\"honeypot-699-time-start\" value=\"1775361443\"><input type=\"hidden\" name=\"honeypot-699-time-check\" value=\"4\"><label for=\"wpcf7-69d1dda34a611-field\" class=\"hp-message\">Deje este campo en blanco.<\/label><input id=\"wpcf7-69d1dda34a611-field\"  class=\"wpcf7-form-control wpcf7-text\" type=\"text\" name=\"honeypot-699\" value=\"\" size=\"40\" tabindex=\"-1\" autocomplete=\"new-password\" \/><\/span>\n<\/p>\n<div class=\"row\">\n<span class=\"wpcf7-form-control-wrap title\" data-name=\"title\"><input type=\"hidden\" name=\"title\" id=\"\" class=\"wpcf7-form-control wpcf7-hidden wpcf7dtx wpcf7dtx-hidden\" aria-invalid=\"false\" value=\"Nouvelle Toyota GR Yaris test drive\" \/><\/span><\/p>\n<div class=\"col-md-5\">\n<p>Seleccione un garaje<br \/>\n<span class=\"wpcf7-form-control-wrap\" data-name=\"garage\"><select class=\"wpcf7-form-control wpcf7-select wpcf7-validates-as-required\" aria-required=\"true\" aria-invalid=\"false\" name=\"garage\"><option value=\"Yverdon-les-Bains\">Yverdon-les-Bains<\/option><option value=\"Bienne\">Biel<\/option><\/select><\/span>\n\t\t<\/p>\n<p>Nombre<br \/>\n<span class=\"wpcf7-form-control-wrap\" data-name=\"nom\"><input size=\"40\" maxlength=\"400\" class=\"wpcf7-form-control wpcf7-text wpcf7-validates-as-required\" aria-required=\"true\" aria-invalid=\"false\" placeholder=\"Su nombre\" value=\"\" type=\"text\" name=\"nom\" \/><\/span>\n\t\t<\/p>\n<p>Nombre<br \/>\n<span class=\"wpcf7-form-control-wrap\" data-name=\"prenom\"><input size=\"40\" maxlength=\"400\" class=\"wpcf7-form-control wpcf7-text wpcf7-validates-as-required\" aria-required=\"true\" aria-invalid=\"false\" placeholder=\"Su nombre\" value=\"\" type=\"text\" name=\"prenom\" \/><\/span>\n\t\t<\/p>\n<p>Direcci\u00f3n de correo electr\u00f3nico<br \/>\n<span class=\"wpcf7-form-control-wrap\" data-name=\"email\"><input size=\"40\" maxlength=\"400\" class=\"wpcf7-form-control wpcf7-email wpcf7-validates-as-required wpcf7-text wpcf7-validates-as-email\" aria-required=\"true\" aria-invalid=\"false\" placeholder=\"Tu e-mail\" value=\"\" type=\"email\" name=\"email\" \/><\/span>\n\t\t<\/p>\n<p>N\u00famero de tel\u00e9fono<br \/>\n<span class=\"wpcf7-form-control-wrap\" data-name=\"telephone\"><input size=\"40\" maxlength=\"400\" class=\"wpcf7-form-control wpcf7-text wpcf7-validates-as-required\" aria-required=\"true\" aria-invalid=\"false\" placeholder=\"Su n\u00famero\" value=\"\" type=\"text\" name=\"telephone\" \/><\/span>\n\t\t<\/p>\n<\/p><\/div>\n<div class=\"col-md-7\">\n<p>\u00bfCu\u00e1ndo quiere que le llamemos?\n\t\t<\/p>\n<p><span class=\"wpcf7-form-control-wrap\" data-name=\"rappel\"><select class=\"wpcf7-form-control wpcf7-select wpcf7-validates-as-required\" aria-required=\"true\" aria-invalid=\"false\" name=\"rappel\"><option value=\"Matin\">Buenos d\u00edas<\/option><option value=\"Apr\u00e8s-midi\">Por la tarde<\/option><\/select><\/span>\n\t\t<\/p>\n<p>Mensaje<br \/>\n<span class=\"wpcf7-form-control-wrap\" data-name=\"message\"><textarea cols=\"40\" rows=\"10\" maxlength=\"2000\" class=\"wpcf7-form-control wpcf7-textarea wpcf7-validates-as-required\" aria-required=\"true\" aria-invalid=\"false\" placeholder=\"Su mensaje\" name=\"message\"><\/textarea><\/span>\n\t\t<\/p>\n<p><span class=\"mandatory-field\">*Campos obligatorios<\/span>\n\t\t<\/p>\n<\/p><\/div>\n<\/div>\n<p><span class=\"wpcf7-form-control-wrap\" data-name=\"charte\"><span class=\"wpcf7-form-control wpcf7-acceptance\"><span class=\"wpcf7-list-item\"><label><input type=\"checkbox\" name=\"charte\" value=\"1\" aria-invalid=\"false\" \/><span class=\"wpcf7-list-item-label\">Al marcar esta casilla, confirmo que he le\u00eddo la Pol\u00edtica de protecci\u00f3n de datos de Fila.<\/span><\/label><\/span><\/span><\/span>\n<\/p>\n<p><input class=\"wpcf7-form-control wpcf7-submit has-spinner\" type=\"submit\" value=\"Enviar mi solicitud\" \/>\n<\/p>\n<p><input type='hidden' class='wpcf7-pum' value='{\"closepopup\":false,\"closedelay\":0,\"openpopup\":false,\"openpopup_id\":0}' \/><\/p>\n<div class=\"wpcf7-response-output\" aria-hidden=\"true\"><\/div>\n<input type=\"hidden\" name=\"trp-form-language\" value=\"es\"\/><\/form>\n<\/div>\n<\/div>\n<\/div><\/div>\n<\/div>","protected":false},"excerpt":{"rendered":"<p>Prueba del nuevo Toyota GR Yaris DISE\u00d1ADO PARA PISTAS DE RALLY LIGERAS Y AERODIN\u00c1MICAS Motor de 1,6 litros que desarrolla 261 CV, una relaci\u00f3n peso\/potencia de s\u00f3lo 4,9 kg\/CV y un tiempo de 0 a 100 km\/h de 5,5 segundos. Por si fuera poco, el nuevo sistema de tracci\u00f3n total GR-FOUR pone toda esa potencia al servicio del suelo: en lo m\u00e1s alto de la gama Yaris se sit\u00faa un veh\u00edculo de altas prestaciones en estado puro, y un cl\u00e1sico del futuro que contin\u00faa la herencia de deportivos Toyota legendarios como el Celica GT4 y el Supra Twin-Turbo. Con este modelo, Toyota demuestra que su experiencia tecnol\u00f3gica va mucho m\u00e1s all\u00e1 de las cadenas cinem\u00e1ticas h\u00edbridas. M\u00e1s informaci\u00f3n solicitar una prueba de conducci\u00f3n CITA PARA LA PRUEBA DE CONDUCCI\u00d3N<\/p>","protected":false},"author":1,"featured_media":0,"parent":0,"menu_order":0,"comment_status":"closed","ping_status":"closed","template":"template-article.php","meta":{"inline_featured_image":false,"footnotes":""},"class_list":["post-6362","page","type-page","status-publish","format-standard","hentry"],"yoast_head":"<!-- This site is optimized with the Yoast SEO plugin v24.2 - https:\/\/yoast.com\/wordpress\/plugins\/seo\/ -->\n<title>Nouvelle Toyota GR Yaris test drive -<\/title>\n<meta name=\"description\" content=\"A travers son mod\u00e8le GR Yaris, Toyota prouve que son expertise technologique va bien au-del\u00e0 de la motorisation hybride\" \/>\n<meta name=\"robots\" content=\"index, follow, max-snippet:-1, max-image-preview:large, max-video-preview:-1\" \/>\n<link rel=\"canonical\" href=\"http:\/\/www.fila-groupe.ch\/es\/nuevo-toyota-gr-yaris-prueba-de-conduccion\/\" \/>\n<meta property=\"og:locale\" content=\"es_ES\" \/>\n<meta property=\"og:type\" content=\"article\" \/>\n<meta property=\"og:title\" content=\"Nouvelle Toyota GR Yaris test drive -\" \/>\n<meta property=\"og:description\" content=\"A travers son mod\u00e8le GR Yaris, Toyota prouve que son expertise technologique va bien au-del\u00e0 de la motorisation hybride\" \/>\n<meta property=\"og:url\" content=\"http:\/\/www.fila-groupe.ch\/es\/nuevo-toyota-gr-yaris-prueba-de-conduccion\/\" \/>\n<meta property=\"article:modified_time\" content=\"2022-11-02T06:34:00+00:00\" \/>\n<meta property=\"og:image\" content=\"https:\/\/www.fila-groupe.ch\/wp-content\/uploads\/2020\/11\/nouvelle-toyota-gr-yaris-test-drive.jpg\" \/>\n<meta name=\"twitter:card\" content=\"summary_large_image\" \/>\n<meta name=\"twitter:label1\" content=\"Tiempo de lectura\" \/>\n\t<meta name=\"twitter:data1\" content=\"1 minuto\" \/>\n<script type=\"application\/ld+json\" class=\"yoast-schema-graph\">{\"@context\":\"https:\/\/schema.org\",\"@graph\":[{\"@type\":\"WebPage\",\"@id\":\"http:\/\/www.fila-groupe.ch\/es\/nuevo-toyota-gr-yaris-prueba-de-conduccion\/\",\"url\":\"http:\/\/www.fila-groupe.ch\/es\/nuevo-toyota-gr-yaris-prueba-de-conduccion\/\",\"name\":\"Nouvelle Toyota GR Yaris test drive -\",\"isPartOf\":{\"@id\":\"https:\/\/www.fila-groupe.ch\/en\/#website\"},\"primaryImageOfPage\":{\"@id\":\"http:\/\/www.fila-groupe.ch\/es\/nuevo-toyota-gr-yaris-prueba-de-conduccion\/#primaryimage\"},\"image\":{\"@id\":\"http:\/\/www.fila-groupe.ch\/es\/nuevo-toyota-gr-yaris-prueba-de-conduccion\/#primaryimage\"},\"thumbnailUrl\":\"https:\/\/www.fila-groupe.ch\/wp-content\/uploads\/2020\/11\/nouvelle-toyota-gr-yaris-test-drive.jpg\",\"datePublished\":\"2020-11-30T11:11:08+00:00\",\"dateModified\":\"2022-11-02T06:34:00+00:00\",\"description\":\"A travers son mod\u00e8le GR Yaris, Toyota prouve que son expertise technologique va bien au-del\u00e0 de la motorisation hybride\",\"breadcrumb\":{\"@id\":\"http:\/\/www.fila-groupe.ch\/es\/nuevo-toyota-gr-yaris-prueba-de-conduccion\/#breadcrumb\"},\"inLanguage\":\"es\",\"potentialAction\":[{\"@type\":\"ReadAction\",\"target\":[\"http:\/\/www.fila-groupe.ch\/es\/nuevo-toyota-gr-yaris-prueba-de-conduccion\/\"]}]},{\"@type\":\"ImageObject\",\"inLanguage\":\"es\",\"@id\":\"http:\/\/www.fila-groupe.ch\/es\/nuevo-toyota-gr-yaris-prueba-de-conduccion\/#primaryimage\",\"url\":\"https:\/\/www.fila-groupe.ch\/wp-content\/uploads\/2020\/11\/nouvelle-toyota-gr-yaris-test-drive.jpg\",\"contentUrl\":\"https:\/\/www.fila-groupe.ch\/wp-content\/uploads\/2020\/11\/nouvelle-toyota-gr-yaris-test-drive.jpg\"},{\"@type\":\"BreadcrumbList\",\"@id\":\"http:\/\/www.fila-groupe.ch\/es\/nuevo-toyota-gr-yaris-prueba-de-conduccion\/#breadcrumb\",\"itemListElement\":[{\"@type\":\"ListItem\",\"position\":1,\"name\":\"Accueil\",\"item\":\"https:\/\/www.fila-groupe.ch\/\"},{\"@type\":\"ListItem\",\"position\":2,\"name\":\"Nouvelle Toyota GR Yaris test drive\"}]},{\"@type\":\"WebSite\",\"@id\":\"https:\/\/www.fila-groupe.ch\/en\/#website\",\"url\":\"https:\/\/www.fila-groupe.ch\/en\/\",\"name\":\"\",\"description\":\"\",\"potentialAction\":[{\"@type\":\"SearchAction\",\"target\":{\"@type\":\"EntryPoint\",\"urlTemplate\":\"https:\/\/www.fila-groupe.ch\/en\/?s={search_term_string}\"},\"query-input\":{\"@type\":\"PropertyValueSpecification\",\"valueRequired\":true,\"valueName\":\"search_term_string\"}}],\"inLanguage\":\"es\"}]}<\/script>\n<!-- \/ Yoast SEO plugin. -->","yoast_head_json":{"title":"Nouvelle Toyota GR Yaris test drive -","description":"A travers son mod\u00e8le GR Yaris, Toyota prouve que son expertise technologique va bien au-del\u00e0 de la motorisation hybride","robots":{"index":"index","follow":"follow","max-snippet":"max-snippet:-1","max-image-preview":"max-image-preview:large","max-video-preview":"max-video-preview:-1"},"canonical":"http:\/\/www.fila-groupe.ch\/es\/nuevo-toyota-gr-yaris-prueba-de-conduccion\/","og_locale":"es_ES","og_type":"article","og_title":"Nouvelle Toyota GR Yaris test drive -","og_description":"A travers son mod\u00e8le GR Yaris, Toyota prouve que son expertise technologique va bien au-del\u00e0 de la motorisation hybride","og_url":"http:\/\/www.fila-groupe.ch\/es\/nuevo-toyota-gr-yaris-prueba-de-conduccion\/","article_modified_time":"2022-11-02T06:34:00+00:00","og_image":[{"url":"https:\/\/www.fila-groupe.ch\/wp-content\/uploads\/2020\/11\/nouvelle-toyota-gr-yaris-test-drive.jpg","type":"","width":"","height":""}],"twitter_card":"summary_large_image","twitter_misc":{"Tiempo de lectura":"1 minuto"},"schema":{"@context":"https:\/\/schema.org","@graph":[{"@type":"WebPage","@id":"http:\/\/www.fila-groupe.ch\/es\/nuevo-toyota-gr-yaris-prueba-de-conduccion\/","url":"http:\/\/www.fila-groupe.ch\/es\/nuevo-toyota-gr-yaris-prueba-de-conduccion\/","name":"Nouvelle Toyota GR Yaris test drive -","isPartOf":{"@id":"https:\/\/www.fila-groupe.ch\/en\/#website"},"primaryImageOfPage":{"@id":"http:\/\/www.fila-groupe.ch\/es\/nuevo-toyota-gr-yaris-prueba-de-conduccion\/#primaryimage"},"image":{"@id":"http:\/\/www.fila-groupe.ch\/es\/nuevo-toyota-gr-yaris-prueba-de-conduccion\/#primaryimage"},"thumbnailUrl":"https:\/\/www.fila-groupe.ch\/wp-content\/uploads\/2020\/11\/nouvelle-toyota-gr-yaris-test-drive.jpg","datePublished":"2020-11-30T11:11:08+00:00","dateModified":"2022-11-02T06:34:00+00:00","description":"A travers son mod\u00e8le GR Yaris, Toyota prouve que son expertise technologique va bien au-del\u00e0 de la motorisation hybride","breadcrumb":{"@id":"http:\/\/www.fila-groupe.ch\/es\/nuevo-toyota-gr-yaris-prueba-de-conduccion\/#breadcrumb"},"inLanguage":"es","potentialAction":[{"@type":"ReadAction","target":["http:\/\/www.fila-groupe.ch\/es\/nuevo-toyota-gr-yaris-prueba-de-conduccion\/"]}]},{"@type":"ImageObject","inLanguage":"es","@id":"http:\/\/www.fila-groupe.ch\/es\/nuevo-toyota-gr-yaris-prueba-de-conduccion\/#primaryimage","url":"https:\/\/www.fila-groupe.ch\/wp-content\/uploads\/2020\/11\/nouvelle-toyota-gr-yaris-test-drive.jpg","contentUrl":"https:\/\/www.fila-groupe.ch\/wp-content\/uploads\/2020\/11\/nouvelle-toyota-gr-yaris-test-drive.jpg"},{"@type":"BreadcrumbList","@id":"http:\/\/www.fila-groupe.ch\/es\/nuevo-toyota-gr-yaris-prueba-de-conduccion\/#breadcrumb","itemListElement":[{"@type":"ListItem","position":1,"name":"Accueil","item":"https:\/\/www.fila-groupe.ch\/"},{"@type":"ListItem","position":2,"name":"Nouvelle Toyota GR Yaris test drive"}]},{"@type":"WebSite","@id":"https:\/\/www.fila-groupe.ch\/en\/#website","url":"https:\/\/www.fila-groupe.ch\/en\/","name":"","description":"","potentialAction":[{"@type":"SearchAction","target":{"@type":"EntryPoint","urlTemplate":"https:\/\/www.fila-groupe.ch\/en\/?s={search_term_string}"},"query-input":{"@type":"PropertyValueSpecification","valueRequired":true,"valueName":"search_term_string"}}],"inLanguage":"es"}]}},"_links":{"self":[{"href":"https:\/\/www.fila-groupe.ch\/es\/wp-json\/wp\/v2\/pages\/6362"}],"collection":[{"href":"https:\/\/www.fila-groupe.ch\/es\/wp-json\/wp\/v2\/pages"}],"about":[{"href":"https:\/\/www.fila-groupe.ch\/es\/wp-json\/wp\/v2\/types\/page"}],"author":[{"embeddable":true,"href":"https:\/\/www.fila-groupe.ch\/es\/wp-json\/wp\/v2\/users\/1"}],"replies":[{"embeddable":true,"href":"https:\/\/www.fila-groupe.ch\/es\/wp-json\/wp\/v2\/comments?post=6362"}],"version-history":[{"count":1,"href":"https:\/\/www.fila-groupe.ch\/es\/wp-json\/wp\/v2\/pages\/6362\/revisions"}],"predecessor-version":[{"id":92742,"href":"https:\/\/www.fila-groupe.ch\/es\/wp-json\/wp\/v2\/pages\/6362\/revisions\/92742"}],"wp:attachment":[{"href":"https:\/\/www.fila-groupe.ch\/es\/wp-json\/wp\/v2\/media?parent=6362"}],"curies":[{"name":"wp","href":"https:\/\/api.w.org\/{rel}","templated":true}]}}