{"id":921,"date":"2020-10-19T10:51:06","date_gmt":"2020-10-19T08:51:06","guid":{"rendered":"https:\/\/www.fila-groupe.ch\/?page_id=921"},"modified":"2020-11-03T14:28:57","modified_gmt":"2020-11-03T13:28:57","slug":"mitsubishi","status":"publish","type":"page","link":"https:\/\/www.fila-groupe.ch\/es\/mitsubishi\/","title":{"rendered":"Mitsubishi"},"content":{"rendered":"<div class=\"header-img\">\n<p><img loading=\"lazy\" decoding=\"async\" class=\"alignnone size-full wp-image-925\" src=\"https:\/\/www.fila-groupe.ch\/wp-content\/uploads\/2020\/10\/logo-mitsubishi.png\" alt=\"\" width=\"74\" height=\"80\" \/><\/p>\n<h2 class=\"h2-page\">Mitsubishi, a la vanguardia de la innovaci\u00f3n desde 1917<\/h2>\n<\/div>\n<div class=\"row flex-center-medium\">\n<div class=\"col-xs-12 col-md-6 mtop20 text-center\"><img loading=\"lazy\" decoding=\"async\" class=\"alignnone wp-image-924\" src=\"https:\/\/www.fila-groupe.ch\/wp-content\/uploads\/2020\/10\/mitsubishi-truck.jpg\" alt=\"\" width=\"785\" height=\"522\" \/><\/div>\n<div class=\"col-xs-12 col-md-6 mtop20\">\n<p>El fabricante japon\u00e9s ya tiene m\u00e1s de 100 a\u00f1os, pero <strong>Mitsubishi<\/strong> se reinventa constantemente. Visite <strong>4\u00d74 Mitsubishi<\/strong> est\u00e1n equipados con AWC (All Wheel Control), que garantiza un agarre infalible a la carretera. Siempre dispuestos a dar un paso m\u00e1s por el confort de conducci\u00f3n y las prestaciones, <strong>Mitsubishi<\/strong> tambi\u00e9n est\u00e1 desarrollando el 1er coche el\u00e9ctrico 100% en 2010: el<strong>i-MiEV<\/strong>. Los veh\u00edculos de la marca est\u00e1n equipados con muchas otras innovaciones, como el sistema ClearTec y la gama de <strong>Mitsubishi PHEV<\/strong>. Para saber m\u00e1s sobre todos estos conceptos innovadores y descubrir sus caracter\u00edsticas pr\u00e1cticas, visite uno de nuestros <strong>Talleres Mitsubishi<\/strong> \u00a1en Yverdon y Bienne!<\/p>\n<\/div>\n<\/div>\n<div class=\"row flex-center-medium mtop20\">\n<div class=\"col-xs-12 col-md-12 mtop20\"><img loading=\"lazy\" decoding=\"async\" class=\"alignnone wp-image-923\" src=\"https:\/\/www.fila-groupe.ch\/wp-content\/uploads\/2020\/10\/voitures-Mitsubishi.jpg\" alt=\"\" width=\"1258\" height=\"421\" \/><\/div>\n<\/div>\n<div class=\"btn-actions\">\n<div class=\"bouton-cta version-2\"><a class=\"read-more\" style=\"outline: none;\" tabindex=\"0\" href=\"\/es\/category\/nos-offres\/offres-mitsubishi\/\">Ver ofertas Mitsubishi<\/a><\/div>\n<div class=\"bouton-cta version-2\"><a class=\"read-more\" style=\"outline: none;\" tabindex=\"0\" href=\"https:\/\/www.fila-groupe.ch\/es\/prueba-en-carretera\/\"><img decoding=\"async\" class=\"alignnone size-full wp-image-343\" style=\"margin-right: 5px;\" src=\"\/wp-content\/uploads\/2020\/10\/volant-icon-fila-blanc.svg\" alt=\"volante\" width=\"30\" \/>Solicitar una prueba<\/a><\/div>\n<\/div>\n<p>&nbsp;<\/p>","protected":false},"excerpt":{"rendered":"<p>Mitsubishi, a la vanguardia de la innovaci\u00f3n desde 1917 El fabricante japon\u00e9s tiene ya m\u00e1s de 100 a\u00f1os, pero Mitsubishi nunca deja de reinventarse. Los 4\u00d74 Mitsubishi est\u00e1n equipados con AWC (All Wheel Control), que garantiza un agarre infalible a la carretera. Siempre dispuesta a ir m\u00e1s all\u00e1 en t\u00e9rminos de confort de conducci\u00f3n y prestaciones, Mitsubishi desarrolla tambi\u00e9n en 2010 el 1er coche el\u00e9ctrico 100%: el i-MiEV. Otras numerosas innovaciones se han incorporado a los veh\u00edculos de la marca, como el sistema ClearTec y la gama Mitsubishi PHEV. Para saber m\u00e1s sobre todos estos conceptos innovadores y descubrir sus caracter\u00edsticas pr\u00e1cticas, \u00a1visite uno de nuestros talleres Mitsubishi en Yverdon y Bienne! Ver las ofertas Mitsubishi Solicitar una prueba de conducci\u00f3n &nbsp;<\/p>","protected":false},"author":2,"featured_media":0,"parent":0,"menu_order":0,"comment_status":"closed","ping_status":"closed","template":"","meta":{"inline_featured_image":false,"footnotes":""},"class_list":["post-921","page","type-page","status-publish","format-standard","hentry"],"yoast_head":"<!-- This site is optimized with the Yoast SEO plugin v24.2 - https:\/\/yoast.com\/wordpress\/plugins\/seo\/ -->\n<title>FILA pr\u00e9sentes les v\u00e9hicules Mitsubishi Motors<\/title>\n<meta name=\"description\" content=\"La marque Mitsubishi est \u00e0 retrouver chez FILA. Votre garage Mitsubishi vous propose de nombreux mod\u00e8les neufs et d\u2019occasion.\" \/>\n<meta name=\"robots\" content=\"index, follow, max-snippet:-1, max-image-preview:large, max-video-preview:-1\" \/>\n<link rel=\"canonical\" href=\"https:\/\/www.fila-groupe.ch\/es\/mitsubishi\/\" \/>\n<meta property=\"og:locale\" content=\"es_ES\" \/>\n<meta property=\"og:type\" content=\"article\" \/>\n<meta property=\"og:title\" content=\"FILA pr\u00e9sentes les v\u00e9hicules Mitsubishi Motors\" \/>\n<meta property=\"og:description\" content=\"La marque Mitsubishi est \u00e0 retrouver chez FILA. Votre garage Mitsubishi vous propose de nombreux mod\u00e8les neufs et d\u2019occasion.\" \/>\n<meta property=\"og:url\" content=\"https:\/\/www.fila-groupe.ch\/es\/mitsubishi\/\" \/>\n<meta property=\"article:modified_time\" content=\"2020-11-03T13:28:57+00:00\" \/>\n<meta property=\"og:image\" content=\"https:\/\/www.fila-groupe.ch\/wp-content\/uploads\/2020\/10\/logo-mitsubishi.png\" \/>\n<meta name=\"twitter:card\" content=\"summary_large_image\" \/>\n<meta name=\"twitter:label1\" content=\"Tiempo de lectura\" \/>\n\t<meta name=\"twitter:data1\" content=\"1 minuto\" \/>\n<script type=\"application\/ld+json\" class=\"yoast-schema-graph\">{\"@context\":\"https:\/\/schema.org\",\"@graph\":[{\"@type\":\"WebPage\",\"@id\":\"https:\/\/www.fila-groupe.ch\/mitsubishi\/\",\"url\":\"https:\/\/www.fila-groupe.ch\/mitsubishi\/\",\"name\":\"FILA pr\u00e9sentes les v\u00e9hicules Mitsubishi Motors\",\"isPartOf\":{\"@id\":\"https:\/\/www.fila-groupe.ch\/en\/#website\"},\"primaryImageOfPage\":{\"@id\":\"https:\/\/www.fila-groupe.ch\/mitsubishi\/#primaryimage\"},\"image\":{\"@id\":\"https:\/\/www.fila-groupe.ch\/mitsubishi\/#primaryimage\"},\"thumbnailUrl\":\"https:\/\/www.fila-groupe.ch\/wp-content\/uploads\/2020\/10\/logo-mitsubishi.png\",\"datePublished\":\"2020-10-19T08:51:06+00:00\",\"dateModified\":\"2020-11-03T13:28:57+00:00\",\"description\":\"La marque Mitsubishi est \u00e0 retrouver chez FILA. Votre garage Mitsubishi vous propose de nombreux mod\u00e8les neufs et d\u2019occasion.\",\"breadcrumb\":{\"@id\":\"https:\/\/www.fila-groupe.ch\/mitsubishi\/#breadcrumb\"},\"inLanguage\":\"es\",\"potentialAction\":[{\"@type\":\"ReadAction\",\"target\":[\"https:\/\/www.fila-groupe.ch\/mitsubishi\/\"]}]},{\"@type\":\"ImageObject\",\"inLanguage\":\"es\",\"@id\":\"https:\/\/www.fila-groupe.ch\/mitsubishi\/#primaryimage\",\"url\":\"https:\/\/www.fila-groupe.ch\/wp-content\/uploads\/2020\/10\/logo-mitsubishi.png\",\"contentUrl\":\"https:\/\/www.fila-groupe.ch\/wp-content\/uploads\/2020\/10\/logo-mitsubishi.png\"},{\"@type\":\"BreadcrumbList\",\"@id\":\"https:\/\/www.fila-groupe.ch\/mitsubishi\/#breadcrumb\",\"itemListElement\":[{\"@type\":\"ListItem\",\"position\":1,\"name\":\"Accueil\",\"item\":\"https:\/\/www.fila-groupe.ch\/\"},{\"@type\":\"ListItem\",\"position\":2,\"name\":\"Mitsubishi\"}]},{\"@type\":\"WebSite\",\"@id\":\"https:\/\/www.fila-groupe.ch\/en\/#website\",\"url\":\"https:\/\/www.fila-groupe.ch\/en\/\",\"name\":\"\",\"description\":\"\",\"potentialAction\":[{\"@type\":\"SearchAction\",\"target\":{\"@type\":\"EntryPoint\",\"urlTemplate\":\"https:\/\/www.fila-groupe.ch\/en\/?s={search_term_string}\"},\"query-input\":{\"@type\":\"PropertyValueSpecification\",\"valueRequired\":true,\"valueName\":\"search_term_string\"}}],\"inLanguage\":\"es\"}]}<\/script>\n<!-- \/ Yoast SEO plugin. -->","yoast_head_json":{"title":"FILA pr\u00e9sentes les v\u00e9hicules Mitsubishi Motors","description":"La marque Mitsubishi est \u00e0 retrouver chez FILA. Votre garage Mitsubishi vous propose de nombreux mod\u00e8les neufs et d\u2019occasion.","robots":{"index":"index","follow":"follow","max-snippet":"max-snippet:-1","max-image-preview":"max-image-preview:large","max-video-preview":"max-video-preview:-1"},"canonical":"https:\/\/www.fila-groupe.ch\/es\/mitsubishi\/","og_locale":"es_ES","og_type":"article","og_title":"FILA pr\u00e9sentes les v\u00e9hicules Mitsubishi Motors","og_description":"La marque Mitsubishi est \u00e0 retrouver chez FILA. Votre garage Mitsubishi vous propose de nombreux mod\u00e8les neufs et d\u2019occasion.","og_url":"https:\/\/www.fila-groupe.ch\/es\/mitsubishi\/","article_modified_time":"2020-11-03T13:28:57+00:00","og_image":[{"url":"https:\/\/www.fila-groupe.ch\/wp-content\/uploads\/2020\/10\/logo-mitsubishi.png","type":"","width":"","height":""}],"twitter_card":"summary_large_image","twitter_misc":{"Tiempo de lectura":"1 minuto"},"schema":{"@context":"https:\/\/schema.org","@graph":[{"@type":"WebPage","@id":"https:\/\/www.fila-groupe.ch\/mitsubishi\/","url":"https:\/\/www.fila-groupe.ch\/mitsubishi\/","name":"FILA pr\u00e9sentes les v\u00e9hicules Mitsubishi Motors","isPartOf":{"@id":"https:\/\/www.fila-groupe.ch\/en\/#website"},"primaryImageOfPage":{"@id":"https:\/\/www.fila-groupe.ch\/mitsubishi\/#primaryimage"},"image":{"@id":"https:\/\/www.fila-groupe.ch\/mitsubishi\/#primaryimage"},"thumbnailUrl":"https:\/\/www.fila-groupe.ch\/wp-content\/uploads\/2020\/10\/logo-mitsubishi.png","datePublished":"2020-10-19T08:51:06+00:00","dateModified":"2020-11-03T13:28:57+00:00","description":"La marque Mitsubishi est \u00e0 retrouver chez FILA. Votre garage Mitsubishi vous propose de nombreux mod\u00e8les neufs et d\u2019occasion.","breadcrumb":{"@id":"https:\/\/www.fila-groupe.ch\/mitsubishi\/#breadcrumb"},"inLanguage":"es","potentialAction":[{"@type":"ReadAction","target":["https:\/\/www.fila-groupe.ch\/mitsubishi\/"]}]},{"@type":"ImageObject","inLanguage":"es","@id":"https:\/\/www.fila-groupe.ch\/mitsubishi\/#primaryimage","url":"https:\/\/www.fila-groupe.ch\/wp-content\/uploads\/2020\/10\/logo-mitsubishi.png","contentUrl":"https:\/\/www.fila-groupe.ch\/wp-content\/uploads\/2020\/10\/logo-mitsubishi.png"},{"@type":"BreadcrumbList","@id":"https:\/\/www.fila-groupe.ch\/mitsubishi\/#breadcrumb","itemListElement":[{"@type":"ListItem","position":1,"name":"Accueil","item":"https:\/\/www.fila-groupe.ch\/"},{"@type":"ListItem","position":2,"name":"Mitsubishi"}]},{"@type":"WebSite","@id":"https:\/\/www.fila-groupe.ch\/en\/#website","url":"https:\/\/www.fila-groupe.ch\/en\/","name":"","description":"","potentialAction":[{"@type":"SearchAction","target":{"@type":"EntryPoint","urlTemplate":"https:\/\/www.fila-groupe.ch\/en\/?s={search_term_string}"},"query-input":{"@type":"PropertyValueSpecification","valueRequired":true,"valueName":"search_term_string"}}],"inLanguage":"es"}]}},"_links":{"self":[{"href":"https:\/\/www.fila-groupe.ch\/es\/wp-json\/wp\/v2\/pages\/921"}],"collection":[{"href":"https:\/\/www.fila-groupe.ch\/es\/wp-json\/wp\/v2\/pages"}],"about":[{"href":"https:\/\/www.fila-groupe.ch\/es\/wp-json\/wp\/v2\/types\/page"}],"author":[{"embeddable":true,"href":"https:\/\/www.fila-groupe.ch\/es\/wp-json\/wp\/v2\/users\/2"}],"replies":[{"embeddable":true,"href":"https:\/\/www.fila-groupe.ch\/es\/wp-json\/wp\/v2\/comments?post=921"}],"version-history":[{"count":0,"href":"https:\/\/www.fila-groupe.ch\/es\/wp-json\/wp\/v2\/pages\/921\/revisions"}],"wp:attachment":[{"href":"https:\/\/www.fila-groupe.ch\/es\/wp-json\/wp\/v2\/media?parent=921"}],"curies":[{"name":"wp","href":"https:\/\/api.w.org\/{rel}","templated":true}]}}