{"id":111,"date":"2020-10-09T16:09:43","date_gmt":"2020-10-09T14:09:43","guid":{"rendered":"https:\/\/www.fila-groupe.ch\/?page_id=111"},"modified":"2024-02-22T11:40:20","modified_gmt":"2024-02-22T10:40:20","slug":"fila-bienne","status":"publish","type":"page","link":"https:\/\/www.fila-groupe.ch\/it\/fila-bienne-4\/","title":{"rendered":"Garage Fila-Style, Bienne"},"content":{"rendered":"<div class=\"container bottomcontainer\">\n<div class=\"row row2\">\n<div class=\"col-xs-12 col-sm-12\">\n<div class=\"header-icon\">\n<p><img decoding=\"async\" class=\"alignnone wp-image-428 border-r\" src=\"https:\/\/www.fila-groupe.ch\/wp-content\/uploads\/2020\/10\/volant-icon-fila-1.svg\" alt=\"volante\" width=\"100\" \/><\/p>\n<h2 class=\"h2-page\">Fila Bienne, l'officina specializzata in Fiat, Fiat Pro, Alfa Romeo, Jeep e Abarth<\/h2>\n<\/div>\n<p>Il team della nostra officina di Bienne \u00e8 composto da una decina di persone, la maggior parte delle quali vanta un'esperienza pluriennale nei marchi che rappresenta. Regolarmente formati, i vostri consulenti FILA Biel si impegnano a fornirvi il miglior servizio possibile e a tenervi informati su tutte le ultime novit\u00e0 di Fiat, Fiat Pro, Alfa Romeo, Jeep e Abarth. Dopo quasi un anno di lavoro, siamo ora in grado di offrire ai nostri esigenti clienti aree di vendita e post-vendita nuove di zecca, in grado di soddisfare gli elevati standard delle case automobilistiche che rappresentiamo. Situato nel cuore delle ex officine Chaine Union, in chemin du Long-Champ 90, questo edificio \u00e8 impreziosito da diverse caratteristiche che risalgono all'inizio del XIX secolo. Non esitate a venirci a trovare, saremo lieti di accogliervi, consigliarvi e mostrarvi i nostri showroom che espongono tutti i veicoli delle 5 marche che rappresentiamo.<\/p>\n<\/div>\n<\/div>\n<hr \/>\n<div class=\"garage-pfooter-header\">\n<h3>Info e contatti per il vostro garage FILA Biel<\/h3>\n<\/div>\n<div class=\"row row2\">\n<div class=\"col-sm-12 col-md-6\">\n<div class=\"row garageprefooter\">\n<div class=\"col-sm-12\">\n<div class=\"garage-pfooter-img\" style=\"border-left: 15px solid #d50427;\"><img decoding=\"async\" class=\"img-responsivetotal\" src=\"\/wp-content\/uploads\/2021\/02\/bienne-550x250-fila.jpg\" alt=\"FILA Garage Biel\" \/><\/div>\n<div class=\"garage-pfooter-infos\">\n<p><strong>Fiat - Fiat professional - Abarth - Alfa Romeo - Jeep<\/strong><\/p>\n<ul>\n<li><i class=\"fas fa-map-marker-alt\"><\/i>Chemin du Long-Champ 90<br \/>\n2504 Biel\/Bienne<\/li>\n<li><a class=\"btn_blue_garage\" href=\"tel:0323288808\"><i class=\"fa fa-phone\"><\/i>032 328 88 08<\/a><\/li>\n<\/ul>\n<\/div>\n<\/div>\n<\/div>\n<\/div>\n<div id=\"map\" class=\"col-sm-12 col-md-6\"><iframe loading=\"lazy\" style=\"border: 0;\" tabindex=\"0\" src=\"https:\/\/www.google.com\/maps\/embed?pb=!1m14!1m8!1m3!1d10853.470738946411!2d7.2803613!3d47.1506528!3m2!1i1024!2i768!4f13.1!3m3!1m2!1s0x0%3A0x456df646557c8761!2sFila%20Style!5e0!3m2!1sfr!2sfr!4v1602507555193!5m2!1sfr!2sfr\" width=\"600\" height=\"450\" frameborder=\"0\" allowfullscreen=\"allowfullscreen\" aria-hidden=\"false\"><\/iframe><\/div>\n<\/div>\n<div class=\"garage-pfooter-header\">\n<h3>Orari di apertura del garage FILA Biel<\/h3>\n<\/div>\n<div class=\"row row2\">\n<div id=\"garage-contact\" class=\"anchor\"><\/div>\n<div class=\"col-sm-6 col-md-6\">\n<table id=\"horaires\">\n<thead>\n<tr>\n<td>Vendita<\/td>\n<\/tr>\n<\/thead>\n<tbody>\n<tr>\n<td><strong>Luned\u00ec-Venerd\u00ec<\/strong><\/td>\n<td>08h30 - 12h00<\/td>\n<td>13.30 - 18.30<\/td>\n<\/tr>\n<tr>\n<td><strong>Sabato<\/strong><\/td>\n<td>09h00 - 13h00<\/td>\n<\/tr>\n<\/tbody>\n<\/table>\n<\/div>\n<div class=\"col-sm-6 col-md-6\">\n<table id=\"horaires\">\n<thead>\n<tr>\n<td>Officina<\/td>\n<\/tr>\n<\/thead>\n<tbody>\n<tr>\n<td><strong>Luned\u00ec-Gioved\u00ec<\/strong><\/td>\n<td>07.30 - 12.00<\/td>\n<td>13.30 - 17.45<\/td>\n<\/tr>\n<tr>\n<td><strong>Venerd\u00ec<\/strong><\/td>\n<td>07.30 - 12.00<\/td>\n<td>13.30 - 17.00<\/td>\n<\/tr>\n<\/tbody>\n<\/table>\n<\/div>\n<\/div>\n<div class=\"garage-pfooter-header\">\n<h3>Avete un'esigenza o una domanda? Contattate il garage FILA Biel<\/h3>\n<\/div>\n<div class=\"garage-contact\">\n<div class=\"cf7sg-container cf7sg-not-grid\">\n<div id=\"cf7sg-form-formulaire-contact-bienne-et-yverdon\" class=\"key_formulaire-contact-bienne-et-yverdon\">\n<div class=\"wpcf7 no-js\" id=\"wpcf7-f3046-o1\" lang=\"fr-FR\" dir=\"ltr\">\n<div class=\"screen-reader-response\">\n<p role=\"status\" aria-live=\"polite\" aria-atomic=\"true\">\n<ul><\/ul>\n<\/div>\n<form action=\"\/it\/wp-json\/wp\/v2\/pages\/111#wpcf7-f3046-o1\" method=\"post\" class=\"wpcf7-form init\" id=\"contact\" aria-label=\"Modulo di contatto\" novalidate=\"novalidate\" data-status=\"init\" data-trp-original-action=\"\/it\/wp-json\/wp\/v2\/pages\/111#wpcf7-f3046-o1\">\n<div style=\"display: none;\">\n<input type=\"hidden\" name=\"_wpcf7\" value=\"3046\" \/><br \/>\n<input type=\"hidden\" name=\"_wpcf7_version\" value=\"5.9.8\" \/><br \/>\n<input type=\"hidden\" name=\"_wpcf7_locale\" value=\"fr_FR\" \/><br \/>\n<input type=\"hidden\" name=\"_wpcf7_unit_tag\" value=\"wpcf7-f3046-o1\" \/><br \/>\n<input type=\"hidden\" name=\"_wpcf7_container_post\" value=\"0\" \/><br \/>\n<input type=\"hidden\" name=\"_wpcf7_posted_data_hash\" value=\"\" \/><br \/>\n<input type=\"hidden\" name=\"_wpcf7cf_hidden_group_fields\" value=\"[]\" \/><br \/>\n<input type=\"hidden\" name=\"_wpcf7cf_hidden_groups\" value=\"[]\" \/><br \/>\n<input type=\"hidden\" name=\"_wpcf7cf_visible_groups\" value=\"[]\" \/><br \/>\n<input type=\"hidden\" name=\"_wpcf7cf_repeaters\" value=\"[]\" \/><br \/>\n<input type=\"hidden\" name=\"_wpcf7cf_steps\" value=\"{}\" \/><br \/>\n<input type=\"hidden\" name=\"_wpcf7cf_options\" value=\"{&quot;form_id&quot;:3046,&quot;conditions&quot;:[],&quot;settings&quot;:{&quot;animation&quot;:&quot;no&quot;,&quot;animation_intime&quot;:&quot;200&quot;,&quot;animation_outtime&quot;:&quot;200&quot;,&quot;conditions_ui&quot;:&quot;normal&quot;,&quot;notice_dismissed&quot;:&quot;&quot;}}\" \/><br \/>\n<input type=\"hidden\" name=\"_wpcf7dtx_version\" value=\"4.5.1\" \/><br \/>\n<input type=\"hidden\" name=\"_wpcf7_key\" value=\"formulaire-contact-bienne-et-yverdon\" \/><br \/>\n<input type=\"hidden\" name=\"_cf7sg_toggles\" value=\"\" \/><br \/>\n<input type=\"hidden\" name=\"_cf7sg_version\" value=\"4.15.8\" \/><br \/>\n<input type=\"hidden\" name=\"_wpnonce\" value=\"1b08bf5423\" \/><br \/>\n<input type=\"hidden\" name=\"_wpcf7_recaptcha_response\" value=\"\" \/>\n<\/div>\n<p><span id=\"wpcf7-69de343b20e91-wrapper\" class=\"wpcf7-form-control-wrap honeypot-310-wrap\" style=\"display:none !important; visibility:hidden !important;\"><input type=\"hidden\" name=\"honeypot-310-time-start\" value=\"1776170043\"><input type=\"hidden\" name=\"honeypot-310-time-check\" value=\"4\"><label for=\"wpcf7-69de343b20e91-field\" class=\"hp-message\">Lasciare questo campo vuoto.<\/label><input id=\"wpcf7-69de343b20e91-field\"  class=\"wpcf7-form-control wpcf7-text\" type=\"text\" name=\"honeypot-310\" value=\"\" size=\"40\" tabindex=\"-1\" autocomplete=\"new-password\" \/><\/span>\n<\/p>\n<div class=\"row flex-end\">\n<span class=\"wpcf7-form-control-wrap recipient-email\" data-name=\"recipient-email\"><input type=\"hidden\" name=\"recipient-email\" id=\"\" class=\"wpcf7-form-control wpcf7-hidden wpcf7dtx wpcf7dtx-hidden\" aria-invalid=\"false\" value=\"lead@fila-auto.ch\" \/><\/span><\/p>\n<div class=\"col-md-5\">\n<p>Nome<br \/>\n<span class=\"wpcf7-form-control-wrap\" data-name=\"nom\"><input size=\"40\" maxlength=\"400\" class=\"wpcf7-form-control wpcf7-text wpcf7-validates-as-required\" aria-required=\"true\" aria-invalid=\"false\" placeholder=\"Il vostro nome\" value=\"\" type=\"text\" name=\"nom\" \/><\/span>\n\t\t<\/p>\n<p>Nome<br \/>\n<span class=\"wpcf7-form-control-wrap\" data-name=\"prenom\"><input size=\"40\" maxlength=\"400\" class=\"wpcf7-form-control wpcf7-text wpcf7-validates-as-required\" aria-required=\"true\" aria-invalid=\"false\" placeholder=\"Il vostro nome di battesimo\" value=\"\" type=\"text\" name=\"prenom\" \/><\/span>\n\t\t<\/p>\n<p>Indirizzo e-mail<br \/>\n<span class=\"wpcf7-form-control-wrap\" data-name=\"email\"><input size=\"40\" maxlength=\"400\" class=\"wpcf7-form-control wpcf7-email wpcf7-validates-as-required wpcf7-text wpcf7-validates-as-email\" aria-required=\"true\" aria-invalid=\"false\" placeholder=\"Il tuo indirizzo e-mail\" value=\"\" type=\"email\" name=\"email\" \/><\/span>\n\t\t<\/p>\n<p>Numero di telefono<br \/>\n<span class=\"wpcf7-form-control-wrap\" data-name=\"telephone\"><input size=\"40\" maxlength=\"400\" class=\"wpcf7-form-control wpcf7-text wpcf7-validates-as-required\" aria-required=\"true\" aria-invalid=\"false\" placeholder=\"Il tuo numero\" value=\"\" type=\"text\" name=\"telephone\" \/><\/span>\n\t\t<\/p>\n<\/p><\/div>\n<div class=\"col-md-7\">\n<p>Quando volete essere richiamati?\n\t\t<\/p>\n<p><span class=\"wpcf7-form-control-wrap\" data-name=\"rappel\"><select class=\"wpcf7-form-control wpcf7-select wpcf7-validates-as-required\" aria-required=\"true\" aria-invalid=\"false\" name=\"rappel\"><option value=\"Matin\">Mattina<\/option><option value=\"Apr\u00e8s-midi\">Pomeriggio<\/option><\/select><\/span>\n\t\t<\/p>\n<p>Messaggio<br \/>\n<span class=\"wpcf7-form-control-wrap\" data-name=\"message\"><textarea cols=\"40\" rows=\"10\" maxlength=\"2000\" class=\"wpcf7-form-control wpcf7-textarea wpcf7-validates-as-required\" aria-required=\"true\" aria-invalid=\"false\" placeholder=\"Il vostro messaggio\" name=\"message\"><\/textarea><\/span>\n\t\t<\/p>\n<p><span class=\"mandatory-field\">*Campi obbligatori.<\/span>\n\t\t<\/p>\n<\/p><\/div>\n<\/div>\n<p><span class=\"wpcf7-form-control-wrap\" data-name=\"newsletter\"><span class=\"wpcf7-form-control wpcf7-acceptance optional\"><span class=\"wpcf7-list-item\"><label><input type=\"checkbox\" name=\"newsletter\" value=\"1\" aria-invalid=\"false\" \/><span class=\"wpcf7-list-item-label\">Autorizzo Fila a inviarmi le ultime novit\u00e0 e offerte. <a href=\"https:\/\/www.fila-groupe.ch\/it\/protezione-dei-dati-di-fila\/\" title=\"nlpd\" style=\"text-decoration: underline\">Per saperne di pi\u00f9<\/a><\/span><\/label><\/span><\/span><\/span>\n<\/p>\n<p><input class=\"wpcf7-form-control wpcf7-submit has-spinner\" type=\"submit\" value=\"Invia la mia richiesta\" \/>\n<\/p>\n<p><input type='hidden' class='wpcf7-pum' value='{\"closepopup\":false,\"closedelay\":0,\"openpopup\":false,\"openpopup_id\":0}' \/><\/p>\n<div class=\"wpcf7-response-output\" aria-hidden=\"true\"><\/div>\n<input type=\"hidden\" name=\"trp-form-language\" value=\"it\"\/><\/form>\n<\/div>\n<\/div>\n<\/div>\n<\/div>\n<\/div>","protected":false},"excerpt":{"rendered":"<p>Fila Bienne, la vostra officina specializzata in Fiat, Fiat Pro, Alfa Romeo, Jeep e Abarth Il team della nostra officina di Bienne \u00e8 composto da una decina di dipendenti, la maggior parte dei quali vanta un'esperienza pluriennale nei marchi che rappresentiamo. Regolarmente formati, i vostri consulenti FILA Biel si impegnano a garantirvi il miglior servizio possibile e a tenervi informati su tutte le novit\u00e0 di Fiat, Fiat Pro, Alfa Romeo, Jeep e Abarth. Dopo quasi un anno di lavoro, siamo ora in grado di offrire ai nostri esigenti clienti aree di vendita e post-vendita nuove di zecca, in grado di soddisfare gli elevati standard delle case automobilistiche che rappresentiamo. Situato nel cuore delle ex officine Chaine Union, in chemin du Long-Champ 90, questo edificio \u00e8 impreziosito da diverse caratteristiche che risalgono all'inizio del XIX secolo. Non esitate a venirci a trovare, saremo lieti di...<\/p>","protected":false},"author":2,"featured_media":0,"parent":0,"menu_order":0,"comment_status":"closed","ping_status":"closed","template":"template-contact.php","meta":{"inline_featured_image":false,"footnotes":""},"class_list":["post-111","page","type-page","status-publish","format-standard","hentry"],"yoast_head":"<!-- This site is optimized with the Yoast SEO plugin v24.2 - https:\/\/yoast.com\/wordpress\/plugins\/seo\/ -->\n<title>Notre garage \u00e0 Bienne<\/title>\n<meta name=\"description\" content=\"FILA, c\u2019est votre garage Fiat \u00e0 Bienne, mais \u00e9galement Fiat Pro, Alfa Romeo, Jeep et Abarth. D\u00e9couvrez tous nos services.\" \/>\n<meta name=\"robots\" content=\"index, follow, max-snippet:-1, max-image-preview:large, max-video-preview:-1\" \/>\n<link rel=\"canonical\" href=\"https:\/\/www.fila-groupe.ch\/it\/fila-bienne-4\/\" \/>\n<meta property=\"og:locale\" content=\"it_IT\" \/>\n<meta property=\"og:type\" content=\"article\" \/>\n<meta property=\"og:title\" content=\"Notre garage \u00e0 Bienne\" \/>\n<meta property=\"og:description\" content=\"FILA, c\u2019est votre garage Fiat \u00e0 Bienne, mais \u00e9galement Fiat Pro, Alfa Romeo, Jeep et Abarth. D\u00e9couvrez tous nos services.\" \/>\n<meta property=\"og:url\" content=\"https:\/\/www.fila-groupe.ch\/it\/fila-bienne-4\/\" \/>\n<meta property=\"article:modified_time\" content=\"2024-02-22T10:40:20+00:00\" \/>\n<meta property=\"og:image\" content=\"https:\/\/www.fila-groupe.ch\/wp-content\/uploads\/2020\/10\/volant-icon-fila-1.svg\" \/>\n<meta name=\"twitter:card\" content=\"summary_large_image\" \/>\n<meta name=\"twitter:label1\" content=\"Tempo di lettura stimato\" \/>\n\t<meta name=\"twitter:data1\" content=\"1 minuto\" \/>\n<script type=\"application\/ld+json\" class=\"yoast-schema-graph\">{\"@context\":\"https:\/\/schema.org\",\"@graph\":[{\"@type\":\"WebPage\",\"@id\":\"https:\/\/www.fila-groupe.ch\/fila-bienne\/\",\"url\":\"https:\/\/www.fila-groupe.ch\/fila-bienne\/\",\"name\":\"Notre garage \u00e0 Bienne\",\"isPartOf\":{\"@id\":\"https:\/\/www.fila-groupe.ch\/en\/#website\"},\"primaryImageOfPage\":{\"@id\":\"https:\/\/www.fila-groupe.ch\/fila-bienne\/#primaryimage\"},\"image\":{\"@id\":\"https:\/\/www.fila-groupe.ch\/fila-bienne\/#primaryimage\"},\"thumbnailUrl\":\"https:\/\/www.fila-groupe.ch\/wp-content\/uploads\/2020\/10\/volant-icon-fila-1.svg\",\"datePublished\":\"2020-10-09T14:09:43+00:00\",\"dateModified\":\"2024-02-22T10:40:20+00:00\",\"description\":\"FILA, c\u2019est votre garage Fiat \u00e0 Bienne, mais \u00e9galement Fiat Pro, Alfa Romeo, Jeep et Abarth. D\u00e9couvrez tous nos services.\",\"breadcrumb\":{\"@id\":\"https:\/\/www.fila-groupe.ch\/fila-bienne\/#breadcrumb\"},\"inLanguage\":\"it-IT\",\"potentialAction\":[{\"@type\":\"ReadAction\",\"target\":[\"https:\/\/www.fila-groupe.ch\/fila-bienne\/\"]}]},{\"@type\":\"ImageObject\",\"inLanguage\":\"it-IT\",\"@id\":\"https:\/\/www.fila-groupe.ch\/fila-bienne\/#primaryimage\",\"url\":\"https:\/\/www.fila-groupe.ch\/wp-content\/uploads\/2020\/10\/volant-icon-fila-1.svg\",\"contentUrl\":\"https:\/\/www.fila-groupe.ch\/wp-content\/uploads\/2020\/10\/volant-icon-fila-1.svg\"},{\"@type\":\"BreadcrumbList\",\"@id\":\"https:\/\/www.fila-groupe.ch\/fila-bienne\/#breadcrumb\",\"itemListElement\":[{\"@type\":\"ListItem\",\"position\":1,\"name\":\"Accueil\",\"item\":\"https:\/\/www.fila-groupe.ch\/\"},{\"@type\":\"ListItem\",\"position\":2,\"name\":\"Garage Fila-Style, Bienne\"}]},{\"@type\":\"WebSite\",\"@id\":\"https:\/\/www.fila-groupe.ch\/en\/#website\",\"url\":\"https:\/\/www.fila-groupe.ch\/en\/\",\"name\":\"\",\"description\":\"\",\"potentialAction\":[{\"@type\":\"SearchAction\",\"target\":{\"@type\":\"EntryPoint\",\"urlTemplate\":\"https:\/\/www.fila-groupe.ch\/en\/?s={search_term_string}\"},\"query-input\":{\"@type\":\"PropertyValueSpecification\",\"valueRequired\":true,\"valueName\":\"search_term_string\"}}],\"inLanguage\":\"it-IT\"}]}<\/script>\n<!-- \/ Yoast SEO plugin. -->","yoast_head_json":{"title":"Notre garage \u00e0 Bienne","description":"FILA, c\u2019est votre garage Fiat \u00e0 Bienne, mais \u00e9galement Fiat Pro, Alfa Romeo, Jeep et Abarth. D\u00e9couvrez tous nos services.","robots":{"index":"index","follow":"follow","max-snippet":"max-snippet:-1","max-image-preview":"max-image-preview:large","max-video-preview":"max-video-preview:-1"},"canonical":"https:\/\/www.fila-groupe.ch\/it\/fila-bienne-4\/","og_locale":"it_IT","og_type":"article","og_title":"Notre garage \u00e0 Bienne","og_description":"FILA, c\u2019est votre garage Fiat \u00e0 Bienne, mais \u00e9galement Fiat Pro, Alfa Romeo, Jeep et Abarth. D\u00e9couvrez tous nos services.","og_url":"https:\/\/www.fila-groupe.ch\/it\/fila-bienne-4\/","article_modified_time":"2024-02-22T10:40:20+00:00","og_image":[{"url":"https:\/\/www.fila-groupe.ch\/wp-content\/uploads\/2020\/10\/volant-icon-fila-1.svg","type":"","width":"","height":""}],"twitter_card":"summary_large_image","twitter_misc":{"Tempo di lettura stimato":"1 minuto"},"schema":{"@context":"https:\/\/schema.org","@graph":[{"@type":"WebPage","@id":"https:\/\/www.fila-groupe.ch\/fila-bienne\/","url":"https:\/\/www.fila-groupe.ch\/fila-bienne\/","name":"Notre garage \u00e0 Bienne","isPartOf":{"@id":"https:\/\/www.fila-groupe.ch\/en\/#website"},"primaryImageOfPage":{"@id":"https:\/\/www.fila-groupe.ch\/fila-bienne\/#primaryimage"},"image":{"@id":"https:\/\/www.fila-groupe.ch\/fila-bienne\/#primaryimage"},"thumbnailUrl":"https:\/\/www.fila-groupe.ch\/wp-content\/uploads\/2020\/10\/volant-icon-fila-1.svg","datePublished":"2020-10-09T14:09:43+00:00","dateModified":"2024-02-22T10:40:20+00:00","description":"FILA, c\u2019est votre garage Fiat \u00e0 Bienne, mais \u00e9galement Fiat Pro, Alfa Romeo, Jeep et Abarth. D\u00e9couvrez tous nos services.","breadcrumb":{"@id":"https:\/\/www.fila-groupe.ch\/fila-bienne\/#breadcrumb"},"inLanguage":"it-IT","potentialAction":[{"@type":"ReadAction","target":["https:\/\/www.fila-groupe.ch\/fila-bienne\/"]}]},{"@type":"ImageObject","inLanguage":"it-IT","@id":"https:\/\/www.fila-groupe.ch\/fila-bienne\/#primaryimage","url":"https:\/\/www.fila-groupe.ch\/wp-content\/uploads\/2020\/10\/volant-icon-fila-1.svg","contentUrl":"https:\/\/www.fila-groupe.ch\/wp-content\/uploads\/2020\/10\/volant-icon-fila-1.svg"},{"@type":"BreadcrumbList","@id":"https:\/\/www.fila-groupe.ch\/fila-bienne\/#breadcrumb","itemListElement":[{"@type":"ListItem","position":1,"name":"Accueil","item":"https:\/\/www.fila-groupe.ch\/"},{"@type":"ListItem","position":2,"name":"Garage Fila-Style, Bienne"}]},{"@type":"WebSite","@id":"https:\/\/www.fila-groupe.ch\/en\/#website","url":"https:\/\/www.fila-groupe.ch\/en\/","name":"","description":"","potentialAction":[{"@type":"SearchAction","target":{"@type":"EntryPoint","urlTemplate":"https:\/\/www.fila-groupe.ch\/en\/?s={search_term_string}"},"query-input":{"@type":"PropertyValueSpecification","valueRequired":true,"valueName":"search_term_string"}}],"inLanguage":"it-IT"}]}},"_links":{"self":[{"href":"https:\/\/www.fila-groupe.ch\/it\/wp-json\/wp\/v2\/pages\/111"}],"collection":[{"href":"https:\/\/www.fila-groupe.ch\/it\/wp-json\/wp\/v2\/pages"}],"about":[{"href":"https:\/\/www.fila-groupe.ch\/it\/wp-json\/wp\/v2\/types\/page"}],"author":[{"embeddable":true,"href":"https:\/\/www.fila-groupe.ch\/it\/wp-json\/wp\/v2\/users\/2"}],"replies":[{"embeddable":true,"href":"https:\/\/www.fila-groupe.ch\/it\/wp-json\/wp\/v2\/comments?post=111"}],"version-history":[{"count":9,"href":"https:\/\/www.fila-groupe.ch\/it\/wp-json\/wp\/v2\/pages\/111\/revisions"}],"predecessor-version":[{"id":136547,"href":"https:\/\/www.fila-groupe.ch\/it\/wp-json\/wp\/v2\/pages\/111\/revisions\/136547"}],"wp:attachment":[{"href":"https:\/\/www.fila-groupe.ch\/it\/wp-json\/wp\/v2\/media?parent=111"}],"curies":[{"name":"wp","href":"https:\/\/api.w.org\/{rel}","templated":true}]}}