{"id":25130,"date":"2021-01-21T16:59:08","date_gmt":"2021-01-21T15:59:08","guid":{"rendered":"https:\/\/www.fila-groupe.ch\/?page_id=25130"},"modified":"2021-01-21T17:00:35","modified_gmt":"2021-01-21T16:00:35","slug":"ihre-garage-in-yverdon","status":"publish","type":"page","link":"https:\/\/www.fila-groupe.ch\/it\/garage-a-yverdon\/","title":{"rendered":"Garage a Yverdon"},"content":{"rendered":"<div class=\"row row2\">\n<div class=\"col-xs-12 col-sm-12\">\n<div class=\"header-icon\">\n<p><img decoding=\"async\" class=\"alignnone wp-image-428 border-r\" src=\"\/wp-content\/uploads\/2020\/10\/garagiste-icon-fila.svg\" alt=\"Garage Fila\" width=\"100\" \/><\/p>\n<h2 class=\"h2-page\">FILA YVERDON-LES-BAINS, ZWEI GARAGEN, DOPPELT SO VIEL AUSWAHL<\/h2>\n<\/div>\n<p>L'autofficina di Yverdon-les-Bains \u00e8 dotata di due indirizzi, per offrire un servizio di assistenza di massa in base alle marche. Un tecnico specializzato in Fiat, Fiat Professional, Abarth, Alfa Romeo e Jeep si trova presso la Chauss\u00e9e de Treycovagnes 7 per essere visitato. I suoi garage Toyota, Lexus, Mitsubishi e Dodge Ram si trovano presso la Chauss\u00e9e de Treycovagnes 13! I nostri rivenditori FILA vi informeranno per aiutarvi nell'acquisto e\/o nella riparazione dei vostri veicoli. I nostri specialisti sono molto preparati, sono preparati con i pi\u00f9 recenti standard e le nuove tecnologie di ogni marca, in modo da soddisfare al meglio le vostre esigenze!<\/p>\n<\/div>\n<\/div>\n<hr \/>\n<div class=\"garage-pfooter-header\">\n<h3>Informazioni sui suoi negozi FILA a Yverdon<\/h3>\n<\/div>\n<div class=\"row row2\">\n<div class=\"col-sm-12 col-md-6\">\n<div class=\"row garageprefooter\">\n<div class=\"col-sm-12\">\n<div class=\"garage-pfooter-img\"><img loading=\"lazy\" decoding=\"async\" class=\"alignnone size-full wp-image-3419\" src=\"https:\/\/www.fila-groupe.ch\/wp-content\/uploads\/2020\/11\/Jeep-Yverdon.jpg\" alt=\"\" width=\"434\" height=\"174\" \/><\/div>\n<div class=\"garage-pfooter-infos\">\n<p><strong>Fiat - Fiat professional - Abarth - Alfa Romeo - Jeep<\/strong><\/p>\n<ul>\n<li><i class=\"fas fa-map-marker-alt\"><\/i>Ch. de Treycovagnes 7<br \/>\n1400 Yverdon-les-Bains<\/li>\n<li><i class=\"fas fa-phone\"><\/i>Tel:\u00a0<span style=\"color: #000000;\"> <a style=\"color: #000000;\" href=\"tel:0244472727\"><strong>024 447 27 27<\/strong><\/a><\/span><\/li>\n<\/ul>\n<\/div>\n<\/div>\n<div class=\"col-sm-12\">\n<div class=\"garage-pfooter-img\"><img loading=\"lazy\" decoding=\"async\" class=\"alignnone size-full wp-image-942\" src=\"https:\/\/www.fila-groupe.ch\/wp-content\/uploads\/2020\/10\/Garage-Fila-Yverdon-les-Bains-Toyota-Mitsubishi.jpg\" alt=\"\" width=\"434\" height=\"174\" \/><\/div>\n<div class=\"garage-pfooter-infos\">\n<p><strong>Toyota \/ Lexus - Mitsubishi - Dogde Ram<\/strong><\/p>\n<ul>\n<li><i class=\"fas fa-map-marker-alt\"><\/i>Ch. de Treycovagnes 13<br \/>\n1400 Yverdon-les-Bains<\/li>\n<li><i class=\"fas fa-phone\"><\/i>Tel:\u00a0<span style=\"color: #000000;\"> <a style=\"color: #000000;\" href=\"tel:0244472737\"><strong>024 447 27 37<\/strong><\/a><\/span><\/li>\n<\/ul>\n<\/div>\n<\/div>\n<\/div>\n<\/div>\n<div id=\"map\" class=\"col-sm-12 col-md-6\"><iframe loading=\"lazy\" style=\"border: 0;\" tabindex=\"0\" src=\"https:\/\/www.google.com\/maps\/embed?pb=!1m14!1m8!1m3!1d10929.275093984701!2d6.6247576!3d46.7783227!3m2!1i1024!2i768!4f13.1!3m3!1m2!1s0x0%3A0xd8abdf31c7735f27!2sFila%20Groupe%20SA!5e0!3m2!1sfr!2sfr!4v1604595874300!5m2!1sfr!2sfr\" width=\"600\" height=\"450\" frameborder=\"0\" allowfullscreen=\"allowfullscreen\" aria-hidden=\"false\"><\/iframe><\/div>\n<\/div>\n<div class=\"garage-pfooter-header\">\n<h3>Ihrer Garagen a Yverdon<\/h3>\n<\/div>\n<div class=\"row row2\">\n<div class=\"col-sm-12\">\n<h4 class=\"ml-3\">Fiat - Fiat professional - Abarth - Alfa Romeo - Jeep<\/h4>\n<\/div>\n<div class=\"col-sm-6 col-md-6\">\n<table id=\"horaires\">\n<thead>\n<tr>\n<td>Vendita<\/td>\n<\/tr>\n<\/thead>\n<tbody>\n<tr>\n<td><strong>Luned\u00ec-Venerd\u00ec<\/strong><\/td>\n<td>07.45 - 12.00<\/td>\n<td>13.30 - 19.00<\/td>\n<\/tr>\n<tr>\n<td><strong>Sabato<\/strong><\/td>\n<td>09:00 - 15:00 <span style=\"position: absolute;    margin-left: 8px;\">non stop<\/span><\/td>\n<\/tr>\n<\/tbody>\n<\/table>\n<\/div>\n<div class=\"col-sm-6 col-md-6\">\n<table id=\"horaires\">\n<thead>\n<tr>\n<td>Officina<\/td>\n<\/tr>\n<\/thead>\n<tbody>\n<tr>\n<td><strong>Luned\u00ec-Gioved\u00ec<\/strong><\/td>\n<td>07.30 - 12.00<\/td>\n<td>13.30 - 17.45<\/td>\n<\/tr>\n<tr>\n<td><strong>Venerd\u00ec<\/strong><\/td>\n<td>07.30 - 12.00<\/td>\n<td>13.30 - 16.00<\/td>\n<\/tr>\n<\/tbody>\n<\/table>\n<\/div>\n<div class=\"col-sm-12\">\n<h4 class=\"ml-3\">Toyota \/ Lexus - Mitsubishi - Dogde Ram<\/h4>\n<\/div>\n<div class=\"col-sm-6 col-md-6\">\n<table id=\"horaires\">\n<thead>\n<tr>\n<td>Vendita<\/td>\n<\/tr>\n<\/thead>\n<tbody>\n<tr>\n<td><strong>Luned\u00ec-Venerd\u00ec<\/strong><\/td>\n<td>07.45 - 12.00<\/td>\n<td>13.30 - 18.30<\/td>\n<\/tr>\n<tr>\n<td><strong>Sabato<\/strong><\/td>\n<td>09h00 - 12h00 <span style=\"position: absolute;    margin-left: 8px;\">non stop<\/span><\/td>\n<\/tr>\n<\/tbody>\n<\/table>\n<\/div>\n<div class=\"col-sm-6 col-md-6\">\n<table id=\"horaires\">\n<thead>\n<tr>\n<td>Officina<\/td>\n<\/tr>\n<\/thead>\n<tbody>\n<tr>\n<td><strong>Luned\u00ec-Gioved\u00ec<\/strong><\/td>\n<td>07.30 - 12.00<\/td>\n<td>13.30 - 17.45<\/td>\n<\/tr>\n<tr>\n<td><strong>Venerd\u00ec<\/strong><\/td>\n<td>07.30 - 12.00<\/td>\n<td>13.30 - 16.00<\/td>\n<\/tr>\n<\/tbody>\n<\/table>\n<\/div>\n<\/div>\n<div id=\"garage-contact\" class=\"anchor\"><\/div>\n<div class=\"garage-pfooter-header\">\n<h3>Avete un'esigenza o una domanda? Contattate i garage FILA Yverdon<\/h3>\n<\/div>\n<div class=\"garage-contact\">\n<div class=\"cf7sg-container cf7sg-not-grid\">\n<div id=\"cf7sg-form-formulaire-contact-bienne-et-yverdon\" class=\"key_formulaire-contact-bienne-et-yverdon\">\n<div class=\"wpcf7 no-js\" id=\"wpcf7-f3046-o1\" lang=\"fr-FR\" dir=\"ltr\">\n<div class=\"screen-reader-response\">\n<p role=\"status\" aria-live=\"polite\" aria-atomic=\"true\">\n<ul><\/ul>\n<\/div>\n<form action=\"\/it\/wp-json\/wp\/v2\/pages\/25130#wpcf7-f3046-o1\" method=\"post\" class=\"wpcf7-form init\" id=\"contact\" aria-label=\"Modulo di contatto\" novalidate=\"novalidate\" data-status=\"init\" data-trp-original-action=\"\/it\/wp-json\/wp\/v2\/pages\/25130#wpcf7-f3046-o1\">\n<div style=\"display: none;\">\n<input type=\"hidden\" name=\"_wpcf7\" value=\"3046\" \/><br \/>\n<input type=\"hidden\" name=\"_wpcf7_version\" value=\"5.9.8\" \/><br \/>\n<input type=\"hidden\" name=\"_wpcf7_locale\" value=\"fr_FR\" \/><br \/>\n<input type=\"hidden\" name=\"_wpcf7_unit_tag\" value=\"wpcf7-f3046-o1\" \/><br \/>\n<input type=\"hidden\" name=\"_wpcf7_container_post\" value=\"0\" \/><br \/>\n<input type=\"hidden\" name=\"_wpcf7_posted_data_hash\" value=\"\" \/><br \/>\n<input type=\"hidden\" name=\"_wpcf7cf_hidden_group_fields\" value=\"[]\" \/><br \/>\n<input type=\"hidden\" name=\"_wpcf7cf_hidden_groups\" value=\"[]\" \/><br \/>\n<input type=\"hidden\" name=\"_wpcf7cf_visible_groups\" value=\"[]\" \/><br \/>\n<input type=\"hidden\" name=\"_wpcf7cf_repeaters\" value=\"[]\" \/><br \/>\n<input type=\"hidden\" name=\"_wpcf7cf_steps\" value=\"{}\" \/><br \/>\n<input type=\"hidden\" name=\"_wpcf7cf_options\" value=\"{&quot;form_id&quot;:3046,&quot;conditions&quot;:[],&quot;settings&quot;:{&quot;animation&quot;:&quot;no&quot;,&quot;animation_intime&quot;:&quot;200&quot;,&quot;animation_outtime&quot;:&quot;200&quot;,&quot;conditions_ui&quot;:&quot;normal&quot;,&quot;notice_dismissed&quot;:&quot;&quot;}}\" \/><br \/>\n<input type=\"hidden\" name=\"_wpcf7dtx_version\" value=\"4.5.1\" \/><br \/>\n<input type=\"hidden\" name=\"_wpcf7_key\" value=\"formulaire-contact-bienne-et-yverdon\" \/><br \/>\n<input type=\"hidden\" name=\"_cf7sg_toggles\" value=\"\" \/><br \/>\n<input type=\"hidden\" name=\"_cf7sg_version\" value=\"4.15.8\" \/><br \/>\n<input type=\"hidden\" name=\"_wpnonce\" value=\"1b08bf5423\" \/><br \/>\n<input type=\"hidden\" name=\"_wpcf7_recaptcha_response\" value=\"\" \/>\n<\/div>\n<p><span id=\"wpcf7-69deb5f1f3493-wrapper\" class=\"wpcf7-form-control-wrap honeypot-310-wrap\" style=\"display:none !important; visibility:hidden !important;\"><input type=\"hidden\" name=\"honeypot-310-time-start\" value=\"1776203249\"><input type=\"hidden\" name=\"honeypot-310-time-check\" value=\"4\"><label for=\"wpcf7-69deb5f1f3493-field\" class=\"hp-message\">Lasciare questo campo vuoto.<\/label><input id=\"wpcf7-69deb5f1f3493-field\"  class=\"wpcf7-form-control wpcf7-text\" type=\"text\" name=\"honeypot-310\" value=\"\" size=\"40\" tabindex=\"-1\" autocomplete=\"new-password\" \/><\/span>\n<\/p>\n<div class=\"row flex-end\">\n<span class=\"wpcf7-form-control-wrap recipient-email\" data-name=\"recipient-email\"><input type=\"hidden\" name=\"recipient-email\" id=\"\" class=\"wpcf7-form-control wpcf7-hidden wpcf7dtx wpcf7dtx-hidden\" aria-invalid=\"false\" value=\"lead@fila-auto.ch\" \/><\/span><\/p>\n<div class=\"col-md-5\">\n<p>Nome<br \/>\n<span class=\"wpcf7-form-control-wrap\" data-name=\"nom\"><input size=\"40\" maxlength=\"400\" class=\"wpcf7-form-control wpcf7-text wpcf7-validates-as-required\" aria-required=\"true\" aria-invalid=\"false\" placeholder=\"Il vostro nome\" value=\"\" type=\"text\" name=\"nom\" \/><\/span>\n\t\t<\/p>\n<p>Nome<br \/>\n<span class=\"wpcf7-form-control-wrap\" data-name=\"prenom\"><input size=\"40\" maxlength=\"400\" class=\"wpcf7-form-control wpcf7-text wpcf7-validates-as-required\" aria-required=\"true\" aria-invalid=\"false\" placeholder=\"Il vostro nome di battesimo\" value=\"\" type=\"text\" name=\"prenom\" \/><\/span>\n\t\t<\/p>\n<p>Indirizzo e-mail<br \/>\n<span class=\"wpcf7-form-control-wrap\" data-name=\"email\"><input size=\"40\" maxlength=\"400\" class=\"wpcf7-form-control wpcf7-email wpcf7-validates-as-required wpcf7-text wpcf7-validates-as-email\" aria-required=\"true\" aria-invalid=\"false\" placeholder=\"Il tuo indirizzo e-mail\" value=\"\" type=\"email\" name=\"email\" \/><\/span>\n\t\t<\/p>\n<p>Numero di telefono<br \/>\n<span class=\"wpcf7-form-control-wrap\" data-name=\"telephone\"><input size=\"40\" maxlength=\"400\" class=\"wpcf7-form-control wpcf7-text wpcf7-validates-as-required\" aria-required=\"true\" aria-invalid=\"false\" placeholder=\"Il tuo numero\" value=\"\" type=\"text\" name=\"telephone\" \/><\/span>\n\t\t<\/p>\n<\/p><\/div>\n<div class=\"col-md-7\">\n<p>Quando volete essere richiamati?\n\t\t<\/p>\n<p><span class=\"wpcf7-form-control-wrap\" data-name=\"rappel\"><select class=\"wpcf7-form-control wpcf7-select wpcf7-validates-as-required\" aria-required=\"true\" aria-invalid=\"false\" name=\"rappel\"><option value=\"Matin\">Mattina<\/option><option value=\"Apr\u00e8s-midi\">Pomeriggio<\/option><\/select><\/span>\n\t\t<\/p>\n<p>Messaggio<br \/>\n<span class=\"wpcf7-form-control-wrap\" data-name=\"message\"><textarea cols=\"40\" rows=\"10\" maxlength=\"2000\" class=\"wpcf7-form-control wpcf7-textarea wpcf7-validates-as-required\" aria-required=\"true\" aria-invalid=\"false\" placeholder=\"Il vostro messaggio\" name=\"message\"><\/textarea><\/span>\n\t\t<\/p>\n<p><span class=\"mandatory-field\">*Campi obbligatori.<\/span>\n\t\t<\/p>\n<\/p><\/div>\n<\/div>\n<p><span class=\"wpcf7-form-control-wrap\" data-name=\"newsletter\"><span class=\"wpcf7-form-control wpcf7-acceptance optional\"><span class=\"wpcf7-list-item\"><label><input type=\"checkbox\" name=\"newsletter\" value=\"1\" aria-invalid=\"false\" \/><span class=\"wpcf7-list-item-label\">Autorizzo Fila a inviarmi le ultime novit\u00e0 e offerte. <a href=\"https:\/\/www.fila-groupe.ch\/it\/protezione-dei-dati-di-fila\/\" title=\"nlpd\" style=\"text-decoration: underline\">Per saperne di pi\u00f9<\/a><\/span><\/label><\/span><\/span><\/span>\n<\/p>\n<p><input class=\"wpcf7-form-control wpcf7-submit has-spinner\" type=\"submit\" value=\"Invia la mia richiesta\" \/>\n<\/p>\n<p><input type='hidden' class='wpcf7-pum' value='{\"closepopup\":false,\"closedelay\":0,\"openpopup\":false,\"openpopup_id\":0}' \/><\/p>\n<div class=\"wpcf7-response-output\" aria-hidden=\"true\"><\/div>\n<input type=\"hidden\" name=\"trp-form-language\" value=\"it\"\/><\/form>\n<\/div>\n<\/div>\n<\/div>\n<\/div>","protected":false},"excerpt":{"rendered":"<p>FILA YVERDON-LES-BAINS, ZWEI GARAGEN, DOPPELT SO VIEL AUSWAHL La sua officina a Yverdon-les-Bains \u00e8 situata a due indirizzi, per offrire un servizio di assistenza di massa in base alle marche. Un tecnico specializzato in Fiat, Fiat Professional, Abarth, Alfa Romeo e Jeep si trova presso la Chauss\u00e9e de Treycovagnes 7 per essere visitato. I suoi garage Toyota, Lexus, Mitsubishi e Dodge Ram si trovano presso la Chauss\u00e9e de Treycovagnes 13! I nostri specialisti FILA-Berater vi aiutano ad acquistare e\/o riparare i vostri veicoli. I nostri specialisti sono altamente qualificati e sono in sintonia con gli standard pi\u00f9 recenti e le nuove caratteristiche di ogni marchio, in modo che possiate essere certi di ottenere il miglior servizio possibile! Informazioni sui veicoli FILA a Yverdon Fiat - Fiat professional - Abarth - Alfa Romeo - Jeep Ch. de Treycovagnes 7 1400 Yverdon-les-Bains Tel: 024 447 27 27 Toyota \/ Lexus - Mitsubishi - Dogde Ram Ch. de Treycovagnes 13 1400 Yverdon-les-Bains Tel: 024 447 27 37 \u00d6ffnungszeiten...<\/p>","protected":false},"author":1,"featured_media":0,"parent":0,"menu_order":0,"comment_status":"closed","ping_status":"closed","template":"","meta":{"inline_featured_image":false,"footnotes":""},"class_list":["post-25130","page","type-page","status-publish","format-standard","hentry"],"yoast_head":"<!-- This site is optimized with the Yoast SEO plugin v24.2 - https:\/\/yoast.com\/wordpress\/plugins\/seo\/ -->\n<title>Ihre Garage in Yverdon -<\/title>\n<meta name=\"robots\" content=\"index, follow, max-snippet:-1, max-image-preview:large, max-video-preview:-1\" \/>\n<link rel=\"canonical\" href=\"https:\/\/www.fila-groupe.ch\/it\/ihre-garagem-em-yverdon\/\" \/>\n<meta property=\"og:locale\" content=\"it_IT\" \/>\n<meta property=\"og:type\" content=\"article\" \/>\n<meta property=\"og:title\" content=\"Ihre Garage in Yverdon -\" \/>\n<meta property=\"og:description\" content=\"FILA YVERDON-LES-BAINS, ZWEI GARAGEN, DOPPELT SO VIEL AUSWAHL Ihre Garage in Yverdon-les-Bains ist \u00fcber zwei Adressen verteilt, um Ihnen einen massgeschneiderten Service nach Marken anzubieten. Ein fachkundiges Fiat-, Fiat Professional-, Abarth-, Alfa Romeo- und Jeep-Personal steht Ihnen an der Chauss\u00e9e de Treycovagnes 7 zur Verf\u00fcgung. Ihre Toyota-, Lexus-, Mitsubishi- und Dodge Ram-Garage finden Sie an der Chauss\u00e9e de Treycovagnes 13! Ihre FILA-Berater erwarten Sie, um Sie beim Kauf und\/oder der Wartung Ihres Fahrzeugs zu begleiten. Unsere Spezialisten werden fortlaufend geschult, sie sind vertraut mit den neuesten Standards und Neuheiten jeder Marke, um Sie bestm\u00f6glich zu begleiten! Informationen \u00fcber Ihre FILA-Garagen in Yverdon Fiat &#8211; Fiat professional &#8211; Abarth &#8211; Alfa Romeo &#8211; Jeep Ch. de Treycovagnes 7 1400 Yverdon-les-Bains Tel:\u00a0 024 447 27 27 Toyota \/ Lexus &#8211; Mitsubishi &#8211; Dogde Ram Ch. de Treycovagnes 13 1400 Yverdon-les-Bains Tel:\u00a0 024 447 27 37 \u00d6ffnungszeiten...\" \/>\n<meta property=\"og:url\" content=\"https:\/\/www.fila-groupe.ch\/it\/ihre-garagem-em-yverdon\/\" \/>\n<meta property=\"article:modified_time\" content=\"2021-01-21T16:00:35+00:00\" \/>\n<meta property=\"og:image\" content=\"https:\/\/www.fila-groupe.ch\/wp-content\/uploads\/2020\/11\/Jeep-Yverdon.jpg\" \/>\n<meta name=\"twitter:card\" content=\"summary_large_image\" \/>\n<meta name=\"twitter:label1\" content=\"Tempo di lettura stimato\" \/>\n\t<meta name=\"twitter:data1\" content=\"1 minuto\" \/>\n<script type=\"application\/ld+json\" class=\"yoast-schema-graph\">{\"@context\":\"https:\/\/schema.org\",\"@graph\":[{\"@type\":\"WebPage\",\"@id\":\"https:\/\/www.fila-groupe.ch\/pt\/ihre-garagem-em-yverdon\/\",\"url\":\"https:\/\/www.fila-groupe.ch\/pt\/ihre-garagem-em-yverdon\/\",\"name\":\"Ihre Garage in Yverdon -\",\"isPartOf\":{\"@id\":\"https:\/\/www.fila-groupe.ch\/en\/#website\"},\"primaryImageOfPage\":{\"@id\":\"https:\/\/www.fila-groupe.ch\/pt\/ihre-garagem-em-yverdon\/#primaryimage\"},\"image\":{\"@id\":\"https:\/\/www.fila-groupe.ch\/pt\/ihre-garagem-em-yverdon\/#primaryimage\"},\"thumbnailUrl\":\"https:\/\/www.fila-groupe.ch\/wp-content\/uploads\/2020\/11\/Jeep-Yverdon.jpg\",\"datePublished\":\"2021-01-21T15:59:08+00:00\",\"dateModified\":\"2021-01-21T16:00:35+00:00\",\"breadcrumb\":{\"@id\":\"https:\/\/www.fila-groupe.ch\/pt\/ihre-garagem-em-yverdon\/#breadcrumb\"},\"inLanguage\":\"it-IT\",\"potentialAction\":[{\"@type\":\"ReadAction\",\"target\":[\"https:\/\/www.fila-groupe.ch\/pt\/ihre-garagem-em-yverdon\/\"]}]},{\"@type\":\"ImageObject\",\"inLanguage\":\"it-IT\",\"@id\":\"https:\/\/www.fila-groupe.ch\/pt\/ihre-garagem-em-yverdon\/#primaryimage\",\"url\":\"https:\/\/www.fila-groupe.ch\/wp-content\/uploads\/2020\/11\/Jeep-Yverdon.jpg\",\"contentUrl\":\"https:\/\/www.fila-groupe.ch\/wp-content\/uploads\/2020\/11\/Jeep-Yverdon.jpg\"},{\"@type\":\"BreadcrumbList\",\"@id\":\"https:\/\/www.fila-groupe.ch\/pt\/ihre-garagem-em-yverdon\/#breadcrumb\",\"itemListElement\":[{\"@type\":\"ListItem\",\"position\":1,\"name\":\"Accueil\",\"item\":\"https:\/\/www.fila-groupe.ch\/\"},{\"@type\":\"ListItem\",\"position\":2,\"name\":\"Ihre Garage in Yverdon\"}]},{\"@type\":\"WebSite\",\"@id\":\"https:\/\/www.fila-groupe.ch\/en\/#website\",\"url\":\"https:\/\/www.fila-groupe.ch\/en\/\",\"name\":\"\",\"description\":\"\",\"potentialAction\":[{\"@type\":\"SearchAction\",\"target\":{\"@type\":\"EntryPoint\",\"urlTemplate\":\"https:\/\/www.fila-groupe.ch\/en\/?s={search_term_string}\"},\"query-input\":{\"@type\":\"PropertyValueSpecification\",\"valueRequired\":true,\"valueName\":\"search_term_string\"}}],\"inLanguage\":\"it-IT\"}]}<\/script>\n<!-- \/ Yoast SEO plugin. -->","yoast_head_json":{"title":"Ihre Garage in Yverdon -","robots":{"index":"index","follow":"follow","max-snippet":"max-snippet:-1","max-image-preview":"max-image-preview:large","max-video-preview":"max-video-preview:-1"},"canonical":"https:\/\/www.fila-groupe.ch\/it\/ihre-garagem-em-yverdon\/","og_locale":"it_IT","og_type":"article","og_title":"Ihre Garage in Yverdon -","og_description":"FILA YVERDON-LES-BAINS, ZWEI GARAGEN, DOPPELT SO VIEL AUSWAHL Ihre Garage in Yverdon-les-Bains ist \u00fcber zwei Adressen verteilt, um Ihnen einen massgeschneiderten Service nach Marken anzubieten. Ein fachkundiges Fiat-, Fiat Professional-, Abarth-, Alfa Romeo- und Jeep-Personal steht Ihnen an der Chauss\u00e9e de Treycovagnes 7 zur Verf\u00fcgung. Ihre Toyota-, Lexus-, Mitsubishi- und Dodge Ram-Garage finden Sie an der Chauss\u00e9e de Treycovagnes 13! Ihre FILA-Berater erwarten Sie, um Sie beim Kauf und\/oder der Wartung Ihres Fahrzeugs zu begleiten. Unsere Spezialisten werden fortlaufend geschult, sie sind vertraut mit den neuesten Standards und Neuheiten jeder Marke, um Sie bestm\u00f6glich zu begleiten! Informationen \u00fcber Ihre FILA-Garagen in Yverdon Fiat &#8211; Fiat professional &#8211; Abarth &#8211; Alfa Romeo &#8211; Jeep Ch. de Treycovagnes 7 1400 Yverdon-les-Bains Tel:\u00a0 024 447 27 27 Toyota \/ Lexus &#8211; Mitsubishi &#8211; Dogde Ram Ch. de Treycovagnes 13 1400 Yverdon-les-Bains Tel:\u00a0 024 447 27 37 \u00d6ffnungszeiten...","og_url":"https:\/\/www.fila-groupe.ch\/it\/ihre-garagem-em-yverdon\/","article_modified_time":"2021-01-21T16:00:35+00:00","og_image":[{"url":"https:\/\/www.fila-groupe.ch\/wp-content\/uploads\/2020\/11\/Jeep-Yverdon.jpg","type":"","width":"","height":""}],"twitter_card":"summary_large_image","twitter_misc":{"Tempo di lettura stimato":"1 minuto"},"schema":{"@context":"https:\/\/schema.org","@graph":[{"@type":"WebPage","@id":"https:\/\/www.fila-groupe.ch\/pt\/ihre-garagem-em-yverdon\/","url":"https:\/\/www.fila-groupe.ch\/pt\/ihre-garagem-em-yverdon\/","name":"Ihre Garage in Yverdon -","isPartOf":{"@id":"https:\/\/www.fila-groupe.ch\/en\/#website"},"primaryImageOfPage":{"@id":"https:\/\/www.fila-groupe.ch\/pt\/ihre-garagem-em-yverdon\/#primaryimage"},"image":{"@id":"https:\/\/www.fila-groupe.ch\/pt\/ihre-garagem-em-yverdon\/#primaryimage"},"thumbnailUrl":"https:\/\/www.fila-groupe.ch\/wp-content\/uploads\/2020\/11\/Jeep-Yverdon.jpg","datePublished":"2021-01-21T15:59:08+00:00","dateModified":"2021-01-21T16:00:35+00:00","breadcrumb":{"@id":"https:\/\/www.fila-groupe.ch\/pt\/ihre-garagem-em-yverdon\/#breadcrumb"},"inLanguage":"it-IT","potentialAction":[{"@type":"ReadAction","target":["https:\/\/www.fila-groupe.ch\/pt\/ihre-garagem-em-yverdon\/"]}]},{"@type":"ImageObject","inLanguage":"it-IT","@id":"https:\/\/www.fila-groupe.ch\/pt\/ihre-garagem-em-yverdon\/#primaryimage","url":"https:\/\/www.fila-groupe.ch\/wp-content\/uploads\/2020\/11\/Jeep-Yverdon.jpg","contentUrl":"https:\/\/www.fila-groupe.ch\/wp-content\/uploads\/2020\/11\/Jeep-Yverdon.jpg"},{"@type":"BreadcrumbList","@id":"https:\/\/www.fila-groupe.ch\/pt\/ihre-garagem-em-yverdon\/#breadcrumb","itemListElement":[{"@type":"ListItem","position":1,"name":"Accueil","item":"https:\/\/www.fila-groupe.ch\/"},{"@type":"ListItem","position":2,"name":"Ihre Garage in Yverdon"}]},{"@type":"WebSite","@id":"https:\/\/www.fila-groupe.ch\/en\/#website","url":"https:\/\/www.fila-groupe.ch\/en\/","name":"","description":"","potentialAction":[{"@type":"SearchAction","target":{"@type":"EntryPoint","urlTemplate":"https:\/\/www.fila-groupe.ch\/en\/?s={search_term_string}"},"query-input":{"@type":"PropertyValueSpecification","valueRequired":true,"valueName":"search_term_string"}}],"inLanguage":"it-IT"}]}},"_links":{"self":[{"href":"https:\/\/www.fila-groupe.ch\/it\/wp-json\/wp\/v2\/pages\/25130"}],"collection":[{"href":"https:\/\/www.fila-groupe.ch\/it\/wp-json\/wp\/v2\/pages"}],"about":[{"href":"https:\/\/www.fila-groupe.ch\/it\/wp-json\/wp\/v2\/types\/page"}],"author":[{"embeddable":true,"href":"https:\/\/www.fila-groupe.ch\/it\/wp-json\/wp\/v2\/users\/1"}],"replies":[{"embeddable":true,"href":"https:\/\/www.fila-groupe.ch\/it\/wp-json\/wp\/v2\/comments?post=25130"}],"version-history":[{"count":0,"href":"https:\/\/www.fila-groupe.ch\/it\/wp-json\/wp\/v2\/pages\/25130\/revisions"}],"wp:attachment":[{"href":"https:\/\/www.fila-groupe.ch\/it\/wp-json\/wp\/v2\/media?parent=25130"}],"curies":[{"name":"wp","href":"https:\/\/api.w.org\/{rel}","templated":true}]}}