{"id":51409,"date":"2021-02-16T16:11:09","date_gmt":"2021-02-16T15:11:09","guid":{"rendered":"https:\/\/www.fila-groupe.ch\/?page_id=51409"},"modified":"2021-02-16T16:12:38","modified_gmt":"2021-02-16T15:12:38","slug":"datenschutz-fila","status":"publish","type":"page","link":"https:\/\/www.fila-groupe.ch\/it\/protezione-dei-dati-fila\/","title":{"rendered":"PROTEZIONE DEI DATI - FILA"},"content":{"rendered":"<h2>Che cosa ha fatto FILA per ottenere i suoi dati personali?<\/h2>\n<p>Im Bestreben, die Privatsph\u00e4re seiner Kunden zu sch\u00fctzen, ergreift FILA die am besten geeigneten Massnahmen, um der am 25. Mai 2018 in Kraft getretenen Datenschutz-Grundverordnung (DSGVO) der Europ\u00e4ischen Union und den gesetzlichen Bestimmungen des Bundesamtes f\u00fcr Justiz (BJ) nachzukommen.<\/p>\n<p>Con dieser Charta, vi informiamo, in particolare, su quali dati abbiamo raccolto, su come tali informazioni vengono utilizzate e su quali possibilit\u00e0 avete di informarci sulle vostre preferenze in merito all'utilizzo e al trattamento dei dati.<\/p>\n<h2>Quali dati saranno conservati e per quali scopi?<\/h2>\n<p>FILA erhebt einige Ihrer personenbezogenen Daten, haupts\u00e4chlich im Rahmen unser Gesch\u00e4ftsbeziehungen wie:<\/p>\n<ul>\n<li aria-level=\"1\">L'acquisto di un veicolo, di un'autovettura o di un'occasione<\/li>\n<li aria-level=\"1\">L'ingresso in officina per il servizio, per il lavoro, per la carrozzeria e per l'acquisto di prodotti alimentari.<\/li>\n<li aria-level=\"1\">La sua partecipazione ai miglioramenti dei marchi da noi venduti e agli interventi per migliorare il nostro servizio.<\/li>\n<\/ul>\n<p>Noi cerchiamo solo i dati, che sono necessari per la funzionalit\u00e0 della nostra attivit\u00e0, e non solo:<\/p>\n<ul>\n<li aria-level=\"1\">Den Vor- und Nachnamen<\/li>\n<li aria-level=\"1\">Il calendario delle nascite<\/li>\n<li aria-level=\"1\">La posta elettronica<\/li>\n<li aria-level=\"1\">Indirizzo e-mail<\/li>\n<li aria-level=\"1\">I numeri di telefono cellulare e di telefono fisso<\/li>\n<\/ul>\n<p>&nbsp;<\/p>\n<p>Altri dati, che possono essere utilizzati per scopi specifici, sono stati classificati come dati ausdr\u00fccklich.<\/p>\n<p>Se visitate il nostro sito web www.fila-group.ch, registratevi in modo sicuro:<\/p>\n<ul>\n<li aria-level=\"1\">L'indirizzo IP dei computer anfragenden<\/li>\n<li aria-level=\"1\">Il dato e l'ora in cui \u00e8 avvenuto lo scambio di informazioni<\/li>\n<li aria-level=\"1\">Il nome e l'URL dei dati modificati<\/li>\n<li aria-level=\"1\">Il sito web, da cui \u00e8 stato creato il nostro dominio<\/li>\n<li aria-level=\"1\">Il sistema di navigazione del computer e il browser utilizzato da quest'ultimo<\/li>\n<li aria-level=\"1\">Das Land, von dem aus der Zugriff auf unsere Website erfolgt<\/li>\n<li aria-level=\"1\">Il nome del suo Internetzugangsanbieters.<\/li>\n<\/ul>\n<p>La raccolta e l'elaborazione dei dati avvengono in modo anonimo e senza alcuno scambio di persona, per consentire l'utilizzo del sito web (creazione del legame), la sicurezza e la stabilit\u00e0 dei sistemi e l'ottimizzazione dell'accesso a Internet; e per le statistiche. Le informazioni di cui sopra sono da intendersi con dati personali e non con dati personali.<\/p>\n<h2>Perch\u00e9 ci vengono comunicati i dati personali?<\/h2>\n<p>I vostri dati personali saranno utilizzati in relazione ai nostri rapporti contrattuali e commerciali:<\/p>\n<ul>\n<li aria-level=\"1\">Per la gestione dei contatti con i clienti da parte di FILA, per contattare i clienti non solo per i servizi periodici ma anche per le richieste di risarcimento da parte dei venditori.<\/li>\n<li aria-level=\"1\">Per la gestione dei clienti attraverso i marchi, che abbiamo in collaborazione, nonch\u00e9 per la gestione delle garanzie e la garanzia della durata di vita dei loro veicoli.<\/li>\n<li aria-level=\"1\">Per la collaborazione commerciale con i clienti, attraverso l'invio della nostra newsletter, le offerte, le promozioni e le partecipazioni a eventi.<\/li>\n<\/ul>\n<p>FILA si impegna a non utilizzare i propri dati personali per altri, come quelli indicati nella Carta, e a non utilizzarli per altri, come quelli indicati nella Carta stessa.<\/p>\n<h2>Chi sono i responsabili dei dati personali?<\/h2>\n<p>Nel riquadro delle Zwecke angolari si trovano gli autori dei loro dati, i dipendenti di FILA, gli importatori e i venditori di marchi venduti da noi.<\/p>\n<p>Le persone, che devono fornire i propri dati, sono soggette ai principi del trattamento dei dati personali nel quadro del diritto svizzero e della legge sulla protezione dei dati (DSGVO) dell'Unione europea.<\/p>\n<p>Se FILA einen Unterauftragnehmer f\u00fcr Arbeiten oder Dienstleistungen an Ihrem Fahrzeug hinzuzieht, stellt FILA sicher, dass dieser ausreichende Garantien f\u00fcr den Schutz Ihrer Rechte bietet.<\/p>\n<h2>Quali sono le condizioni di sicurezza per i dati personali?<\/h2>\n<p>Die Aufbewahrungsdauer Ihrer personenbezogenen Daten entspricht der Dauer der Gesch\u00e4ftsbeziehung unserer T\u00e4tigkeiten mit Ihnen von der Akquisition bis zum Verkauf sowie w\u00e4hrend des gesamten Zeitraums, in dem Sie unseren Kundendienst in Anspruch nehmen.<\/p>\n<p>Sie kann f\u00fcr eine begrenzte Anzecken von Zwecken, wie f\u00fcr den Abrechnungszyklus, die Einhaltung gesetzlicher, steuerlicher und\/oder vertraglicher Anforderungen, auch im Falle der internen Revision fortgesetzt werden.<\/p>\n<h2>Perch\u00e9 utilizziamo cookie e strumenti di tracciamento?<\/h2>\n<p>Il cookie \u00e8 un semplice dato di testo, che pu\u00f2 essere visualizzato o cancellato su un dispositivo fisso o mobile, in alcuni casi anche nel browser.<\/p>\n<p>Il cookie \u00e8 inutile, anzi impossibile, per chi naviga in Internet, in quanto consente di bloccare i siti web:<\/p>\n<ul>\n<li aria-level=\"1\">Migliorare l'efficienza del proprio sito web<\/li>\n<li aria-level=\"1\">I clienti di Internet hanno la possibilit\u00e0 di ottenere un migliore Surferlebnis.<\/li>\n<\/ul>\n<p>Queste informazioni vengono memorizzate sul vostro computer per un anno. Avete la possibilit\u00e0 di impostare il vostro browser in modo da disabilitare l'uso dei cookie.<\/p>\n<p>Questo sito web utilizza Google Analytics, un servizio di analisi web fornito da Google Inc (www.google.com). Google Analytics utilizza metodi che consentono di analizzare l'utilizzo del sito web, come ad esempio i cookie (vedi sopra \"Cookie\"). Le informazioni sull'utilizzo del sito web vengono normalmente trasmesse a un server di Google negli Stati Uniti, dove vengono memorizzate.<\/p>\n<p>Le informazioni saranno utilizzate per analizzare l'utilizzo del sito web, compilare report sulle attivit\u00e0 del sito web e fornire altri servizi legati all'utilizzo del sito web e alla connettivit\u00e0 Internet.<\/p>\n<p>Gli utenti potranno impedire che i dati generati dal cookie e il loro utilizzo del sito web (compreso il loro indirizzo IP) vengano inviati a Google e che i dati vengano elaborati da Google, a condizione che abbiano installato e installato il plug-in del browser utilizzando il link sottostante: <a target=\"_blank\" href=\"http:\/\/tools.google.com\/dlpage\/gaoptout\" rel=\"noopener\">http:\/\/tools.google.com\/dlpage\/gaoptout<\/a><\/p>\n<h2>Su quali diritti si basa la protezione dei suoi dati personali?<\/h2>\n<ul>\n<li aria-level=\"1\"><b>Il diritto in materia di concorrenza<\/b>Se i suoi dati personali nella nostra relazione non sono o non sono pi\u00f9 ben noti, pu\u00f2 verificare che non vengano pi\u00f9 elaborati.<\/li>\n<li aria-level=\"1\"><b>Diritto in materia di accesso e di comunicazione<\/b>\u00c8 sempre possibile accedere ai propri dati personali e segnalare il loro trattamento.<\/li>\n<li aria-level=\"1\"><b>Diritto in materia di lavoro a domicilio<\/b>Potete informarci in merito alla verifica del lavoro per le azioni specifiche.<\/li>\n<li aria-level=\"1\"><b>Diritto all'integrit\u00e0 dei dati personali<\/b>Potete sempre inviarci una copia dei dati che abbiamo memorizzato. \u00c8 possibile inviare i dati alla persona che li ha ricevuti.<\/li>\n<\/ul>\n<p>&nbsp;<\/p>\n<p>Per rendere pi\u00f9 semplice l'applicazione di queste regole, inviate la vostra richiesta direttamente a Fila-group.ch.<\/p>","protected":false},"excerpt":{"rendered":"<p>Che cosa impedisce a FILA di ottenere i suoi dati personali? Im Bestreben, die Privatsph\u00e4re seiner Kunden zu sch\u00fctzen, ergreift FILA die am besten geeigneten Massnahmen, um der am 25. Mai 2018 in Kraft getretenen Datenschutz-Grundverordnung (DSGVO) der Europ\u00e4ischen Union und den gesetzlichen Bestimmungen des Bundesamtes f\u00fcr Justiz (BJ) nachzukommen. Con la presente Carta desideriamo informarvi su quali dati raccogliamo, come vengono utilizzati e quali possibilit\u00e0 avete di comunicarci le vostre preferenze in merito all'utilizzo e al trattamento di tali dati. Quali dati vengono memorizzati e per quali scopi? FILA conserva alcuni dei vostri dati personali, soprattutto in relazione ai nostri rapporti commerciali, come ad esempio: L'acquisto di un veicolo, di un'auto nuova o di un'occasione L'ingresso in un'officina per il servizio, per il lavoro, per la carrozzeria e per l'acquisto di prodotti alimentari L'adesione a iniziative di fidelizzazione su marchi da noi rivenduti e a iniziative di miglioramento...<\/p>","protected":false},"author":1,"featured_media":0,"parent":0,"menu_order":0,"comment_status":"closed","ping_status":"closed","template":"","meta":{"inline_featured_image":false,"footnotes":""},"class_list":["post-51409","page","type-page","status-publish","format-standard","hentry"],"yoast_head":"<!-- This site is optimized with the Yoast SEO plugin v24.2 - https:\/\/yoast.com\/wordpress\/plugins\/seo\/ -->\n<title>DATENSCHUTZ \u2013 FILA -<\/title>\n<meta name=\"robots\" content=\"index, follow, max-snippet:-1, max-image-preview:large, max-video-preview:-1\" \/>\n<link rel=\"canonical\" href=\"https:\/\/www.fila-groupe.ch\/it\/protezione-dei-dati-fila\/\" \/>\n<meta property=\"og:locale\" content=\"it_IT\" \/>\n<meta property=\"og:type\" content=\"article\" \/>\n<meta property=\"og:title\" content=\"DATENSCHUTZ \u2013 FILA -\" \/>\n<meta property=\"og:description\" content=\"Was unternimmt FILA, um Ihre personenbezogenen Daten zu sch\u00fctzen? Im Bestreben, die Privatsph\u00e4re seiner Kunden zu sch\u00fctzen, ergreift FILA die am besten geeigneten Massnahmen, um der am 25. Mai 2018 in Kraft getretenen Datenschutz-Grundverordnung (DSGVO) der Europ\u00e4ischen Union und den gesetzlichen Bestimmungen des Bundesamtes f\u00fcr Justiz (BJ) nachzukommen. Mit dieser Charta m\u00f6chten wir Sie dar\u00fcber informieren, welche Daten wir erfassen, wie diese Informationen verwendet werden und welche M\u00f6glichkeiten Sie haben, uns \u00fcber Ihre Pr\u00e4ferenzen hinsichtlich der Verwendung und Verarbeitung dieser Daten zu informieren. Welche Daten werden erfasst und bei welchen Gelegenheiten? FILA erhebt einige Ihrer personenbezogenen Daten, haupts\u00e4chlich im Rahmen unserer Gesch\u00e4ftsbeziehungen wie: Den Kauf Ihres Fahrzeugs, Neuwagen oder Occasion Den Besuch in der Werkstatt f\u00fcr den Service, f\u00fcr die Arbeiten, f\u00fcr die Karosserie sowie f\u00fcr den Kauf von Zubeh\u00f6r Ihre Teilnahme an Zufriedenheitsumfragen der von uns vertretenen Marken sowie an Umfragen zur Verbesserung...\" \/>\n<meta property=\"og:url\" content=\"https:\/\/www.fila-groupe.ch\/it\/protezione-dei-dati-fila\/\" \/>\n<meta property=\"article:modified_time\" content=\"2021-02-16T15:12:38+00:00\" \/>\n<meta name=\"twitter:card\" content=\"summary_large_image\" \/>\n<meta name=\"twitter:label1\" content=\"Tempo di lettura stimato\" \/>\n\t<meta name=\"twitter:data1\" content=\"5 minuti\" \/>\n<script type=\"application\/ld+json\" class=\"yoast-schema-graph\">{\"@context\":\"https:\/\/schema.org\",\"@graph\":[{\"@type\":\"WebPage\",\"@id\":\"https:\/\/www.fila-groupe.ch\/datenschutz-fila\/\",\"url\":\"https:\/\/www.fila-groupe.ch\/datenschutz-fila\/\",\"name\":\"DATENSCHUTZ \u2013 FILA -\",\"isPartOf\":{\"@id\":\"https:\/\/www.fila-groupe.ch\/en\/#website\"},\"datePublished\":\"2021-02-16T15:11:09+00:00\",\"dateModified\":\"2021-02-16T15:12:38+00:00\",\"breadcrumb\":{\"@id\":\"https:\/\/www.fila-groupe.ch\/datenschutz-fila\/#breadcrumb\"},\"inLanguage\":\"it-IT\",\"potentialAction\":[{\"@type\":\"ReadAction\",\"target\":[\"https:\/\/www.fila-groupe.ch\/datenschutz-fila\/\"]}]},{\"@type\":\"BreadcrumbList\",\"@id\":\"https:\/\/www.fila-groupe.ch\/datenschutz-fila\/#breadcrumb\",\"itemListElement\":[{\"@type\":\"ListItem\",\"position\":1,\"name\":\"Accueil\",\"item\":\"https:\/\/www.fila-groupe.ch\/\"},{\"@type\":\"ListItem\",\"position\":2,\"name\":\"DATENSCHUTZ \u2013 FILA\"}]},{\"@type\":\"WebSite\",\"@id\":\"https:\/\/www.fila-groupe.ch\/en\/#website\",\"url\":\"https:\/\/www.fila-groupe.ch\/en\/\",\"name\":\"\",\"description\":\"\",\"potentialAction\":[{\"@type\":\"SearchAction\",\"target\":{\"@type\":\"EntryPoint\",\"urlTemplate\":\"https:\/\/www.fila-groupe.ch\/en\/?s={search_term_string}\"},\"query-input\":{\"@type\":\"PropertyValueSpecification\",\"valueRequired\":true,\"valueName\":\"search_term_string\"}}],\"inLanguage\":\"it-IT\"}]}<\/script>\n<!-- \/ Yoast SEO plugin. -->","yoast_head_json":{"title":"DATENSCHUTZ \u2013 FILA -","robots":{"index":"index","follow":"follow","max-snippet":"max-snippet:-1","max-image-preview":"max-image-preview:large","max-video-preview":"max-video-preview:-1"},"canonical":"https:\/\/www.fila-groupe.ch\/it\/protezione-dei-dati-fila\/","og_locale":"it_IT","og_type":"article","og_title":"DATENSCHUTZ \u2013 FILA -","og_description":"Was unternimmt FILA, um Ihre personenbezogenen Daten zu sch\u00fctzen? Im Bestreben, die Privatsph\u00e4re seiner Kunden zu sch\u00fctzen, ergreift FILA die am besten geeigneten Massnahmen, um der am 25. Mai 2018 in Kraft getretenen Datenschutz-Grundverordnung (DSGVO) der Europ\u00e4ischen Union und den gesetzlichen Bestimmungen des Bundesamtes f\u00fcr Justiz (BJ) nachzukommen. Mit dieser Charta m\u00f6chten wir Sie dar\u00fcber informieren, welche Daten wir erfassen, wie diese Informationen verwendet werden und welche M\u00f6glichkeiten Sie haben, uns \u00fcber Ihre Pr\u00e4ferenzen hinsichtlich der Verwendung und Verarbeitung dieser Daten zu informieren. Welche Daten werden erfasst und bei welchen Gelegenheiten? FILA erhebt einige Ihrer personenbezogenen Daten, haupts\u00e4chlich im Rahmen unserer Gesch\u00e4ftsbeziehungen wie: Den Kauf Ihres Fahrzeugs, Neuwagen oder Occasion Den Besuch in der Werkstatt f\u00fcr den Service, f\u00fcr die Arbeiten, f\u00fcr die Karosserie sowie f\u00fcr den Kauf von Zubeh\u00f6r Ihre Teilnahme an Zufriedenheitsumfragen der von uns vertretenen Marken sowie an Umfragen zur Verbesserung...","og_url":"https:\/\/www.fila-groupe.ch\/it\/protezione-dei-dati-fila\/","article_modified_time":"2021-02-16T15:12:38+00:00","twitter_card":"summary_large_image","twitter_misc":{"Tempo di lettura stimato":"5 minuti"},"schema":{"@context":"https:\/\/schema.org","@graph":[{"@type":"WebPage","@id":"https:\/\/www.fila-groupe.ch\/datenschutz-fila\/","url":"https:\/\/www.fila-groupe.ch\/datenschutz-fila\/","name":"DATENSCHUTZ \u2013 FILA -","isPartOf":{"@id":"https:\/\/www.fila-groupe.ch\/en\/#website"},"datePublished":"2021-02-16T15:11:09+00:00","dateModified":"2021-02-16T15:12:38+00:00","breadcrumb":{"@id":"https:\/\/www.fila-groupe.ch\/datenschutz-fila\/#breadcrumb"},"inLanguage":"it-IT","potentialAction":[{"@type":"ReadAction","target":["https:\/\/www.fila-groupe.ch\/datenschutz-fila\/"]}]},{"@type":"BreadcrumbList","@id":"https:\/\/www.fila-groupe.ch\/datenschutz-fila\/#breadcrumb","itemListElement":[{"@type":"ListItem","position":1,"name":"Accueil","item":"https:\/\/www.fila-groupe.ch\/"},{"@type":"ListItem","position":2,"name":"DATENSCHUTZ \u2013 FILA"}]},{"@type":"WebSite","@id":"https:\/\/www.fila-groupe.ch\/en\/#website","url":"https:\/\/www.fila-groupe.ch\/en\/","name":"","description":"","potentialAction":[{"@type":"SearchAction","target":{"@type":"EntryPoint","urlTemplate":"https:\/\/www.fila-groupe.ch\/en\/?s={search_term_string}"},"query-input":{"@type":"PropertyValueSpecification","valueRequired":true,"valueName":"search_term_string"}}],"inLanguage":"it-IT"}]}},"_links":{"self":[{"href":"https:\/\/www.fila-groupe.ch\/it\/wp-json\/wp\/v2\/pages\/51409"}],"collection":[{"href":"https:\/\/www.fila-groupe.ch\/it\/wp-json\/wp\/v2\/pages"}],"about":[{"href":"https:\/\/www.fila-groupe.ch\/it\/wp-json\/wp\/v2\/types\/page"}],"author":[{"embeddable":true,"href":"https:\/\/www.fila-groupe.ch\/it\/wp-json\/wp\/v2\/users\/1"}],"replies":[{"embeddable":true,"href":"https:\/\/www.fila-groupe.ch\/it\/wp-json\/wp\/v2\/comments?post=51409"}],"version-history":[{"count":0,"href":"https:\/\/www.fila-groupe.ch\/it\/wp-json\/wp\/v2\/pages\/51409\/revisions"}],"wp:attachment":[{"href":"https:\/\/www.fila-groupe.ch\/it\/wp-json\/wp\/v2\/media?parent=51409"}],"curies":[{"name":"wp","href":"https:\/\/api.w.org\/{rel}","templated":true}]}}