{"id":83361,"date":"2022-09-07T10:37:27","date_gmt":"2022-09-07T08:37:27","guid":{"rendered":"https:\/\/www.fila-groupe.ch\/?page_id=83361"},"modified":"2024-05-15T16:20:39","modified_gmt":"2024-05-15T14:20:39","slug":"nous-rachetons-votre-vehicule","status":"publish","type":"page","link":"https:\/\/www.fila-groupe.ch\/it\/riacquistiamo-il-vostro-veicolo\/","title":{"rendered":"Riacquistiamo il vostro veicolo"},"content":{"rendered":"<style>\n<p>.fullwidthbanner-container .fullwidthbanner ul{display:block !important;}<br \/>\n#header-slide-1{background:url(\"https:\/\/www.fila-groupe.ch\/wp-content\/uploads\/2022\/04\/header.jpg\") !important; background-size:cover !important;min-height:200px}<br \/>\n#header-slide-1 img{display:none !important}<br \/>\n<\/style>\n<h2 style=\"text-align: center; font-weight: bold; text-transform: uppercase; font-size: 2em;\">Offerta speciale fino al 30 novembre 2022<\/h2>\n<h3 style=\"text-align: center; font-weight: bold; text-transform: uppercase; font-size: 2.2em !important; color: #d50527;\">Beneficiate di un vantaggio fino a 10% sul valore di acquisto<\/h3>\n<div class=\"row\">\n<div class=\"container\" style=\"max-width: var(--max-cf7sg-form-width,940px);\">\n<div class=\"header-icon\"><img loading=\"lazy\" decoding=\"async\" class=\"alignnone wp-image-990 size-thumbnail\" src=\"https:\/\/www.fila-groupe.ch\/wp-content\/uploads\/2022\/04\/picto_rachat.png\" alt=\"\" width=\"38\" height=\"38\" \/><\/p>\n<h2 class=\"h2-page\" style=\"font-size: 35px !important;\">Riacquisto di veicoli<\/h2>\n<\/div>\n<p>Volete vendere la vostra auto? Non potrebbe essere pi\u00f9 facile, basta compilare il modulo sottostante per ottenere un rapido preventivo.<\/p>\n<\/div>\n<\/div>\n<p>&nbsp;<\/p>\n<h2 class=\"h2-page\" style=\"font-size: 35px !important; text-align: center;\"><span style=\"color: #ff0000;\">OFFERTA SCADUTA<\/span><\/h2>\n<div class=\"row\"><!-- form [cf7form cf7key=\"rachat_vehicule\"] form --><\/div>","protected":false},"excerpt":{"rendered":"<p>Offerta speciale fino al 30 novembre 2022 Approfittate fino a 10% sul valore di acquisto Riacquisto del veicolo Volete vendere la vostra auto? Non potrebbe essere pi\u00f9 facile: compilate il modulo sottostante per ottenere un rapido preventivo.   OFFERTA SCADUTA<\/p>","protected":false},"author":2,"featured_media":83364,"parent":0,"menu_order":0,"comment_status":"closed","ping_status":"closed","template":"","meta":{"inline_featured_image":false,"footnotes":""},"class_list":["post-83361","page","type-page","status-publish","format-standard","has-post-thumbnail","hentry"],"yoast_head":"<!-- This site is optimized with the Yoast SEO plugin v24.2 - https:\/\/yoast.com\/wordpress\/plugins\/seo\/ -->\n<title>Rachat de v\u00e9hicule \u00e0 Yverdon et Bienne - Fila Groupe<\/title>\n<meta name=\"description\" content=\"Vous souhaitez vendre votre voiture ? Remplissez d\u00e8s \u00e0 pr\u00e9sent notre formulaire pour obtenir rapidement une estimation.\" \/>\n<meta name=\"robots\" content=\"index, follow, max-snippet:-1, max-image-preview:large, max-video-preview:-1\" \/>\n<link rel=\"canonical\" href=\"https:\/\/www.fila-groupe.ch\/it\/recompramos-su-vehiculo\/\" \/>\n<meta property=\"og:locale\" content=\"it_IT\" \/>\n<meta property=\"og:type\" content=\"article\" \/>\n<meta property=\"og:title\" content=\"Rachat de v\u00e9hicule \u00e0 Yverdon et Bienne - Fila Groupe\" \/>\n<meta property=\"og:description\" content=\"Vous souhaitez vendre votre voiture ? Remplissez d\u00e8s \u00e0 pr\u00e9sent notre formulaire pour obtenir rapidement une estimation.\" \/>\n<meta property=\"og:url\" content=\"https:\/\/www.fila-groupe.ch\/it\/recompramos-su-vehiculo\/\" \/>\n<meta property=\"article:modified_time\" content=\"2024-05-15T14:20:39+00:00\" \/>\n<meta property=\"og:image\" content=\"https:\/\/www.fila-groupe.ch\/wp-content\/uploads\/2022\/04\/header.jpg\" \/>\n\t<meta property=\"og:image:width\" content=\"2000\" \/>\n\t<meta property=\"og:image:height\" content=\"536\" \/>\n\t<meta property=\"og:image:type\" content=\"image\/jpeg\" \/>\n<meta name=\"twitter:card\" content=\"summary_large_image\" \/>\n<script type=\"application\/ld+json\" class=\"yoast-schema-graph\">{\"@context\":\"https:\/\/schema.org\",\"@graph\":[{\"@type\":\"WebPage\",\"@id\":\"https:\/\/www.fila-groupe.ch\/es\/recompramos-su-vehiculo\/\",\"url\":\"https:\/\/www.fila-groupe.ch\/es\/recompramos-su-vehiculo\/\",\"name\":\"Rachat de v\u00e9hicule \u00e0 Yverdon et Bienne - Fila Groupe\",\"isPartOf\":{\"@id\":\"https:\/\/www.fila-groupe.ch\/en\/#website\"},\"primaryImageOfPage\":{\"@id\":\"https:\/\/www.fila-groupe.ch\/es\/recompramos-su-vehiculo\/#primaryimage\"},\"image\":{\"@id\":\"https:\/\/www.fila-groupe.ch\/es\/recompramos-su-vehiculo\/#primaryimage\"},\"thumbnailUrl\":\"https:\/\/www.fila-groupe.ch\/wp-content\/uploads\/2022\/04\/header.jpg\",\"datePublished\":\"2022-09-07T08:37:27+00:00\",\"dateModified\":\"2024-05-15T14:20:39+00:00\",\"description\":\"Vous souhaitez vendre votre voiture ? Remplissez d\u00e8s \u00e0 pr\u00e9sent notre formulaire pour obtenir rapidement une estimation.\",\"breadcrumb\":{\"@id\":\"https:\/\/www.fila-groupe.ch\/es\/recompramos-su-vehiculo\/#breadcrumb\"},\"inLanguage\":\"it-IT\",\"potentialAction\":[{\"@type\":\"ReadAction\",\"target\":[\"https:\/\/www.fila-groupe.ch\/es\/recompramos-su-vehiculo\/\"]}]},{\"@type\":\"ImageObject\",\"inLanguage\":\"it-IT\",\"@id\":\"https:\/\/www.fila-groupe.ch\/es\/recompramos-su-vehiculo\/#primaryimage\",\"url\":\"https:\/\/www.fila-groupe.ch\/wp-content\/uploads\/2022\/04\/header.jpg\",\"contentUrl\":\"https:\/\/www.fila-groupe.ch\/wp-content\/uploads\/2022\/04\/header.jpg\",\"width\":2000,\"height\":536},{\"@type\":\"BreadcrumbList\",\"@id\":\"https:\/\/www.fila-groupe.ch\/es\/recompramos-su-vehiculo\/#breadcrumb\",\"itemListElement\":[{\"@type\":\"ListItem\",\"position\":1,\"name\":\"Accueil\",\"item\":\"https:\/\/www.fila-groupe.ch\/\"},{\"@type\":\"ListItem\",\"position\":2,\"name\":\"Nous rachetons votre v\u00e9hicule\"}]},{\"@type\":\"WebSite\",\"@id\":\"https:\/\/www.fila-groupe.ch\/en\/#website\",\"url\":\"https:\/\/www.fila-groupe.ch\/en\/\",\"name\":\"\",\"description\":\"\",\"potentialAction\":[{\"@type\":\"SearchAction\",\"target\":{\"@type\":\"EntryPoint\",\"urlTemplate\":\"https:\/\/www.fila-groupe.ch\/en\/?s={search_term_string}\"},\"query-input\":{\"@type\":\"PropertyValueSpecification\",\"valueRequired\":true,\"valueName\":\"search_term_string\"}}],\"inLanguage\":\"it-IT\"}]}<\/script>\n<!-- \/ Yoast SEO plugin. -->","yoast_head_json":{"title":"Rachat de v\u00e9hicule \u00e0 Yverdon et Bienne - Fila Groupe","description":"Vous souhaitez vendre votre voiture ? Remplissez d\u00e8s \u00e0 pr\u00e9sent notre formulaire pour obtenir rapidement une estimation.","robots":{"index":"index","follow":"follow","max-snippet":"max-snippet:-1","max-image-preview":"max-image-preview:large","max-video-preview":"max-video-preview:-1"},"canonical":"https:\/\/www.fila-groupe.ch\/it\/recompramos-su-vehiculo\/","og_locale":"it_IT","og_type":"article","og_title":"Rachat de v\u00e9hicule \u00e0 Yverdon et Bienne - Fila Groupe","og_description":"Vous souhaitez vendre votre voiture ? Remplissez d\u00e8s \u00e0 pr\u00e9sent notre formulaire pour obtenir rapidement une estimation.","og_url":"https:\/\/www.fila-groupe.ch\/it\/recompramos-su-vehiculo\/","article_modified_time":"2024-05-15T14:20:39+00:00","og_image":[{"width":2000,"height":536,"url":"https:\/\/www.fila-groupe.ch\/wp-content\/uploads\/2022\/04\/header.jpg","type":"image\/jpeg"}],"twitter_card":"summary_large_image","schema":{"@context":"https:\/\/schema.org","@graph":[{"@type":"WebPage","@id":"https:\/\/www.fila-groupe.ch\/es\/recompramos-su-vehiculo\/","url":"https:\/\/www.fila-groupe.ch\/es\/recompramos-su-vehiculo\/","name":"Rachat de v\u00e9hicule \u00e0 Yverdon et Bienne - Fila Groupe","isPartOf":{"@id":"https:\/\/www.fila-groupe.ch\/en\/#website"},"primaryImageOfPage":{"@id":"https:\/\/www.fila-groupe.ch\/es\/recompramos-su-vehiculo\/#primaryimage"},"image":{"@id":"https:\/\/www.fila-groupe.ch\/es\/recompramos-su-vehiculo\/#primaryimage"},"thumbnailUrl":"https:\/\/www.fila-groupe.ch\/wp-content\/uploads\/2022\/04\/header.jpg","datePublished":"2022-09-07T08:37:27+00:00","dateModified":"2024-05-15T14:20:39+00:00","description":"Vous souhaitez vendre votre voiture ? Remplissez d\u00e8s \u00e0 pr\u00e9sent notre formulaire pour obtenir rapidement une estimation.","breadcrumb":{"@id":"https:\/\/www.fila-groupe.ch\/es\/recompramos-su-vehiculo\/#breadcrumb"},"inLanguage":"it-IT","potentialAction":[{"@type":"ReadAction","target":["https:\/\/www.fila-groupe.ch\/es\/recompramos-su-vehiculo\/"]}]},{"@type":"ImageObject","inLanguage":"it-IT","@id":"https:\/\/www.fila-groupe.ch\/es\/recompramos-su-vehiculo\/#primaryimage","url":"https:\/\/www.fila-groupe.ch\/wp-content\/uploads\/2022\/04\/header.jpg","contentUrl":"https:\/\/www.fila-groupe.ch\/wp-content\/uploads\/2022\/04\/header.jpg","width":2000,"height":536},{"@type":"BreadcrumbList","@id":"https:\/\/www.fila-groupe.ch\/es\/recompramos-su-vehiculo\/#breadcrumb","itemListElement":[{"@type":"ListItem","position":1,"name":"Accueil","item":"https:\/\/www.fila-groupe.ch\/"},{"@type":"ListItem","position":2,"name":"Nous rachetons votre v\u00e9hicule"}]},{"@type":"WebSite","@id":"https:\/\/www.fila-groupe.ch\/en\/#website","url":"https:\/\/www.fila-groupe.ch\/en\/","name":"","description":"","potentialAction":[{"@type":"SearchAction","target":{"@type":"EntryPoint","urlTemplate":"https:\/\/www.fila-groupe.ch\/en\/?s={search_term_string}"},"query-input":{"@type":"PropertyValueSpecification","valueRequired":true,"valueName":"search_term_string"}}],"inLanguage":"it-IT"}]}},"_links":{"self":[{"href":"https:\/\/www.fila-groupe.ch\/it\/wp-json\/wp\/v2\/pages\/83361"}],"collection":[{"href":"https:\/\/www.fila-groupe.ch\/it\/wp-json\/wp\/v2\/pages"}],"about":[{"href":"https:\/\/www.fila-groupe.ch\/it\/wp-json\/wp\/v2\/types\/page"}],"author":[{"embeddable":true,"href":"https:\/\/www.fila-groupe.ch\/it\/wp-json\/wp\/v2\/users\/2"}],"replies":[{"embeddable":true,"href":"https:\/\/www.fila-groupe.ch\/it\/wp-json\/wp\/v2\/comments?post=83361"}],"version-history":[{"count":34,"href":"https:\/\/www.fila-groupe.ch\/it\/wp-json\/wp\/v2\/pages\/83361\/revisions"}],"predecessor-version":[{"id":154402,"href":"https:\/\/www.fila-groupe.ch\/it\/wp-json\/wp\/v2\/pages\/83361\/revisions\/154402"}],"wp:featuredmedia":[{"embeddable":true,"href":"https:\/\/www.fila-groupe.ch\/it\/wp-json\/wp\/v2\/media\/83364"}],"wp:attachment":[{"href":"https:\/\/www.fila-groupe.ch\/it\/wp-json\/wp\/v2\/media?parent=83361"}],"curies":[{"name":"wp","href":"https:\/\/api.w.org\/{rel}","templated":true}]}}