{"id":921,"date":"2020-10-19T10:51:06","date_gmt":"2020-10-19T08:51:06","guid":{"rendered":"https:\/\/www.fila-groupe.ch\/?page_id=921"},"modified":"2020-11-03T14:28:57","modified_gmt":"2020-11-03T13:28:57","slug":"mitsubishi","status":"publish","type":"page","link":"https:\/\/www.fila-groupe.ch\/it\/mitsubishi\/","title":{"rendered":"Mitsubishi"},"content":{"rendered":"<div class=\"header-img\">\n<p><img loading=\"lazy\" decoding=\"async\" class=\"alignnone size-full wp-image-925\" src=\"https:\/\/www.fila-groupe.ch\/wp-content\/uploads\/2020\/10\/logo-mitsubishi.png\" alt=\"\" width=\"74\" height=\"80\" \/><\/p>\n<h2 class=\"h2-page\">Mitsubishi, all'avanguardia nell'innovazione dal 1917<\/h2>\n<\/div>\n<div class=\"row flex-center-medium\">\n<div class=\"col-xs-12 col-md-6 mtop20 text-center\"><img loading=\"lazy\" decoding=\"async\" class=\"alignnone wp-image-924\" src=\"https:\/\/www.fila-groupe.ch\/wp-content\/uploads\/2020\/10\/mitsubishi-truck.jpg\" alt=\"\" width=\"785\" height=\"522\" \/><\/div>\n<div class=\"col-xs-12 col-md-6 mtop20\">\n<p>Il produttore giapponese ha gi\u00e0 pi\u00f9 di 100 anni di vita, ma <strong>Mitsubishi<\/strong> si reinventa costantemente. Visitare <strong>4\u00d74 Mitsubishi<\/strong> sono dotati di AWC (All Wheel Control), che garantisce loro una tenuta di strada ineccepibile. Sempre pronti a fare il passo pi\u00f9 lungo della gamba per il comfort di guida e le prestazioni, <strong>Mitsubishi<\/strong> sta anche sviluppando la prima auto elettrica 100% nel 2010: la<strong>i-MiEV<\/strong>. I veicoli del marchio sono inoltre dotati di molte altre innovazioni, come il sistema ClearTec e la gamma di <strong>Mitsubishi PHEV<\/strong>. Per saperne di pi\u00f9 su tutti questi concetti innovativi e scoprirne le caratteristiche pratiche, visitate una delle nostre sedi. <strong>Officine Mitsubishi<\/strong> a Yverdon e Bienne!<\/p>\n<\/div>\n<\/div>\n<div class=\"row flex-center-medium mtop20\">\n<div class=\"col-xs-12 col-md-12 mtop20\"><img loading=\"lazy\" decoding=\"async\" class=\"alignnone wp-image-923\" src=\"https:\/\/www.fila-groupe.ch\/wp-content\/uploads\/2020\/10\/voitures-Mitsubishi.jpg\" alt=\"\" width=\"1258\" height=\"421\" \/><\/div>\n<\/div>\n<div class=\"btn-actions\">\n<div class=\"bouton-cta version-2\"><a class=\"read-more\" style=\"outline: none;\" tabindex=\"0\" href=\"\/it\/category\/nos-offres\/offres-mitsubishi\/\">Vedi le offerte Mitsubishi<\/a><\/div>\n<div class=\"bouton-cta version-2\"><a class=\"read-more\" style=\"outline: none;\" tabindex=\"0\" href=\"https:\/\/www.fila-groupe.ch\/it\/prova-su-strada\/\"><img decoding=\"async\" class=\"alignnone size-full wp-image-343\" style=\"margin-right: 5px;\" src=\"\/wp-content\/uploads\/2020\/10\/volant-icon-fila-blanc.svg\" alt=\"volante\" width=\"30\" \/>Richiedi una prova<\/a><\/div>\n<\/div>\n<p>&nbsp;<\/p>","protected":false},"excerpt":{"rendered":"<p>Mitsubishi, all'avanguardia dell'innovazione dal 1917 Il costruttore giapponese ha gi\u00e0 pi\u00f9 di 100 anni, ma Mitsubishi non smette mai di reinventarsi. I 4\u00d74 Mitsubishi sono dotati di AWC (All Wheel Control), che garantisce una tenuta di strada ineccepibile. Sempre pronta a spingersi oltre in termini di comfort di guida e prestazioni, Mitsubishi sta anche sviluppando nel 2010 la prima auto elettrica 100%: la i-MiEV. Numerose altre innovazioni sono state aggiunte ai veicoli del marchio, tra cui il sistema ClearTec e la gamma Mitsubishi PHEV. Per saperne di pi\u00f9 su tutti questi concetti innovativi e scoprirne le caratteristiche pratiche, visitate una delle nostre officine Mitsubishi a Yverdon e Bienne! Scopri le offerte Mitsubishi Richiedi un test drive &nbsp;<\/p>","protected":false},"author":2,"featured_media":0,"parent":0,"menu_order":0,"comment_status":"closed","ping_status":"closed","template":"","meta":{"inline_featured_image":false,"footnotes":""},"class_list":["post-921","page","type-page","status-publish","format-standard","hentry"],"yoast_head":"<!-- This site is optimized with the Yoast SEO plugin v24.2 - https:\/\/yoast.com\/wordpress\/plugins\/seo\/ -->\n<title>FILA pr\u00e9sentes les v\u00e9hicules Mitsubishi Motors<\/title>\n<meta name=\"description\" content=\"La marque Mitsubishi est \u00e0 retrouver chez FILA. Votre garage Mitsubishi vous propose de nombreux mod\u00e8les neufs et d\u2019occasion.\" \/>\n<meta name=\"robots\" content=\"index, follow, max-snippet:-1, max-image-preview:large, max-video-preview:-1\" \/>\n<link rel=\"canonical\" href=\"https:\/\/www.fila-groupe.ch\/it\/mitsubishi\/\" \/>\n<meta property=\"og:locale\" content=\"it_IT\" \/>\n<meta property=\"og:type\" content=\"article\" \/>\n<meta property=\"og:title\" content=\"FILA pr\u00e9sentes les v\u00e9hicules Mitsubishi Motors\" \/>\n<meta property=\"og:description\" content=\"La marque Mitsubishi est \u00e0 retrouver chez FILA. Votre garage Mitsubishi vous propose de nombreux mod\u00e8les neufs et d\u2019occasion.\" \/>\n<meta property=\"og:url\" content=\"https:\/\/www.fila-groupe.ch\/it\/mitsubishi\/\" \/>\n<meta property=\"article:modified_time\" content=\"2020-11-03T13:28:57+00:00\" \/>\n<meta property=\"og:image\" content=\"https:\/\/www.fila-groupe.ch\/wp-content\/uploads\/2020\/10\/logo-mitsubishi.png\" \/>\n<meta name=\"twitter:card\" content=\"summary_large_image\" \/>\n<meta name=\"twitter:label1\" content=\"Tempo di lettura stimato\" \/>\n\t<meta name=\"twitter:data1\" content=\"1 minuto\" \/>\n<script type=\"application\/ld+json\" class=\"yoast-schema-graph\">{\"@context\":\"https:\/\/schema.org\",\"@graph\":[{\"@type\":\"WebPage\",\"@id\":\"https:\/\/www.fila-groupe.ch\/mitsubishi\/\",\"url\":\"https:\/\/www.fila-groupe.ch\/mitsubishi\/\",\"name\":\"FILA pr\u00e9sentes les v\u00e9hicules Mitsubishi Motors\",\"isPartOf\":{\"@id\":\"https:\/\/www.fila-groupe.ch\/en\/#website\"},\"primaryImageOfPage\":{\"@id\":\"https:\/\/www.fila-groupe.ch\/mitsubishi\/#primaryimage\"},\"image\":{\"@id\":\"https:\/\/www.fila-groupe.ch\/mitsubishi\/#primaryimage\"},\"thumbnailUrl\":\"https:\/\/www.fila-groupe.ch\/wp-content\/uploads\/2020\/10\/logo-mitsubishi.png\",\"datePublished\":\"2020-10-19T08:51:06+00:00\",\"dateModified\":\"2020-11-03T13:28:57+00:00\",\"description\":\"La marque Mitsubishi est \u00e0 retrouver chez FILA. Votre garage Mitsubishi vous propose de nombreux mod\u00e8les neufs et d\u2019occasion.\",\"breadcrumb\":{\"@id\":\"https:\/\/www.fila-groupe.ch\/mitsubishi\/#breadcrumb\"},\"inLanguage\":\"it-IT\",\"potentialAction\":[{\"@type\":\"ReadAction\",\"target\":[\"https:\/\/www.fila-groupe.ch\/mitsubishi\/\"]}]},{\"@type\":\"ImageObject\",\"inLanguage\":\"it-IT\",\"@id\":\"https:\/\/www.fila-groupe.ch\/mitsubishi\/#primaryimage\",\"url\":\"https:\/\/www.fila-groupe.ch\/wp-content\/uploads\/2020\/10\/logo-mitsubishi.png\",\"contentUrl\":\"https:\/\/www.fila-groupe.ch\/wp-content\/uploads\/2020\/10\/logo-mitsubishi.png\"},{\"@type\":\"BreadcrumbList\",\"@id\":\"https:\/\/www.fila-groupe.ch\/mitsubishi\/#breadcrumb\",\"itemListElement\":[{\"@type\":\"ListItem\",\"position\":1,\"name\":\"Accueil\",\"item\":\"https:\/\/www.fila-groupe.ch\/\"},{\"@type\":\"ListItem\",\"position\":2,\"name\":\"Mitsubishi\"}]},{\"@type\":\"WebSite\",\"@id\":\"https:\/\/www.fila-groupe.ch\/en\/#website\",\"url\":\"https:\/\/www.fila-groupe.ch\/en\/\",\"name\":\"\",\"description\":\"\",\"potentialAction\":[{\"@type\":\"SearchAction\",\"target\":{\"@type\":\"EntryPoint\",\"urlTemplate\":\"https:\/\/www.fila-groupe.ch\/en\/?s={search_term_string}\"},\"query-input\":{\"@type\":\"PropertyValueSpecification\",\"valueRequired\":true,\"valueName\":\"search_term_string\"}}],\"inLanguage\":\"it-IT\"}]}<\/script>\n<!-- \/ Yoast SEO plugin. -->","yoast_head_json":{"title":"FILA pr\u00e9sentes les v\u00e9hicules Mitsubishi Motors","description":"La marque Mitsubishi est \u00e0 retrouver chez FILA. Votre garage Mitsubishi vous propose de nombreux mod\u00e8les neufs et d\u2019occasion.","robots":{"index":"index","follow":"follow","max-snippet":"max-snippet:-1","max-image-preview":"max-image-preview:large","max-video-preview":"max-video-preview:-1"},"canonical":"https:\/\/www.fila-groupe.ch\/it\/mitsubishi\/","og_locale":"it_IT","og_type":"article","og_title":"FILA pr\u00e9sentes les v\u00e9hicules Mitsubishi Motors","og_description":"La marque Mitsubishi est \u00e0 retrouver chez FILA. Votre garage Mitsubishi vous propose de nombreux mod\u00e8les neufs et d\u2019occasion.","og_url":"https:\/\/www.fila-groupe.ch\/it\/mitsubishi\/","article_modified_time":"2020-11-03T13:28:57+00:00","og_image":[{"url":"https:\/\/www.fila-groupe.ch\/wp-content\/uploads\/2020\/10\/logo-mitsubishi.png","type":"","width":"","height":""}],"twitter_card":"summary_large_image","twitter_misc":{"Tempo di lettura stimato":"1 minuto"},"schema":{"@context":"https:\/\/schema.org","@graph":[{"@type":"WebPage","@id":"https:\/\/www.fila-groupe.ch\/mitsubishi\/","url":"https:\/\/www.fila-groupe.ch\/mitsubishi\/","name":"FILA pr\u00e9sentes les v\u00e9hicules Mitsubishi Motors","isPartOf":{"@id":"https:\/\/www.fila-groupe.ch\/en\/#website"},"primaryImageOfPage":{"@id":"https:\/\/www.fila-groupe.ch\/mitsubishi\/#primaryimage"},"image":{"@id":"https:\/\/www.fila-groupe.ch\/mitsubishi\/#primaryimage"},"thumbnailUrl":"https:\/\/www.fila-groupe.ch\/wp-content\/uploads\/2020\/10\/logo-mitsubishi.png","datePublished":"2020-10-19T08:51:06+00:00","dateModified":"2020-11-03T13:28:57+00:00","description":"La marque Mitsubishi est \u00e0 retrouver chez FILA. Votre garage Mitsubishi vous propose de nombreux mod\u00e8les neufs et d\u2019occasion.","breadcrumb":{"@id":"https:\/\/www.fila-groupe.ch\/mitsubishi\/#breadcrumb"},"inLanguage":"it-IT","potentialAction":[{"@type":"ReadAction","target":["https:\/\/www.fila-groupe.ch\/mitsubishi\/"]}]},{"@type":"ImageObject","inLanguage":"it-IT","@id":"https:\/\/www.fila-groupe.ch\/mitsubishi\/#primaryimage","url":"https:\/\/www.fila-groupe.ch\/wp-content\/uploads\/2020\/10\/logo-mitsubishi.png","contentUrl":"https:\/\/www.fila-groupe.ch\/wp-content\/uploads\/2020\/10\/logo-mitsubishi.png"},{"@type":"BreadcrumbList","@id":"https:\/\/www.fila-groupe.ch\/mitsubishi\/#breadcrumb","itemListElement":[{"@type":"ListItem","position":1,"name":"Accueil","item":"https:\/\/www.fila-groupe.ch\/"},{"@type":"ListItem","position":2,"name":"Mitsubishi"}]},{"@type":"WebSite","@id":"https:\/\/www.fila-groupe.ch\/en\/#website","url":"https:\/\/www.fila-groupe.ch\/en\/","name":"","description":"","potentialAction":[{"@type":"SearchAction","target":{"@type":"EntryPoint","urlTemplate":"https:\/\/www.fila-groupe.ch\/en\/?s={search_term_string}"},"query-input":{"@type":"PropertyValueSpecification","valueRequired":true,"valueName":"search_term_string"}}],"inLanguage":"it-IT"}]}},"_links":{"self":[{"href":"https:\/\/www.fila-groupe.ch\/it\/wp-json\/wp\/v2\/pages\/921"}],"collection":[{"href":"https:\/\/www.fila-groupe.ch\/it\/wp-json\/wp\/v2\/pages"}],"about":[{"href":"https:\/\/www.fila-groupe.ch\/it\/wp-json\/wp\/v2\/types\/page"}],"author":[{"embeddable":true,"href":"https:\/\/www.fila-groupe.ch\/it\/wp-json\/wp\/v2\/users\/2"}],"replies":[{"embeddable":true,"href":"https:\/\/www.fila-groupe.ch\/it\/wp-json\/wp\/v2\/comments?post=921"}],"version-history":[{"count":0,"href":"https:\/\/www.fila-groupe.ch\/it\/wp-json\/wp\/v2\/pages\/921\/revisions"}],"wp:attachment":[{"href":"https:\/\/www.fila-groupe.ch\/it\/wp-json\/wp\/v2\/media?parent=921"}],"curies":[{"name":"wp","href":"https:\/\/api.w.org\/{rel}","templated":true}]}}