{"id":384,"date":"2020-10-14T14:39:03","date_gmt":"2020-10-14T12:39:03","guid":{"rendered":"https:\/\/www.fila-groupe.ch\/?page_id=384"},"modified":"2022-10-27T08:31:56","modified_gmt":"2022-10-27T06:31:56","slug":"alfa-romeo","status":"publish","type":"page","link":"https:\/\/www.fila-groupe.ch\/pt\/alfa-romeu\/","title":{"rendered":"Alfa Romeo"},"content":{"rendered":"<div class=\"header-img\"><img loading=\"lazy\" decoding=\"async\" class=\"alignnone wp-image-388\" src=\"https:\/\/www.fila-groupe.ch\/wp-content\/uploads\/2020\/10\/alfa-romeo.jpg\" alt=\"Alfa Romeo\" width=\"109\" height=\"109\" \/><\/p>\n<h2 class=\"h2-page\">Alfa Romeo, o autom\u00f3vel italiano de exce\u00e7\u00e3o desde 1910<\/h2>\n<\/div>\n<div class=\"row flex-center-medium\">\n<div class=\"col-xs-12 col-md-6 mtop20 text-center\"><img loading=\"lazy\" decoding=\"async\" class=\"alignnone wp-image-385\" src=\"https:\/\/www.fila-groupe.ch\/wp-content\/uploads\/2020\/10\/alfa-romeo-bleu.jpg\" alt=\"\" width=\"727\" height=\"483\" \/><\/div>\n<div class=\"col-xs-12 col-md-6 mtop20\">\n<p>Entre a tradi\u00e7\u00e3o e a modernidade, <strong>Alfa Romeo<\/strong> combina a heran\u00e7a hist\u00f3rica com a inova\u00e7\u00e3o tecnol\u00f3gica para criar modelos cada vez mais exclusivos. O <strong>Giulia Quadrifoglio<\/strong> \u00e9 a prova desta paix\u00e3o, com o seu novo sistema de suspens\u00e3o AlfaLink\u2122, a sua tecnologia Torque Vectoring, ou o seletor DNA Pro. A equipa t\u00e9cnica da Alfa Romeo re\u00fane t\u00e9cnicos, designers e engenheiros para imaginar e produzir autom\u00f3veis na vanguarda da inova\u00e7\u00e3o. <strong>Garagem Alfa Romeo<\/strong> em Yverdon e Bienne, a FILA possui um elevado n\u00edvel de experi\u00eancia como construtor e poder\u00e1 oferecer-lhe a solu\u00e7\u00e3o adequada<strong>Novo Alfa Romeo<\/strong> ou usado que satisfar\u00e1 todos os seus desejos de condu\u00e7\u00e3o.<\/p>\n<\/div>\n<\/div>\n<div class=\"row flex-center-medium mtop20\">\n<div class=\"col-xs-12 col-md-12 mtop20\"><img loading=\"lazy\" decoding=\"async\" class=\"alignnone wp-image-386\" src=\"https:\/\/www.fila-groupe.ch\/wp-content\/uploads\/2020\/10\/voitures-alfa.jpg\" alt=\"\" width=\"1252\" height=\"419\" \/><\/div>\n<\/div>\n<div class=\"btn-actions\">\n<div class=\"bouton-cta version-2\"><a class=\"read-more\" style=\"outline: none;\" tabindex=\"0\" href=\"\/pt\/category\/nos-offres\/offres-alfa-romeo\/\">Ver ofertas Alfa Romeo<\/a><\/div>\n<div class=\"bouton-cta version-2\"><a class=\"read-more\" style=\"outline: none;\" tabindex=\"0\" href=\"https:\/\/www.fila-groupe.ch\/pt\/teste-de-estrada\/\"><img decoding=\"async\" class=\"alignnone size-full wp-image-343\" style=\"margin-right: 5px;\" src=\"https:\/\/www.fila-groupe.ch\/wp-content\/uploads\/2020\/10\/volant-icon-fila-blanc.svg\" alt=\"volante\" width=\"30\" \/>Pedir uma avalia\u00e7\u00e3o<\/a><\/div>\n<\/div>","protected":false},"excerpt":{"rendered":"<p>Alfa Romeo, o autom\u00f3vel italiano de exce\u00e7\u00e3o desde 1910 Entre a tradi\u00e7\u00e3o e a modernidade, a Alfa Romeo combina a heran\u00e7a ancestral e a inova\u00e7\u00e3o tecnol\u00f3gica para oferecer modelos cada vez mais \u00fanicos. O Giulia Quadrifoglio \u00e9 a prova desta paix\u00e3o, com o seu novo sistema de suspens\u00e3o AlfaLink\u2122, a sua tecnologia Torque Vectoring, ou o seletor DNA Pro. A equipa t\u00e9cnica da Alfa Romeo re\u00fane t\u00e9cnicos, designers e engenheiros para imaginar e produzir autom\u00f3veis na vanguarda da inova\u00e7\u00e3o. Como oficina Alfa Romeo em Yverdon e Bienne, a FILA beneficia da vasta experi\u00eancia do construtor e poder\u00e1 oferecer-lhe o Alfa Romeo novo ou usado que satisfar\u00e1 o seu desejo de sensa\u00e7\u00f5es de condu\u00e7\u00e3o. Ver ofertas Alfa Romeo Pedir um test-drive<\/p>","protected":false},"author":2,"featured_media":0,"parent":0,"menu_order":0,"comment_status":"closed","ping_status":"closed","template":"","meta":{"inline_featured_image":false,"footnotes":""},"class_list":["post-384","page","type-page","status-publish","format-standard","hentry"],"yoast_head":"<!-- This site is optimized with the Yoast SEO plugin v24.2 - https:\/\/yoast.com\/wordpress\/plugins\/seo\/ -->\n<title>Alfa Romeo, une marque distribu\u00e9e par FILA<\/title>\n<meta name=\"description\" content=\"Avec un garage \u00e0 Yverdon et un \u00e0 Bienne, FILA, c\u2019est la r\u00e9f\u00e9rence suisse de l\u2019auto. Alfa Romeo fait partie de ses domaines d\u2019expertise.\" \/>\n<meta name=\"robots\" content=\"index, follow, max-snippet:-1, max-image-preview:large, max-video-preview:-1\" \/>\n<link rel=\"canonical\" href=\"https:\/\/www.fila-groupe.ch\/pt\/alfa-romeu\/\" \/>\n<meta property=\"og:locale\" content=\"pt_PT\" \/>\n<meta property=\"og:type\" content=\"article\" \/>\n<meta property=\"og:title\" content=\"Alfa Romeo, une marque distribu\u00e9e par FILA\" \/>\n<meta property=\"og:description\" content=\"Avec un garage \u00e0 Yverdon et un \u00e0 Bienne, FILA, c\u2019est la r\u00e9f\u00e9rence suisse de l\u2019auto. Alfa Romeo fait partie de ses domaines d\u2019expertise.\" \/>\n<meta property=\"og:url\" content=\"https:\/\/www.fila-groupe.ch\/pt\/alfa-romeu\/\" \/>\n<meta property=\"article:modified_time\" content=\"2022-10-27T06:31:56+00:00\" \/>\n<meta property=\"og:image\" content=\"https:\/\/www.fila-groupe.ch\/wp-content\/uploads\/2020\/10\/alfa-romeo.jpg\" \/>\n<meta name=\"twitter:card\" content=\"summary_large_image\" \/>\n<meta name=\"twitter:label1\" content=\"Tempo estimado de leitura\" \/>\n\t<meta name=\"twitter:data1\" content=\"1 minuto\" \/>\n<script type=\"application\/ld+json\" class=\"yoast-schema-graph\">{\"@context\":\"https:\/\/schema.org\",\"@graph\":[{\"@type\":\"WebPage\",\"@id\":\"https:\/\/www.fila-groupe.ch\/alfa-romeo\/\",\"url\":\"https:\/\/www.fila-groupe.ch\/alfa-romeo\/\",\"name\":\"Alfa Romeo, une marque distribu\u00e9e par FILA\",\"isPartOf\":{\"@id\":\"https:\/\/www.fila-groupe.ch\/en\/#website\"},\"primaryImageOfPage\":{\"@id\":\"https:\/\/www.fila-groupe.ch\/alfa-romeo\/#primaryimage\"},\"image\":{\"@id\":\"https:\/\/www.fila-groupe.ch\/alfa-romeo\/#primaryimage\"},\"thumbnailUrl\":\"https:\/\/www.fila-groupe.ch\/wp-content\/uploads\/2020\/10\/alfa-romeo.jpg\",\"datePublished\":\"2020-10-14T12:39:03+00:00\",\"dateModified\":\"2022-10-27T06:31:56+00:00\",\"description\":\"Avec un garage \u00e0 Yverdon et un \u00e0 Bienne, FILA, c\u2019est la r\u00e9f\u00e9rence suisse de l\u2019auto. Alfa Romeo fait partie de ses domaines d\u2019expertise.\",\"breadcrumb\":{\"@id\":\"https:\/\/www.fila-groupe.ch\/alfa-romeo\/#breadcrumb\"},\"inLanguage\":\"pt-PT\",\"potentialAction\":[{\"@type\":\"ReadAction\",\"target\":[\"https:\/\/www.fila-groupe.ch\/alfa-romeo\/\"]}]},{\"@type\":\"ImageObject\",\"inLanguage\":\"pt-PT\",\"@id\":\"https:\/\/www.fila-groupe.ch\/alfa-romeo\/#primaryimage\",\"url\":\"https:\/\/www.fila-groupe.ch\/wp-content\/uploads\/2020\/10\/alfa-romeo.jpg\",\"contentUrl\":\"https:\/\/www.fila-groupe.ch\/wp-content\/uploads\/2020\/10\/alfa-romeo.jpg\"},{\"@type\":\"BreadcrumbList\",\"@id\":\"https:\/\/www.fila-groupe.ch\/alfa-romeo\/#breadcrumb\",\"itemListElement\":[{\"@type\":\"ListItem\",\"position\":1,\"name\":\"Accueil\",\"item\":\"https:\/\/www.fila-groupe.ch\/\"},{\"@type\":\"ListItem\",\"position\":2,\"name\":\"Alfa Romeo\"}]},{\"@type\":\"WebSite\",\"@id\":\"https:\/\/www.fila-groupe.ch\/en\/#website\",\"url\":\"https:\/\/www.fila-groupe.ch\/en\/\",\"name\":\"\",\"description\":\"\",\"potentialAction\":[{\"@type\":\"SearchAction\",\"target\":{\"@type\":\"EntryPoint\",\"urlTemplate\":\"https:\/\/www.fila-groupe.ch\/en\/?s={search_term_string}\"},\"query-input\":{\"@type\":\"PropertyValueSpecification\",\"valueRequired\":true,\"valueName\":\"search_term_string\"}}],\"inLanguage\":\"pt-PT\"}]}<\/script>\n<!-- \/ Yoast SEO plugin. -->","yoast_head_json":{"title":"Alfa Romeo, une marque distribu\u00e9e par FILA","description":"Avec un garage \u00e0 Yverdon et un \u00e0 Bienne, FILA, c\u2019est la r\u00e9f\u00e9rence suisse de l\u2019auto. Alfa Romeo fait partie de ses domaines d\u2019expertise.","robots":{"index":"index","follow":"follow","max-snippet":"max-snippet:-1","max-image-preview":"max-image-preview:large","max-video-preview":"max-video-preview:-1"},"canonical":"https:\/\/www.fila-groupe.ch\/pt\/alfa-romeu\/","og_locale":"pt_PT","og_type":"article","og_title":"Alfa Romeo, une marque distribu\u00e9e par FILA","og_description":"Avec un garage \u00e0 Yverdon et un \u00e0 Bienne, FILA, c\u2019est la r\u00e9f\u00e9rence suisse de l\u2019auto. Alfa Romeo fait partie de ses domaines d\u2019expertise.","og_url":"https:\/\/www.fila-groupe.ch\/pt\/alfa-romeu\/","article_modified_time":"2022-10-27T06:31:56+00:00","og_image":[{"url":"https:\/\/www.fila-groupe.ch\/wp-content\/uploads\/2020\/10\/alfa-romeo.jpg","type":"","width":"","height":""}],"twitter_card":"summary_large_image","twitter_misc":{"Tempo estimado de leitura":"1 minuto"},"schema":{"@context":"https:\/\/schema.org","@graph":[{"@type":"WebPage","@id":"https:\/\/www.fila-groupe.ch\/alfa-romeo\/","url":"https:\/\/www.fila-groupe.ch\/alfa-romeo\/","name":"Alfa Romeo, une marque distribu\u00e9e par FILA","isPartOf":{"@id":"https:\/\/www.fila-groupe.ch\/en\/#website"},"primaryImageOfPage":{"@id":"https:\/\/www.fila-groupe.ch\/alfa-romeo\/#primaryimage"},"image":{"@id":"https:\/\/www.fila-groupe.ch\/alfa-romeo\/#primaryimage"},"thumbnailUrl":"https:\/\/www.fila-groupe.ch\/wp-content\/uploads\/2020\/10\/alfa-romeo.jpg","datePublished":"2020-10-14T12:39:03+00:00","dateModified":"2022-10-27T06:31:56+00:00","description":"Avec un garage \u00e0 Yverdon et un \u00e0 Bienne, FILA, c\u2019est la r\u00e9f\u00e9rence suisse de l\u2019auto. Alfa Romeo fait partie de ses domaines d\u2019expertise.","breadcrumb":{"@id":"https:\/\/www.fila-groupe.ch\/alfa-romeo\/#breadcrumb"},"inLanguage":"pt-PT","potentialAction":[{"@type":"ReadAction","target":["https:\/\/www.fila-groupe.ch\/alfa-romeo\/"]}]},{"@type":"ImageObject","inLanguage":"pt-PT","@id":"https:\/\/www.fila-groupe.ch\/alfa-romeo\/#primaryimage","url":"https:\/\/www.fila-groupe.ch\/wp-content\/uploads\/2020\/10\/alfa-romeo.jpg","contentUrl":"https:\/\/www.fila-groupe.ch\/wp-content\/uploads\/2020\/10\/alfa-romeo.jpg"},{"@type":"BreadcrumbList","@id":"https:\/\/www.fila-groupe.ch\/alfa-romeo\/#breadcrumb","itemListElement":[{"@type":"ListItem","position":1,"name":"Accueil","item":"https:\/\/www.fila-groupe.ch\/"},{"@type":"ListItem","position":2,"name":"Alfa Romeo"}]},{"@type":"WebSite","@id":"https:\/\/www.fila-groupe.ch\/en\/#website","url":"https:\/\/www.fila-groupe.ch\/en\/","name":"","description":"","potentialAction":[{"@type":"SearchAction","target":{"@type":"EntryPoint","urlTemplate":"https:\/\/www.fila-groupe.ch\/en\/?s={search_term_string}"},"query-input":{"@type":"PropertyValueSpecification","valueRequired":true,"valueName":"search_term_string"}}],"inLanguage":"pt-PT"}]}},"_links":{"self":[{"href":"https:\/\/www.fila-groupe.ch\/pt\/wp-json\/wp\/v2\/pages\/384"}],"collection":[{"href":"https:\/\/www.fila-groupe.ch\/pt\/wp-json\/wp\/v2\/pages"}],"about":[{"href":"https:\/\/www.fila-groupe.ch\/pt\/wp-json\/wp\/v2\/types\/page"}],"author":[{"embeddable":true,"href":"https:\/\/www.fila-groupe.ch\/pt\/wp-json\/wp\/v2\/users\/2"}],"replies":[{"embeddable":true,"href":"https:\/\/www.fila-groupe.ch\/pt\/wp-json\/wp\/v2\/comments?post=384"}],"version-history":[{"count":2,"href":"https:\/\/www.fila-groupe.ch\/pt\/wp-json\/wp\/v2\/pages\/384\/revisions"}],"predecessor-version":[{"id":92714,"href":"https:\/\/www.fila-groupe.ch\/pt\/wp-json\/wp\/v2\/pages\/384\/revisions\/92714"}],"wp:attachment":[{"href":"https:\/\/www.fila-groupe.ch\/pt\/wp-json\/wp\/v2\/media?parent=384"}],"curies":[{"name":"wp","href":"https:\/\/api.w.org\/{rel}","templated":true}]}}