{"id":6331,"date":"2020-11-30T11:47:43","date_gmt":"2020-11-30T10:47:43","guid":{"rendered":"https:\/\/www.fila-groupe.ch\/?page_id=6331"},"modified":"2020-12-07T11:48:50","modified_gmt":"2020-12-07T10:48:50","slug":"nouvelle-fiat-500e-test-drive","status":"publish","type":"page","link":"https:\/\/www.fila-groupe.ch\/pt\/novo-fiat-500e-test-drive\/","title":{"rendered":"Teste de condu\u00e7\u00e3o do novo Fiat 500e"},"content":{"rendered":"<div class=\"row\">\n<h1 class=\"mb-2\">Teste de condu\u00e7\u00e3o do novo Fiat 500e<\/h1>\n<h2 class=\"mt-0 mb-3\">100% el\u00e9trico: Bem-vindo ao futuro<\/h2>\n<div class=\"col-xs-12 p-0 mb-3\"><img loading=\"lazy\" decoding=\"async\" src=\"https:\/\/www.fila-groupe.ch\/wp-content\/uploads\/2020\/11\/nouvelle-fiat-500e-test-drive.jpg\" alt=\"\" width=\"1170\" height=\"416\" class=\"alignnone size-full wp-image-6334\" srcset=\"https:\/\/www.fila-groupe.ch\/wp-content\/uploads\/2020\/11\/nouvelle-fiat-500e-test-drive.jpg 1170w, https:\/\/www.fila-groupe.ch\/wp-content\/uploads\/2020\/11\/nouvelle-fiat-500e-test-drive-300x107.jpg 300w, https:\/\/www.fila-groupe.ch\/wp-content\/uploads\/2020\/11\/nouvelle-fiat-500e-test-drive-1024x364.jpg 1024w, https:\/\/www.fila-groupe.ch\/wp-content\/uploads\/2020\/11\/nouvelle-fiat-500e-test-drive-768x273.jpg 768w\" sizes=\"(max-width: 1170px) 100vw, 1170px\" \/><\/div>\n<h2>VENHA FAZER UM TEST DRIVE DO NOVO FIAT 500 100% EL\u00c9CTRICO<\/h2>\n<div class=\"row flex-center-medium mobile-reverse\">\n<div class=\"col-xs-12 col-md-6 mtop20 p-20 text-justify\">\nO n\u00edvel Autonomia cobre as suas desloca\u00e7\u00f5es di\u00e1rias na cidade: ir para o trabalho, para o gin\u00e1sio e regressar a casa, gra\u00e7as ao <strong>o novo Fiat 500, com uma autonomia de at\u00e9 320 km. <\/strong><\/p>\n<p>E quando utilizado exclusivamente para condu\u00e7\u00e3o em cidade, o novo Fiat 500 pode atingir uma impressionante autonomia de mais de 460 km em ciclo urbano.\n<\/p><\/div>\n<div class=\"col-xs-12 col-md-6 mtop20 p-0\"><img loading=\"lazy\" decoding=\"async\" src=\"https:\/\/www.fila-groupe.ch\/wp-content\/uploads\/2020\/11\/nouvelle-fiat-500e-test-drive-1.jpg\" alt=\"\" width=\"600\" height=\"399\" class=\"alignnone size-full wp-image-6335\" srcset=\"https:\/\/www.fila-groupe.ch\/wp-content\/uploads\/2020\/11\/nouvelle-fiat-500e-test-drive-1.jpg 600w, https:\/\/www.fila-groupe.ch\/wp-content\/uploads\/2020\/11\/nouvelle-fiat-500e-test-drive-1-300x200.jpg 300w\" sizes=\"(max-width: 600px) 100vw, 600px\" \/><\/div>\n<\/div>\n<div class=\"row flex-center-medium\">\n<div class=\"col-xs-12 col-md-6 text-center\">\n<div class=\"bouton-cta version-2 text-center\"><a href=\"\/pt\/fiat-500e-welcome-to-the-futur\/\" class=\"read-more\">Para saber mais<\/a><\/div>\n<\/div>\n<div class=\"col-xs-12 col-md-6 text-center\">\n<div class=\"bouton-cta\"><a href=\"#form\"><i class=\"bouton-essai\"><\/i>solicitar um ensaio<\/a><\/div>\n<\/div>\n<\/div>\n<div id=\"form\" class=\"anchor\"><\/div>\n<div class=\"row\">\n<div class=\"col-xs-12 mtop20\">\n<h2>MARCAR UM ENCONTRO PARA O TESTE DE CONDU\u00c7\u00c3O<\/h2>\n<div class=\"cf7sg-container cf7sg-not-grid\">\n<div id=\"cf7sg-form-prendre-un-rendez-vous\" class=\"key_prendre-un-rendez-vous\">\n<div class=\"wpcf7 no-js\" id=\"wpcf7-f6341-o1\" lang=\"fr-FR\" dir=\"ltr\">\n<div class=\"screen-reader-response\">\n<p role=\"status\" aria-live=\"polite\" aria-atomic=\"true\">\n<ul><\/ul>\n<\/div>\n<form action=\"\/pt\/wp-json\/wp\/v2\/pages\/6331#wpcf7-f6341-o1\" method=\"post\" class=\"wpcf7-form init\" id=\"essai\" aria-label=\"Formul\u00e1rio de contacto\" novalidate=\"novalidate\" data-status=\"init\" data-trp-original-action=\"\/pt\/wp-json\/wp\/v2\/pages\/6331#wpcf7-f6341-o1\">\n<div style=\"display: none;\">\n<input type=\"hidden\" name=\"_wpcf7\" value=\"6341\" \/><br \/>\n<input type=\"hidden\" name=\"_wpcf7_version\" value=\"5.9.8\" \/><br \/>\n<input type=\"hidden\" name=\"_wpcf7_locale\" value=\"fr_FR\" \/><br \/>\n<input type=\"hidden\" name=\"_wpcf7_unit_tag\" value=\"wpcf7-f6341-o1\" \/><br \/>\n<input type=\"hidden\" name=\"_wpcf7_container_post\" value=\"0\" \/><br \/>\n<input type=\"hidden\" name=\"_wpcf7_posted_data_hash\" value=\"\" \/><br \/>\n<input type=\"hidden\" name=\"_wpcf7cf_hidden_group_fields\" value=\"[]\" \/><br \/>\n<input type=\"hidden\" name=\"_wpcf7cf_hidden_groups\" value=\"[]\" \/><br \/>\n<input type=\"hidden\" name=\"_wpcf7cf_visible_groups\" value=\"[]\" \/><br \/>\n<input type=\"hidden\" name=\"_wpcf7cf_repeaters\" value=\"[]\" \/><br \/>\n<input type=\"hidden\" name=\"_wpcf7cf_steps\" value=\"{}\" \/><br \/>\n<input type=\"hidden\" name=\"_wpcf7cf_options\" value=\"{&quot;form_id&quot;:6341,&quot;conditions&quot;:[],&quot;settings&quot;:{&quot;animation&quot;:&quot;no&quot;,&quot;animation_intime&quot;:&quot;200&quot;,&quot;animation_outtime&quot;:&quot;200&quot;,&quot;conditions_ui&quot;:&quot;normal&quot;,&quot;notice_dismissed&quot;:&quot;&quot;}}\" \/><br \/>\n<input type=\"hidden\" name=\"_wpcf7dtx_version\" value=\"4.5.1\" \/><br \/>\n<input type=\"hidden\" name=\"_wpcf7_key\" value=\"prendre-un-rendez-vous\" \/><br \/>\n<input type=\"hidden\" name=\"_cf7sg_toggles\" value=\"\" \/><br \/>\n<input type=\"hidden\" name=\"_cf7sg_version\" value=\"4.15.8\" \/><br \/>\n<input type=\"hidden\" name=\"_wpnonce\" value=\"78a95c8565\" \/><br \/>\n<input type=\"hidden\" name=\"_wpcf7_recaptcha_response\" value=\"\" \/>\n<\/div>\n<p><span id=\"wpcf7-69d6ff05ed038-wrapper\" class=\"wpcf7-form-control-wrap honeypot-699-wrap\" style=\"display:none !important; visibility:hidden !important;\"><input type=\"hidden\" name=\"honeypot-699-time-start\" value=\"1775697669\"><input type=\"hidden\" name=\"honeypot-699-time-check\" value=\"4\"><label for=\"wpcf7-69d6ff05ed038-field\" class=\"hp-message\">Por favor, deixe este campo em branco.<\/label><input id=\"wpcf7-69d6ff05ed038-field\"  class=\"wpcf7-form-control wpcf7-text\" type=\"text\" name=\"honeypot-699\" value=\"\" size=\"40\" tabindex=\"-1\" autocomplete=\"new-password\" \/><\/span>\n<\/p>\n<div class=\"row\">\n<span class=\"wpcf7-form-control-wrap title\" data-name=\"title\"><input type=\"hidden\" name=\"title\" id=\"\" class=\"wpcf7-form-control wpcf7-hidden wpcf7dtx wpcf7dtx-hidden\" aria-invalid=\"false\" value=\"Nouvelle Fiat 500e test drive\" \/><\/span><\/p>\n<div class=\"col-md-5\">\n<p>Selecionar uma garagem<br \/>\n<span class=\"wpcf7-form-control-wrap\" data-name=\"garage\"><select class=\"wpcf7-form-control wpcf7-select wpcf7-validates-as-required\" aria-required=\"true\" aria-invalid=\"false\" name=\"garage\"><option value=\"Yverdon-les-Bains\">Yverdon-les-Bains<\/option><option value=\"Bienne\">Biel<\/option><\/select><\/span>\n\t\t<\/p>\n<p>Nome<br \/>\n<span class=\"wpcf7-form-control-wrap\" data-name=\"nom\"><input size=\"40\" maxlength=\"400\" class=\"wpcf7-form-control wpcf7-text wpcf7-validates-as-required\" aria-required=\"true\" aria-invalid=\"false\" placeholder=\"O seu nome\" value=\"\" type=\"text\" name=\"nom\" \/><\/span>\n\t\t<\/p>\n<p>Nome pr\u00f3prio<br \/>\n<span class=\"wpcf7-form-control-wrap\" data-name=\"prenom\"><input size=\"40\" maxlength=\"400\" class=\"wpcf7-form-control wpcf7-text wpcf7-validates-as-required\" aria-required=\"true\" aria-invalid=\"false\" placeholder=\"O seu nome pr\u00f3prio\" value=\"\" type=\"text\" name=\"prenom\" \/><\/span>\n\t\t<\/p>\n<p>Endere\u00e7o de correio eletr\u00f3nico<br \/>\n<span class=\"wpcf7-form-control-wrap\" data-name=\"email\"><input size=\"40\" maxlength=\"400\" class=\"wpcf7-form-control wpcf7-email wpcf7-validates-as-required wpcf7-text wpcf7-validates-as-email\" aria-required=\"true\" aria-invalid=\"false\" placeholder=\"O seu correio eletr\u00f3nico\" value=\"\" type=\"email\" name=\"email\" \/><\/span>\n\t\t<\/p>\n<p>N\u00famero de telefone<br \/>\n<span class=\"wpcf7-form-control-wrap\" data-name=\"telephone\"><input size=\"40\" maxlength=\"400\" class=\"wpcf7-form-control wpcf7-text wpcf7-validates-as-required\" aria-required=\"true\" aria-invalid=\"false\" placeholder=\"O seu n\u00famero\" value=\"\" type=\"text\" name=\"telephone\" \/><\/span>\n\t\t<\/p>\n<\/p><\/div>\n<div class=\"col-md-7\">\n<p>Quando \u00e9 que quer que lhe liguem de volta?\n\t\t<\/p>\n<p><span class=\"wpcf7-form-control-wrap\" data-name=\"rappel\"><select class=\"wpcf7-form-control wpcf7-select wpcf7-validates-as-required\" aria-required=\"true\" aria-invalid=\"false\" name=\"rappel\"><option value=\"Matin\">Manh\u00e3<\/option><option value=\"Apr\u00e8s-midi\">Tarde<\/option><\/select><\/span>\n\t\t<\/p>\n<p>Mensagem<br \/>\n<span class=\"wpcf7-form-control-wrap\" data-name=\"message\"><textarea cols=\"40\" rows=\"10\" maxlength=\"2000\" class=\"wpcf7-form-control wpcf7-textarea wpcf7-validates-as-required\" aria-required=\"true\" aria-invalid=\"false\" placeholder=\"A sua mensagem\" name=\"message\"><\/textarea><\/span>\n\t\t<\/p>\n<p><span class=\"mandatory-field\">*Campos obrigat\u00f3rios<\/span>\n\t\t<\/p>\n<\/p><\/div>\n<\/div>\n<p><span class=\"wpcf7-form-control-wrap\" data-name=\"charte\"><span class=\"wpcf7-form-control wpcf7-acceptance\"><span class=\"wpcf7-list-item\"><label><input type=\"checkbox\" name=\"charte\" value=\"1\" aria-invalid=\"false\" \/><span class=\"wpcf7-list-item-label\">Ao assinalar esta caixa, confirmo que li a Pol\u00edtica de Prote\u00e7\u00e3o de Dados da Fila.<\/span><\/label><\/span><\/span><\/span>\n<\/p>\n<p><input class=\"wpcf7-form-control wpcf7-submit has-spinner\" type=\"submit\" value=\"Enviar o meu pedido\" \/>\n<\/p>\n<p><input type='hidden' class='wpcf7-pum' value='{\"closepopup\":false,\"closedelay\":0,\"openpopup\":false,\"openpopup_id\":0}' \/><\/p>\n<div class=\"wpcf7-response-output\" aria-hidden=\"true\"><\/div>\n<input type=\"hidden\" name=\"trp-form-language\" value=\"pt\"\/><\/form>\n<\/div>\n<\/div>\n<\/div>\n<\/div>\n<\/div>","protected":false},"excerpt":{"rendered":"<p>Novo Fiat 500e test drive 100% el\u00e9trico: Bem-vindo ao futuro VENHA FAZER UM TEST DRIVE DO NOVO FIAT 500 100% EL\u00c9CTRICO O n\u00edvel de autonomia cobre as suas desloca\u00e7\u00f5es di\u00e1rias na cidade: para o trabalho, para o gin\u00e1sio e para casa, gra\u00e7as ao novo Fiat 500 e \u00e0 sua autonomia de at\u00e9 320 km. E quando utilizado exclusivamente para condu\u00e7\u00e3o na cidade, o novo Fiat 500 pode atingir uma impressionante autonomia de mais de 460 km em ciclo urbano. Saiba mais Solicite um test drive MARCAR UM TESTE DE CONDU\u00c7\u00c3O<\/p>","protected":false},"author":1,"featured_media":0,"parent":0,"menu_order":0,"comment_status":"closed","ping_status":"closed","template":"template-article.php","meta":{"inline_featured_image":false,"footnotes":""},"class_list":["post-6331","page","type-page","status-publish","format-standard","hentry"],"yoast_head":"<!-- This site is optimized with the Yoast SEO plugin v24.2 - https:\/\/yoast.com\/wordpress\/plugins\/seo\/ -->\n<title>Nouvelle Fiat 500e test drive -<\/title>\n<meta name=\"robots\" content=\"index, follow, max-snippet:-1, max-image-preview:large, max-video-preview:-1\" \/>\n<link rel=\"canonical\" href=\"https:\/\/www.fila-groupe.ch\/pt\/novo-fiat-500e-test-drive\/\" \/>\n<meta property=\"og:locale\" content=\"pt_PT\" \/>\n<meta property=\"og:type\" content=\"article\" \/>\n<meta property=\"og:title\" content=\"Nouvelle Fiat 500e test drive -\" \/>\n<meta property=\"og:description\" content=\"Nouvelle Fiat 500e test drive 100% \u00e9lectrique : Welcome to the futur VENEZ ESSAYER LA NOUVELLE FIAT 500 100% \u00c9LECTRIQUE Le niveau d&#8217;autonomie couvre vos d\u00e9placements quotidiens en ville : vous rendre au travail, \u00e0 la salle de sport et rentrer \u00e0 la maison, gr\u00e2ce \u00e0 la nouvelle Fiat 500 et son autonomie allant jusqu&#8217;\u00e0 320km. Et lorsqu&#8217;elle n&#8217;est utilis\u00e9e que pour la conduite en ville, la nouvelle Fiat 500 peut aller jusqu&#8217;\u00e0 une autonomie impressionnante de plus 460km en cycle urbain. En savoir plus demander un essai PRENDRE UN RENDEZ-VOUS POUR LE TEST DRIVE\" \/>\n<meta property=\"og:url\" content=\"https:\/\/www.fila-groupe.ch\/pt\/novo-fiat-500e-test-drive\/\" \/>\n<meta property=\"article:modified_time\" content=\"2020-12-07T10:48:50+00:00\" \/>\n<meta property=\"og:image\" content=\"https:\/\/www.fila-groupe.ch\/wp-content\/uploads\/2020\/11\/nouvelle-fiat-500e-test-drive.jpg\" \/>\n<meta name=\"twitter:card\" content=\"summary_large_image\" \/>\n<script type=\"application\/ld+json\" class=\"yoast-schema-graph\">{\"@context\":\"https:\/\/schema.org\",\"@graph\":[{\"@type\":\"WebPage\",\"@id\":\"https:\/\/www.fila-groupe.ch\/nouvelle-fiat-500e-test-drive\/\",\"url\":\"https:\/\/www.fila-groupe.ch\/nouvelle-fiat-500e-test-drive\/\",\"name\":\"Nouvelle Fiat 500e test drive -\",\"isPartOf\":{\"@id\":\"https:\/\/www.fila-groupe.ch\/en\/#website\"},\"primaryImageOfPage\":{\"@id\":\"https:\/\/www.fila-groupe.ch\/nouvelle-fiat-500e-test-drive\/#primaryimage\"},\"image\":{\"@id\":\"https:\/\/www.fila-groupe.ch\/nouvelle-fiat-500e-test-drive\/#primaryimage\"},\"thumbnailUrl\":\"https:\/\/www.fila-groupe.ch\/wp-content\/uploads\/2020\/11\/nouvelle-fiat-500e-test-drive.jpg\",\"datePublished\":\"2020-11-30T10:47:43+00:00\",\"dateModified\":\"2020-12-07T10:48:50+00:00\",\"breadcrumb\":{\"@id\":\"https:\/\/www.fila-groupe.ch\/nouvelle-fiat-500e-test-drive\/#breadcrumb\"},\"inLanguage\":\"pt-PT\",\"potentialAction\":[{\"@type\":\"ReadAction\",\"target\":[\"https:\/\/www.fila-groupe.ch\/nouvelle-fiat-500e-test-drive\/\"]}]},{\"@type\":\"ImageObject\",\"inLanguage\":\"pt-PT\",\"@id\":\"https:\/\/www.fila-groupe.ch\/nouvelle-fiat-500e-test-drive\/#primaryimage\",\"url\":\"https:\/\/www.fila-groupe.ch\/wp-content\/uploads\/2020\/11\/nouvelle-fiat-500e-test-drive.jpg\",\"contentUrl\":\"https:\/\/www.fila-groupe.ch\/wp-content\/uploads\/2020\/11\/nouvelle-fiat-500e-test-drive.jpg\"},{\"@type\":\"BreadcrumbList\",\"@id\":\"https:\/\/www.fila-groupe.ch\/nouvelle-fiat-500e-test-drive\/#breadcrumb\",\"itemListElement\":[{\"@type\":\"ListItem\",\"position\":1,\"name\":\"Accueil\",\"item\":\"https:\/\/www.fila-groupe.ch\/\"},{\"@type\":\"ListItem\",\"position\":2,\"name\":\"Nouvelle Fiat 500e test drive\"}]},{\"@type\":\"WebSite\",\"@id\":\"https:\/\/www.fila-groupe.ch\/en\/#website\",\"url\":\"https:\/\/www.fila-groupe.ch\/en\/\",\"name\":\"\",\"description\":\"\",\"potentialAction\":[{\"@type\":\"SearchAction\",\"target\":{\"@type\":\"EntryPoint\",\"urlTemplate\":\"https:\/\/www.fila-groupe.ch\/en\/?s={search_term_string}\"},\"query-input\":{\"@type\":\"PropertyValueSpecification\",\"valueRequired\":true,\"valueName\":\"search_term_string\"}}],\"inLanguage\":\"pt-PT\"}]}<\/script>\n<!-- \/ Yoast SEO plugin. -->","yoast_head_json":{"title":"Nouvelle Fiat 500e test drive -","robots":{"index":"index","follow":"follow","max-snippet":"max-snippet:-1","max-image-preview":"max-image-preview:large","max-video-preview":"max-video-preview:-1"},"canonical":"https:\/\/www.fila-groupe.ch\/pt\/novo-fiat-500e-test-drive\/","og_locale":"pt_PT","og_type":"article","og_title":"Nouvelle Fiat 500e test drive -","og_description":"Nouvelle Fiat 500e test drive 100% \u00e9lectrique : Welcome to the futur VENEZ ESSAYER LA NOUVELLE FIAT 500 100% \u00c9LECTRIQUE Le niveau d&#8217;autonomie couvre vos d\u00e9placements quotidiens en ville : vous rendre au travail, \u00e0 la salle de sport et rentrer \u00e0 la maison, gr\u00e2ce \u00e0 la nouvelle Fiat 500 et son autonomie allant jusqu&#8217;\u00e0 320km. Et lorsqu&#8217;elle n&#8217;est utilis\u00e9e que pour la conduite en ville, la nouvelle Fiat 500 peut aller jusqu&#8217;\u00e0 une autonomie impressionnante de plus 460km en cycle urbain. En savoir plus demander un essai PRENDRE UN RENDEZ-VOUS POUR LE TEST DRIVE","og_url":"https:\/\/www.fila-groupe.ch\/pt\/novo-fiat-500e-test-drive\/","article_modified_time":"2020-12-07T10:48:50+00:00","og_image":[{"url":"https:\/\/www.fila-groupe.ch\/wp-content\/uploads\/2020\/11\/nouvelle-fiat-500e-test-drive.jpg","type":"","width":"","height":""}],"twitter_card":"summary_large_image","schema":{"@context":"https:\/\/schema.org","@graph":[{"@type":"WebPage","@id":"https:\/\/www.fila-groupe.ch\/nouvelle-fiat-500e-test-drive\/","url":"https:\/\/www.fila-groupe.ch\/nouvelle-fiat-500e-test-drive\/","name":"Nouvelle Fiat 500e test drive -","isPartOf":{"@id":"https:\/\/www.fila-groupe.ch\/en\/#website"},"primaryImageOfPage":{"@id":"https:\/\/www.fila-groupe.ch\/nouvelle-fiat-500e-test-drive\/#primaryimage"},"image":{"@id":"https:\/\/www.fila-groupe.ch\/nouvelle-fiat-500e-test-drive\/#primaryimage"},"thumbnailUrl":"https:\/\/www.fila-groupe.ch\/wp-content\/uploads\/2020\/11\/nouvelle-fiat-500e-test-drive.jpg","datePublished":"2020-11-30T10:47:43+00:00","dateModified":"2020-12-07T10:48:50+00:00","breadcrumb":{"@id":"https:\/\/www.fila-groupe.ch\/nouvelle-fiat-500e-test-drive\/#breadcrumb"},"inLanguage":"pt-PT","potentialAction":[{"@type":"ReadAction","target":["https:\/\/www.fila-groupe.ch\/nouvelle-fiat-500e-test-drive\/"]}]},{"@type":"ImageObject","inLanguage":"pt-PT","@id":"https:\/\/www.fila-groupe.ch\/nouvelle-fiat-500e-test-drive\/#primaryimage","url":"https:\/\/www.fila-groupe.ch\/wp-content\/uploads\/2020\/11\/nouvelle-fiat-500e-test-drive.jpg","contentUrl":"https:\/\/www.fila-groupe.ch\/wp-content\/uploads\/2020\/11\/nouvelle-fiat-500e-test-drive.jpg"},{"@type":"BreadcrumbList","@id":"https:\/\/www.fila-groupe.ch\/nouvelle-fiat-500e-test-drive\/#breadcrumb","itemListElement":[{"@type":"ListItem","position":1,"name":"Accueil","item":"https:\/\/www.fila-groupe.ch\/"},{"@type":"ListItem","position":2,"name":"Nouvelle Fiat 500e test drive"}]},{"@type":"WebSite","@id":"https:\/\/www.fila-groupe.ch\/en\/#website","url":"https:\/\/www.fila-groupe.ch\/en\/","name":"","description":"","potentialAction":[{"@type":"SearchAction","target":{"@type":"EntryPoint","urlTemplate":"https:\/\/www.fila-groupe.ch\/en\/?s={search_term_string}"},"query-input":{"@type":"PropertyValueSpecification","valueRequired":true,"valueName":"search_term_string"}}],"inLanguage":"pt-PT"}]}},"_links":{"self":[{"href":"https:\/\/www.fila-groupe.ch\/pt\/wp-json\/wp\/v2\/pages\/6331"}],"collection":[{"href":"https:\/\/www.fila-groupe.ch\/pt\/wp-json\/wp\/v2\/pages"}],"about":[{"href":"https:\/\/www.fila-groupe.ch\/pt\/wp-json\/wp\/v2\/types\/page"}],"author":[{"embeddable":true,"href":"https:\/\/www.fila-groupe.ch\/pt\/wp-json\/wp\/v2\/users\/1"}],"replies":[{"embeddable":true,"href":"https:\/\/www.fila-groupe.ch\/pt\/wp-json\/wp\/v2\/comments?post=6331"}],"version-history":[{"count":0,"href":"https:\/\/www.fila-groupe.ch\/pt\/wp-json\/wp\/v2\/pages\/6331\/revisions"}],"wp:attachment":[{"href":"https:\/\/www.fila-groupe.ch\/pt\/wp-json\/wp\/v2\/media?parent=6331"}],"curies":[{"name":"wp","href":"https:\/\/api.w.org\/{rel}","templated":true}]}}