{"id":930,"date":"2020-10-19T10:57:37","date_gmt":"2020-10-19T08:57:37","guid":{"rendered":"https:\/\/www.fila-groupe.ch\/?page_id=930"},"modified":"2021-03-25T18:07:56","modified_gmt":"2021-03-25T17:07:56","slug":"toyota","status":"publish","type":"page","link":"https:\/\/www.fila-groupe.ch\/pt\/toyota\/","title":{"rendered":"Toyota"},"content":{"rendered":"<div class=\"header-img\">\n<img loading=\"lazy\" decoding=\"async\" class=\"alignnone size-full wp-image-935\" src=\"https:\/\/www.fila-groupe.ch\/wp-content\/uploads\/2020\/10\/logo-Toyota.png\" alt=\"\" width=\"90\" height=\"58\" \/><\/p>\n<h2 class=\"h2-page\">Toyota, a ecologia<\/h2>\n<\/div>\n<div class=\"row flex-center-medium\">\n<div class=\"col-xs-12 col-md-6 mtop20 text-center\"><img loading=\"lazy\" decoding=\"async\" class=\"alignnone wp-image-933\" src=\"https:\/\/www.fila-groupe.ch\/wp-content\/uploads\/2020\/10\/voiture-toyota.jpg\" alt=\"\" width=\"842\" height=\"560\" \/><\/div>\n<div class=\"col-xs-12 col-md-6 mtop20\">\n<p>Entre os valores de <strong>Toyota<\/strong>a ecologia est\u00e1 no topo do p\u00f3dio. Numa abordagem que a pr\u00f3pria marca designou por \"os 4Rs\", <strong>Toyota<\/strong> trabalha todos os dias para reduzir a sua pegada de carbono e ajudar a proteger o ambiente. Desde a fase de planeamento da conce\u00e7\u00e3o de um <strong>Autom\u00f3vel Toyota<\/strong>A t\u00f3nica \u00e9 colocada na ecologia. A metodologia Eco-VAS, a redu\u00e7\u00e3o da utiliza\u00e7\u00e3o de metais pesados e a redu\u00e7\u00e3o das embalagens est\u00e3o no centro desta abordagem. Desde 2003, <strong>Toyota<\/strong> utiliza biopl\u00e1sticos na constru\u00e7\u00e3o dos seus autom\u00f3veis. O construtor autom\u00f3vel tamb\u00e9m reutiliza recursos, nomeadamente \u00e1gua, e recicla baterias h\u00edbridas NiMH.<\/p>\n<\/div>\n<\/div>\n<div class=\"row flex-center-medium mtop20\">\n<div class=\"col-xs-12 col-md-12 mtop20\"><img loading=\"lazy\" decoding=\"async\" class=\"alignnone wp-image-932\" src=\"https:\/\/www.fila-groupe.ch\/wp-content\/uploads\/2020\/10\/voitures-Toyota.jpg\" alt=\"\" width=\"1255\" height=\"420\" \/><\/div>\n<\/div>\n<div class=\"btn-actions\">\n<div class=\"bouton-cta version-2\"><a class=\"read-more\" style=\"outline: none;\" tabindex=\"0\" href=\"\/pt\/category\/nos-offres\/offres-toyota\/\">Ver ofertas Toyota<\/a><\/div>\n<div class=\"bouton-cta version-2\"><a class=\"read-more\" style=\"outline: none;\" tabindex=\"0\" href=\"https:\/\/www.fila-groupe.ch\/pt\/teste-de-estrada\/\"><img decoding=\"async\" class=\"alignnone size-full wp-image-343\" style=\"margin-right: 5px;\" src=\"https:\/\/www.fila-groupe.ch\/wp-content\/uploads\/2020\/10\/volant-icon-fila-blanc.svg\" alt=\"volante\" width=\"30\" \/>Pedir uma avalia\u00e7\u00e3o<\/a><\/div>\n<\/div>\n<p>&nbsp;<\/p>\n<p>&nbsp;<\/p>","protected":false},"excerpt":{"rendered":"<p>Toyota, a caminho da ecologia Entre os valores da Toyota, a ecologia est\u00e1 no topo do p\u00f3dio. Numa abordagem que a pr\u00f3pria marca designou por 'Os 4Rs', a Toyota trabalha todos os dias para reduzir a sua pegada de carbono e ajudar a proteger o ambiente. Desde a fase de planeamento do design de um autom\u00f3vel Toyota, a \u00eanfase \u00e9 colocada na ecologia. A metodologia Eco-VAS, a redu\u00e7\u00e3o da utiliza\u00e7\u00e3o de metais pesados e a redu\u00e7\u00e3o das embalagens est\u00e3o no centro desta abordagem. Desde 2003, a Toyota utiliza biopl\u00e1sticos na constru\u00e7\u00e3o dos seus autom\u00f3veis. O construtor tamb\u00e9m reutiliza recursos, nomeadamente a \u00e1gua, e recicla as baterias h\u00edbridas NiMH. Ver ofertas Toyota Pedir um test drive &nbsp; &nbsp;<\/p>","protected":false},"author":2,"featured_media":0,"parent":0,"menu_order":0,"comment_status":"closed","ping_status":"closed","template":"","meta":{"inline_featured_image":false,"footnotes":""},"class_list":["post-930","page","type-page","status-publish","format-standard","hentry"],"yoast_head":"<!-- This site is optimized with the Yoast SEO plugin v24.2 - https:\/\/yoast.com\/wordpress\/plugins\/seo\/ -->\n<title>Retrouvez Toyota dans votre garage \u00e0 Yverdon<\/title>\n<meta name=\"description\" content=\"Distributeur Toyota pour Yverdon, FILA pr\u00e9sente la marque japonaise et ses mod\u00e8les phares.\" \/>\n<meta name=\"robots\" content=\"index, follow, max-snippet:-1, max-image-preview:large, max-video-preview:-1\" \/>\n<link rel=\"canonical\" href=\"https:\/\/www.fila-groupe.ch\/pt\/nao-espere-ate-ao-final-do-seu-contrato-de-aluguer-prazo-de-entrega-alargado-para-encomendas\/toyota\/\" \/>\n<meta property=\"og:locale\" content=\"pt_PT\" \/>\n<meta property=\"og:type\" content=\"article\" \/>\n<meta property=\"og:title\" content=\"Retrouvez Toyota dans votre garage \u00e0 Yverdon\" \/>\n<meta property=\"og:description\" content=\"Distributeur Toyota pour Yverdon, FILA pr\u00e9sente la marque japonaise et ses mod\u00e8les phares.\" \/>\n<meta property=\"og:url\" content=\"https:\/\/www.fila-groupe.ch\/pt\/nao-espere-ate-ao-final-do-seu-contrato-de-aluguer-prazo-de-entrega-alargado-para-encomendas\/toyota\/\" \/>\n<meta property=\"article:modified_time\" content=\"2021-03-25T17:07:56+00:00\" \/>\n<meta property=\"og:image\" content=\"https:\/\/www.fila-groupe.ch\/wp-content\/uploads\/2020\/10\/logo-Toyota.png\" \/>\n<meta name=\"twitter:card\" content=\"summary_large_image\" \/>\n<meta name=\"twitter:label1\" content=\"Tempo estimado de leitura\" \/>\n\t<meta name=\"twitter:data1\" content=\"1 minuto\" \/>\n<script type=\"application\/ld+json\" class=\"yoast-schema-graph\">{\"@context\":\"https:\/\/schema.org\",\"@graph\":[{\"@type\":\"WebPage\",\"@id\":\"https:\/\/www.fila-groupe.ch\/en\/toyota\/\",\"url\":\"https:\/\/www.fila-groupe.ch\/en\/toyota\/\",\"name\":\"Retrouvez Toyota dans votre garage \u00e0 Yverdon\",\"isPartOf\":{\"@id\":\"https:\/\/www.fila-groupe.ch\/en\/#website\"},\"primaryImageOfPage\":{\"@id\":\"https:\/\/www.fila-groupe.ch\/en\/toyota\/#primaryimage\"},\"image\":{\"@id\":\"https:\/\/www.fila-groupe.ch\/en\/toyota\/#primaryimage\"},\"thumbnailUrl\":\"https:\/\/www.fila-groupe.ch\/wp-content\/uploads\/2020\/10\/logo-Toyota.png\",\"datePublished\":\"2020-10-19T08:57:37+00:00\",\"dateModified\":\"2021-03-25T17:07:56+00:00\",\"description\":\"Distributeur Toyota pour Yverdon, FILA pr\u00e9sente la marque japonaise et ses mod\u00e8les phares.\",\"breadcrumb\":{\"@id\":\"https:\/\/www.fila-groupe.ch\/en\/toyota\/#breadcrumb\"},\"inLanguage\":\"pt-PT\",\"potentialAction\":[{\"@type\":\"ReadAction\",\"target\":[\"https:\/\/www.fila-groupe.ch\/en\/toyota\/\"]}]},{\"@type\":\"ImageObject\",\"inLanguage\":\"pt-PT\",\"@id\":\"https:\/\/www.fila-groupe.ch\/en\/toyota\/#primaryimage\",\"url\":\"https:\/\/www.fila-groupe.ch\/wp-content\/uploads\/2020\/10\/logo-Toyota.png\",\"contentUrl\":\"https:\/\/www.fila-groupe.ch\/wp-content\/uploads\/2020\/10\/logo-Toyota.png\"},{\"@type\":\"BreadcrumbList\",\"@id\":\"https:\/\/www.fila-groupe.ch\/en\/toyota\/#breadcrumb\",\"itemListElement\":[{\"@type\":\"ListItem\",\"position\":1,\"name\":\"Accueil\",\"item\":\"https:\/\/www.fila-groupe.ch\/\"},{\"@type\":\"ListItem\",\"position\":2,\"name\":\"Toyota\"}]},{\"@type\":\"WebSite\",\"@id\":\"https:\/\/www.fila-groupe.ch\/en\/#website\",\"url\":\"https:\/\/www.fila-groupe.ch\/en\/\",\"name\":\"\",\"description\":\"\",\"potentialAction\":[{\"@type\":\"SearchAction\",\"target\":{\"@type\":\"EntryPoint\",\"urlTemplate\":\"https:\/\/www.fila-groupe.ch\/en\/?s={search_term_string}\"},\"query-input\":{\"@type\":\"PropertyValueSpecification\",\"valueRequired\":true,\"valueName\":\"search_term_string\"}}],\"inLanguage\":\"pt-PT\"}]}<\/script>\n<!-- \/ Yoast SEO plugin. -->","yoast_head_json":{"title":"Retrouvez Toyota dans votre garage \u00e0 Yverdon","description":"Distributeur Toyota pour Yverdon, FILA pr\u00e9sente la marque japonaise et ses mod\u00e8les phares.","robots":{"index":"index","follow":"follow","max-snippet":"max-snippet:-1","max-image-preview":"max-image-preview:large","max-video-preview":"max-video-preview:-1"},"canonical":"https:\/\/www.fila-groupe.ch\/pt\/nao-espere-ate-ao-final-do-seu-contrato-de-aluguer-prazo-de-entrega-alargado-para-encomendas\/toyota\/","og_locale":"pt_PT","og_type":"article","og_title":"Retrouvez Toyota dans votre garage \u00e0 Yverdon","og_description":"Distributeur Toyota pour Yverdon, FILA pr\u00e9sente la marque japonaise et ses mod\u00e8les phares.","og_url":"https:\/\/www.fila-groupe.ch\/pt\/nao-espere-ate-ao-final-do-seu-contrato-de-aluguer-prazo-de-entrega-alargado-para-encomendas\/toyota\/","article_modified_time":"2021-03-25T17:07:56+00:00","og_image":[{"url":"https:\/\/www.fila-groupe.ch\/wp-content\/uploads\/2020\/10\/logo-Toyota.png","type":"","width":"","height":""}],"twitter_card":"summary_large_image","twitter_misc":{"Tempo estimado de leitura":"1 minuto"},"schema":{"@context":"https:\/\/schema.org","@graph":[{"@type":"WebPage","@id":"https:\/\/www.fila-groupe.ch\/en\/toyota\/","url":"https:\/\/www.fila-groupe.ch\/en\/toyota\/","name":"Retrouvez Toyota dans votre garage \u00e0 Yverdon","isPartOf":{"@id":"https:\/\/www.fila-groupe.ch\/en\/#website"},"primaryImageOfPage":{"@id":"https:\/\/www.fila-groupe.ch\/en\/toyota\/#primaryimage"},"image":{"@id":"https:\/\/www.fila-groupe.ch\/en\/toyota\/#primaryimage"},"thumbnailUrl":"https:\/\/www.fila-groupe.ch\/wp-content\/uploads\/2020\/10\/logo-Toyota.png","datePublished":"2020-10-19T08:57:37+00:00","dateModified":"2021-03-25T17:07:56+00:00","description":"Distributeur Toyota pour Yverdon, FILA pr\u00e9sente la marque japonaise et ses mod\u00e8les phares.","breadcrumb":{"@id":"https:\/\/www.fila-groupe.ch\/en\/toyota\/#breadcrumb"},"inLanguage":"pt-PT","potentialAction":[{"@type":"ReadAction","target":["https:\/\/www.fila-groupe.ch\/en\/toyota\/"]}]},{"@type":"ImageObject","inLanguage":"pt-PT","@id":"https:\/\/www.fila-groupe.ch\/en\/toyota\/#primaryimage","url":"https:\/\/www.fila-groupe.ch\/wp-content\/uploads\/2020\/10\/logo-Toyota.png","contentUrl":"https:\/\/www.fila-groupe.ch\/wp-content\/uploads\/2020\/10\/logo-Toyota.png"},{"@type":"BreadcrumbList","@id":"https:\/\/www.fila-groupe.ch\/en\/toyota\/#breadcrumb","itemListElement":[{"@type":"ListItem","position":1,"name":"Accueil","item":"https:\/\/www.fila-groupe.ch\/"},{"@type":"ListItem","position":2,"name":"Toyota"}]},{"@type":"WebSite","@id":"https:\/\/www.fila-groupe.ch\/en\/#website","url":"https:\/\/www.fila-groupe.ch\/en\/","name":"","description":"","potentialAction":[{"@type":"SearchAction","target":{"@type":"EntryPoint","urlTemplate":"https:\/\/www.fila-groupe.ch\/en\/?s={search_term_string}"},"query-input":{"@type":"PropertyValueSpecification","valueRequired":true,"valueName":"search_term_string"}}],"inLanguage":"pt-PT"}]}},"_links":{"self":[{"href":"https:\/\/www.fila-groupe.ch\/pt\/wp-json\/wp\/v2\/pages\/930"}],"collection":[{"href":"https:\/\/www.fila-groupe.ch\/pt\/wp-json\/wp\/v2\/pages"}],"about":[{"href":"https:\/\/www.fila-groupe.ch\/pt\/wp-json\/wp\/v2\/types\/page"}],"author":[{"embeddable":true,"href":"https:\/\/www.fila-groupe.ch\/pt\/wp-json\/wp\/v2\/users\/2"}],"replies":[{"embeddable":true,"href":"https:\/\/www.fila-groupe.ch\/pt\/wp-json\/wp\/v2\/comments?post=930"}],"version-history":[{"count":1,"href":"https:\/\/www.fila-groupe.ch\/pt\/wp-json\/wp\/v2\/pages\/930\/revisions"}],"predecessor-version":[{"id":56346,"href":"https:\/\/www.fila-groupe.ch\/pt\/wp-json\/wp\/v2\/pages\/930\/revisions\/56346"}],"wp:attachment":[{"href":"https:\/\/www.fila-groupe.ch\/pt\/wp-json\/wp\/v2\/media?parent=930"}],"curies":[{"name":"wp","href":"https:\/\/api.w.org\/{rel}","templated":true}]}}